{"id":797,"date":"2015-11-28T21:06:57","date_gmt":"2015-11-28T20:06:57","guid":{"rendered":"http:\/\/agora.xtec.cat\/intercomprensio\/?page_id=797"},"modified":"2021-04-29T12:59:12","modified_gmt":"2021-04-29T10:59:12","slug":"presentacio","status":"publish","type":"page","link":"https:\/\/projectes.xtec.cat\/intercomprensio\/","title":{"rendered":"Portada"},"content":{"rendered":"<p style=\"text-align: left;\">Benvinguts al Nodes d&#8217;Intercomprensi\u00f3!<\/p>\n<p><img loading=\"lazy\" decoding=\"async\" class=\"wp-image-9369 alignleft\" src=\"https:\/\/projectes.xtec.cat\/intercomprensio\/wp-content\/uploads\/usu1638\/2021\/04\/Iogo_intercomprensi\u00f3__4_-removebg-preview.png\" alt=\"\" width=\"212\" height=\"212\" \/><\/p>\n<p>&nbsp;<\/p>\n<p>Dins d&#8217;aquest espai trobareu informacions, recursos i eines sobre la intercomprensi\u00f3. Des del Departament d&#8217;Educaci\u00f3 volem ajudar als docents del nostre territori a portar a les aules el pluriling\u00fcisme\u00a0a trav\u00e9s de la intercomprensi\u00f3.<\/p>\n<p>Us animem a visitar el nostre web i subscriure-us-hi!<\/p>\n<p>&nbsp;<\/p>\n","protected":false},"excerpt":{"rendered":"<p>Benvinguts al Nodes d&#8217;Intercomprensi\u00f3!<\/p>\n<p>&nbsp;<br \/>\nDins d&#8217;aquest espai trobareu informacions, recursos i eines sobre la intercomprensi\u00f3. Des del Departament d&#8217;Educaci\u00f3 volem ajudar als docents del nostre territori a portar a les aules el pluriling\u00fcisme\u00a0a trav\u00e9s de la intercomprensi\u00f3.<br \/>\nUs animem a visitar el nostre web i subscriure-us-hi!<br \/>\n&nbsp;<\/p>\n","protected":false},"author":1,"featured_media":0,"parent":0,"menu_order":10,"comment_status":"closed","ping_status":"closed","template":"page-templates\/side-menu.php","meta":{"_bbp_topic_count":0,"_bbp_reply_count":0,"_bbp_total_topic_count":0,"_bbp_total_reply_count":0,"_bbp_voice_count":0,"_bbp_anonymous_reply_count":0,"_bbp_topic_count_hidden":0,"_bbp_reply_count_hidden":0,"_bbp_forum_subforum_count":0,"footnotes":""},"class_list":["post-797","page","type-page","status-publish","hentry"],"post_mailing_queue_ids":[],"_links":{"self":[{"href":"https:\/\/projectes.xtec.cat\/intercomprensio\/wp-json\/wp\/v2\/pages\/797","targetHints":{"allow":["GET"]}}],"collection":[{"href":"https:\/\/projectes.xtec.cat\/intercomprensio\/wp-json\/wp\/v2\/pages"}],"about":[{"href":"https:\/\/projectes.xtec.cat\/intercomprensio\/wp-json\/wp\/v2\/types\/page"}],"author":[{"embeddable":true,"href":"https:\/\/projectes.xtec.cat\/intercomprensio\/wp-json\/wp\/v2\/users\/1"}],"replies":[{"embeddable":true,"href":"https:\/\/projectes.xtec.cat\/intercomprensio\/wp-json\/wp\/v2\/comments?post=797"}],"version-history":[{"count":4,"href":"https:\/\/projectes.xtec.cat\/intercomprensio\/wp-json\/wp\/v2\/pages\/797\/revisions"}],"predecessor-version":[{"id":9371,"href":"https:\/\/projectes.xtec.cat\/intercomprensio\/wp-json\/wp\/v2\/pages\/797\/revisions\/9371"}],"wp:attachment":[{"href":"https:\/\/projectes.xtec.cat\/intercomprensio\/wp-json\/wp\/v2\/media?parent=797"}],"curies":[{"name":"wp","href":"https:\/\/api.w.org\/{rel}","templated":true}]}}