{"id":8185,"date":"2016-12-29T19:08:35","date_gmt":"2016-12-29T18:08:35","guid":{"rendered":"http:\/\/agora.xtec.cat\/formacio\/intercomprensio\/?page_id=8185"},"modified":"2016-12-29T19:08:35","modified_gmt":"2016-12-29T18:08:35","slug":"la-intercomprensio-linguistica","status":"publish","type":"page","link":"https:\/\/projectes.xtec.cat\/intercomprensio\/la-intercomprensio-linguistica\/","title":{"rendered":"La intercomprensi\u00f3 ling\u00fc\u00edstica"},"content":{"rendered":"","protected":false},"excerpt":{"rendered":"","protected":false},"author":1,"featured_media":0,"parent":0,"menu_order":0,"comment_status":"closed","ping_status":"closed","template":"","meta":{"_bbp_topic_count":0,"_bbp_reply_count":0,"_bbp_total_topic_count":0,"_bbp_total_reply_count":0,"_bbp_voice_count":0,"_bbp_anonymous_reply_count":0,"_bbp_topic_count_hidden":0,"_bbp_reply_count_hidden":0,"_bbp_forum_subforum_count":0,"footnotes":""},"class_list":["post-8185","page","type-page","status-publish","hentry"],"post_mailing_queue_ids":[],"_links":{"self":[{"href":"https:\/\/projectes.xtec.cat\/intercomprensio\/wp-json\/wp\/v2\/pages\/8185","targetHints":{"allow":["GET"]}}],"collection":[{"href":"https:\/\/projectes.xtec.cat\/intercomprensio\/wp-json\/wp\/v2\/pages"}],"about":[{"href":"https:\/\/projectes.xtec.cat\/intercomprensio\/wp-json\/wp\/v2\/types\/page"}],"author":[{"embeddable":true,"href":"https:\/\/projectes.xtec.cat\/intercomprensio\/wp-json\/wp\/v2\/users\/1"}],"replies":[{"embeddable":true,"href":"https:\/\/projectes.xtec.cat\/intercomprensio\/wp-json\/wp\/v2\/comments?post=8185"}],"version-history":[{"count":0,"href":"https:\/\/projectes.xtec.cat\/intercomprensio\/wp-json\/wp\/v2\/pages\/8185\/revisions"}],"wp:attachment":[{"href":"https:\/\/projectes.xtec.cat\/intercomprensio\/wp-json\/wp\/v2\/media?parent=8185"}],"curies":[{"name":"wp","href":"https:\/\/api.w.org\/{rel}","templated":true}]}}