{"id":9174,"date":"2020-12-01T11:12:18","date_gmt":"2020-12-01T10:12:18","guid":{"rendered":"http:\/\/projectes.xtec.cat\/intercomprensio\/?page_id=9174"},"modified":"2021-05-06T10:30:21","modified_gmt":"2021-05-06T08:30:21","slug":"formacio","status":"publish","type":"page","link":"https:\/\/projectes.xtec.cat\/intercomprensio\/formacio\/","title":{"rendered":"Formaci\u00f3"},"content":{"rendered":"<p>La formaci\u00f3 que es proposa respon a la construcci\u00f3 d\u2019un model d\u2019educaci\u00f3 pluriling\u00fce i intercultural basat en un enfocament competencial i de pluriling\u00fcisme integrador. La llengua catalana n\u2019\u00e9s l\u2019eix vertebrador, per a garantir l\u2019equitat i la cohesi\u00f3 social, i com a dinamitzadora del tractament integrat de les lleng\u00fces.<\/p>\n<p>L\u2019oferta formativa del Departament facilita al professorat les orientacions, t\u00e8cniques i recursos b\u00e0sics necessaris per desenvolupar accions o pr\u00e0ctiques que contribueixin a la concreci\u00f3 i a l\u2019aplicaci\u00f3 del projecte ling\u00fc\u00edstic de cada centre i s\u2019organitza a partir d\u2019una formaci\u00f3 espec\u00edfica i continuada per al professorat especialista de lleng\u00fces estrangeres.<\/p>\n<p>Concretament, es treballen metodologies d&#8217;intercomprensi\u00f3 que se centren en la transfer\u00e8ncia d\u2019estrat\u00e8gies de la comprensi\u00f3 escrita entre les lleng\u00fces d&#8217;una mateixa fam\u00edlia ling\u00fc\u00edstica.<\/p>\n<h3><strong>Oferta formativa<\/strong><\/h3>\n<p><a href=\"https:\/\/projectes.xtec.cat\/intercomprensio\/wp-content\/uploads\/usu1638\/2020\/12\/La-intercomprensi\u00f3-ling\u00fc\u00edstica-rom\u00e0nica_-una-estrat\u00e8gia-pluriling\u00fce.pdf\" target=\"_blank\" rel=\"noopener noreferrer\">La intercomprensi\u00f3 ling\u00fc\u00edstica rom\u00e0nica: una estrat\u00e8gia pluriling\u00fce<\/a><\/p>\n<p><a href=\"https:\/\/projectes.xtec.cat\/intercomprensio\/wp-content\/uploads\/usu1638\/2021\/01\/Despertar-el-pluriling\u00fcisme-propi-i-el-de-lalumnat-2.pdf\" target=\"_blank\" rel=\"noopener noreferrer\">Despertar el pluriling\u00fcisme propi i el de l&#8217;alumnat<\/a><\/p>\n<p><a href=\"https:\/\/projectes.xtec.cat\/intercomprensio\/wp-content\/uploads\/usu1638\/2020\/12\/pluriling\u00fcisme2-1.jpg\"><img loading=\"lazy\" decoding=\"async\" class=\"wp-image-9301 aligncenter\" src=\"https:\/\/projectes.xtec.cat\/intercomprensio\/wp-content\/uploads\/usu1638\/2020\/12\/pluriling\u00fcisme2-1-1024x348.jpg\" alt=\"\" width=\"559\" height=\"190\" srcset=\"https:\/\/projectes.xtec.cat\/intercomprensio\/wp-content\/uploads\/usu1638\/2020\/12\/pluriling\u00fcisme2-1-1024x348.jpg 1024w, https:\/\/projectes.xtec.cat\/intercomprensio\/wp-content\/uploads\/usu1638\/2020\/12\/pluriling\u00fcisme2-1-300x102.jpg 300w, https:\/\/projectes.xtec.cat\/intercomprensio\/wp-content\/uploads\/usu1638\/2020\/12\/pluriling\u00fcisme2-1-768x261.jpg 768w, https:\/\/projectes.xtec.cat\/intercomprensio\/wp-content\/uploads\/usu1638\/2020\/12\/pluriling\u00fcisme2-1.jpg 1207w\" sizes=\"auto, (max-width: 559px) 100vw, 559px\" \/><\/a><\/p>\n","protected":false},"excerpt":{"rendered":"<p>La formaci\u00f3 que es proposa respon a la construcci\u00f3 d\u2019un model d\u2019educaci\u00f3 pluriling\u00fce i intercultural basat en un enfocament competencial i de pluriling\u00fcisme integrador. La llengua catalana n\u2019\u00e9s l\u2019eix vertebrador, per a garantir l\u2019equitat i la cohesi\u00f3 social, i com a dinamitzadora del tractament integrat&hellip;  <a href=\"https:\/\/projectes.xtec.cat\/intercomprensio\/formacio\/\" title=\"Read Formaci\u00f3\">Llegeix m\u00e9s\u00bb<\/a><\/p>\n","protected":false},"author":30,"featured_media":0,"parent":0,"menu_order":0,"comment_status":"closed","ping_status":"closed","template":"","meta":{"_bbp_topic_count":0,"_bbp_reply_count":0,"_bbp_total_topic_count":0,"_bbp_total_reply_count":0,"_bbp_voice_count":0,"_bbp_anonymous_reply_count":0,"_bbp_topic_count_hidden":0,"_bbp_reply_count_hidden":0,"_bbp_forum_subforum_count":0,"footnotes":""},"class_list":["post-9174","page","type-page","status-publish","hentry"],"post_mailing_queue_ids":[],"_links":{"self":[{"href":"https:\/\/projectes.xtec.cat\/intercomprensio\/wp-json\/wp\/v2\/pages\/9174","targetHints":{"allow":["GET"]}}],"collection":[{"href":"https:\/\/projectes.xtec.cat\/intercomprensio\/wp-json\/wp\/v2\/pages"}],"about":[{"href":"https:\/\/projectes.xtec.cat\/intercomprensio\/wp-json\/wp\/v2\/types\/page"}],"author":[{"embeddable":true,"href":"https:\/\/projectes.xtec.cat\/intercomprensio\/wp-json\/wp\/v2\/users\/30"}],"replies":[{"embeddable":true,"href":"https:\/\/projectes.xtec.cat\/intercomprensio\/wp-json\/wp\/v2\/comments?post=9174"}],"version-history":[{"count":4,"href":"https:\/\/projectes.xtec.cat\/intercomprensio\/wp-json\/wp\/v2\/pages\/9174\/revisions"}],"predecessor-version":[{"id":9386,"href":"https:\/\/projectes.xtec.cat\/intercomprensio\/wp-json\/wp\/v2\/pages\/9174\/revisions\/9386"}],"wp:attachment":[{"href":"https:\/\/projectes.xtec.cat\/intercomprensio\/wp-json\/wp\/v2\/media?parent=9174"}],"curies":[{"name":"wp","href":"https:\/\/api.w.org\/{rel}","templated":true}]}}