{"id":9325,"date":"2021-03-18T13:15:26","date_gmt":"2021-03-18T12:15:26","guid":{"rendered":"http:\/\/projectes.xtec.cat\/intercomprensio\/?page_id=9325"},"modified":"2021-04-08T12:26:44","modified_gmt":"2021-04-08T10:26:44","slug":"qui-som","status":"publish","type":"page","link":"https:\/\/projectes.xtec.cat\/intercomprensio\/qui-som\/","title":{"rendered":"Qui som"},"content":{"rendered":"<p><span style=\"font-weight: 400;\">Uns dels objectius del sistema educatiu \u00e9s que l&#8217;alumnat ha de tenir una &#8220;actitud positiva d&#8217;inter\u00e8s i de confian\u00e7a davant de l&#8217;aprenentatge de lleng\u00fces estrangeres i per con\u00e8ixer altres lleng\u00fces i cultures&#8221;.<\/span><\/p>\n<p><span style=\"font-weight: 400;\">Emmarcada en el <a href=\"http:\/\/xtec.gencat.cat\/ca\/projectes\/plurilinguisme\/\"><strong>Marc per al pluriling\u00fcisme<\/strong><\/a>, un marc institucional de potenciaci\u00f3 en la formaci\u00f3 de parlants pluriling\u00fces i pluriculturals que siguin capa\u00e7os d&#8217;interactuar en un m\u00f3n globalitzat complex, una de les vies per aconseguir aquest objectiu \u00e9s la <strong>intercomprensi\u00f3<\/strong>. Entesa com una estrat\u00e8gia per a la transferibilitat simult\u00e0nia de lleng\u00fces, es proposa, com a objectiu prioritari, l&#8217;adquisici\u00f3 de les habilitats de comprensi\u00f3 lectora en lleng\u00fces d&#8217;una mateixa fam\u00edlia, en aquest cas les <strong>lleng\u00fces rom\u00e0niques<\/strong>.<\/span><\/p>\n<p><span style=\"font-weight: 400;\">Aquest espai NODES s&#8217;ha obert amb l&#8217;objectiu de transmetre informaci\u00f3, compartir experi\u00e8ncies, recursos, materials que ajudin als docents a dur a les aules el pluriling\u00fcisme. Volem que sigui un punt de trobada dels docents que vulguin desvetllar interessos pluriling\u00fces i que vulguin fer de la intercomprensi\u00f3 una via cap al pluriling\u00fcisme. Us animem que visiteu les quatre seccions del nostre web:<\/span><\/p>\n<ul>\n<li><span style=\"font-weight: 400;\"><a href=\"https:\/\/projectes.xtec.cat\/intercomprensio\/categoria\/intercomprensio\/\"><strong>Intercomprensi\u00f3<\/strong><\/a>: en aquest apartat hi trobareu not\u00edcies, informaci\u00f3 sobre la intercomprensi\u00f3 en l&#8217;actualitat.<\/span><\/li>\n<li><span style=\"font-weight: 400;\"><a href=\"https:\/\/projectes.xtec.cat\/intercomprensio\/categoria\/orientacions-didactiques\/\"><strong>Orientacions did\u00e0ctiques<\/strong><\/a>: hi trobareu materials i noves metodologies docents que podeu utilitzar per treballar la intercomprensi\u00f3 a l&#8217;aula.<\/span><\/li>\n<li><span style=\"font-weight: 400;\"><a href=\"https:\/\/projectes.xtec.cat\/intercomprensio\/categoria\/comunitat\/\"><strong>Comunitat<\/strong><\/a>: aqu\u00ed publicarem experi\u00e8ncies reals de propostes did\u00e0ctiques d&#8217;intercomprensi\u00f3 que podreu dur a terme a l&#8217;aula.<\/span><\/li>\n<li><span style=\"font-weight: 400;\"><a href=\"https:\/\/projectes.xtec.cat\/intercomprensio\/formacio\/\"><strong>Formaci\u00f3<\/strong><\/a>: en aquesta secci\u00f3 trobareu informaci\u00f3 sobre l&#8217;oferta formativa del Departament d&#8217;Educaci\u00f3 relacionada amb la intercomprensi\u00f3 i el pluriling\u00fcisme.<\/span><\/li>\n<\/ul>\n<h4>Com ens podeu contactar?<\/h4>\n<p>Envieu-nos un correu electr\u00f2nic a\u00a0<strong>intercomprensio@xtec.cat<\/strong><\/p>\n<p>Servei de Suports i Recursos Ling\u00fc\u00edstics<br \/>\nSub-direcci\u00f3 General de Pluriling\u00fcisme<br \/>\nDirecci\u00f3 General de Curr\u00edculum i Personalitzaci\u00f3<\/p>\n","protected":false},"excerpt":{"rendered":"<p>Uns dels objectius del sistema educatiu \u00e9s que l&#8217;alumnat ha de tenir una &#8220;actitud positiva d&#8217;inter\u00e8s i de confian\u00e7a davant de l&#8217;aprenentatge de lleng\u00fces estrangeres i per con\u00e8ixer altres lleng\u00fces i cultures&#8221;.<br \/>\nEmmarcada en el <a href=\"http:\/\/xtec.gencat.cat\/ca\/projectes\/plurilinguisme\/\">Marc per al pluriling\u00fcisme<\/a>, un marc institucional de potenciaci\u00f3 en&hellip;  <a href=\"https:\/\/projectes.xtec.cat\/intercomprensio\/qui-som\/\" title=\"Read Qui som\">Llegeix m\u00e9s\u00bb<\/a><\/p>\n","protected":false},"author":30,"featured_media":0,"parent":0,"menu_order":0,"comment_status":"closed","ping_status":"closed","template":"","meta":{"_bbp_topic_count":0,"_bbp_reply_count":0,"_bbp_total_topic_count":0,"_bbp_total_reply_count":0,"_bbp_voice_count":0,"_bbp_anonymous_reply_count":0,"_bbp_topic_count_hidden":0,"_bbp_reply_count_hidden":0,"_bbp_forum_subforum_count":0,"footnotes":""},"class_list":["post-9325","page","type-page","status-publish","hentry"],"post_mailing_queue_ids":[],"_links":{"self":[{"href":"https:\/\/projectes.xtec.cat\/intercomprensio\/wp-json\/wp\/v2\/pages\/9325","targetHints":{"allow":["GET"]}}],"collection":[{"href":"https:\/\/projectes.xtec.cat\/intercomprensio\/wp-json\/wp\/v2\/pages"}],"about":[{"href":"https:\/\/projectes.xtec.cat\/intercomprensio\/wp-json\/wp\/v2\/types\/page"}],"author":[{"embeddable":true,"href":"https:\/\/projectes.xtec.cat\/intercomprensio\/wp-json\/wp\/v2\/users\/30"}],"replies":[{"embeddable":true,"href":"https:\/\/projectes.xtec.cat\/intercomprensio\/wp-json\/wp\/v2\/comments?post=9325"}],"version-history":[{"count":2,"href":"https:\/\/projectes.xtec.cat\/intercomprensio\/wp-json\/wp\/v2\/pages\/9325\/revisions"}],"predecessor-version":[{"id":9336,"href":"https:\/\/projectes.xtec.cat\/intercomprensio\/wp-json\/wp\/v2\/pages\/9325\/revisions\/9336"}],"wp:attachment":[{"href":"https:\/\/projectes.xtec.cat\/intercomprensio\/wp-json\/wp\/v2\/media?parent=9325"}],"curies":[{"name":"wp","href":"https:\/\/api.w.org\/{rel}","templated":true}]}}