{"id":10184,"date":"2020-12-22T00:20:59","date_gmt":"2020-12-21T23:20:59","guid":{"rendered":"http:\/\/projectes.xtec.cat\/internacional\/?page_id=10184"},"modified":"2025-12-19T08:28:19","modified_gmt":"2025-12-19T07:28:19","slug":"uneix-te","status":"publish","type":"page","link":"https:\/\/projectes.xtec.cat\/internacional\/presentacio\/uneix-te\/","title":{"rendered":"Uneix-te al nostre equip!"},"content":{"rendered":"<h1><\/h1>\n<p><img loading=\"lazy\" decoding=\"async\" class=\"alignleft wp-image-10187\" src=\"https:\/\/projectes.xtec.cat\/internacional\/wp-content\/uploads\/usu1767\/2020\/12\/world-300x100.jpeg\" alt=\"\" width=\"312\" height=\"104\" srcset=\"https:\/\/projectes.xtec.cat\/internacional\/wp-content\/uploads\/usu1767\/2020\/12\/world-300x100.jpeg 300w, https:\/\/projectes.xtec.cat\/internacional\/wp-content\/uploads\/usu1767\/2020\/12\/world-768x256.jpeg 768w, https:\/\/projectes.xtec.cat\/internacional\/wp-content\/uploads\/usu1767\/2020\/12\/world-1024x341.jpeg 1024w, https:\/\/projectes.xtec.cat\/internacional\/wp-content\/uploads\/usu1767\/2020\/12\/world.jpeg 1500w\" sizes=\"auto, (max-width: 312px) 100vw, 312px\" \/><\/p>\n<p>L&#8217;equip de programes internacionals del Departament d&#8217;Educaci\u00f3 treballa per aconseguir que el m\u00e0xim dels centres educatius de Catalunya d&#8217;Infantil, Prim\u00e0ria, Secund\u00e0ria i d&#8217;Educaci\u00f3 de Persones Adultes desenvolupin la seva estrat\u00e8gia d&#8217;internacionalitzaci\u00f3\u00a0 i participin en diversos programes que contribueixen a la millora educativa i al desenvolupament de compet\u00e8ncies clau pels docents i discents. El nostre equip est\u00e0 format per assess@rs que treballen al servei central del Departament i assess@rs que treballen als territoris<a href=\"https:\/\/projectes.xtec.cat\/internacional\/wp-content\/uploads\/usu1767\/2020\/12\/gears-5193383_1280.png\">. <\/a><\/p>\n<p><strong><span style=\"color: #cc99ff;\">Vols col\u00b7laborar amb nosaltres per fer possible la internacionalitzaci\u00f3 dels nostres centres?<\/span><\/strong><\/p>\n<p>La teva col\u00b7laboraci\u00f3 pot consistir a crear materials, participar en les formacions com a model de bones pr\u00e0ctiques, ser formador o esdevenir assess@r. T&#8217;animes?<\/p>\n<p>Si vols formar part del nostre equip, <strong><span style=\"color: #cc99ff;\">envia\u2019ns el teu curr\u00edculum a<\/span><\/strong>\u00a0<a style=\"font-family: inherit; font-size: 1em;\" href=\"erasmusplus@xtec.cat\">erasmusplus@xtec.cat<b>. <\/b><\/a><span style=\"font-family: inherit; font-size: 1em;\">\u00a0Adjunta un v\u00eddeo curt de presentaci\u00f3 explicant per qu\u00e8 t\u2019agradaria formar part del nostre equip i qu\u00e8 hi podries aportar. T&#8217;hi esperem!<\/span><\/p>\n","protected":false},"excerpt":{"rendered":"<p>L&#8217;equip de programes internacionals del Departament d&#8217;Educaci\u00f3 treballa per aconseguir que el m\u00e0xim dels centres educatius de Catalunya d&#8217;Infantil, Prim\u00e0ria, Secund\u00e0ria i d&#8217;Educaci\u00f3 de Persones Adultes desenvolupin la seva estrat\u00e8gia d&#8217;internacionalitzaci\u00f3\u00a0 i participin en diversos programes que contribueixen a la millora educativa i al desenvolupament&hellip;  <a href=\"https:\/\/projectes.xtec.cat\/internacional\/presentacio\/uneix-te\/\" title=\"Read Uneix-te al nostre equip!\">Llegeix m\u00e9s\u00bb<\/a><\/p>\n","protected":false},"author":6,"featured_media":0,"parent":8598,"menu_order":5,"comment_status":"closed","ping_status":"closed","template":"","meta":{"_bbp_topic_count":0,"_bbp_reply_count":0,"_bbp_total_topic_count":0,"_bbp_total_reply_count":0,"_bbp_voice_count":0,"_bbp_anonymous_reply_count":0,"_bbp_topic_count_hidden":0,"_bbp_reply_count_hidden":0,"_bbp_forum_subforum_count":0,"footnotes":""},"class_list":["post-10184","page","type-page","status-publish","hentry"],"post_mailing_queue_ids":[],"_links":{"self":[{"href":"https:\/\/projectes.xtec.cat\/internacional\/wp-json\/wp\/v2\/pages\/10184","targetHints":{"allow":["GET"]}}],"collection":[{"href":"https:\/\/projectes.xtec.cat\/internacional\/wp-json\/wp\/v2\/pages"}],"about":[{"href":"https:\/\/projectes.xtec.cat\/internacional\/wp-json\/wp\/v2\/types\/page"}],"author":[{"embeddable":true,"href":"https:\/\/projectes.xtec.cat\/internacional\/wp-json\/wp\/v2\/users\/6"}],"replies":[{"embeddable":true,"href":"https:\/\/projectes.xtec.cat\/internacional\/wp-json\/wp\/v2\/comments?post=10184"}],"version-history":[{"count":7,"href":"https:\/\/projectes.xtec.cat\/internacional\/wp-json\/wp\/v2\/pages\/10184\/revisions"}],"predecessor-version":[{"id":18446,"href":"https:\/\/projectes.xtec.cat\/internacional\/wp-json\/wp\/v2\/pages\/10184\/revisions\/18446"}],"up":[{"embeddable":true,"href":"https:\/\/projectes.xtec.cat\/internacional\/wp-json\/wp\/v2\/pages\/8598"}],"wp:attachment":[{"href":"https:\/\/projectes.xtec.cat\/internacional\/wp-json\/wp\/v2\/media?parent=10184"}],"curies":[{"name":"wp","href":"https:\/\/api.w.org\/{rel}","templated":true}]}}