{"id":10193,"date":"2021-09-10T18:26:34","date_gmt":"2021-09-10T16:26:34","guid":{"rendered":"http:\/\/projectes.xtec.cat\/internacional\/?page_id=10193"},"modified":"2026-02-06T10:50:29","modified_gmt":"2026-02-06T09:50:29","slug":"formacio-1r-torn-2021-2022","status":"publish","type":"page","link":"https:\/\/projectes.xtec.cat\/internacional\/etwinning\/formacio\/formacio-1r-torn-2021-2022\/","title":{"rendered":"Formaci\u00f3 eTwinning"},"content":{"rendered":"<p><span style=\"color: #000000;\">El Servei de Lleng\u00fces Estrangeres i d&#8217;Origen en coordinaci\u00f3 amb els Serveis Territorials i el Consorci d&#8217;Educaci\u00f3 de Barcelona ofereixen diferents tipus de formacions en l\u00ednia, com ara &#8220;<b>eTwinning nivell inicial<\/b>&#8220;, &#8220;<b>eTwinning nivell avan\u00e7at<\/b>&#8221; i <strong>&#8220;Sin\u00e8rgies eTwinning-Erasmus+&#8221;, <\/strong>entre altres.<\/span><\/p>\n<p><span style=\"font-family: inherit; font-size: 1em;\">En els seg\u00fcents enlla\u00e7os podeu trobar informaci\u00f3 sobre les activitats formatives del curs d&#8217;enguany, organitzades per torns:\u00a0<\/span><\/p>\n<ul>\n<li style=\"list-style-type: none;\">\n<ul>\n<li><a href=\"https:\/\/projectes.xtec.cat\/internacional\/presentacio\/formacio\/inscripcions-encara-obertes-per-activitats-formatives-de-2n-torn\/\" target=\"_blank\" rel=\"noopener\">Activitats formatives 2025-2026 de 1r torn<\/a><\/li>\n<li><a href=\"https:\/\/projectes.xtec.cat\/internacional\/presentacio\/formacio\/activitats-formatives-2025-2026-de-2n-torn\/\" target=\"_blank\" rel=\"noopener\">Activitats formatives 2025-2026 de 2n torn<\/a><\/li>\n<\/ul>\n<\/li>\n<\/ul>\n<p><span style=\"font-family: inherit; font-size: 1em;\">Per poder fer la inscripci\u00f3, heu d&#8217;anar al <\/span><a style=\"font-family: inherit; font-size: 1em;\" href=\"http:\/\/xtec.gencat.cat\/ca\/formacio\/info-general\/cercador-activitats\/\" target=\"_blank\" rel=\"noopener\">cercador d&#8217;activitats d&#8217;XTEC\/Formaci\u00f3<\/a><span style=\"font-family: inherit; font-size: 1em;\"> i posar el codi de l&#8217;activitat (despr\u00e9s, cal clicar &#8220;Cerca&#8221;).\u00a0<\/span><\/p>\n","protected":false},"excerpt":{"rendered":"<p>El Servei de Lleng\u00fces Estrangeres i d&#8217;Origen en coordinaci\u00f3 amb els Serveis Territorials i el Consorci d&#8217;Educaci\u00f3 de Barcelona ofereixen diferents tipus de formacions en l\u00ednia, com ara &#8220;eTwinning nivell inicial&#8220;, &#8220;eTwinning nivell avan\u00e7at&#8221; i &#8220;Sin\u00e8rgies eTwinning-Erasmus+&#8221;, entre altres.<br \/>\nEn els seg\u00fcents enlla\u00e7os podeu trobar informaci\u00f3&hellip;  <a href=\"https:\/\/projectes.xtec.cat\/internacional\/etwinning\/formacio\/formacio-1r-torn-2021-2022\/\" title=\"Read Formaci\u00f3 eTwinning\">Llegeix m\u00e9s\u00bb<\/a><\/p>\n","protected":false},"author":1,"featured_media":0,"parent":8635,"menu_order":1,"comment_status":"closed","ping_status":"closed","template":"page-templates\/side-menu.php","meta":{"_bbp_topic_count":0,"_bbp_reply_count":0,"_bbp_total_topic_count":0,"_bbp_total_reply_count":0,"_bbp_voice_count":0,"_bbp_anonymous_reply_count":0,"_bbp_topic_count_hidden":0,"_bbp_reply_count_hidden":0,"_bbp_forum_subforum_count":0,"footnotes":""},"class_list":["post-10193","page","type-page","status-publish","hentry"],"post_mailing_queue_ids":[],"_links":{"self":[{"href":"https:\/\/projectes.xtec.cat\/internacional\/wp-json\/wp\/v2\/pages\/10193","targetHints":{"allow":["GET"]}}],"collection":[{"href":"https:\/\/projectes.xtec.cat\/internacional\/wp-json\/wp\/v2\/pages"}],"about":[{"href":"https:\/\/projectes.xtec.cat\/internacional\/wp-json\/wp\/v2\/types\/page"}],"author":[{"embeddable":true,"href":"https:\/\/projectes.xtec.cat\/internacional\/wp-json\/wp\/v2\/users\/1"}],"replies":[{"embeddable":true,"href":"https:\/\/projectes.xtec.cat\/internacional\/wp-json\/wp\/v2\/comments?post=10193"}],"version-history":[{"count":7,"href":"https:\/\/projectes.xtec.cat\/internacional\/wp-json\/wp\/v2\/pages\/10193\/revisions"}],"predecessor-version":[{"id":18654,"href":"https:\/\/projectes.xtec.cat\/internacional\/wp-json\/wp\/v2\/pages\/10193\/revisions\/18654"}],"up":[{"embeddable":true,"href":"https:\/\/projectes.xtec.cat\/internacional\/wp-json\/wp\/v2\/pages\/8635"}],"wp:attachment":[{"href":"https:\/\/projectes.xtec.cat\/internacional\/wp-json\/wp\/v2\/media?parent=10193"}],"curies":[{"name":"wp","href":"https:\/\/api.w.org\/{rel}","templated":true}]}}