{"id":10231,"date":"2021-01-20T12:56:59","date_gmt":"2021-01-20T11:56:59","guid":{"rendered":"http:\/\/projectes.xtec.cat\/internacional\/?page_id=10231"},"modified":"2024-07-26T09:51:03","modified_gmt":"2024-07-26T07:51:03","slug":"renovacio-auxiliars-de-conversa-curs-2022-2023","status":"publish","type":"page","link":"https:\/\/projectes.xtec.cat\/internacional\/auxiliars-de-conversa\/informacio-i-guies-informatives-del-programa-auxiliars-de-conversa-actualitzades\/informacio-per-als-auxiliars-de-conversa-catala\/renovacio-auxiliars-de-conversa-curs-2022-2023\/","title":{"rendered":"Renovaci\u00f3 auxiliars de conversa curs 2025-2026"},"content":{"rendered":"<div>\n<p>Els auxiliars de conversa que vulguin renovar la seva participaci\u00f3 en el programa per al curs 2025-2026 trobaran tota la informaci\u00f3 necess\u00e0ria al web del <a href=\"https:\/\/www.educacionfpydeportes.gob.es\/servicios-al-ciudadano\/catalogo\/general\/99\/998188\/ficha.html\">Ministerio de Educaci\u00f3n, Formaci\u00f3n Profesional y Deportes<\/a>.<\/p>\n<p><span style=\"font-weight: 400;\">S&#8217;ha de tenir en compte que, en cas que l&#8217;auxiliar vulgui renovar en el programa, \u00e9s imprescindible comptar amb un <strong>informe favorable<\/strong> del centre educatiu.<\/span><\/p>\n<p>Considerant que el proc\u00e9s de renovaci\u00f3 \u00e9s diferent segons el pa\u00eds d&#8217;origen al que pertany l&#8217;auxiliar, la comunitat aut\u00f2noma on vol renovar i que cada any es modifiquen lleugerament les condicions de renovaci\u00f3, caldr\u00e0 consultar la convocat\u00f2ria per a auxiliars estrangers a Espanya quan surti publicada.<\/p>\n<\/div>\n<div><\/div>\n<div><\/div>\n<div><\/div>\n<div><\/div>\n","protected":false},"excerpt":{"rendered":"<p>Els auxiliars de conversa que vulguin renovar la seva participaci\u00f3 en el programa per al curs 2025-2026 trobaran tota la informaci\u00f3 necess\u00e0ria al web del <a href=\"https:\/\/www.educacionfpydeportes.gob.es\/servicios-al-ciudadano\/catalogo\/general\/99\/998188\/ficha.html\">Ministerio de Educaci\u00f3n, Formaci\u00f3n Profesional y Deportes<\/a>.<br \/>\nS&#8217;ha de tenir en compte que, en cas que l&#8217;auxiliar vulgui renovar en&hellip;  <a href=\"https:\/\/projectes.xtec.cat\/internacional\/auxiliars-de-conversa\/informacio-i-guies-informatives-del-programa-auxiliars-de-conversa-actualitzades\/informacio-per-als-auxiliars-de-conversa-catala\/renovacio-auxiliars-de-conversa-curs-2022-2023\/\" title=\"Read Renovaci\u00f3 auxiliars de conversa curs 2025-2026\">Llegeix m\u00e9s\u00bb<\/a><\/p>\n","protected":false},"author":1,"featured_media":0,"parent":9921,"menu_order":37,"comment_status":"closed","ping_status":"closed","template":"page-templates\/side-menu.php","meta":{"_bbp_topic_count":0,"_bbp_reply_count":0,"_bbp_total_topic_count":0,"_bbp_total_reply_count":0,"_bbp_voice_count":0,"_bbp_anonymous_reply_count":0,"_bbp_topic_count_hidden":0,"_bbp_reply_count_hidden":0,"_bbp_forum_subforum_count":0,"footnotes":""},"class_list":["post-10231","page","type-page","status-publish","hentry"],"post_mailing_queue_ids":[],"_links":{"self":[{"href":"https:\/\/projectes.xtec.cat\/internacional\/wp-json\/wp\/v2\/pages\/10231","targetHints":{"allow":["GET"]}}],"collection":[{"href":"https:\/\/projectes.xtec.cat\/internacional\/wp-json\/wp\/v2\/pages"}],"about":[{"href":"https:\/\/projectes.xtec.cat\/internacional\/wp-json\/wp\/v2\/types\/page"}],"author":[{"embeddable":true,"href":"https:\/\/projectes.xtec.cat\/internacional\/wp-json\/wp\/v2\/users\/1"}],"replies":[{"embeddable":true,"href":"https:\/\/projectes.xtec.cat\/internacional\/wp-json\/wp\/v2\/comments?post=10231"}],"version-history":[{"count":7,"href":"https:\/\/projectes.xtec.cat\/internacional\/wp-json\/wp\/v2\/pages\/10231\/revisions"}],"predecessor-version":[{"id":14059,"href":"https:\/\/projectes.xtec.cat\/internacional\/wp-json\/wp\/v2\/pages\/10231\/revisions\/14059"}],"up":[{"embeddable":true,"href":"https:\/\/projectes.xtec.cat\/internacional\/wp-json\/wp\/v2\/pages\/9921"}],"wp:attachment":[{"href":"https:\/\/projectes.xtec.cat\/internacional\/wp-json\/wp\/v2\/media?parent=10231"}],"curies":[{"name":"wp","href":"https:\/\/api.w.org\/{rel}","templated":true}]}}