{"id":10296,"date":"2021-03-02T10:24:10","date_gmt":"2021-03-02T09:24:10","guid":{"rendered":"http:\/\/projectes.xtec.cat\/internacional\/?page_id=10296"},"modified":"2025-11-16T08:28:04","modified_gmt":"2025-11-16T07:28:04","slug":"projectes-amb-premi-europeu-2021","status":"publish","type":"page","link":"https:\/\/projectes.xtec.cat\/internacional\/etwinning\/reconeixements-i-premis-etwinning\/projectes-amb-premi-europeu-2021\/","title":{"rendered":"Projectes amb Premi Europeu"},"content":{"rendered":"<h3><\/h3>\n<h2><span style=\"color: #333399;\"><strong>Edici\u00f3 2025<\/strong><\/span><\/h2>\n<p>S\u2019han publicat els <a href=\"https:\/\/etwinning.es\/premios-europeos-2025-ganadores-y-finalistas\/\" target=\"_blank\" rel=\"noopener\">Premis Europeus eTwinning 2025<\/a>\u00a0en reconeixement a projectes que han destacat per l\u2019impuls al treball cooperatiu d\u2019alumnes i docents, i pels resultats obtinguts.<\/p>\n<p>Entre els guanyadors i finalistes de les diferents categories, escollits d&#8217;entre m\u00e9s de 1.100 projectes d\u2019arreu d\u2019Europa pr\u00e8viament distingits amb el segell europeu de qualitat, es troben tres docents catalanes:<\/p>\n<p>&nbsp;<\/p>\n<p><a href=\"https:\/\/projectes.xtec.cat\/internacional\/wp-content\/uploads\/usu1767\/2025\/11\/29-PodcastPremiEuropeu.png\"><img loading=\"lazy\" decoding=\"async\" class=\" wp-image-17921 alignleft\" src=\"https:\/\/projectes.xtec.cat\/internacional\/wp-content\/uploads\/usu1767\/2025\/11\/29-PodcastPremiEuropeu.png\" alt=\"\" width=\"235\" height=\"233\" srcset=\"https:\/\/projectes.xtec.cat\/internacional\/wp-content\/uploads\/usu1767\/2025\/11\/29-PodcastPremiEuropeu.png 385w, https:\/\/projectes.xtec.cat\/internacional\/wp-content\/uploads\/usu1767\/2025\/11\/29-PodcastPremiEuropeu-300x297.png 300w, https:\/\/projectes.xtec.cat\/internacional\/wp-content\/uploads\/usu1767\/2025\/11\/29-PodcastPremiEuropeu-150x150.png 150w\" sizes=\"auto, (max-width: 235px) 100vw, 235px\" \/><\/a><\/p>\n<p>La Judith Mart\u00ednez, de l&#8217;Escola La Farigola de Vallcarca, ha participat en la <strong>categoria de 7-11 anys<\/strong> amb el projecte <strong><a href=\"https:\/\/school-education.ec.europa.eu\/en\/etwinning\/projects\/podcastus\/twinspace\" target=\"_blank\" rel=\"noopener\">Podcast.es<\/a><\/strong>, que ha resultat guanyador.<\/p>\n<p>En aquest projecte es presenta el <strong data-start=\"34\" data-end=\"45\">podcast<\/strong> com una eina per desenvolupar les habilitats ling\u00fc\u00edstiques. L\u2019objectiu principal \u00e9s <strong data-start=\"130\" data-end=\"182\">millorar la compet\u00e8ncia ling\u00fc\u00edstica de l\u2019alumnat<\/strong>, superant la barrera de l\u2019idioma i centrant-se en la <strong data-start=\"236\" data-end=\"267\">flu\u00efdesa i l\u2019expressi\u00f3 oral<\/strong>. Tamb\u00e9 mostra com poden utilitzar els <strong data-start=\"306\" data-end=\"318\">podcasts<\/strong> en el seu <strong data-start=\"329\" data-end=\"353\">aprenentatge aut\u00f2nom<\/strong> i com aquesta eina d\u2019\u00e0udio <strong data-start=\"381\" data-end=\"426\">fomenta la motivaci\u00f3 per aprendre idiomes<\/strong>, sempre partint dels <strong data-start=\"448\" data-end=\"483\">interessos, passions i aficions<\/strong> dels estudiants.<\/p>\n<p>&nbsp;<\/p>\n<p><a href=\"https:\/\/projectes.xtec.cat\/internacional\/wp-content\/uploads\/usu1767\/2025\/11\/30-MisterinMist_Premieuropeu25.png\"><img loading=\"lazy\" decoding=\"async\" class=\"wp-image-17922 alignleft\" src=\"https:\/\/projectes.xtec.cat\/internacional\/wp-content\/uploads\/usu1767\/2025\/11\/30-MisterinMist_Premieuropeu25.png\" alt=\"\" width=\"282\" height=\"271\" srcset=\"https:\/\/projectes.xtec.cat\/internacional\/wp-content\/uploads\/usu1767\/2025\/11\/30-MisterinMist_Premieuropeu25.png 382w, https:\/\/projectes.xtec.cat\/internacional\/wp-content\/uploads\/usu1767\/2025\/11\/30-MisterinMist_Premieuropeu25-300x288.png 300w\" sizes=\"auto, (max-width: 282px) 100vw, 282px\" \/><\/a><\/p>\n<p>En el projecte <a href=\"https:\/\/school-education.ec.europa.eu\/en\/etwinning\/projects\/mysteries-mist\/twinspace\" target=\"_blank\" rel=\"noopener\"><strong>Mysteries in the Mist<\/strong><\/a> han participat les docents L\u00eddia Mart\u00ednez, de l&#8217;Escola La Benaula, i la Fina G\u00f3mez, de l&#8217;Escola Annexa Joan Puigbert. El projecte ha quedat finalista en la <strong>categoria 7-11 anys.<\/strong><\/p>\n<p data-start=\"0\" data-end=\"477\">Aquest projecte, basat en <strong data-start=\"26\" data-end=\"55\">l\u2019aprenentatge per reptes<\/strong>, convida l\u2019alumnat a viure una aventura immersiva per <strong data-start=\"110\" data-end=\"146\">descobrir els secrets de Londres<\/strong>. Tot comen\u00e7a amb el <strong data-start=\"167\" data-end=\"186\">Professor Ori\u00f3n<\/strong>, un misteri\u00f3s artista de carrer que els anima a participar en una expedici\u00f3 plena d\u2019enigmes i descobertes. En <strong data-start=\"297\" data-end=\"321\">grups internacionals<\/strong>, els estudiants imaginen la seva hist\u00f2ria i recorren llocs emblem\u00e0tics com <strong data-start=\"397\" data-end=\"414\">Covent Garden<\/strong> o el <strong data-start=\"420\" data-end=\"438\">Museu Brit\u00e0nic<\/strong>, resolent pistes i misteris amagats.<\/p>\n<p data-start=\"479\" data-end=\"839\" data-is-last-node=\"\" data-is-only-node=\"\">Durant el viatge tamb\u00e9 naveguen pel <strong data-start=\"519\" data-end=\"529\">T\u00e0mesi<\/strong> i visiten el <strong data-start=\"543\" data-end=\"566\">Palau de Buckingham<\/strong>, tot aprenent curiositats sobre la ciutat i la seva cultura. Cada activitat \u2014des d\u2019enigmes fins a sales d\u2019escapada\u2014 els ajuda a <strong data-start=\"695\" data-end=\"774\">posar en pr\u00e0ctica la cooperaci\u00f3, la creativitat i la resoluci\u00f3 de problemes<\/strong>, tot millorant les seves compet\u00e8ncies ling\u00fc\u00edstiques i culturals.<\/p>\n<p>La nostra m\u00e9s sincera enhorabona!<\/p>\n<p>Podeu veure <strong>altres projectes destacats<\/strong> a la p\u00e0gina de l\u2019XTEC <a href=\"http:\/\/xtec.gencat.cat\/ca\/projectes\/plurilinguisme\/programes\/internacionals\/etwinning\/projectes\/\">eTwinning \u2013 Projectes destacats<\/a> i a les p\u00e0gines del Servei Nacional de Suport eTwinning <a href=\"https:\/\/etwinning.es\/?s=premios+nacionales\" target=\"_blank\" rel=\"noopener\">Premis Nacionals<\/a>, <a href=\"https:\/\/etwinning.es\/?s=premios+europeos\" target=\"_blank\" rel=\"noopener\">Premis Europeus<\/a> i <a href=\"https:\/\/etwinning.es\/?s=proyectos+destacados\" target=\"_blank\" rel=\"noopener\">Projectes destacats.<\/a><\/p>\n<p>&nbsp;<\/p>\n<h2><span style=\"color: #333399;\"><strong>Edici\u00f3 2022<\/strong><\/span><\/h2>\n<p>S\u2019han publicat els <a href=\"https:\/\/etwinning.es\/es\/proyectos-ganadores-de-los-premios-europeos-etwinning-2022\/\" target=\"_blank\" rel=\"noopener noreferrer\">Premis Europeus eTwinning 2022<\/a>\u00a0en reconeixement a projectes que han destacat per l\u2019impuls al treball cooperatiu d\u2019alumnes i docents, i pels resultats obtinguts.<\/p>\n<p>Entre els guanyadors i finalistes de les diferents categories, escollits entre m\u00e9s de 800 projectes d\u2019arreu d\u2019Europa pr\u00e8viament distingits amb el segell europeu de qualitat, es troben tres docents catalans:<\/p>\n<p><a href=\"https:\/\/projectes.xtec.cat\/internacional\/wp-content\/uploads\/usu1767\/2022\/12\/Proyecto_Prim_europ.png\"><img loading=\"lazy\" decoding=\"async\" class=\" wp-image-11914 alignleft\" src=\"https:\/\/projectes.xtec.cat\/internacional\/wp-content\/uploads\/usu1767\/2022\/12\/Proyecto_Prim_europ.png\" alt=\"\" width=\"244\" height=\"245\" srcset=\"https:\/\/projectes.xtec.cat\/internacional\/wp-content\/uploads\/usu1767\/2022\/12\/Proyecto_Prim_europ.png 398w, https:\/\/projectes.xtec.cat\/internacional\/wp-content\/uploads\/usu1767\/2022\/12\/Proyecto_Prim_europ-300x300.png 300w, https:\/\/projectes.xtec.cat\/internacional\/wp-content\/uploads\/usu1767\/2022\/12\/Proyecto_Prim_europ-150x150.png 150w\" sizes=\"auto, (max-width: 244px) 100vw, 244px\" \/><\/a>Es tracta del premi per al projecte <strong>\u201c<\/strong><strong><a href=\"https:\/\/twinspace.etwinning.net\/121788\/home\" target=\"_blank\" rel=\"noopener\">eTwinners as pros<\/a>\u201d<\/strong>, en el qual ha participat la docent catalana Anna Arroyo del centre Fedac-Manresa en la categoria de <strong style=\"font-family: inherit; font-size: 1em;\">7 a 11 anys.<\/strong><\/p>\n<p>&#8220;<span class=\"hiddenSpellError\" style=\"padding-bottom: 2px; background-image: url('..\/..\/..\/..\/..\/images\/squiggle_red.png'); background-repeat: repeat-x; background-position: left bottom; cursor: default; color: #000000; font-family: 'Open Sans', Helvetica, Arial, sans-serif; font-size: 16px; font-style: normal; font-variant-ligatures: normal; font-variant-caps: normal; font-weight: 300; letter-spacing: normal; orphans: 2; text-align: start; text-indent: 0px; text-transform: none; white-space: normal; widows: 2; word-spacing: 0px; -webkit-text-stroke-width: 0px; text-decoration-thickness: initial; text-decoration-style: initial; text-decoration-color: initial;\">eTwinners<\/span>\u00a0as pros&#8221; \u00e9s un projecte\u00a0<span class=\"hiddenSpellError\" style=\"padding-bottom: 2px; background-image: url('..\/..\/..\/..\/..\/images\/squiggle_red.png'); background-repeat: repeat-x; background-position: left bottom; cursor: default; color: #000000; font-family: 'Open Sans', Helvetica, Arial, sans-serif; font-size: 16px; font-style: normal; font-variant-ligatures: normal; font-variant-caps: normal; font-weight: 300; letter-spacing: normal; orphans: 2; text-align: start; text-indent: 0px; text-transform: none; white-space: normal; widows: 2; word-spacing: 0px; -webkit-text-stroke-width: 0px; text-decoration-thickness: initial; text-decoration-style: initial; text-decoration-color: initial;\">eTwinning<\/span>\u00a0interdisciplinari que ofereix als alumnes d&#8217;<span class=\"hiddenGreenError\" style=\"padding-bottom: 2px; background-image: url('..\/..\/..\/..\/..\/images\/squiggle_green.png'); background-repeat: repeat-x; background-position: left bottom; cursor: default; color: #000000; font-family: 'Open Sans', Helvetica, Arial, sans-serif; font-size: 16px; font-style: normal; font-variant-ligatures: normal; font-variant-caps: normal; font-weight: 300; letter-spacing: normal; orphans: 2; text-align: start; text-indent: 0px; text-transform: none; white-space: normal; widows: 2; word-spacing: 0px; -webkit-text-stroke-width: 0px; text-decoration-thickness: initial; text-decoration-style: initial; text-decoration-color: initial;\">11<\/span>\u00a0anys de Cro\u00e0cia, Gr\u00e8cia i Espanya l&#8217;opci\u00f3 de seleccionar temes &#8211; l&#8217;ag\u00e8ncia d&#8217;estudiants \u00e9s el centre del projecte &#8211; i assumir diferents rols professionals. A trav\u00e9s de les mans &#8211; en tasques interactives, els estudiants aprenen a comunicar-se i col\u00b7laborar al\u00a0<span class=\"hiddenSpellError\">TwinSpace<\/span>\u00a0i m\u00e9s enll\u00e0 de seguir el cam\u00ed dels &#8220;<span class=\"hiddenSpellError\">eTwinners<\/span>\u00a0professionals&#8221;. El tema anual d&#8217;<span class=\"hiddenSpellError\">eTwinning<\/span>\u00a0d&#8217;alfabetitzaci\u00f3 medi\u00e0tica s&#8217;est\u00e9n al llarg del projecte amb diverses activitats centrades en la ciutadania digital i la desinformaci\u00f3 i &#8220;transformar&#8221; estudiants en&#8230; professors en sessions internacionals d&#8217;ensenyament entre iguals.<\/p>\n<p>La nostra m\u00e9s sincera enhorabona a la guanyadora, Anna Arroyo!<\/p>\n<p>&nbsp;<\/p>\n<h2><span style=\"color: #333399;\"><strong>Edici\u00f3 2021<\/strong><\/span><\/h2>\n<p>S\u2019han publicat els <a href=\"http:\/\/etwinning.es\/es\/ganadores-de-los-premios-europeos-etwinning-2021\/\" target=\"_blank\" rel=\"noopener noreferrer\">Premis Europeus eTwinning 2021<\/a>\u00a0en reconeixement a projectes que han destacat per l\u2019impuls al treball cooperatiu d\u2019alumnes i docents, i pels resultats obtinguts.<\/p>\n<p>Entre els guanyadors i finalistes de les diferents categories, escollits entre m\u00e9s de 800 projectes d\u2019arreu d\u2019Europa pr\u00e8viament distingits amb el segell europeu de qualitat, es troben tres docents catalans:<\/p>\n<p><a href=\"https:\/\/projectes.xtec.cat\/internacional\/wp-content\/uploads\/usu1767\/2021\/03\/in-your-shoes.png\"><img loading=\"lazy\" decoding=\"async\" class=\"alignleft wp-image-10297\" src=\"https:\/\/projectes.xtec.cat\/internacional\/wp-content\/uploads\/usu1767\/2021\/03\/in-your-shoes-300x204.png\" alt=\"\" width=\"175\" height=\"119\" srcset=\"https:\/\/projectes.xtec.cat\/internacional\/wp-content\/uploads\/usu1767\/2021\/03\/in-your-shoes-300x204.png 300w, https:\/\/projectes.xtec.cat\/internacional\/wp-content\/uploads\/usu1767\/2021\/03\/in-your-shoes.png 553w\" sizes=\"auto, (max-width: 175px) 100vw, 175px\" \/><\/a><\/p>\n<p>Es tracta de la <strong>Iolanda Moya<\/strong> i l&#8217;<strong>Ignasi Bertr\u00e1n<\/strong>\u00a0de l\u2019<strong>Escola La Benaula<\/strong> de Caldes de Malavella, i de la <strong>Fina G\u00f3mez Bernades<\/strong> de l&#8217;<strong>Escola Annexa Joan Puigbert de Girona<\/strong>. Tots tres han resultat finalistes en la categoria 7 a 11 anys amb el projecte <strong><a href=\"https:\/\/twinspace.etwinning.net\/93162\/home\" target=\"_blank\" rel=\"noopener noreferrer\"><em>In your shoes<\/em><\/a><\/strong><a href=\"https:\/\/twinspace.etwinning.net\/71571\/home\" target=\"_blank\" rel=\"noopener noreferrer\"><em>.<\/em><\/a><\/p>\n<p>&nbsp;<\/p>\n<p>Podeu veure <strong>altres projectes destacats<\/strong> a la p\u00e0gina de l\u2019XTEC <a href=\"http:\/\/xtec.gencat.cat\/ca\/projectes\/plurilinguisme\/programes\/internacionals\/etwinning\/projectes\/\">eTwinning \u2013 Projectes destacats<\/a> i a les p\u00e0gines del Servei Nacional de Suport eTwinning <a href=\"https:\/\/etwinning.es\/?s=premios+nacionales\" target=\"_blank\" rel=\"noopener\">Premios Nacionales<\/a>, <a href=\"https:\/\/etwinning.es\/?s=premios+europeos\" target=\"_blank\" rel=\"noopener\">Premios Europeos<\/a> i <a href=\"https:\/\/etwinning.es\/?s=proyectos+destacados\" target=\"_blank\" rel=\"noopener\">Proyectos destacados.<\/a><\/p>\n<p>&nbsp;<\/p>\n<h2><span style=\"color: #333399;\"><strong>Edici\u00f3 2020<\/strong><\/span><\/h2>\n<p>S\u2019han publicat els <a href=\"http:\/\/etwinning.es\/es\/ganadores-de-los-premios-europeos-etwinning-2020\/\" target=\"_blank\" rel=\"noopener noreferrer\">Premis Europeus eTwinning 2020<\/a> en reconeixement a projectes que han destacat per l\u2019impuls al treball cooperatiu d\u2019alumnes i docents, i pels resultats obtinguts.<\/p>\n<p>Entre els guanyadors i finalistes de les diferents categories, escollits entre m\u00e9s de 800 projectes d\u2019arreu d\u2019Europa pr\u00e8viament distingits amb el segell europeu de qualitat, es troben dues docents catalanes:<\/p>\n<p><em><a href=\"https:\/\/projectes.xtec.cat\/internacional\/wp-content\/uploads\/usu1767\/2020\/05\/Busy-bugs.jpg\"><img loading=\"lazy\" decoding=\"async\" class=\"alignleft wp-image-9550 size-full\" src=\"https:\/\/projectes.xtec.cat\/internacional\/wp-content\/uploads\/usu1767\/2020\/05\/Busy-bugs.jpg\" alt=\"Logo del projecte amb petits insectes dibuixats\" width=\"147\" height=\"123\" \/><\/a><\/em>La <strong>Iolanda Moya<\/strong> i la <strong>Cristina Mesa<\/strong> de l\u2019<strong>Escola La Benaula<\/strong> de Caldes de Malavella, que han resultat guanyadores en la categoria 0 a 6 anys amb el projecte\u00a0<a href=\"https:\/\/twinspace.etwinning.net\/71571\/home\" target=\"_blank\" rel=\"noopener noreferrer\"><strong><em>Busy Bugs in m<\/em><\/strong><em><strong>y bag<\/strong><\/em><\/a><a href=\"https:\/\/twinspace.etwinning.net\/71571\/home\" target=\"_blank\" rel=\"noopener noreferrer\"><em>.<\/em><\/a><\/p>\n<p>Vegeu un article sobre aquest projecte en el seg\u00fcent <a href=\"http:\/\/etwinning.es\/es\/proyecto-ganador-del-premio-europeo-2020-busy-bugs-in-my-bug\/\" target=\"_blank\" rel=\"noopener noreferrer\"><strong>enlla\u00e7<\/strong><\/a>.<em>\u00a0<\/em><\/p>\n<p>&nbsp;<\/p>\n<p>I en aquest altre enlla\u00e7 podeu veure el <a href=\"https:\/\/www.etwinning.net\/en\/pub\/newsroom\/highlights\/etwinning-congratulates-the-20.htm\" target=\"_blank\" rel=\"noopener noreferrer\"><strong>v\u00eddeo<\/strong><\/a> que s\u2019ha publicat en el portal del Servei Central Europeu eTwinning per felicitar les persones premiades, la Iolanda Moya i la Cristina Mesa, per la seva participaci\u00f3 en el projecte.<\/p>\n<p>Podeu veure <strong>altres projectes destacats<\/strong> a la p\u00e0gina de l\u2019XTEC <a href=\"http:\/\/xtec.gencat.cat\/ca\/projectes\/plurilinguisme\/programes\/internacionals\/etwinning\/projectes\/\">eTwinning \u2013 Projectes destacats<\/a> i a les p\u00e0gines del Servei Nacional de Suport eTwinning <a href=\"https:\/\/etwinning.es\/?s=premios+nacionales\" target=\"_blank\" rel=\"noopener\">Premios Nacionales<\/a>, <a href=\"https:\/\/etwinning.es\/?s=premios+europeos\" target=\"_blank\" rel=\"noopener\">Premios Europeos<\/a> i <a href=\"https:\/\/etwinning.es\/?s=proyectos+destacados\" target=\"_blank\" rel=\"noopener\">Proyectos destacados.<\/a><\/p>\n<p>&nbsp;<\/p>\n","protected":false},"excerpt":{"rendered":"<p>Edici\u00f3 2025<br \/>\nS\u2019han publicat els <a href=\"https:\/\/etwinning.es\/premios-europeos-2025-ganadores-y-finalistas\/\" target=\"_blank\" rel=\"noopener\">Premis Europeus eTwinning 2025<\/a>\u00a0en reconeixement a projectes que han destacat per l\u2019impuls al treball cooperatiu d\u2019alumnes i docents, i pels resultats obtinguts.<br \/>\nEntre els guanyadors i finalistes de les diferents categories, escollits d&#8217;entre m\u00e9s de 1.100 projectes d\u2019arreu d\u2019Europa&hellip;  <a href=\"https:\/\/projectes.xtec.cat\/internacional\/etwinning\/reconeixements-i-premis-etwinning\/projectes-amb-premi-europeu-2021\/\" title=\"Read Projectes amb Premi Europeu\">Llegeix m\u00e9s\u00bb<\/a><\/p>\n","protected":false},"author":1,"featured_media":0,"parent":9437,"menu_order":8,"comment_status":"closed","ping_status":"closed","template":"page-templates\/side-menu.php","meta":{"_bbp_topic_count":0,"_bbp_reply_count":0,"_bbp_total_topic_count":0,"_bbp_total_reply_count":0,"_bbp_voice_count":0,"_bbp_anonymous_reply_count":0,"_bbp_topic_count_hidden":0,"_bbp_reply_count_hidden":0,"_bbp_forum_subforum_count":0,"footnotes":""},"class_list":["post-10296","page","type-page","status-publish","hentry"],"post_mailing_queue_ids":[],"_links":{"self":[{"href":"https:\/\/projectes.xtec.cat\/internacional\/wp-json\/wp\/v2\/pages\/10296","targetHints":{"allow":["GET"]}}],"collection":[{"href":"https:\/\/projectes.xtec.cat\/internacional\/wp-json\/wp\/v2\/pages"}],"about":[{"href":"https:\/\/projectes.xtec.cat\/internacional\/wp-json\/wp\/v2\/types\/page"}],"author":[{"embeddable":true,"href":"https:\/\/projectes.xtec.cat\/internacional\/wp-json\/wp\/v2\/users\/1"}],"replies":[{"embeddable":true,"href":"https:\/\/projectes.xtec.cat\/internacional\/wp-json\/wp\/v2\/comments?post=10296"}],"version-history":[{"count":7,"href":"https:\/\/projectes.xtec.cat\/internacional\/wp-json\/wp\/v2\/pages\/10296\/revisions"}],"predecessor-version":[{"id":18031,"href":"https:\/\/projectes.xtec.cat\/internacional\/wp-json\/wp\/v2\/pages\/10296\/revisions\/18031"}],"up":[{"embeddable":true,"href":"https:\/\/projectes.xtec.cat\/internacional\/wp-json\/wp\/v2\/pages\/9437"}],"wp:attachment":[{"href":"https:\/\/projectes.xtec.cat\/internacional\/wp-json\/wp\/v2\/media?parent=10296"}],"curies":[{"name":"wp","href":"https:\/\/api.w.org\/{rel}","templated":true}]}}