{"id":10387,"date":"2021-03-30T12:53:11","date_gmt":"2021-03-30T10:53:11","guid":{"rendered":"http:\/\/projectes.xtec.cat\/internacional\/?page_id=10387"},"modified":"2023-06-06T13:33:45","modified_gmt":"2023-06-06T11:33:45","slug":"global-scholars-a-catalunya","status":"publish","type":"page","link":"https:\/\/projectes.xtec.cat\/internacional\/altres-programes\/que-es-un-programa-dinternacionalitzacio\/global-scholars-a-catalunya\/","title":{"rendered":"Global Scholars a Catalunya"},"content":{"rendered":"<p><iframe loading=\"lazy\" src=\"https:\/\/www.google.com\/maps\/d\/u\/3\/embed?mid=1hDqdF7PXakuRi8aZMBWZTBEQ3a1dBtEU\" width=\"640\" height=\"480\"><\/iframe><\/p>\n<p>En aquesta edici\u00f3 2022-2023, <strong>38 centres<\/strong> de prim\u00e0ria i de secund\u00e0ria de Catalunya participen al Global Scholars. <strong>1811 alumnes i 67 docents<\/strong> interactuen de manera significativa en llengua anglesa amb els seus companys internacionals\u00a0 per dur a terme les activitats i els projectes al voltant del tema &#8220;<em>World of Water<\/em>&#8220;.<\/p>\n<p>Cada curs, Global Scholars finalitza amb l&#8217;elaboraci\u00f3 del\u00a0 &#8220;<em>Community Action Project<\/em>&#8220;, un treball col\u00b7laboratiu en el qual s&#8217;implementa un pla per adre\u00e7ar all\u00f2 que s&#8217;ha estat treballant de manera global amb el programa a la millora de la pr\u00f2pia comunitat.<\/p>\n<h1 class=\"entry-title\"><\/h1>\n","protected":false},"excerpt":{"rendered":"<p>En aquesta edici\u00f3 2022-2023, 38 centres de prim\u00e0ria i de secund\u00e0ria de Catalunya participen al Global Scholars. 1811 alumnes i 67 docents interactuen de manera significativa en llengua anglesa amb els seus companys internacionals\u00a0 per dur a terme les activitats i els projectes al voltant&hellip;  <a href=\"https:\/\/projectes.xtec.cat\/internacional\/altres-programes\/que-es-un-programa-dinternacionalitzacio\/global-scholars-a-catalunya\/\" title=\"Read Global Scholars a Catalunya\">Llegeix m\u00e9s\u00bb<\/a><\/p>\n","protected":false},"author":1,"featured_media":0,"parent":8208,"menu_order":32,"comment_status":"closed","ping_status":"closed","template":"page-templates\/side-menu.php","meta":{"_bbp_topic_count":0,"_bbp_reply_count":0,"_bbp_total_topic_count":0,"_bbp_total_reply_count":0,"_bbp_voice_count":0,"_bbp_anonymous_reply_count":0,"_bbp_topic_count_hidden":0,"_bbp_reply_count_hidden":0,"_bbp_forum_subforum_count":0,"footnotes":""},"class_list":["post-10387","page","type-page","status-publish","hentry"],"post_mailing_queue_ids":[],"_links":{"self":[{"href":"https:\/\/projectes.xtec.cat\/internacional\/wp-json\/wp\/v2\/pages\/10387","targetHints":{"allow":["GET"]}}],"collection":[{"href":"https:\/\/projectes.xtec.cat\/internacional\/wp-json\/wp\/v2\/pages"}],"about":[{"href":"https:\/\/projectes.xtec.cat\/internacional\/wp-json\/wp\/v2\/types\/page"}],"author":[{"embeddable":true,"href":"https:\/\/projectes.xtec.cat\/internacional\/wp-json\/wp\/v2\/users\/1"}],"replies":[{"embeddable":true,"href":"https:\/\/projectes.xtec.cat\/internacional\/wp-json\/wp\/v2\/comments?post=10387"}],"version-history":[{"count":4,"href":"https:\/\/projectes.xtec.cat\/internacional\/wp-json\/wp\/v2\/pages\/10387\/revisions"}],"predecessor-version":[{"id":12459,"href":"https:\/\/projectes.xtec.cat\/internacional\/wp-json\/wp\/v2\/pages\/10387\/revisions\/12459"}],"up":[{"embeddable":true,"href":"https:\/\/projectes.xtec.cat\/internacional\/wp-json\/wp\/v2\/pages\/8208"}],"wp:attachment":[{"href":"https:\/\/projectes.xtec.cat\/internacional\/wp-json\/wp\/v2\/media?parent=10387"}],"curies":[{"name":"wp","href":"https:\/\/api.w.org\/{rel}","templated":true}]}}