{"id":10478,"date":"2021-09-08T09:51:38","date_gmt":"2021-09-08T07:51:38","guid":{"rendered":"http:\/\/projectes.xtec.cat\/internacional\/?page_id=10478"},"modified":"2026-02-25T13:08:11","modified_gmt":"2026-02-25T12:08:11","slug":"que-es-erasmus","status":"publish","type":"page","link":"https:\/\/projectes.xtec.cat\/internacional\/que-es-erasmus\/","title":{"rendered":"Qu\u00e8 \u00e9s Erasmus+?"},"content":{"rendered":"<p>Erasmus+ \u00e9s el programa de la UE per a l\u2019educaci\u00f3, la formaci\u00f3, la joventut i l\u2019esport a Europa. Aquest programa s&#8217;emmarca en les pol\u00edtiques educatives de la Uni\u00f3 Europea i segueix els objectius de l&#8217;<a href=\"https:\/\/ec.europa.eu\/education\/education-in-the-eu\/european-education-area_es\" target=\"_blank\" rel=\"noopener\">Espai Europeu d&#8217;Educaci\u00f3 2030<\/a>. Durant\u00a0 el per\u00edode 2014-2020 va tenir un pressupost de m\u00e9s de 14.700 milions d&#8217;euros que va oferir a m\u00e9s de 4 milions d&#8217;usuaris l&#8217;oportunitat d&#8217;estudiar, formar-se i gaudir d&#8217;experi\u00e8ncies d&#8217;estudi i treball a altres pa\u00efsos del programa. Al mes d&#8217;abril de 2021 s&#8217;ha presentat el nou programa per al per\u00edode 2021-27 amb un pressupost que s&#8217;ha incrementat fins a 28.000 milions d&#8217;euros. En aquesta nova etapa es vol arribar a m\u00e9s infants, joves i adults amb projectes m\u00e9s inclusius, sostenibles i digitals.<\/p>\n<p>La <strong>Guia\u00a0del programa Erasmus+<\/strong> ofereix informaci\u00f3 detallada sobre les oportunitats i els criteris per poder optar a les diferents accions descentralitzades: KA1, per projectes de mobilitat, i KA2, per la cooperaci\u00f3 entre organitzacions i institucions. Tamb\u00e9 estableix l&#8217;oferta de finan\u00e7ament per a accions de gesti\u00f3 centralitzada a trav\u00e9s de l&#8217;Ag\u00e8ncia Executiva EACEA -Education, Culture and Audiovisual Executive Agency- (KA3, Activitats Jean Monnet&#8230;)<\/p>\n<p>Cada any apareix una nova <a href=\"http:\/\/www.sepie.es\/convocatoria\/convocatoria.html\" target=\"_blank\" rel=\"noopener noreferrer\">convocat\u00f2ria<\/a> d\u2019ajuts Erasmus+ i per optar-hi conv\u00e9 tenir presents les prioritats dels programa, que es concreten en quatre eixos principals:<\/p>\n<ul>\n<li><strong>Inclusi\u00f3 i diversitat: <\/strong>El programa vol promoure la igualtat d&#8217;oportunitats i acc\u00e9s, la inclusi\u00f3, la diversitat i l&#8217;equitat en totes les seves accions. Es volen prioritzar les organitzacions i els participants amb menys oportunitats. A l&#8217;hora de dissenyar els seus projectes i activitats, les organitzacions han de seguir un enfocament inclusiu, fent que siguin accessibles a un ampli ventall de participants.<\/li>\n<li><strong>Transformaci\u00f3 digital:\u00a0<\/strong>La crisis de la COVID-19 ens ha fet veure la necessitat d&#8217;aprofitar el potencial que ofereixen les tecnologies digitals per l&#8217;ensenyament i l&#8217;aprenentatge. D&#8217;acord amb les prioritats estrat\u00e8giques del <a href=\"https:\/\/ec.europa.eu\/education\/education-in-the-eu\/digital-education-action-plan_es\" target=\"_blank\" rel=\"noopener noreferrer\"><strong>Pla d&#8217;Acci\u00f3 d&#8217;Educaci\u00f3 Digital<\/strong><\/a> (2021-2027) el programa vol recolzar aquest esfor\u00e7 per involucrar l&#8217;alumnat i el professorat en el proc\u00e9s de transformaci\u00f3 digital.<\/li>\n<li><strong>Medi ambient i lluita contra el canvi clim\u00e0tic: <\/strong>Aquests temes s\u00f3n prioritaris per la Uni\u00f3 Europea ara i en el futur. El programa ser\u00e0, per tant, un instrument clau per la creaci\u00f3 de coneixements, capacitats i actituds en relaci\u00f3 amb el canvi clim\u00e0tic i el desenvolupament sostenible.<br \/>\nErasmus+ \u00e9s un programa que promou la mobilitat i cal que s&#8217;esforci per aconseguir la reducci\u00f3 d&#8217;emissi\u00f3 de carboni a trav\u00e9s de la promoci\u00f3 de mitjans de transport sostenibles i de comportament m\u00e9s responsable.<\/li>\n<li><strong>Participaci\u00f3 en la vida democr\u00e0tica: <\/strong>El programa vol potenciar i donar a con\u00e8ixer els valors comuns de la Uni\u00f3 Europea, els principis d&#8217;unitat i diversitat i el seu patrimoni social, cultural i hist\u00f2ric. Recolza la ciutadania activa i l&#8217;aprenentatge permanent; impulsa el desenvolupament de compet\u00e8ncies socials i interculturals, el pensament cr\u00edtic i l&#8217;alfabetitzaci\u00f3 medi\u00e0tica.<\/li>\n<\/ul>\n<p>Trobareu tota la informaci\u00f3 necess\u00e0ria per presentar un projecte Erasmus+ a la guia del programa, al web de la <a href=\"https:\/\/erasmus-plus.ec.europa.eu\/es\">Comissi\u00f3 Europea<\/a> i al web de l&#8217;Ag\u00e8ncia Nacional de gesti\u00f3 del programa a Espanya <a href=\"http:\/\/sepie.es\/\">SEPIE<\/a>\u00a0 (Servei Espanyol per a la Internacionalitzaci\u00f3 de l\u2019Educaci\u00f3), amb qui ens coordinem.<\/p>\n<p>El Servei de Lleng\u00fces Estrangeres i d&#8217;Origen organitza formacions i assessoraments per facilitar la participaci\u00f3 dels centres i serveis educatius i acompanyar-los durant tot el proc\u00e9s.<\/p>\n<p>&nbsp;<\/p>\n<p>&nbsp;<\/p>\n<p>&nbsp;<\/p>\n","protected":false},"excerpt":{"rendered":"<p>Erasmus+ \u00e9s el programa de la UE per a l\u2019educaci\u00f3, la formaci\u00f3, la joventut i l\u2019esport a Europa. Aquest programa s&#8217;emmarca en les pol\u00edtiques educatives de la Uni\u00f3 Europea i segueix els objectius de l&#8217;<a href=\"https:\/\/ec.europa.eu\/education\/education-in-the-eu\/european-education-area_es\" target=\"_blank\" rel=\"noopener\">Espai Europeu d&#8217;Educaci\u00f3 2030<\/a>. Durant\u00a0 el per\u00edode 2014-2020&hellip;  <a href=\"https:\/\/projectes.xtec.cat\/internacional\/que-es-erasmus\/\" title=\"Read Qu\u00e8 \u00e9s Erasmus+?\">Llegeix m\u00e9s\u00bb<\/a><\/p>\n","protected":false},"author":1,"featured_media":0,"parent":0,"menu_order":0,"comment_status":"closed","ping_status":"closed","template":"page-templates\/side-menu.php","meta":{"_bbp_topic_count":0,"_bbp_reply_count":0,"_bbp_total_topic_count":0,"_bbp_total_reply_count":0,"_bbp_voice_count":0,"_bbp_anonymous_reply_count":0,"_bbp_topic_count_hidden":0,"_bbp_reply_count_hidden":0,"_bbp_forum_subforum_count":0,"footnotes":""},"class_list":["post-10478","page","type-page","status-publish","hentry"],"post_mailing_queue_ids":[],"_links":{"self":[{"href":"https:\/\/projectes.xtec.cat\/internacional\/wp-json\/wp\/v2\/pages\/10478","targetHints":{"allow":["GET"]}}],"collection":[{"href":"https:\/\/projectes.xtec.cat\/internacional\/wp-json\/wp\/v2\/pages"}],"about":[{"href":"https:\/\/projectes.xtec.cat\/internacional\/wp-json\/wp\/v2\/types\/page"}],"author":[{"embeddable":true,"href":"https:\/\/projectes.xtec.cat\/internacional\/wp-json\/wp\/v2\/users\/1"}],"replies":[{"embeddable":true,"href":"https:\/\/projectes.xtec.cat\/internacional\/wp-json\/wp\/v2\/comments?post=10478"}],"version-history":[{"count":6,"href":"https:\/\/projectes.xtec.cat\/internacional\/wp-json\/wp\/v2\/pages\/10478\/revisions"}],"predecessor-version":[{"id":18700,"href":"https:\/\/projectes.xtec.cat\/internacional\/wp-json\/wp\/v2\/pages\/10478\/revisions\/18700"}],"wp:attachment":[{"href":"https:\/\/projectes.xtec.cat\/internacional\/wp-json\/wp\/v2\/media?parent=10478"}],"curies":[{"name":"wp","href":"https:\/\/api.w.org\/{rel}","templated":true}]}}