{"id":10621,"date":"2021-06-25T17:26:51","date_gmt":"2021-06-25T15:26:51","guid":{"rendered":"http:\/\/projectes.xtec.cat\/internacional\/?page_id=10621"},"modified":"2025-11-18T13:52:07","modified_gmt":"2025-11-18T12:52:07","slug":"certificacio-dinnovacio-del-departament-deducacio-de-catalunya","status":"publish","type":"page","link":"https:\/\/projectes.xtec.cat\/internacional\/etwinning\/certificacio-dinnovacio-del-departament-deducacio-de-catalunya\/","title":{"rendered":"Certificaci\u00f3 d&#8217;innovaci\u00f3 del DEFP de Catalunya"},"content":{"rendered":"<p>El Departament d\u2019Educaci\u00f3 i Formaci\u00f3 Professional reconeix <strong>3 cr\u00e8dits d&#8217;innovaci\u00f3<\/strong> (30 hores) al professorat no universitari que tingui reconegut un <strong>Segell de Qualitat Nacional<\/strong> per un projecte eTwinning.<\/p>\n<p>Aquests projectes eTwinning, que pr\u00e8viament han obtingut el Segell de Qualitat Nacional, s\u00f3n mostra de l\u2019excel\u00b7lent treball pedag\u00f2gic que, a trav\u00e9s de la xarxa europea de col\u00b7laboraci\u00f3 escolar, s\u2019est\u00e0 desenvolupant als centres educatius de Catalunya. La qualitat educativa, el treball col\u00b7laboratiu, la innovaci\u00f3 pedag\u00f2gica, l\u2019\u00fas significatiu de les TAC, entre d\u2019altres, son eixos rellevants d\u2019aquests projectes que incideixen tamb\u00e9 en la dimensi\u00f3 europea i en el desenvolupament de la compet\u00e8ncia pluriling\u00fce de l\u2019alumnat.<\/p>\n<p>Trobareu tota la informaci\u00f3 sobre aquest reconeixement d\u2019innovaci\u00f3 al Portal de Centres, en el seg\u00fcent <strong><a href=\"https:\/\/espai.educacio.gencat.cat\/Centres\/Projectes-educatius\/Erasmus\/Reconeixement_innova\/Pagines\/default.aspx#!#h210\" target=\"_blank\" rel=\"noopener noreferrer\">enlla\u00e7<\/a><\/strong>.<\/p>\n<h2><strong>Normativa<\/strong><\/h2>\n<p><strong><a title=\"Ves a la p\u00e0gina\" href=\"https:\/\/dogc.gencat.cat\/ca\/document-del-dogc\/?documentId=1008618\" target=\"_blank\" rel=\"noopener\">Resoluci\u00f3 EDF\/700\/2025<\/a>, <\/strong>de 3 de mar\u00e7, per la qual s&#8217;estableixen els criteris i instruccions relatius a la convocat\u00f2ria per al reconeixement de la innovaci\u00f3 educativa en el marc dels programes Erasmus+ (sectors escolar i persones adultes) i eTwinning per al curs 2024-2025\u200b.\u200b\u200b<\/p>\n<p><a href=\"https:\/\/projectes.xtec.cat\/internacional\/wp-content\/uploads\/usu1767\/2025\/04\/ConvoInnovacio.png\"><img loading=\"lazy\" decoding=\"async\" class=\"aligncenter wp-image-16711\" src=\"https:\/\/projectes.xtec.cat\/internacional\/wp-content\/uploads\/usu1767\/2025\/04\/ConvoInnovacio.png\" alt=\"\" width=\"537\" height=\"233\" srcset=\"https:\/\/projectes.xtec.cat\/internacional\/wp-content\/uploads\/usu1767\/2025\/04\/ConvoInnovacio.png 847w, https:\/\/projectes.xtec.cat\/internacional\/wp-content\/uploads\/usu1767\/2025\/04\/ConvoInnovacio-300x130.png 300w, https:\/\/projectes.xtec.cat\/internacional\/wp-content\/uploads\/usu1767\/2025\/04\/ConvoInnovacio-768x333.png 768w\" sizes=\"auto, (max-width: 537px) 100vw, 537px\" \/><\/a><\/p>\n<h2><strong>Resoluci\u00f3 anterior<\/strong><\/h2>\n<p><strong><a href=\"https:\/\/documents.espai.educacio.gencat.cat\/IPCNormativa\/DisposicionsInternes\/Resol_reconeixement_innovacio_Erasmus.pdf\" target=\"_blank\" rel=\"noopener noreferrer\">Resoluci\u00f3 EDU\/101\/2021<\/a>,<\/strong> de 21 de gener, per la qual s&#8217;estableixen els criteris i es dicten instruccions relatives al reconeixement i certificaci\u00f3 de la innovaci\u00f3 pedag\u00f2gica per al professorat que participa en les accions del programa Erasmus+ (sectors escolar i persones adultes) i eTwinning.<\/p>\n<p>&nbsp;<\/p>\n","protected":false},"excerpt":{"rendered":"<p>El Departament d\u2019Educaci\u00f3 i Formaci\u00f3 Professional reconeix 3 cr\u00e8dits d&#8217;innovaci\u00f3 (30 hores) al professorat no universitari que tingui reconegut un Segell de Qualitat Nacional per un projecte eTwinning.<br \/>\nAquests projectes eTwinning, que pr\u00e8viament han obtingut el Segell de Qualitat Nacional, s\u00f3n mostra de l\u2019excel\u00b7lent treball pedag\u00f2gic&hellip;  <a href=\"https:\/\/projectes.xtec.cat\/internacional\/etwinning\/certificacio-dinnovacio-del-departament-deducacio-de-catalunya\/\" title=\"Read Certificaci\u00f3 d&#8217;innovaci\u00f3 del DEFP de Catalunya\">Llegeix m\u00e9s\u00bb<\/a><\/p>\n","protected":false},"author":1,"featured_media":0,"parent":8240,"menu_order":6,"comment_status":"closed","ping_status":"closed","template":"page-templates\/side-menu.php","meta":{"_bbp_topic_count":0,"_bbp_reply_count":0,"_bbp_total_topic_count":0,"_bbp_total_reply_count":0,"_bbp_voice_count":0,"_bbp_anonymous_reply_count":0,"_bbp_topic_count_hidden":0,"_bbp_reply_count_hidden":0,"_bbp_forum_subforum_count":0,"footnotes":""},"class_list":["post-10621","page","type-page","status-publish","hentry"],"post_mailing_queue_ids":[],"_links":{"self":[{"href":"https:\/\/projectes.xtec.cat\/internacional\/wp-json\/wp\/v2\/pages\/10621","targetHints":{"allow":["GET"]}}],"collection":[{"href":"https:\/\/projectes.xtec.cat\/internacional\/wp-json\/wp\/v2\/pages"}],"about":[{"href":"https:\/\/projectes.xtec.cat\/internacional\/wp-json\/wp\/v2\/types\/page"}],"author":[{"embeddable":true,"href":"https:\/\/projectes.xtec.cat\/internacional\/wp-json\/wp\/v2\/users\/1"}],"replies":[{"embeddable":true,"href":"https:\/\/projectes.xtec.cat\/internacional\/wp-json\/wp\/v2\/comments?post=10621"}],"version-history":[{"count":6,"href":"https:\/\/projectes.xtec.cat\/internacional\/wp-json\/wp\/v2\/pages\/10621\/revisions"}],"predecessor-version":[{"id":18159,"href":"https:\/\/projectes.xtec.cat\/internacional\/wp-json\/wp\/v2\/pages\/10621\/revisions\/18159"}],"up":[{"embeddable":true,"href":"https:\/\/projectes.xtec.cat\/internacional\/wp-json\/wp\/v2\/pages\/8240"}],"wp:attachment":[{"href":"https:\/\/projectes.xtec.cat\/internacional\/wp-json\/wp\/v2\/media?parent=10621"}],"curies":[{"name":"wp","href":"https:\/\/api.w.org\/{rel}","templated":true}]}}