{"id":10825,"date":"2021-11-18T11:39:13","date_gmt":"2021-11-18T10:39:13","guid":{"rendered":"https:\/\/projectes.xtec.cat\/internacional\/?page_id=10825"},"modified":"2025-05-21T09:51:17","modified_gmt":"2025-05-21T07:51:17","slug":"les-accions-del-programa-erasmus","status":"publish","type":"page","link":"https:\/\/projectes.xtec.cat\/internacional\/que-es-erasmus\/les-accions-del-programa-erasmus\/","title":{"rendered":"Les Accions del Programa Erasmus+"},"content":{"rendered":"<p>El programa Erasmus+ s&#8217;articula al voltant de tres l\u00ednies principals d&#8217;activitats o accions clau (KA), a m\u00e9s a m\u00e9s de les accions Jean Monnet. Aqu\u00ed teniu una petita descripci\u00f3 de les diverses accions que trobareu ampliada a la <a href=\"http:\/\/sepie.es\/doc\/convocatoria\/2024\/erasmus_programme_guide_2024_es.pdf\" target=\"_blank\" rel=\"noopener\">guia del programa<\/a> i a altres seccions d&#8217;aquesta web.<\/p>\n<p><strong>Acci\u00f3 Clau 1 (KA1): Mobilitat de les persones per motius d&#8217;aprenentatge.<\/strong><\/p>\n<p>Aquesta acci\u00f3 inclou diversos tipus de mobilitat, tant per a docents com per a alumnes. Les activitats de formaci\u00f3 per al personal s\u00f3n variades i inclouen des de per\u00edodes d&#8217;observaci\u00f3 de bones pr\u00e0ctiques o de doc\u00e8ncia en altres centres educatius europeus, fins a cursos de formaci\u00f3 espec\u00edfics que tractin les necessitats de la seva instituci\u00f3. L&#8217;alumnat pot participar en mobilitats de grup, mobilitats individuals de curta durada i mobilitats individuals de llarga durada.<\/p>\n<p>Els centres tamb\u00e9 tenen la possibilitat d&#8217;acollir professors novells en pr\u00e0ctiques i docents experts per millorar la qualitat dels ensenyaments.<\/p>\n<p><strong>Acci\u00f3 Clau 2 (KA2): Cooperaci\u00f3 entre organitzacions i institucions.<\/strong><\/p>\n<p>Les associacions per a la cooperaci\u00f3 tenen com objectiu adquirir experi\u00e8ncia en cooperaci\u00f3 internacional, intercanviar bones pr\u00e0ctiques amb socis d&#8217;altres pa\u00efsos i crear xarxes internacionals, produir resultats conjunts de car\u00e0cter innovador i d&#8217;alta qualitat, i desenvolupar i enfortir les seves capacitats.<\/p>\n<p>Hi poden participar centres de formaci\u00f3 del professorat, universitats, biblioteques, centres educatius, museus, ONG, associacions, empreses del sector, entre d&#8217;altres.<\/p>\n<p><strong>Acci\u00f3 Clau 3 (KA): Suport a les pol\u00edtiques educatives i a la cooperaci\u00f3.<\/strong><\/p>\n<p>Aquesta clau recolza la cooperaci\u00f3 pol\u00edtica a nivell de la Uni\u00f3 Europea ajudant a desenvolupar noves pol\u00edtiques que impulsin la modernitzaci\u00f3 i la reforma en els \u00e0mbits de l&#8217;educaci\u00f3, la formaci\u00f3, la joventut i l&#8217;esport.<\/p>\n<p>Aquests projectes estan gestionats directament per l&#8217;Ag\u00e8ncia Executiva a Brussel\u00b7les <a href=\"https:\/\/www.eacea.ec.europa.eu\/index_en\" target=\"_blank\" rel=\"noopener\">www.eacea.ec.europa.eu<\/a><\/p>\n<p><strong>Accions Jean Monnet<\/strong><\/p>\n<p>Tenen com a objectiu incrementar el <b>coneixement sobre la Uni\u00f3 Europea <\/b>a les\u00a0 institucions d\u2019ensenyament dels pa\u00efsos del programa per ser m\u00e9s participatius i donar suport als prove\u00efdors d\u2019educaci\u00f3 en el <b>disseny i\u00a0 desenvolupament d\u2019activitats de formaci\u00f3 <\/b>actualitzades sobre q\u00fcestions de la Uni\u00f3 Europea per a docents en centres educatius.<\/p>\n","protected":false},"excerpt":{"rendered":"<p>El programa Erasmus+ s&#8217;articula al voltant de tres l\u00ednies principals d&#8217;activitats o accions clau (KA), a m\u00e9s a m\u00e9s de les accions Jean Monnet. Aqu\u00ed teniu una petita descripci\u00f3 de les diverses accions que trobareu ampliada a la <a href=\"http:\/\/sepie.es\/doc\/convocatoria\/2024\/erasmus_programme_guide_2024_es.pdf\" target=\"_blank\" rel=\"noopener\">guia del programa<\/a> i&hellip;  <a href=\"https:\/\/projectes.xtec.cat\/internacional\/que-es-erasmus\/les-accions-del-programa-erasmus\/\" title=\"Read Les Accions del Programa Erasmus+\">Llegeix m\u00e9s\u00bb<\/a><\/p>\n","protected":false},"author":1,"featured_media":0,"parent":10478,"menu_order":1,"comment_status":"closed","ping_status":"closed","template":"page-templates\/side-menu.php","meta":{"_bbp_topic_count":0,"_bbp_reply_count":0,"_bbp_total_topic_count":0,"_bbp_total_reply_count":0,"_bbp_voice_count":0,"_bbp_anonymous_reply_count":0,"_bbp_topic_count_hidden":0,"_bbp_reply_count_hidden":0,"_bbp_forum_subforum_count":0,"footnotes":""},"class_list":["post-10825","page","type-page","status-publish","hentry"],"post_mailing_queue_ids":[],"_links":{"self":[{"href":"https:\/\/projectes.xtec.cat\/internacional\/wp-json\/wp\/v2\/pages\/10825","targetHints":{"allow":["GET"]}}],"collection":[{"href":"https:\/\/projectes.xtec.cat\/internacional\/wp-json\/wp\/v2\/pages"}],"about":[{"href":"https:\/\/projectes.xtec.cat\/internacional\/wp-json\/wp\/v2\/types\/page"}],"author":[{"embeddable":true,"href":"https:\/\/projectes.xtec.cat\/internacional\/wp-json\/wp\/v2\/users\/1"}],"replies":[{"embeddable":true,"href":"https:\/\/projectes.xtec.cat\/internacional\/wp-json\/wp\/v2\/comments?post=10825"}],"version-history":[{"count":7,"href":"https:\/\/projectes.xtec.cat\/internacional\/wp-json\/wp\/v2\/pages\/10825\/revisions"}],"predecessor-version":[{"id":13447,"href":"https:\/\/projectes.xtec.cat\/internacional\/wp-json\/wp\/v2\/pages\/10825\/revisions\/13447"}],"up":[{"embeddable":true,"href":"https:\/\/projectes.xtec.cat\/internacional\/wp-json\/wp\/v2\/pages\/10478"}],"wp:attachment":[{"href":"https:\/\/projectes.xtec.cat\/internacional\/wp-json\/wp\/v2\/media?parent=10825"}],"curies":[{"name":"wp","href":"https:\/\/api.w.org\/{rel}","templated":true}]}}