{"id":11087,"date":"2022-02-20T09:49:30","date_gmt":"2022-02-20T08:49:30","guid":{"rendered":"https:\/\/projectes.xtec.cat\/internacional\/?page_id=11087"},"modified":"2025-11-16T11:24:38","modified_gmt":"2025-11-16T10:24:38","slug":"accions-dalemany","status":"publish","type":"page","link":"https:\/\/projectes.xtec.cat\/internacional\/altres-programes\/accions-dalemany\/","title":{"rendered":"Accions d&#8217;alemany"},"content":{"rendered":"<p>Un dels objectius del Servei de Lleng\u00fces Estrangeres \u00e9s impulsar el pluriling\u00fcisme de l\u2019alumnat per tal que, en acabar l\u2019educaci\u00f3 obligat\u00f2ria, tingui un domini comunicatiu i ling\u00fc\u00edstic, de la llengua catalana, la castellana i dues lleng\u00fces estrangeres, que el capaciti per a la gesti\u00f3 dels aprenentatges futurs en un m\u00f3n global.<\/p>\n<p>Els projectes d\u2019internacionalitzaci\u00f3 dels centres educatius catalans es presenten, doncs, amb l\u2019objectiu estrat\u00e8gic de desenvolupar i millorar el coneixement d\u2019una d\u2019aquestes lleng\u00fces estrangeres possibles en l\u2019\u00e0mbit curricular: la<strong> llengua alemanya.<\/strong><\/p>\n<p>En el seg\u00fcent enlla\u00e7 podeu accedir a les not\u00edcies que anem publicant sobre <a href=\"https:\/\/projectes.xtec.cat\/internacional\/categoria\/formacio\/noticies-formacio-dalemany\/\" target=\"_blank\" rel=\"noopener\">accions en llengua alemanya.<\/a><\/p>\n","protected":false},"excerpt":{"rendered":"<p>Un dels objectius del Servei de Lleng\u00fces Estrangeres \u00e9s impulsar el pluriling\u00fcisme de l\u2019alumnat per tal que, en acabar l\u2019educaci\u00f3 obligat\u00f2ria, tingui un domini comunicatiu i ling\u00fc\u00edstic, de la llengua catalana, la castellana i dues lleng\u00fces estrangeres, que el capaciti per a la gesti\u00f3 dels&hellip;  <a href=\"https:\/\/projectes.xtec.cat\/internacional\/altres-programes\/accions-dalemany\/\" title=\"Read Accions d&#8217;alemany\">Llegeix m\u00e9s\u00bb<\/a><\/p>\n","protected":false},"author":1,"featured_media":0,"parent":8206,"menu_order":20,"comment_status":"closed","ping_status":"closed","template":"page-templates\/side-menu.php","meta":{"_bbp_topic_count":0,"_bbp_reply_count":0,"_bbp_total_topic_count":0,"_bbp_total_reply_count":0,"_bbp_voice_count":0,"_bbp_anonymous_reply_count":0,"_bbp_topic_count_hidden":0,"_bbp_reply_count_hidden":0,"_bbp_forum_subforum_count":0,"footnotes":""},"class_list":["post-11087","page","type-page","status-publish","hentry"],"post_mailing_queue_ids":[],"_links":{"self":[{"href":"https:\/\/projectes.xtec.cat\/internacional\/wp-json\/wp\/v2\/pages\/11087","targetHints":{"allow":["GET"]}}],"collection":[{"href":"https:\/\/projectes.xtec.cat\/internacional\/wp-json\/wp\/v2\/pages"}],"about":[{"href":"https:\/\/projectes.xtec.cat\/internacional\/wp-json\/wp\/v2\/types\/page"}],"author":[{"embeddable":true,"href":"https:\/\/projectes.xtec.cat\/internacional\/wp-json\/wp\/v2\/users\/1"}],"replies":[{"embeddable":true,"href":"https:\/\/projectes.xtec.cat\/internacional\/wp-json\/wp\/v2\/comments?post=11087"}],"version-history":[{"count":5,"href":"https:\/\/projectes.xtec.cat\/internacional\/wp-json\/wp\/v2\/pages\/11087\/revisions"}],"predecessor-version":[{"id":18101,"href":"https:\/\/projectes.xtec.cat\/internacional\/wp-json\/wp\/v2\/pages\/11087\/revisions\/18101"}],"up":[{"embeddable":true,"href":"https:\/\/projectes.xtec.cat\/internacional\/wp-json\/wp\/v2\/pages\/8206"}],"wp:attachment":[{"href":"https:\/\/projectes.xtec.cat\/internacional\/wp-json\/wp\/v2\/media?parent=11087"}],"curies":[{"name":"wp","href":"https:\/\/api.w.org\/{rel}","templated":true}]}}