{"id":11239,"date":"2022-03-29T10:09:17","date_gmt":"2022-03-29T08:09:17","guid":{"rendered":"https:\/\/projectes.xtec.cat\/internacional\/?page_id=11239"},"modified":"2026-02-26T08:43:24","modified_gmt":"2026-02-26T07:43:24","slug":"jornades-i-difusio-erasmus","status":"publish","type":"page","link":"https:\/\/projectes.xtec.cat\/internacional\/jornades-i-difusio-erasmus\/","title":{"rendered":"Jornades i difusi\u00f3 Erasmus+"},"content":{"rendered":"<p>Les jornades de difusi\u00f3 del programa <strong>Erasmus+<\/strong> s\u00f3n espais informatius adre\u00e7ats als centres i serveis educatius de Catalunya.<\/p>\n<p>\ud83c\udfaf <strong>Objectiu:<\/strong> donar a con\u00e8ixer el programa i presentar les novetats de cada convocat\u00f2ria.<\/p>\n<p>\ud83d\udcbb <strong>Sessions telem\u00e0tiques<\/strong> i \ud83d\udcca <strong>presentacions especialitzades<\/strong> que us ofereixen orientacions actualitzades per ajudar-vos a preparar, gestionar i millorar els vostres projectes europeus Erasmus+.<label for=\"any-academic\"><\/label><\/p>\n<div class=\"TyagGW_tableContainer\">\n<div class=\"group TyagGW_tableWrapper flex flex-col-reverse w-fit\" tabindex=\"-1\">\n<table class=\"w-fit min-w-(--thread-content-width)\" style=\"width: 60.6643%; height: 48px;\" data-start=\"804\" data-end=\"996\">\n<thead data-start=\"804\" data-end=\"842\">\n<tr style=\"height: 20px;\">\n<th style=\"text-align: center; height: 10px; width: 56.901%;\" colspan=\"2\">\n<h4 style=\"text-align: left;\" data-start=\"764\" data-end=\"803\"><strong data-start=\"769\" data-end=\"787\">Curs 2025\u20132026<\/strong><\/h4>\n<\/th>\n<\/tr>\n<tr style=\"height: 38px;\" data-start=\"804\" data-end=\"842\">\n<th style=\"width: 56.0129%; height: 10px; text-align: center; vertical-align: top;\">\n<p style=\"text-align: left;\"><a href=\"https:\/\/projectes.xtec.cat\/internacional\/portada\/jornada-de-difusio-erasmus-illuminar-camins-inspirar-futurs\/\"><strong>Sessi\u00f3 de difusi\u00f3<\/strong><\/a><\/p>\n<p style=\"text-align: left;\"><strong>18 setembre de 2025<\/strong><\/p>\n<\/th>\n<th class=\"\" style=\"width: 0.888099%; height: 10px; text-align: left; vertical-align: top;\" data-start=\"829\" data-end=\"842\" data-col-size=\"sm\"><strong>Materials<\/strong><\/th>\n<\/tr>\n<\/thead>\n<tbody data-start=\"882\" data-end=\"996\">\n<tr style=\"height: 49px;\" data-start=\"882\" data-end=\"996\">\n<td style=\"width: 56.0129%; height: 28px;\"><img loading=\"lazy\" decoding=\"async\" class=\"\" src=\"https:\/\/projectes.xtec.cat\/internacional\/wp-content\/uploads\/usu1767\/2025\/09\/children-using-magnifying-glass-geography_329181-14295-1024x683.jpg\" width=\"443\" height=\"295\" \/><\/td>\n<td style=\"width: 0.888099%; height: 28px;\" data-start=\"971\" data-end=\"996\" data-col-size=\"sm\"><a href=\"https:\/\/drive.google.com\/file\/d\/11vsl5uw4r-Fza_fBb7If6o85A9zkKz7a\/view\">Presentaci\u00f3<\/a><\/p>\n<p><a href=\"https:\/\/drive.google.com\/file\/d\/1HAvCChOMm0y0RBbFkdh641Iy_j5ByrE7\/view\">Enregistrament<\/a><\/td>\n<\/tr>\n<\/tbody>\n<\/table>\n<p>&nbsp;<\/p>\n<table class=\"w-fit min-w-(--thread-content-width)\" style=\"width: 60.341%; height: 178px;\" data-start=\"804\" data-end=\"996\">\n<thead data-start=\"804\" data-end=\"842\">\n<tr style=\"height: 20px;\">\n<th style=\"text-align: center; height: 10px; width: 226.565%;\" colspan=\"4\">\n<h4 style=\"text-align: left;\" data-start=\"764\" data-end=\"803\"><strong data-start=\"769\" data-end=\"787\">Curs 2024\u20132025<\/strong><\/h4>\n<\/th>\n<\/tr>\n<tr style=\"height: 38px;\" data-start=\"804\" data-end=\"842\">\n<th style=\"width: 43.3355%; height: 10px; text-align: center; vertical-align: top;\">\n<p style=\"text-align: left;\"><a href=\"https:\/\/projectes.xtec.cat\/internacional\/general\/sessio-de-difusio-programa-erasmus-2021-2027\/\"><strong>Sessi\u00f3 de difusi\u00f3<\/strong><\/a><\/p>\n<p style=\"text-align: left;\"><strong>26 setembre de 2024<\/strong><\/p>\n<\/th>\n<th class=\"\" style=\"width: 18.0939%; height: 10px; text-align: left; vertical-align: top;\" data-start=\"829\" data-end=\"842\" data-col-size=\"sm\"><strong>Materials<\/strong><\/th>\n<th style=\"width: 41.12%; text-align: left; vertical-align: top; height: 10px;\"><a href=\"https:\/\/projectes.xtec.cat\/internacional\/general\/sessio-de-difusio-programa-erasmus-2021-2027-2\/\"><strong>Sessi\u00f3 de difusi\u00f3<\/strong><\/a><\/p>\n<p><strong>24 abril de 2025<\/strong><\/th>\n<th style=\"width: 124.016%; text-align: left; vertical-align: top; height: 10px;\"><strong>Materials<\/strong><\/th>\n<\/tr>\n<\/thead>\n<tbody data-start=\"882\" data-end=\"996\">\n<tr style=\"height: 49px;\" data-start=\"882\" data-end=\"996\">\n<td style=\"width: 43.3355%; height: 158px;\"><a href=\"https:\/\/projectes.xtec.cat\/internacional\/wp-content\/uploads\/usu1767\/2026\/02\/Disseny-sense-titol-2.jpg\"><img loading=\"lazy\" decoding=\"async\" class=\" wp-image-18704 alignnone\" src=\"https:\/\/projectes.xtec.cat\/internacional\/wp-content\/uploads\/usu1767\/2026\/02\/Disseny-sense-titol-2-150x150.jpg\" alt=\"\" width=\"270\" height=\"270\" \/><\/a><\/td>\n<td style=\"width: 18.0939%; height: 158px;\" data-start=\"971\" data-end=\"996\" data-col-size=\"sm\"><a href=\"https:\/\/drive.google.com\/file\/d\/1wTEQyRCwc_INjrKa09dLwb2M4s2caIs5\/view\">Presentaci\u00f3<\/a><\/p>\n<p><a href=\"https:\/\/drive.google.com\/file\/d\/1RkoWbu3h048_TZSwK0-flNYfldsvkQXq\/view\">Enregistrament<\/a><\/td>\n<td style=\"width: 41.12%; height: 158px;\"><a href=\"https:\/\/projectes.xtec.cat\/internacional\/wp-content\/uploads\/usu1767\/2026\/02\/Disseny-sense-titol-3-1024x572-1.jpg\"><img loading=\"lazy\" decoding=\"async\" class=\" wp-image-18720\" src=\"https:\/\/projectes.xtec.cat\/internacional\/wp-content\/uploads\/usu1767\/2026\/02\/Disseny-sense-titol-3-1024x572-1-150x150.jpg\" alt=\"\" width=\"258\" height=\"258\" \/><\/a><\/td>\n<td style=\"width: 124.016%; height: 158px;\"><a href=\"https:\/\/drive.google.com\/file\/d\/17uB81QXQZ9mYFul-W2kXA0R3OWHA32gR\/view\">Presentaci\u00f3<\/a><\/p>\n<p><a href=\"https:\/\/drive.google.com\/file\/d\/1qqeCL-ngYhMgpRYxtCu8PrNoB00mwJPM\/view\">Enregistrament<\/a><\/td>\n<\/tr>\n<\/tbody>\n<\/table>\n<p>&nbsp;<\/p>\n<\/div>\n<\/div>\n<table class=\"w-fit min-w-(--thread-content-width)\" style=\"width: 60.9922%;\" data-start=\"804\" data-end=\"996\">\n<thead data-start=\"804\" data-end=\"842\">\n<tr style=\"height: 20px;\">\n<th style=\"text-align: center; height: 10px; width: 189.627%;\" colspan=\"4\">\n<h4 style=\"text-align: left;\" data-start=\"764\" data-end=\"803\"><strong data-start=\"769\" data-end=\"787\">Curs 2023\u20132024<\/strong><\/h4>\n<\/th>\n<\/tr>\n<tr style=\"height: 38px;\" data-start=\"804\" data-end=\"842\">\n<th style=\"width: 38.2915%; height: 10px; text-align: center; vertical-align: top;\">\n<p style=\"text-align: left;\"><a href=\"https:\/\/projectes.xtec.cat\/internacional\/general\/sessio-de-difusio-programes-erasmus-2021-2027-2\/\"><strong>Sessi\u00f3 de difusi\u00f3<\/strong><\/a><\/p>\n<p style=\"text-align: left;\"><strong>28 setembre de 2023<\/strong><\/p>\n<\/th>\n<th class=\"\" style=\"width: 15.8147%; height: 10px; text-align: left; vertical-align: top;\" data-start=\"829\" data-end=\"842\" data-col-size=\"sm\"><strong>Materials<\/strong><\/th>\n<th style=\"width: 35.5857%; text-align: left; vertical-align: top; height: 10px;\"><a href=\"https:\/\/projectes.xtec.cat\/internacional\/general\/sessio-de-difusio-programes-erasmus-2021-2027-3\/\"><strong>Sessi\u00f3 de difusi\u00f3<\/strong><\/a><\/p>\n<p><strong>25 abril de 2024<\/strong><\/th>\n<th style=\"width: 99.9349%; text-align: left; vertical-align: top; height: 10px;\"><strong>Materials<\/strong><\/th>\n<\/tr>\n<\/thead>\n<tbody data-start=\"882\" data-end=\"996\">\n<tr style=\"height: 49px;\" data-start=\"882\" data-end=\"996\">\n<td style=\"width: 38.2915%; height: 158px;\"><a href=\"https:\/\/projectes.xtec.cat\/internacional\/wp-content\/uploads\/usu1767\/2026\/02\/Difusio.png\"><img loading=\"lazy\" decoding=\"async\" class=\"alignnone wp-image-18715\" src=\"https:\/\/projectes.xtec.cat\/internacional\/wp-content\/uploads\/usu1767\/2026\/02\/Difusio-150x150.png\" alt=\"\" width=\"271\" height=\"271\" \/><\/a><\/td>\n<td style=\"width: 15.8147%; height: 158px;\" data-start=\"971\" data-end=\"996\" data-col-size=\"sm\"><a href=\"https:\/\/drive.google.com\/file\/d\/1r6kHGL5c0xO7iYRNyFq35wNgcvAfvB-1\/view\">Presentaci\u00f3<\/a><\/p>\n<p><a href=\"https:\/\/projectes.xtec.cat\/internacional\/experiencies-erasmus-de-centres-educatius-2\/\">Experi\u00e8ncies de centres<\/a><\/p>\n<p><a href=\"https:\/\/drive.google.com\/file\/d\/11VKYyDospuBbZKcKocfGKSo1OfjdmoZb\/view\">Enregistrament<\/a><\/td>\n<td style=\"width: 35.5857%; height: 158px;\"><a href=\"https:\/\/projectes.xtec.cat\/internacional\/wp-content\/uploads\/usu1767\/2026\/02\/Disseny-sense-titol-1.jpg\"><img loading=\"lazy\" decoding=\"async\" class=\"alignnone wp-image-18707\" src=\"https:\/\/projectes.xtec.cat\/internacional\/wp-content\/uploads\/usu1767\/2026\/02\/Disseny-sense-titol-1-150x150.jpg\" alt=\"\" width=\"279\" height=\"279\" \/><\/a><\/td>\n<td style=\"width: 99.9349%; height: 158px;\"><a href=\"https:\/\/drive.google.com\/file\/d\/1H6nLryx_cIi_p1g4zNcR55elcuE9ZRP2\/view\">Presentaci\u00f3<\/a><\/p>\n<p><a href=\"https:\/\/projectes.xtec.cat\/internacional\/experiencies-erasmus-de-centres-educatius\/\">Experi\u00e8ncies de centres<\/a><\/p>\n<p><a href=\"https:\/\/drive.google.com\/file\/d\/1Y6Mk_Bvkox32TeCp-hVHVbv0TetUG6tp\/view\">Enregistrament<\/a><\/td>\n<\/tr>\n<\/tbody>\n<\/table>\n<h4><\/h4>\n<table class=\"w-fit min-w-(--thread-content-width)\" style=\"width: 61.2771%; height: 343px;\" data-start=\"804\" data-end=\"996\">\n<thead data-start=\"804\" data-end=\"842\">\n<tr style=\"height: 20px;\">\n<th style=\"text-align: center; height: 10px; width: 153.901%;\" colspan=\"4\">\n<h4 style=\"text-align: left;\" data-start=\"764\" data-end=\"803\"><strong data-start=\"769\" data-end=\"787\">Curs 2022\u20132023<\/strong><\/h4>\n<\/th>\n<\/tr>\n<tr style=\"height: 38px;\" data-start=\"804\" data-end=\"842\">\n<th style=\"width: 36.3959%; height: 10px; text-align: center; vertical-align: top;\">\n<p style=\"text-align: left;\"><a href=\"https:\/\/projectes.xtec.cat\/internacional\/portada\/sessio-de-difusio-erasmus-2021-2017\/\"><strong>Sessi\u00f3 de difusi\u00f3<\/strong><\/a><\/p>\n<p style=\"text-align: left;\"><strong>27 setembre de 2022<\/strong><\/p>\n<\/th>\n<th class=\"\" style=\"width: 16.347%; height: 10px; text-align: left; vertical-align: top;\" data-start=\"829\" data-end=\"842\" data-col-size=\"sm\"><strong>Materials<\/strong><\/th>\n<th style=\"width: 33.4553%; text-align: left; vertical-align: top; height: 10px;\"><a href=\"https:\/\/projectes.xtec.cat\/internacional\/general\/sessio-de-difusio-programes-erasmus-2021-2027\/\"><strong>Sessi\u00f3 de difusi\u00f3<\/strong><\/a><\/p>\n<p><strong>18 abril de 2023<\/strong><\/th>\n<th style=\"width: 67.7024%; text-align: left; vertical-align: top; height: 10px;\"><strong>Materials<\/strong><\/th>\n<\/tr>\n<\/thead>\n<tbody data-start=\"882\" data-end=\"996\">\n<tr style=\"height: 49px;\" data-start=\"882\" data-end=\"996\">\n<td style=\"width: 36.3959%; height: 323px;\"><a href=\"https:\/\/projectes.xtec.cat\/internacional\/wp-content\/uploads\/usu1767\/2022\/10\/Internacionalitzacio.png\"><img loading=\"lazy\" decoding=\"async\" class=\"wp-image-11560 alignnone\" src=\"https:\/\/projectes.xtec.cat\/internacional\/wp-content\/uploads\/usu1767\/2022\/10\/Internacionalitzacio-1024x608.png\" alt=\"\" width=\"389\" height=\"231\" srcset=\"https:\/\/projectes.xtec.cat\/internacional\/wp-content\/uploads\/usu1767\/2022\/10\/Internacionalitzacio-1024x608.png 1024w, https:\/\/projectes.xtec.cat\/internacional\/wp-content\/uploads\/usu1767\/2022\/10\/Internacionalitzacio-300x178.png 300w, https:\/\/projectes.xtec.cat\/internacional\/wp-content\/uploads\/usu1767\/2022\/10\/Internacionalitzacio-768x456.png 768w, https:\/\/projectes.xtec.cat\/internacional\/wp-content\/uploads\/usu1767\/2022\/10\/Internacionalitzacio.png 1195w\" sizes=\"auto, (max-width: 389px) 100vw, 389px\" \/><\/a><\/td>\n<td style=\"width: 16.347%; height: 323px;\" data-start=\"971\" data-end=\"996\" data-col-size=\"sm\"><a href=\"https:\/\/projectes.xtec.cat\/internacional\/wp-content\/uploads\/usu1767\/2022\/10\/DEF_-Sessio-de-difusio-Erasmus-27_set_22_pptx.pdf\">Presentaci\u00f3<\/a><\/p>\n<p><a href=\"https:\/\/projectes.xtec.cat\/internacional\/sessio-27-setembre-2022\/\">Experi\u00e8ncies de centres<\/a><\/p>\n<p><a href=\"https:\/\/drive.google.com\/file\/d\/1QPELXkwrYECSPJphUa8AFORS2dGEdh6w\/view\">Enregistrament<\/a><\/td>\n<td style=\"width: 33.4553%; height: 323px;\"><img loading=\"lazy\" decoding=\"async\" class=\"alignnone\" src=\"https:\/\/projectes.xtec.cat\/internacional\/wp-content\/uploads\/usu1767\/2023\/11\/Annotation-2023-05-02-125604.jpg\" width=\"437\" height=\"269\" \/><\/td>\n<td style=\"width: 67.7024%; height: 323px;\"><a href=\"https:\/\/drive.google.com\/file\/d\/1A3f5Veay9LzwfvXzvEoyHz-cQy7FR9dO\/view\">Presentaci\u00f3<\/a><\/p>\n<p><a href=\"https:\/\/projectes.xtec.cat\/internacional\/sessio-18-abril-2023\/\">Experi\u00e8ncies de centres<\/a><\/p>\n<p><a href=\"https:\/\/www.youtube.com\/watch?v=63gl6_bggdg\">Enregistrament<\/a><\/td>\n<\/tr>\n<\/tbody>\n<\/table>\n<p>&nbsp;<\/p>\n<table class=\"w-fit min-w-(--thread-content-width)\" style=\"width: 62.1419%;\" data-start=\"804\" data-end=\"996\">\n<thead data-start=\"804\" data-end=\"842\">\n<tr style=\"height: 20px;\">\n<th style=\"text-align: center; height: 10px; width: 34.4132%;\" colspan=\"2\">\n<h4 style=\"text-align: left;\" data-start=\"764\" data-end=\"803\"><strong data-start=\"769\" data-end=\"787\">Curs 2021\u20132022<\/strong><\/h4>\n<\/th>\n<\/tr>\n<tr style=\"height: 38px;\" data-start=\"804\" data-end=\"842\">\n<th style=\"width: 33.3425%; height: 10px; text-align: center; vertical-align: top;\">\n<p style=\"text-align: left;\"><strong>Sessi\u00f3 de difusi\u00f3<\/strong><\/p>\n<p style=\"text-align: left;\"><strong>28 mar\u00e7 de 2022<\/strong><\/p>\n<\/th>\n<th class=\"\" style=\"width: 1.07066%; height: 10px; text-align: left; vertical-align: top;\" data-start=\"829\" data-end=\"842\" data-col-size=\"sm\"><strong>Materials<\/strong><\/th>\n<\/tr>\n<\/thead>\n<tbody data-start=\"882\" data-end=\"996\">\n<tr style=\"height: 49px;\" data-start=\"882\" data-end=\"996\">\n<td style=\"width: 33.3425%; height: 28px;\">\n<h2><a href=\"https:\/\/projectes.xtec.cat\/internacional\/wp-content\/uploads\/usu1767\/2022\/03\/Europe-view.jpg\">\u00a0 <img loading=\"lazy\" decoding=\"async\" class=\"wp-image-11244 alignleft\" src=\"https:\/\/projectes.xtec.cat\/internacional\/wp-content\/uploads\/usu1767\/2022\/03\/Europe-view-300x225.jpg\" alt=\"\" width=\"416\" height=\"312\" srcset=\"https:\/\/projectes.xtec.cat\/internacional\/wp-content\/uploads\/usu1767\/2022\/03\/Europe-view-300x225.jpg 300w, https:\/\/projectes.xtec.cat\/internacional\/wp-content\/uploads\/usu1767\/2022\/03\/Europe-view-1024x768.jpg 1024w, https:\/\/projectes.xtec.cat\/internacional\/wp-content\/uploads\/usu1767\/2022\/03\/Europe-view-768x576.jpg 768w, https:\/\/projectes.xtec.cat\/internacional\/wp-content\/uploads\/usu1767\/2022\/03\/Europe-view-200x150.jpg 200w, https:\/\/projectes.xtec.cat\/internacional\/wp-content\/uploads\/usu1767\/2022\/03\/Europe-view.jpg 1500w\" sizes=\"auto, (max-width: 416px) 100vw, 416px\" \/><\/a><\/h2>\n<\/td>\n<td style=\"width: 1.07066%; height: 28px;\" data-start=\"971\" data-end=\"996\" data-col-size=\"sm\"><a href=\"https:\/\/projectes.xtec.cat\/internacional\/wp-content\/uploads\/usu1767\/2022\/03\/sessio-de-difusio-E-28_marc_22.DEF_pptx.pdf\">Presentaci\u00f3<\/a><\/p>\n<p><a href=\"https:\/\/drive.google.com\/drive\/folders\/119GSFSZ27pFOh98eYwd56_rtuKR0U4MW\">Experi\u00e8ncies de centres<\/a><\/p>\n<p><a href=\"https:\/\/drive.google.com\/file\/d\/1C3sCBJN7322wbm7Ei2QvPmEc5WbfVuGG\/view?usp=drive_link\">Enregistrament\u00a0\u00a0<\/a><\/td>\n<\/tr>\n<\/tbody>\n<\/table>\n<p>&nbsp;<\/p>\n<h4 style=\"text-align: left;\"><\/h4>\n<h4 style=\"text-align: left;\"><\/h4>\n<h4 style=\"text-align: left;\"><\/h4>\n<p>&nbsp;<\/p>\n<p>&nbsp;<\/p>\n","protected":false},"excerpt":{"rendered":"<p>Les jornades de difusi\u00f3 del programa Erasmus+ s\u00f3n espais informatius adre\u00e7ats als centres i serveis educatius de Catalunya.<br \/>\n\ud83c\udfaf Objectiu: donar a con\u00e8ixer el programa i presentar les novetats de cada convocat\u00f2ria.<br \/>\n\ud83d\udcbb Sessions telem\u00e0tiques i \ud83d\udcca presentacions especialitzades que us ofereixen orientacions actualitzades per ajudar-vos a&hellip;  <a href=\"https:\/\/projectes.xtec.cat\/internacional\/jornades-i-difusio-erasmus\/\" title=\"Read Jornades i difusi\u00f3 Erasmus+\">Llegeix m\u00e9s\u00bb<\/a><\/p>\n","protected":false},"author":6,"featured_media":0,"parent":0,"menu_order":6,"comment_status":"closed","ping_status":"closed","template":"page-templates\/side-menu.php","meta":{"_bbp_topic_count":0,"_bbp_reply_count":0,"_bbp_total_topic_count":0,"_bbp_total_reply_count":0,"_bbp_voice_count":0,"_bbp_anonymous_reply_count":0,"_bbp_topic_count_hidden":0,"_bbp_reply_count_hidden":0,"_bbp_forum_subforum_count":0,"footnotes":""},"class_list":["post-11239","page","type-page","status-publish","hentry"],"post_mailing_queue_ids":[],"_links":{"self":[{"href":"https:\/\/projectes.xtec.cat\/internacional\/wp-json\/wp\/v2\/pages\/11239","targetHints":{"allow":["GET"]}}],"collection":[{"href":"https:\/\/projectes.xtec.cat\/internacional\/wp-json\/wp\/v2\/pages"}],"about":[{"href":"https:\/\/projectes.xtec.cat\/internacional\/wp-json\/wp\/v2\/types\/page"}],"author":[{"embeddable":true,"href":"https:\/\/projectes.xtec.cat\/internacional\/wp-json\/wp\/v2\/users\/6"}],"replies":[{"embeddable":true,"href":"https:\/\/projectes.xtec.cat\/internacional\/wp-json\/wp\/v2\/comments?post=11239"}],"version-history":[{"count":7,"href":"https:\/\/projectes.xtec.cat\/internacional\/wp-json\/wp\/v2\/pages\/11239\/revisions"}],"predecessor-version":[{"id":18705,"href":"https:\/\/projectes.xtec.cat\/internacional\/wp-json\/wp\/v2\/pages\/11239\/revisions\/18705"}],"wp:attachment":[{"href":"https:\/\/projectes.xtec.cat\/internacional\/wp-json\/wp\/v2\/media?parent=11239"}],"curies":[{"name":"wp","href":"https:\/\/api.w.org\/{rel}","templated":true}]}}