{"id":11282,"date":"2022-04-04T10:10:53","date_gmt":"2022-04-04T08:10:53","guid":{"rendered":"https:\/\/projectes.xtec.cat\/internacional\/?page_id=11282"},"modified":"2022-04-08T09:14:44","modified_gmt":"2022-04-08T07:14:44","slug":"comunicacions-actualitat","status":"publish","type":"page","link":"https:\/\/projectes.xtec.cat\/internacional\/comunicacions-actualitat\/","title":{"rendered":"Comunicacions Actualitat"},"content":{"rendered":"<h6>Aquest aparat t\u00e9 com objectiu facilitar informaci\u00f3 sobre esdeveniments que tinguin un impacte en la implementaci\u00f3 dels projectes Erasmus+.<\/h6>\n<h5><a href=\"https:\/\/projectes.xtec.cat\/internacional\/wp-content\/uploads\/usu1767\/2022\/04\/ucranian-flag-png.png\"><img loading=\"lazy\" decoding=\"async\" class=\"wp-image-11330 alignnone\" src=\"https:\/\/projectes.xtec.cat\/internacional\/wp-content\/uploads\/usu1767\/2022\/04\/ucranian-flag-png.png\" alt=\"\" width=\"60\" height=\"40\" \/><\/a><a href=\"https:\/\/projectes.xtec.cat\/internacional\/erasmus\/comunicacions-actualitat\/erasmus-i-ucraina\/\"> \u00a0 Erasmus+ i Ucra\u00efna<\/a><\/h5>\n","protected":false},"excerpt":{"rendered":"<p>Aquest aparat t\u00e9 com objectiu facilitar informaci\u00f3 sobre esdeveniments que tinguin un impacte en la implementaci\u00f3 dels projectes Erasmus+.<br \/>\n<a href=\"https:\/\/projectes.xtec.cat\/internacional\/wp-content\/uploads\/usu1767\/2022\/04\/ucranian-flag-png.png\"><\/a><a href=\"https:\/\/projectes.xtec.cat\/internacional\/erasmus\/comunicacions-actualitat\/erasmus-i-ucraina\/\"> \u00a0 Erasmus+ i Ucra\u00efna<\/a><\/p>\n","protected":false},"author":6,"featured_media":0,"parent":0,"menu_order":3,"comment_status":"closed","ping_status":"closed","template":"page-templates\/side-menu.php","meta":{"_bbp_topic_count":0,"_bbp_reply_count":0,"_bbp_total_topic_count":0,"_bbp_total_reply_count":0,"_bbp_voice_count":0,"_bbp_anonymous_reply_count":0,"_bbp_topic_count_hidden":0,"_bbp_reply_count_hidden":0,"_bbp_forum_subforum_count":0,"footnotes":""},"class_list":["post-11282","page","type-page","status-publish","hentry"],"post_mailing_queue_ids":[],"_links":{"self":[{"href":"https:\/\/projectes.xtec.cat\/internacional\/wp-json\/wp\/v2\/pages\/11282","targetHints":{"allow":["GET"]}}],"collection":[{"href":"https:\/\/projectes.xtec.cat\/internacional\/wp-json\/wp\/v2\/pages"}],"about":[{"href":"https:\/\/projectes.xtec.cat\/internacional\/wp-json\/wp\/v2\/types\/page"}],"author":[{"embeddable":true,"href":"https:\/\/projectes.xtec.cat\/internacional\/wp-json\/wp\/v2\/users\/6"}],"replies":[{"embeddable":true,"href":"https:\/\/projectes.xtec.cat\/internacional\/wp-json\/wp\/v2\/comments?post=11282"}],"version-history":[{"count":3,"href":"https:\/\/projectes.xtec.cat\/internacional\/wp-json\/wp\/v2\/pages\/11282\/revisions"}],"predecessor-version":[{"id":11332,"href":"https:\/\/projectes.xtec.cat\/internacional\/wp-json\/wp\/v2\/pages\/11282\/revisions\/11332"}],"wp:attachment":[{"href":"https:\/\/projectes.xtec.cat\/internacional\/wp-json\/wp\/v2\/media?parent=11282"}],"curies":[{"name":"wp","href":"https:\/\/api.w.org\/{rel}","templated":true}]}}