{"id":11294,"date":"2022-04-04T11:28:31","date_gmt":"2022-04-04T09:28:31","guid":{"rendered":"https:\/\/projectes.xtec.cat\/internacional\/?page_id=11294"},"modified":"2025-11-24T13:46:00","modified_gmt":"2025-11-24T12:46:00","slug":"cooperacio-internacional-cerca-de-socis-2","status":"publish","type":"page","link":"https:\/\/projectes.xtec.cat\/internacional\/cooperacio-internacional-cerca-de-socis-2\/","title":{"rendered":"Cooperaci\u00f3 internacional: Cerca de socis"},"content":{"rendered":"<p>\n  \ud83e\udd1d La <strong>cerca de socis<\/strong> \u00e9s un dels passos m\u00e9s determinants a l\u2019hora d\u2019impulsar un projecte <strong>Erasmus+<\/strong>.\n<\/p>\n<p>\n  \ud83d\udcda En aquesta secci\u00f3 trobareu <strong>centres educatius europeus<\/strong> per identificar possibles socis europeus que puguin donar lloc a aliances duradores en els vostres projectes Erasmus+.\n<\/p>\n<p>Podeu trobar informaci\u00f3 en els seg\u00fcents enlla\u00e7os:<\/p>\n<ul>\n<li style=\"list-style-type: none;\">\n<ul style=\"list-style-type: disc;\">\n<li><a href=\"https:\/\/projectes.xtec.cat\/internacional\/cooperacio-internacional-cerca-de-socis-2\/centres\/\" target=\"_blank\" rel=\"noopener\">Centres educatius catalans en projectes internacionals 2014-2020<\/a><\/li>\n<li>Centres Educatius Catalans 2021-2027<\/li>\n<li><a href=\"https:\/\/projectes.xtec.cat\/internacional\/cooperacio-internacional-cerca-de-socis-2\/centres-educatius-europeus\/\" target=\"_blank\" rel=\"noopener\">Centres Educatius Europeus<\/a><\/li>\n<\/ul>\n<\/li>\n<\/ul>\n","protected":false},"excerpt":{"rendered":"<p>  \ud83e\udd1d La cerca de socis \u00e9s un dels passos m\u00e9s determinants a l\u2019hora d\u2019impulsar un projecte Erasmus+.<\/p>\n<p>  \ud83d\udcda En aquesta secci\u00f3 trobareu centres educatius europeus per identificar possibles socis europeus que puguin donar lloc a aliances duradores en els vostres projectes Erasmus+.<\/p>\n<p>Podeu&hellip;  <a href=\"https:\/\/projectes.xtec.cat\/internacional\/cooperacio-internacional-cerca-de-socis-2\/\" title=\"Read Cooperaci\u00f3 internacional: Cerca de socis\">Llegeix m\u00e9s\u00bb<\/a><\/p>\n","protected":false},"author":6,"featured_media":0,"parent":0,"menu_order":4,"comment_status":"closed","ping_status":"closed","template":"page-templates\/side-menu.php","meta":{"_bbp_topic_count":0,"_bbp_reply_count":0,"_bbp_total_topic_count":0,"_bbp_total_reply_count":0,"_bbp_voice_count":0,"_bbp_anonymous_reply_count":0,"_bbp_topic_count_hidden":0,"_bbp_reply_count_hidden":0,"_bbp_forum_subforum_count":0,"footnotes":""},"class_list":["post-11294","page","type-page","status-publish","hentry"],"post_mailing_queue_ids":[],"_links":{"self":[{"href":"https:\/\/projectes.xtec.cat\/internacional\/wp-json\/wp\/v2\/pages\/11294","targetHints":{"allow":["GET"]}}],"collection":[{"href":"https:\/\/projectes.xtec.cat\/internacional\/wp-json\/wp\/v2\/pages"}],"about":[{"href":"https:\/\/projectes.xtec.cat\/internacional\/wp-json\/wp\/v2\/types\/page"}],"author":[{"embeddable":true,"href":"https:\/\/projectes.xtec.cat\/internacional\/wp-json\/wp\/v2\/users\/6"}],"replies":[{"embeddable":true,"href":"https:\/\/projectes.xtec.cat\/internacional\/wp-json\/wp\/v2\/comments?post=11294"}],"version-history":[{"count":6,"href":"https:\/\/projectes.xtec.cat\/internacional\/wp-json\/wp\/v2\/pages\/11294\/revisions"}],"predecessor-version":[{"id":18214,"href":"https:\/\/projectes.xtec.cat\/internacional\/wp-json\/wp\/v2\/pages\/11294\/revisions\/18214"}],"wp:attachment":[{"href":"https:\/\/projectes.xtec.cat\/internacional\/wp-json\/wp\/v2\/media?parent=11294"}],"curies":[{"name":"wp","href":"https:\/\/api.w.org\/{rel}","templated":true}]}}