{"id":11949,"date":"2022-12-14T22:35:13","date_gmt":"2022-12-14T21:35:13","guid":{"rendered":"https:\/\/projectes.xtec.cat\/internacional\/?page_id=11949"},"modified":"2025-12-18T12:49:47","modified_gmt":"2025-12-18T11:49:47","slug":"alemanya","status":"publish","type":"page","link":"https:\/\/projectes.xtec.cat\/internacional\/que-es-coopera\/alemanya\/","title":{"rendered":"Alemanya"},"content":{"rendered":"<p><a href=\"https:\/\/projectes.xtec.cat\/internacional\/wp-content\/uploads\/usu1767\/2023\/10\/Baden-Wurttemberg-2.jpg\"><img loading=\"lazy\" decoding=\"async\" class=\" wp-image-12721 alignleft\" src=\"https:\/\/projectes.xtec.cat\/internacional\/wp-content\/uploads\/usu1767\/2023\/10\/Baden-Wurttemberg-2.jpg\" alt=\"\" width=\"216\" height=\"144\" srcset=\"https:\/\/projectes.xtec.cat\/internacional\/wp-content\/uploads\/usu1767\/2023\/10\/Baden-Wurttemberg-2.jpg 1024w, https:\/\/projectes.xtec.cat\/internacional\/wp-content\/uploads\/usu1767\/2023\/10\/Baden-Wurttemberg-2-300x200.jpg 300w, https:\/\/projectes.xtec.cat\/internacional\/wp-content\/uploads\/usu1767\/2023\/10\/Baden-Wurttemberg-2-768x512.jpg 768w\" sizes=\"auto, (max-width: 216px) 100vw, 216px\" \/><\/a>Busques centre educatiu a <strong>Alemanya<\/strong> per fer un <strong>intercanvi escolar<\/strong>?<br \/>\nAqu\u00ed recollim les propostes de centres alemanys que busquen escoles catalanes per fer intercanvis.<br \/>\nSi t&#8217;interessa envia un correu electr\u00f2nic a <strong>erasmusplus@xtec.cat\u00a0<\/strong>amb la refer\u00e8ncia del centre educatiu de prefer\u00e8ncia.<\/p>\n<p>&nbsp;<\/p>\n<p>&nbsp;<\/p>\n<table style=\"border-collapse: collapse; width: 100%; height: 1181px;\">\n<tbody>\n<tr style=\"height: 502px;\">\n<td style=\"width: 12.5%; text-align: center; vertical-align: top; height: 417px;\">\n<h5>Albert-Schweitzer-Gymnasium<\/h5>\n<p>(74564 Crailsheim)<\/p>\n<p style=\"text-align: left;\"><b>Ubicaci\u00f3<\/b><span style=\"font-weight: 400;\">: ciutat petita, a 1 h i 15 min en tren de Stuttgart.<\/span><\/p>\n<p style=\"text-align: left;\"><b>Nombre d\u2019alumnes<\/b><span style=\"font-weight: 400;\">: 800<\/span><\/p>\n<p style=\"text-align: left;\"><b>Especialitats<\/b><span style=\"font-weight: 400;\">: inform\u00e0tica, matem\u00e0tiques, f\u00edsica, ci\u00e8ncies naturals, tecnologia i llengua espanyola.<\/span><\/p>\n<p style=\"text-align: left;\"><b>Intercanvi<\/b><span style=\"font-weight: 400;\">: 20-40 alumnes que cursen 2n o 3r any de llengua espanyola com a tercera llengua (aproximadament 16-17 anys).<\/span><\/p>\n<p style=\"text-align: left;\"><b>Centre educatiu a Catalunya:\u00a0 <\/b>m\u00e0xim 2 h en transport p\u00fablic des de Barcelona.<\/p>\n<\/td>\n<td style=\"width: 12.5%; text-align: center; vertical-align: top; height: 417px;\">\n<h5>Dietrich-Bonhoeffer-Gymnasium<\/h5>\n<p>(97877 Wertheim)<\/p>\n<p style=\"text-align: left;\"><b>Ubicaci\u00f3<\/b><span style=\"font-weight: 400;\">: ciutat petita, a 2 h en cotxe de Stuttgart i a 1 h i 15 min de Frankfurt\/Main. En tren a 2 h i 30 min de Frankfurt\/Main.<\/span><\/p>\n<p style=\"text-align: left;\"><b>Nombre d\u2019alumnes<\/b><span style=\"font-weight: 400;\">: 600\u00a0<\/span><\/p>\n<p style=\"text-align: left;\"><b>Especialitats<\/b><span style=\"font-weight: 400;\">: m\u00fasica, ci\u00e8ncies naturals, tecnologia i\u00a0 llengua espanyola.<\/span><\/p>\n<p style=\"text-align: left;\"><b>Intercanvi<\/b><span style=\"font-weight: 400;\">: 20 alumnes que cursen el 2n any de llengua espanyola com a tercera llengua (aproximadament 15 anys).<\/span><\/p>\n<\/td>\n<td style=\"width: 11.9543%; text-align: center; vertical-align: top; height: 417px;\">\n<h5>Erich-K\u00e4stner-\u00a0 Gymnasium<\/h5>\n<p>(73054 Eislingen)<\/p>\n<p style=\"text-align: left;\"><b>Ubicaci\u00f3<\/b><span style=\"font-weight: 400;\">: ciutat petita.<\/span><\/p>\n<p style=\"text-align: left;\"><b>Nombre d\u2019alumnes<\/b><span style=\"font-weight: 400;\">: 700\u00a0<\/span><\/p>\n<p style=\"text-align: left;\"><b>Especialitats<\/b><span style=\"font-weight: 400;\">: m\u00fasica, ci\u00e8ncies naturals, tecnologia i\u00a0 llengua espanyola.<\/span><\/p>\n<p style=\"text-align: left;\"><b>Intercanvi<\/b><span style=\"font-weight: 400;\">: 15 alumnes que cursen el 3r any de llengua espanyola com a tercera llengua (aproximadament 16 anys).<\/span><\/p>\n<p style=\"text-align: left;\"><b>Centre educatiu a Catalunya:\u00a0 <\/b>m\u00e0xim 2 h en transport p\u00fablic des de Barcelona.<\/p>\n<\/td>\n<td style=\"width: 13.0457%; text-align: center; vertical-align: top; height: 417px;\">\n<h5>Ferdinand-Porsche-Gymnasium<\/h5>\n<p>(70437 Stuttgart-Zuffenhausen)<\/p>\n<p style=\"text-align: left;\"><b>Ubicaci\u00f3<\/b><span style=\"font-weight: 400;\">: barri de Stuttgart.<\/span><\/p>\n<p style=\"text-align: left;\"><b>Nombre d\u2019alumnes<\/b><span style=\"font-weight: 400;\">: 805\u00a0<\/span><\/p>\n<p style=\"text-align: left;\"><b>Especialitats<\/b><span style=\"font-weight: 400;\">: ci\u00e8ncies naturals, llengua espanyola, m\u00fasica (classe de cant 5-6 anys), programa biling\u00fce d&#8217;angl\u00e8s i batxillerat internacional.<\/span><\/p>\n<p style=\"text-align: left;\"><b>Intercanvi<\/b><span style=\"font-weight: 400;\">: 15 alumnes que cursen el 3r any de llengua espanyola com a tercera llengua (aproximadament 16 anys).\u00a0<\/span><\/p>\n<p style=\"text-align: left;\"><b>Altres informacions d&#8217;inter\u00e8s:\u00a0<\/b>classe d&#8217;intercanvi internacional (6-10 alumnes internacionals convidats\/curs escolar), certificats d&#8217;idiomes, cooperaci\u00f3 amb Porsche Lab.<\/p>\n<p style=\"text-align: left;\"><b>Centre educatiu a Catalunya:\u00a0<\/b> entre 1- 2 h en transport p\u00fablic des de Barcelona.<\/p>\n<\/td>\n<\/tr>\n<tr style=\"height: 346px;\">\n<td style=\"width: 12.5%; text-align: center; vertical-align: top; height: 346px;\">\n<h5>Hans-Baldung-Gymnasium<\/h5>\n<p>(73525 Schw\u00e4bisch-Gm\u00fcnd)<\/p>\n<p style=\"text-align: left;\"><b>Ubicaci\u00f3<\/b><span style=\"font-weight: 400;\">: ciutat mitjana.<\/span><\/p>\n<p style=\"text-align: left;\"><b>Nombre d\u2019alumnes<\/b><span style=\"font-weight: 400;\">: 820<\/span><\/p>\n<p style=\"text-align: left;\"><b>Especialitats<\/b><span style=\"font-weight: 400;\">: matem\u00e0tiques, inform\u00e0tica, f\u00edsica, llengua espanyola i educaci\u00f3 f\u00edsica.<\/span><\/p>\n<p style=\"text-align: left;\"><b>Intercanvi<\/b><span style=\"font-weight: 400;\">: 10-15 alumnes que cursen 2n o 3r any de llengua espanyola com a tercera llengua <\/span><span style=\"font-weight: 400;\">(aproximadament 15-16 anys).<\/span><\/p>\n<p style=\"text-align: left;\"><b> Centre educatiu a Catalunya: <\/b>m\u00e0xim 1 h en transport p\u00fablic des de Barcelona (preferiblement Sant Pere de Ribes o Sitges).<\/p>\n<\/td>\n<td style=\"width: 12.5%; text-align: center; vertical-align: top; height: 346px;\">\n<h5>Hohenstaufen-Gymnasium<\/h5>\n<p>(73033 G\u00f6ppingen)<\/p>\n<p style=\"text-align: left;\"><b>Ubicaci\u00f3<\/b><span style=\"font-weight: 400;\">: ciutat petita, a 45 min en cotxe i 1 h en tren (rodalies) de Stuttgart.\u00a0<\/span><\/p>\n<p style=\"text-align: left;\"><b>Nombre d\u2019alumnes<\/b><span style=\"font-weight: 400;\">: 500\u00a0<\/span><\/p>\n<p style=\"text-align: left;\"><b>Especialitats<\/b><span style=\"font-weight: 400;\">: lleng\u00fces (rus), ci\u00e8ncies naturals, tecnologia, inform\u00e0tica, classes biling\u00fces d&#8217;angl\u00e8s.<\/span><\/p>\n<p style=\"text-align: left;\"><b>Intercanvi<\/b><span style=\"font-weight: 400;\">: 10-20 alumnes que cursen 2n o\u00a0 3r any de llengua espanyola com a tercera llengua (aproximadament 16-17 anys).<\/span><\/p>\n<p><b>\u00a0<\/b><\/td>\n<td style=\"width: 11.9543%; text-align: center; vertical-align: top; height: 346px;\">\n<h5>Lise-Meitner-Gymnasium<\/h5>\n<p>(71686 Remseck)<\/p>\n<p style=\"text-align: left;\"><b>Ubicaci\u00f3<\/b><span style=\"font-weight: 400;\">: ciutat petita.<\/span><\/p>\n<p style=\"text-align: left;\"><b>Nombre d\u2019alumnes<\/b><span style=\"font-weight: 400;\">: 670<\/span><\/p>\n<p style=\"text-align: left;\"><b>Especialitats<\/b><span style=\"font-weight: 400;\">: classes biling\u00fces, tecnologia, ci\u00e8ncies naturals, llengua espanyola .<\/span><\/p>\n<p style=\"text-align: left;\"><b>Intercanvi<\/b><span style=\"font-weight: 400;\">: 15-20 alumnes que cursen el 3r any de llengua espanyola com a tercera llengua (aproximadament 16 anys).<\/span><\/p>\n<p style=\"text-align: left;\"><b>Centre educatiu a Catalunya:\u00a0<\/b> entre 2- 3 h de transport p\u00fablic des de Barcelona.<\/p>\n<\/td>\n<td style=\"width: 13.0457%; text-align: center; vertical-align: top; height: 346px;\">\n<h5>Ludwig-Uhland-Gymnasium<\/h5>\n<p>(73230 Kirchheim\/Teck)<\/p>\n<p style=\"text-align: left;\"><b>Ubicaci\u00f3<\/b><span style=\"font-weight: 400;\">: ciutat petita, a 50 min en tren (rodalies) de Stuttgart o 30 min en cotxe.<\/span><\/p>\n<p style=\"text-align: left;\"><b>Nombre d\u2019alumnes<\/b><span style=\"font-weight: 400;\">: 1.100\u00a0<\/span><\/p>\n<p style=\"text-align: left;\"><b>Especialitats<\/b><span style=\"font-weight: 400;\">: tecnologia, ci\u00e8ncies naturals, m\u00fasica, lleng\u00fces (itali\u00e0) i llengua espanyola.\u00a0<\/span><\/p>\n<p style=\"text-align: left;\"><b>Intercanvi<\/b><span style=\"font-weight: 400;\">: 20-25 alumnes que cursen el 2n any de llengua espanyola com a tercera llengua (aproximadament 15 anys).<\/span><\/p>\n<p style=\"text-align: left;\"><strong>Centre<\/strong><b> educatiu a Catalunya: <\/b>m\u00e0xim 1 h en transport p\u00fablic des de Barcelona.<\/p>\n<\/td>\n<\/tr>\n<tr style=\"height: 497px;\">\n<td style=\"width: 12.5%; height: 418px; vertical-align: top;\">\n<h5 style=\"text-align: center;\">Peutinger-Gymnasium<\/h5>\n<p style=\"text-align: center;\">(73479 Ellwangen)<\/p>\n<p><b>Ubicaci\u00f3<\/b><span style=\"font-weight: 400;\">: ciutat petita, a 1 h en transport p\u00fablic de Stuttgart o 1 h i 30 min en cotxe.<\/span><\/p>\n<p><b>Nombre d\u2019alumnes<\/b><span style=\"font-weight: 400;\">: 850\u00a0<\/span><\/p>\n<p><b>Especialitats<\/b><span style=\"font-weight: 400;\">: ci\u00e8ncies naturals, tecnologia, inform\u00e0tica i humanitats (grec cl\u00e0ssic).<\/span><\/p>\n<p><b>Intercanvi<\/b><span style=\"font-weight: 400;\">: 20 alumnes que cursen el 2n any de llengua espanyola com a tercera llengua (aproximadament 15 anys).<\/span><\/p>\n<p><b>Centre educatiu a Catalunya:\u00a0 <\/b>m\u00e0xim 1 h en transport p\u00fablic des de Barcelona.<\/td>\n<td style=\"width: 12.5%; height: 418px; vertical-align: top;\">\n<h5 style=\"text-align: center;\">Schickhardt-Gymnasium<\/h5>\n<p style=\"text-align: center;\">(71083 Herrenberg)<\/p>\n<p><b>Ubicaci\u00f3<\/b><span style=\"font-weight: 400;\">: ciutat petita, a 40 min en tren (rodalies) de Stuttgart.<\/span><\/p>\n<p><b>Nombre d\u2019alumnes<\/b><span style=\"font-weight: 400;\">: 1.000\u00a0<\/span><\/p>\n<p><b>Especialitats<\/b><span style=\"font-weight: 400;\">: ci\u00e8ncies naturals, tecnologia, inform\u00e0tica, llengua espanyola, matem\u00e0tiques i f\u00edsica.<\/span><\/p>\n<p><b>Intercanvi<\/b><span style=\"font-weight: 400;\">: 20-25 alumnes que cursen 2n o\u00a0 3r any de llengua espanyola com a tercera llengua (aproximadament 15-16 anys).<\/span><\/p>\n<p>&nbsp;<\/td>\n<td style=\"width: 11.9543%; height: 418px; vertical-align: top;\">\n<h5 style=\"text-align: center;\">Theodor-Heuss-Gymnasium<\/h5>\n<p style=\"text-align: center;\">(73430 Aalen)<\/p>\n<p><b>Ubicaci\u00f3<\/b><span style=\"font-weight: 400;\">: ciutat mitjana.<\/span><\/p>\n<p><b>Nombre d\u2019alumnes<\/b><span style=\"font-weight: 400;\">: 700<\/span><\/p>\n<p><b>Especialitats<\/b><span style=\"font-weight: 400;\">: ci\u00e8ncies naturals i llengua espanyola.<\/span><\/p>\n<p><b>Intercanvi<\/b><span style=\"font-weight: 400;\">: 25-35 alumnes que cursen 2n o 3r any de llengua espanyola com a tercera llengua (aproximadament 16-17anys).\u00a0<\/span><\/p>\n<p>&nbsp;<\/td>\n<td style=\"width: 13.0457%; height: 418px; vertical-align: top;\">\n<h5 style=\"text-align: center;\">St. Gertrudis Gymnasium<\/h5>\n<p style=\"text-align: center;\">(73479 Ellwangen)<\/p>\n<p><b>Ubicaci\u00f3<\/b><span style=\"font-weight: 400;\">: ciutat petita, a 1 h en tren (rodalies) i\u00a0 1 h i 30 min d&#8217;Stuttgart.<\/span><\/p>\n<p><b>Nombre d\u2019alumnes<\/b><span style=\"font-weight: 400;\">: &#8211;<\/span><\/p>\n<p><b>Especialitats<\/b><span style=\"font-weight: 400;\">: \u201cEl power de les noies\u201c.\u00a0<\/span><\/p>\n<p><b>Intercanvi<\/b><span style=\"font-weight: 400;\">: 25 alumnes (noies) que cursen el 3r any de llengua espanyola com a tercera llengua (aproximadament 15 anys).\u00a0<\/span><\/p>\n<p><b>Centre educatiu a Catalunya:\u00a0 <\/b>m\u00e0xim 2 h en transport p\u00fablic des de Barcelona.<\/p>\n<p><b>Observacions: <\/b>institut privat<\/td>\n<\/tr>\n<\/tbody>\n<\/table>\n<p>&nbsp;<\/p>\n","protected":false},"excerpt":{"rendered":"<p><a href=\"https:\/\/projectes.xtec.cat\/internacional\/wp-content\/uploads\/usu1767\/2023\/10\/Baden-Wurttemberg-2.jpg\"><\/a>Busques centre educatiu a Alemanya per fer un intercanvi escolar?<br \/>\nAqu\u00ed recollim les propostes de centres alemanys que busquen escoles catalanes per fer intercanvis.<br \/>\nSi t&#8217;interessa envia un correu electr\u00f2nic a erasmusplus@xtec.cat\u00a0amb la refer\u00e8ncia del centre educatiu de prefer\u00e8ncia.<br \/>\n&nbsp;<br \/>\n&nbsp;<\/p>\n<p>Albert-Schweitzer-Gymnasium<br \/>\n(74564 Crailsheim)<br \/>\nUbicaci\u00f3: ciutat petita, a 1 h i&hellip;  <a href=\"https:\/\/projectes.xtec.cat\/internacional\/que-es-coopera\/alemanya\/\" title=\"Read Alemanya\">Llegeix m\u00e9s\u00bb<\/a><\/p>\n","protected":false},"author":1,"featured_media":0,"parent":11962,"menu_order":0,"comment_status":"closed","ping_status":"closed","template":"page-templates\/side-menu.php","meta":{"_bbp_topic_count":0,"_bbp_reply_count":0,"_bbp_total_topic_count":0,"_bbp_total_reply_count":0,"_bbp_voice_count":0,"_bbp_anonymous_reply_count":0,"_bbp_topic_count_hidden":0,"_bbp_reply_count_hidden":0,"_bbp_forum_subforum_count":0,"footnotes":""},"class_list":["post-11949","page","type-page","status-publish","hentry"],"post_mailing_queue_ids":[],"_links":{"self":[{"href":"https:\/\/projectes.xtec.cat\/internacional\/wp-json\/wp\/v2\/pages\/11949","targetHints":{"allow":["GET"]}}],"collection":[{"href":"https:\/\/projectes.xtec.cat\/internacional\/wp-json\/wp\/v2\/pages"}],"about":[{"href":"https:\/\/projectes.xtec.cat\/internacional\/wp-json\/wp\/v2\/types\/page"}],"author":[{"embeddable":true,"href":"https:\/\/projectes.xtec.cat\/internacional\/wp-json\/wp\/v2\/users\/1"}],"replies":[{"embeddable":true,"href":"https:\/\/projectes.xtec.cat\/internacional\/wp-json\/wp\/v2\/comments?post=11949"}],"version-history":[{"count":6,"href":"https:\/\/projectes.xtec.cat\/internacional\/wp-json\/wp\/v2\/pages\/11949\/revisions"}],"predecessor-version":[{"id":15138,"href":"https:\/\/projectes.xtec.cat\/internacional\/wp-json\/wp\/v2\/pages\/11949\/revisions\/15138"}],"up":[{"embeddable":true,"href":"https:\/\/projectes.xtec.cat\/internacional\/wp-json\/wp\/v2\/pages\/11962"}],"wp:attachment":[{"href":"https:\/\/projectes.xtec.cat\/internacional\/wp-json\/wp\/v2\/media?parent=11949"}],"curies":[{"name":"wp","href":"https:\/\/api.w.org\/{rel}","templated":true}]}}