{"id":11952,"date":"2022-12-14T22:53:00","date_gmt":"2022-12-14T21:53:00","guid":{"rendered":"https:\/\/projectes.xtec.cat\/internacional\/?page_id=11952"},"modified":"2025-12-18T13:20:13","modified_gmt":"2025-12-18T12:20:13","slug":"franca","status":"publish","type":"page","link":"https:\/\/projectes.xtec.cat\/internacional\/que-es-coopera\/franca\/","title":{"rendered":"Fran\u00e7a"},"content":{"rendered":"<p><a href=\"https:\/\/projectes.xtec.cat\/internacional\/wp-content\/uploads\/usu1767\/2025\/12\/46.1-cooperaMarsella.png\"><img loading=\"lazy\" decoding=\"async\" class=\"wp-image-18435 alignleft\" src=\"https:\/\/projectes.xtec.cat\/internacional\/wp-content\/uploads\/usu1767\/2025\/12\/46.1-cooperaMarsella-1024x463.png\" alt=\"\" width=\"305\" height=\"138\" srcset=\"https:\/\/projectes.xtec.cat\/internacional\/wp-content\/uploads\/usu1767\/2025\/12\/46.1-cooperaMarsella-1024x463.png 1024w, https:\/\/projectes.xtec.cat\/internacional\/wp-content\/uploads\/usu1767\/2025\/12\/46.1-cooperaMarsella-300x136.png 300w, https:\/\/projectes.xtec.cat\/internacional\/wp-content\/uploads\/usu1767\/2025\/12\/46.1-cooperaMarsella-768x348.png 768w, https:\/\/projectes.xtec.cat\/internacional\/wp-content\/uploads\/usu1767\/2025\/12\/46.1-cooperaMarsella.png 1189w\" sizes=\"auto, (max-width: 305px) 100vw, 305px\" \/><\/a><\/p>\n<p>Busques centre educatiu a <strong>Fran\u00e7a<\/strong> per fer un <strong>intercanvi escolar<\/strong>?<br \/>\nAqu\u00ed recollim les propostes de centres francesos que busquen escoles catalanes per fer intercanvis.<br \/>\nSi t\u2019interessa envia un correu electr\u00f2nic a\u00a0<strong>erasmusplus@xtec.cat\u00a0<\/strong>amb la refer\u00e8ncia del centre educatiu de prefer\u00e8ncia.<\/p>\n<p>&nbsp;<\/p>\n<table style=\"border-collapse: collapse; width: 34.3793%; height: 483px;\">\n<tbody>\n<tr>\n<td style=\"width: 100%;\">\n<h4><span style=\"font-weight: 400;\">Coll\u00e8ge Vieux Port<\/span><\/h4>\n<p><b>Ubicaci\u00f3<\/b><span style=\"font-weight: 400;\">: Marsella (Fran\u00e7a)<\/span><\/p>\n<p><b>Nombre d\u2019alumnes<\/b><span style=\"font-weight: 400;\">: 24<\/span><\/p>\n<p><b>Especialitats<\/b><span style=\"font-weight: 400;\">:\u00a0<\/span><span style=\"font-weight: 400;\">Geografia (nivell 3r d&#8217;ESO)<\/span><\/p>\n<p><b>Proposta de mobilitat<\/b><span style=\"font-weight: 400;\">: mobilitat que t\u00e9 per objectiu sensibilitzar l&#8217;alumnat sobre la cultura mar\u00edtima des de diferents vessants (t\u00e8cnica, cultura i cient\u00edfica) El projecte preveu\u00a0activitats conjuntes entre l\u2019alumnat, tant a l\u2019aula com a l\u2019exterior, aix\u00ed com\u00a0intercanvis previs en l\u00ednia.<\/span><\/p>\n<p><b>Observacions<\/b><span style=\"font-weight: 400;\">: el centre busca un institut situat a Barcelona, ciutat escollida per la seva relaci\u00f3 amb el mar, el port i la riquesa cultural. El projecte tamb\u00e9 ofereix\u00a0la possibilitat de\u00a0reciprocitat amb una futura visita a Marsella.<\/span><\/td>\n<\/tr>\n<\/tbody>\n<\/table>\n","protected":false},"excerpt":{"rendered":"<p><a href=\"https:\/\/projectes.xtec.cat\/internacional\/wp-content\/uploads\/usu1767\/2025\/12\/46.1-cooperaMarsella.png\"><\/a><br \/>\nBusques centre educatiu a Fran\u00e7a per fer un intercanvi escolar?<br \/>\nAqu\u00ed recollim les propostes de centres francesos que busquen escoles catalanes per fer intercanvis.<br \/>\nSi t\u2019interessa envia un correu electr\u00f2nic a\u00a0erasmusplus@xtec.cat\u00a0amb la refer\u00e8ncia del centre educatiu de prefer\u00e8ncia.<br \/>\n&nbsp;<\/p>\n<p>Coll\u00e8ge Vieux Port<br \/>\nUbicaci\u00f3: Marsella (Fran\u00e7a)<br \/>\nNombre d\u2019alumnes: 24<br \/>\nEspecialitats:\u00a0Geografia (nivell 3r&hellip;  <a href=\"https:\/\/projectes.xtec.cat\/internacional\/que-es-coopera\/franca\/\" title=\"Read Fran\u00e7a\">Llegeix m\u00e9s\u00bb<\/a><\/p>\n","protected":false},"author":1,"featured_media":0,"parent":11962,"menu_order":3,"comment_status":"closed","ping_status":"closed","template":"page-templates\/side-menu.php","meta":{"_bbp_topic_count":0,"_bbp_reply_count":0,"_bbp_total_topic_count":0,"_bbp_total_reply_count":0,"_bbp_voice_count":0,"_bbp_anonymous_reply_count":0,"_bbp_topic_count_hidden":0,"_bbp_reply_count_hidden":0,"_bbp_forum_subforum_count":0,"footnotes":""},"class_list":["post-11952","page","type-page","status-publish","hentry"],"post_mailing_queue_ids":[],"_links":{"self":[{"href":"https:\/\/projectes.xtec.cat\/internacional\/wp-json\/wp\/v2\/pages\/11952","targetHints":{"allow":["GET"]}}],"collection":[{"href":"https:\/\/projectes.xtec.cat\/internacional\/wp-json\/wp\/v2\/pages"}],"about":[{"href":"https:\/\/projectes.xtec.cat\/internacional\/wp-json\/wp\/v2\/types\/page"}],"author":[{"embeddable":true,"href":"https:\/\/projectes.xtec.cat\/internacional\/wp-json\/wp\/v2\/users\/1"}],"replies":[{"embeddable":true,"href":"https:\/\/projectes.xtec.cat\/internacional\/wp-json\/wp\/v2\/comments?post=11952"}],"version-history":[{"count":6,"href":"https:\/\/projectes.xtec.cat\/internacional\/wp-json\/wp\/v2\/pages\/11952\/revisions"}],"predecessor-version":[{"id":18439,"href":"https:\/\/projectes.xtec.cat\/internacional\/wp-json\/wp\/v2\/pages\/11952\/revisions\/18439"}],"up":[{"embeddable":true,"href":"https:\/\/projectes.xtec.cat\/internacional\/wp-json\/wp\/v2\/pages\/11962"}],"wp:attachment":[{"href":"https:\/\/projectes.xtec.cat\/internacional\/wp-json\/wp\/v2\/media?parent=11952"}],"curies":[{"name":"wp","href":"https:\/\/api.w.org\/{rel}","templated":true}]}}