{"id":11962,"date":"2022-12-14T22:56:24","date_gmt":"2022-12-14T21:56:24","guid":{"rendered":"https:\/\/projectes.xtec.cat\/internacional\/?page_id=11962"},"modified":"2025-12-18T12:48:47","modified_gmt":"2025-12-18T11:48:47","slug":"que-es-coopera","status":"publish","type":"page","link":"https:\/\/projectes.xtec.cat\/internacional\/que-es-coopera\/","title":{"rendered":"Qu\u00e8 \u00e9s COOPERA?"},"content":{"rendered":"<p>COOPERA \u00e9s la secci\u00f3 de la nostra web on recollim les ofertes que ens arriben de centres educatius i institucions europeus per realitzar intercanvis o altres tipus de mobilitats. Tamb\u00e9 es presenten altres accions que proposen entitats diverses per afavorir o facilitar les mobilitats tant de centres com individuals, dins o fora dels projectes europeus.<\/p>\n<p>Amb COOPERA volem promoure la col\u00b7laboraci\u00f3 entre centres educatius catalans i europeus, facilitar la recerca de socis, compartir contactes i fomentar les sin\u00e8rgies entre els diferents agents que participen en les accions de mobilitat.<\/p>\n<p><strong>COOPERA est\u00e0 en construcci\u00f3 permanent<\/strong> i per aix\u00f2 us suggerim que la consulteu sovint.<\/p>\n<p>&nbsp;<\/p>\n","protected":false},"excerpt":{"rendered":"<p>COOPERA \u00e9s la secci\u00f3 de la nostra web on recollim les ofertes que ens arriben de centres educatius i institucions europeus per realitzar intercanvis o altres tipus de mobilitats. Tamb\u00e9 es presenten altres accions que proposen entitats diverses per afavorir o facilitar les mobilitats tant&hellip;  <a href=\"https:\/\/projectes.xtec.cat\/internacional\/que-es-coopera\/\" title=\"Read Qu\u00e8 \u00e9s COOPERA?\">Llegeix m\u00e9s\u00bb<\/a><\/p>\n","protected":false},"author":1,"featured_media":0,"parent":0,"menu_order":0,"comment_status":"closed","ping_status":"closed","template":"page-templates\/side-menu.php","meta":{"_bbp_topic_count":0,"_bbp_reply_count":0,"_bbp_total_topic_count":0,"_bbp_total_reply_count":0,"_bbp_voice_count":0,"_bbp_anonymous_reply_count":0,"_bbp_topic_count_hidden":0,"_bbp_reply_count_hidden":0,"_bbp_forum_subforum_count":0,"footnotes":""},"class_list":["post-11962","page","type-page","status-publish","hentry"],"post_mailing_queue_ids":[],"_links":{"self":[{"href":"https:\/\/projectes.xtec.cat\/internacional\/wp-json\/wp\/v2\/pages\/11962","targetHints":{"allow":["GET"]}}],"collection":[{"href":"https:\/\/projectes.xtec.cat\/internacional\/wp-json\/wp\/v2\/pages"}],"about":[{"href":"https:\/\/projectes.xtec.cat\/internacional\/wp-json\/wp\/v2\/types\/page"}],"author":[{"embeddable":true,"href":"https:\/\/projectes.xtec.cat\/internacional\/wp-json\/wp\/v2\/users\/1"}],"replies":[{"embeddable":true,"href":"https:\/\/projectes.xtec.cat\/internacional\/wp-json\/wp\/v2\/comments?post=11962"}],"version-history":[{"count":6,"href":"https:\/\/projectes.xtec.cat\/internacional\/wp-json\/wp\/v2\/pages\/11962\/revisions"}],"predecessor-version":[{"id":18428,"href":"https:\/\/projectes.xtec.cat\/internacional\/wp-json\/wp\/v2\/pages\/11962\/revisions\/18428"}],"wp:attachment":[{"href":"https:\/\/projectes.xtec.cat\/internacional\/wp-json\/wp\/v2\/media?parent=11962"}],"curies":[{"name":"wp","href":"https:\/\/api.w.org\/{rel}","templated":true}]}}