{"id":12957,"date":"2023-11-30T11:05:23","date_gmt":"2023-11-30T10:05:23","guid":{"rendered":"https:\/\/projectes.xtec.cat\/internacional\/?page_id=12957"},"modified":"2023-11-30T12:55:13","modified_gmt":"2023-11-30T11:55:13","slug":"sessio-27-setembre-2022","status":"publish","type":"page","link":"https:\/\/projectes.xtec.cat\/internacional\/sessio-27-setembre-2022\/","title":{"rendered":"Sessi\u00f3 27 SETEMBRE 2022"},"content":{"rendered":"<p><img loading=\"lazy\" decoding=\"async\" class=\"aligncenter\" src=\"https:\/\/projectes.xtec.cat\/internacional\/wp-content\/uploads\/usu1767\/2022\/10\/Internacionalitzacio.png\" width=\"428\" height=\"254\" \/><\/p>\n<ul>\n<li><a href=\"https:\/\/projectes.xtec.cat\/internacional\/wp-content\/uploads\/usu1767\/2022\/10\/DEF_-Sessio-de-difusio-Erasmus-27_set_22_pptx.pdf\">Presentaci\u00f3 sessi\u00f3 de difusi\u00f3 Erasmus + 2021-2027<\/a><\/li>\n<li><a href=\"https:\/\/drive.google.com\/file\/d\/1QPELXkwrYECSPJphUa8AFORS2dGEdh6w\/view?usp=sharing\">Enregistrament sessi\u00f3 de difusi\u00f3 Erasmus + 2021-2027<\/a><\/li>\n<\/ul>\n<p>Presentacions<strong>\u00a0d\u2019experi\u00e8ncies Erasmus +<\/strong>\u00a0dels centres educatius:<\/p>\n<table style=\"border-collapse: collapse; width: 100%; height: 335px;\">\n<tbody>\n<tr style=\"height: 32px;\">\n<td style=\"width: 25%; height: 32px;\"><strong>Catalunya Central<\/strong><\/p>\n<p><a href=\"https:\/\/docs.google.com\/presentation\/d\/e\/2PACX-1vQB-T_K29AuCLPZa-Xc15S0EwJbm_lyFqcnQHd4Bhr9szkRhcv65apRWdi7xxfibr2FtJkyyikUE3Gc\/pub?start=true&amp;loop=false&amp;delayms=3000&amp;slide=id.p4\">La Figura de l\u2019APE (Assessor\/a Programes Europeus)<\/a><\/td>\n<td style=\"width: 25%; height: 32px;\"><a href=\"https:\/\/projectes.xtec.cat\/internacional\/wp-content\/uploads\/usu1767\/2022\/10\/Erasmus-al-collegi-Sant-Josep.pdf\">Col\u00b7legi Sant Josep de Nav\u00e0s<\/a><\/td>\n<td style=\"width: 25%; height: 32px;\"><a href=\"https:\/\/view.genial.ly\/6331fd6622695b001900712e\/interactive-content-erasmus-ins-alexandre-de-riquer\">Institut Alexandre de Riquer de Calaf\u00a0<\/a><\/td>\n<\/tr>\n<tr style=\"height: 47px;\">\n<td style=\"width: 25%; height: 47px;\"><strong>Consorci d\u2019Educaci\u00f3 de Barcelona<\/strong><\/td>\n<td style=\"width: 25%;\"><a href=\"https:\/\/sites.google.com\/cfabonpastor.cat\/erasmus-plus\/acreditaci%C3%B3-2021-27?authuser=0\">CFA Bon Pastor<\/a><\/td>\n<td style=\"width: 25%;\"><a href=\"https:\/\/www.youtube.com\/watch?v=jdqwoF36-Vk\">INS Pau Claris<\/a><\/td>\n<\/tr>\n<tr style=\"height: 32px;\">\n<td style=\"width: 25%; height: 32px;\"><strong>Baix Llobregat<\/strong><\/td>\n<td style=\"width: 25%;\"><a href=\"https:\/\/drive.google.com\/drive\/u\/0\/folders\/1fAN4oNTVRcESxZSUFT0_c8tmSwXNTuV7\">INS Francesc Maci\u00e0<\/a><\/td>\n<td style=\"width: 25%;\"><a href=\"https:\/\/docs.google.com\/presentation\/d\/1YVON1mvOKDRbRV0JVpSSntgwstux_a6N\/edit#slide=id.p1\">INS El Cairat<\/a><\/td>\n<\/tr>\n<tr style=\"height: 32px;\">\n<td style=\"width: 25%; height: 32px;\"><strong>Barcelona Comarques<\/strong><\/p>\n<p><a href=\"https:\/\/drive.google.com\/file\/d\/1BcYDop2viWl0LzgplPcpzIhR6l9k4xgZ\/view?usp=sharing\">Sessi\u00f3 de difusi\u00f3 2a part-connexi\u00f3 territorial Barcelona Comarques<\/a><\/td>\n<td style=\"width: 25%;\"><a href=\"https:\/\/projectes.xtec.cat\/internacional\/wp-content\/uploads\/usu1767\/2022\/10\/INS-Sant-Pere-de-Ribes.pdf\">INS Sant Pere de Ribes<\/a><\/td>\n<td style=\"width: 25%;\"><a href=\"https:\/\/projectes.xtec.cat\/internacional\/wp-content\/uploads\/usu1767\/2022\/10\/CFACataloniaLHospitaletErasmusPlus.ppt.pdf\">CFA Catal\u00f2nia<\/a><\/td>\n<\/tr>\n<tr style=\"height: 32px;\">\n<td style=\"width: 25%; height: 32px;\"><strong>Girona<\/strong><\/td>\n<td style=\"width: 25%;\">ESC Pia Olot<\/td>\n<td style=\"width: 25%;\">INS Narc\u00eds Xifra i Masmitj\u00e0<\/td>\n<\/tr>\n<tr style=\"height: 32px;\">\n<td style=\"width: 25%; height: 32px;\"><strong>Lleida<\/strong><\/td>\n<td style=\"width: 25%;\"><a href=\"https:\/\/projectes.xtec.cat\/internacional\/wp-content\/uploads\/usu1767\/2022\/10\/20220927_Presentacio-EOI-Lleida.pdf\">EOI Lleida<\/a><\/p>\n<p><a href=\"https:\/\/projectes.xtec.cat\/internacional\/wp-content\/uploads\/usu1767\/2022\/10\/20220927_Presentacio-ESC-Paisos-Catalans.pdf\">Escola Pa\u00efsos Catalans<\/a><\/td>\n<td style=\"width: 25%;\"><a href=\"https:\/\/projectes.xtec.cat\/internacional\/wp-content\/uploads\/usu1767\/2022\/10\/20220927_Presentacio-INS-Torrevicens.pdf\">INS Torre Vicens\u00a0<\/a><\/td>\n<\/tr>\n<tr style=\"height: 32px;\">\n<td style=\"width: 25%; height: 32px;\"><strong>Maresme- Vall\u00e8s Oriental<\/strong><\/td>\n<td style=\"width: 25%;\"><a href=\"https:\/\/projectes.xtec.cat\/internacional\/wp-content\/uploads\/usu1767\/2022\/10\/Erasmus-Presentacio-IE-Miquel-Marti-i-Pol.pdf\">Institut Escola Miquel Mart\u00ed i Pol<\/a><\/p>\n<p><a href=\"https:\/\/view.genial.ly\/63330c21b6efae0011dc2e38\/presentation-erasmus-270922\">Institut Escola Santa Anna<\/a><\/td>\n<td style=\"width: 25%;\"><a href=\"https:\/\/view.genial.ly\/632db3666c682000189bd283\/presentation-presentacion-formacions-erasmus\">INS El Vern<\/a><\/p>\n<p>&nbsp;<\/td>\n<\/tr>\n<tr style=\"height: 32px;\">\n<td style=\"width: 25%; height: 32px;\"><strong>Tarragona<\/strong><\/td>\n<td style=\"width: 25%;\"><a href=\"https:\/\/projectes.xtec.cat\/internacional\/wp-content\/uploads\/usu1767\/2022\/11\/JORNADA-ERASMUS-ESC-Sant-Bernat-Calvo-1.pdf\">Escola Sant Bernat Calv\u00f3<\/a><\/td>\n<td style=\"width: 25%;\"><a href=\"https:\/\/projectes.xtec.cat\/internacional\/wp-content\/uploads\/usu1767\/2022\/11\/JORNADA-ERASMUS-ESC-Sant-Bernat-Calvo-1.pdf\">Institut Pons d\u2019Icart<\/a><\/td>\n<\/tr>\n<tr style=\"height: 32px;\">\n<td style=\"width: 25%; height: 32px;\"><strong>Terres de l\u2019Ebre<\/strong><\/p>\n<p><a href=\"https:\/\/projectes.xtec.cat\/internacional\/wp-content\/uploads\/usu1767\/2022\/10\/Cloenda-amb-Florenci-Sales-Vilalta-Assessor-de-Projectes-Europeus-TEB-1.pdf\">Erasmus a les Terres de l\u2019Ebre<\/a><\/td>\n<td style=\"width: 25%; height: 32px;\"><a href=\"https:\/\/view.genial.ly\/63298cdb49c1d80018550a43\/presentation-snoezelencloret\">Escola Enric Grau Fontser\u00e9<\/a><\/td>\n<td style=\"width: 25%; height: 32px;\"><a href=\"https:\/\/projectes.xtec.cat\/internacional\/wp-content\/uploads\/usu1767\/2022\/10\/UN-COP-TENIM-LACREDITACIO_-KA121-SCH-1.pdf\">Institut La S\u00e8nia<\/a><\/td>\n<\/tr>\n<tr style=\"height: 32px;\">\n<td style=\"width: 25%; height: 32px;\"><strong>Vall\u00e8s Occidental<\/strong><\/td>\n<td style=\"width: 25%;\"><a href=\"https:\/\/projectes.xtec.cat\/internacional\/wp-content\/uploads\/usu1767\/2022\/10\/ErasmusJobShadowing.pdf\">INS Montserrat Roig<\/a><\/td>\n<td style=\"width: 25%;\"><a href=\"https:\/\/projectes.xtec.cat\/internacional\/wp-content\/uploads\/usu1767\/2022\/10\/ErasmusEurobot.pdf\">Institut Ban\u00fas<\/a><\/td>\n<\/tr>\n<\/tbody>\n<\/table>\n","protected":false},"excerpt":{"rendered":"<ul>\n<li><a href=\"https:\/\/projectes.xtec.cat\/internacional\/wp-content\/uploads\/usu1767\/2022\/10\/DEF_-Sessio-de-difusio-Erasmus-27_set_22_pptx.pdf\">Presentaci\u00f3 sessi\u00f3 de difusi\u00f3 Erasmus + 2021-2027<\/a><\/li>\n<li><a href=\"https:\/\/drive.google.com\/file\/d\/1QPELXkwrYECSPJphUa8AFORS2dGEdh6w\/view?usp=sharing\">Enregistrament sessi\u00f3 de difusi\u00f3 Erasmus + 2021-2027<\/a><\/li>\n<\/ul>\n<p>Presentacions\u00a0d\u2019experi\u00e8ncies Erasmus +\u00a0dels centres educatius:<\/p>\n<p>Catalunya Central<br \/>\n<a href=\"https:\/\/docs.google.com\/presentation\/d\/e\/2PACX-1vQB-T_K29AuCLPZa-Xc15S0EwJbm_lyFqcnQHd4Bhr9szkRhcv65apRWdi7xxfibr2FtJkyyikUE3Gc\/pub?start=true&amp;loop=false&amp;delayms=3000&amp;slide=id.p4\">La Figura de l\u2019APE (Assessor\/a Programes Europeus)<\/a><br \/>\n<a href=\"https:\/\/projectes.xtec.cat\/internacional\/wp-content\/uploads\/usu1767\/2022\/10\/Erasmus-al-collegi-Sant-Josep.pdf\">Col\u00b7legi Sant Josep de Nav\u00e0s<\/a><br \/>\n<a href=\"https:\/\/view.genial.ly\/6331fd6622695b001900712e\/interactive-content-erasmus-ins-alexandre-de-riquer\">Institut Alexandre de Riquer de Calaf\u00a0<\/a><\/p>\n<p>Consorci d\u2019Educaci\u00f3 de Barcelona<br \/>\n<a href=\"https:\/\/sites.google.com\/cfabonpastor.cat\/erasmus-plus\/acreditaci%C3%B3-2021-27?authuser=0\">CFA Bon Pastor<\/a><br \/>\n<a href=\"https:\/\/www.youtube.com\/watch?v=jdqwoF36-Vk\">INS&hellip;  <a href=\"https:\/\/projectes.xtec.cat\/internacional\/sessio-27-setembre-2022\/\" title=\"Read Sessi\u00f3 27 SETEMBRE 2022\">Llegeix m\u00e9s\u00bb<\/a><\/p>\n","protected":false},"author":318,"featured_media":0,"parent":0,"menu_order":0,"comment_status":"closed","ping_status":"closed","template":"","meta":{"_bbp_topic_count":0,"_bbp_reply_count":0,"_bbp_total_topic_count":0,"_bbp_total_reply_count":0,"_bbp_voice_count":0,"_bbp_anonymous_reply_count":0,"_bbp_topic_count_hidden":0,"_bbp_reply_count_hidden":0,"_bbp_forum_subforum_count":0,"footnotes":""},"class_list":["post-12957","page","type-page","status-publish","hentry"],"post_mailing_queue_ids":[],"_links":{"self":[{"href":"https:\/\/projectes.xtec.cat\/internacional\/wp-json\/wp\/v2\/pages\/12957","targetHints":{"allow":["GET"]}}],"collection":[{"href":"https:\/\/projectes.xtec.cat\/internacional\/wp-json\/wp\/v2\/pages"}],"about":[{"href":"https:\/\/projectes.xtec.cat\/internacional\/wp-json\/wp\/v2\/types\/page"}],"author":[{"embeddable":true,"href":"https:\/\/projectes.xtec.cat\/internacional\/wp-json\/wp\/v2\/users\/318"}],"replies":[{"embeddable":true,"href":"https:\/\/projectes.xtec.cat\/internacional\/wp-json\/wp\/v2\/comments?post=12957"}],"version-history":[{"count":3,"href":"https:\/\/projectes.xtec.cat\/internacional\/wp-json\/wp\/v2\/pages\/12957\/revisions"}],"predecessor-version":[{"id":12972,"href":"https:\/\/projectes.xtec.cat\/internacional\/wp-json\/wp\/v2\/pages\/12957\/revisions\/12972"}],"wp:attachment":[{"href":"https:\/\/projectes.xtec.cat\/internacional\/wp-json\/wp\/v2\/media?parent=12957"}],"curies":[{"name":"wp","href":"https:\/\/api.w.org\/{rel}","templated":true}]}}