{"id":12961,"date":"2023-11-30T11:51:04","date_gmt":"2023-11-30T10:51:04","guid":{"rendered":"https:\/\/projectes.xtec.cat\/internacional\/?page_id=12961"},"modified":"2023-11-30T12:52:31","modified_gmt":"2023-11-30T11:52:31","slug":"sessio-18-abril-2023","status":"publish","type":"page","link":"https:\/\/projectes.xtec.cat\/internacional\/sessio-18-abril-2023\/","title":{"rendered":"Sessi\u00f3 18 ABRIL 2023"},"content":{"rendered":"<p>&nbsp;<\/p>\n<p><img loading=\"lazy\" decoding=\"async\" class=\"aligncenter\" src=\"https:\/\/projectes.xtec.cat\/internacional\/wp-content\/uploads\/usu1767\/2023\/05\/Annotation-2023-05-02-125604.jpg\" width=\"502\" height=\"309\" \/><\/p>\n<ul>\n<li><a href=\"https:\/\/drive.google.com\/file\/d\/1A3f5Veay9LzwfvXzvEoyHz-cQy7FR9dO\/view?usp=sharing\">Presentaci\u00f3 sessi\u00f3 de difusi\u00f3 Erasmus + 2021-2027<\/a><\/li>\n<li><a href=\"https:\/\/www.youtube.com\/watch?v=63gl6_bggdg\">Enregistrament sessi\u00f3 de difusi\u00f3 Erasmus + 2021-2027<\/a><\/li>\n<\/ul>\n<p>Presentacions<strong>\u00a0d\u2019experi\u00e8ncies Erasmus +<\/strong>\u00a0dels centres educatius:<\/p>\n<table style=\"border-collapse: collapse; width: 100%;\">\n<tbody>\n<tr>\n<td style=\"width: 33.2432%;\"><strong>Baix Llobregat<\/strong><\/td>\n<td style=\"width: 33.3784%;\"><a href=\"https:\/\/projectes.xtec.cat\/internacional\/wp-content\/uploads\/usu1767\/2023\/05\/Acreditacio-Marti-i-Pol-23.pdf\">INS Miquel Mart\u00ed i Pol<\/a><\/td>\n<td style=\"width: 33.3784%;\"><a href=\"https:\/\/projectes.xtec.cat\/internacional\/wp-content\/uploads\/usu1767\/2023\/05\/Erasmus_INS-El-Palau-1-1.pdf\">INS El Palau<\/a><\/p>\n<p><a href=\"https:\/\/projectes.xtec.cat\/internacional\/wp-content\/uploads\/usu1767\/2023\/05\/PPT-1-Jornada-de-Difusio-Erasmus-2023-KA120-BARRUFET-.pdf\">ESC Barrufet<\/a><\/td>\n<\/tr>\n<tr>\n<td style=\"width: 33.2432%;\"><strong>Barcelona Comarques<\/strong><\/td>\n<td style=\"width: 33.3784%;\"><a href=\"https:\/\/drive.google.com\/drive\/folders\/1CMdvLS5SeAdNrt4hohKtJNoGbctIV1qc\">IE Llibertat<\/a><\/td>\n<td style=\"width: 33.3784%;\"><a href=\"https:\/\/docs.google.com\/presentation\/d\/1MqwJG23IgQZHcoHPsLWpV1XtjslMozMn8WlKO5UljcI\/edit#slide=id.p\">INS Cubelles<\/a><\/td>\n<\/tr>\n<tr>\n<td style=\"width: 33.2432%;\"><strong>Catalunya Central<\/strong><\/td>\n<td style=\"width: 33.3784%;\"><a href=\"https:\/\/view.genial.ly\/6323083bb1ca27001174366b\/interactive-content-jornada-difusio-erasmus-18-abril-2023\">INS Jaume Call\u00eds<\/a><\/td>\n<td style=\"width: 33.3784%;\"><a href=\"https:\/\/view.genial.ly\/6323083bb1ca27001174366b\/interactive-content-jornada-difusio-erasmus-18-abril-2023\">INS Castellet<\/a><\/p>\n<p><a href=\"https:\/\/view.genial.ly\/6323083bb1ca27001174366b\/interactive-content-jornada-difusio-erasmus-18-abril-2023\">INS Pius Font i Quer<\/a><\/td>\n<\/tr>\n<tr>\n<td style=\"width: 33.2432%;\"><strong>Consorci d\u2019Educaci\u00f3 de Barcelona<\/strong><\/td>\n<td style=\"width: 33.3784%;\"><a href=\"https:\/\/projectes.xtec.cat\/internacional\/wp-content\/uploads\/usu1767\/2023\/06\/Presentacio-Ins-Quatre-Cantons.pptx.pdf\">INS Quatre Cantons<\/a><\/td>\n<td style=\"width: 33.3784%;\">EOI Sant Gervasi<\/td>\n<\/tr>\n<tr>\n<td style=\"width: 33.2432%;\"><strong>Girona<\/strong><\/td>\n<td style=\"width: 33.3784%;\"><a href=\"https:\/\/drive.google.com\/drive\/folders\/1NUsyOyuT3jJtTySQ7QRr03pmBPEdzjUH\">INS Narc\u00eds Xifra i Masmitj\u00e0<\/a><\/td>\n<td style=\"width: 33.3784%;\"><a href=\"https:\/\/drive.google.com\/drive\/folders\/1NUsyOyuT3jJtTySQ7QRr03pmBPEdzjUH\">Escola Domeny<\/a><\/td>\n<\/tr>\n<tr>\n<td style=\"width: 33.2432%;\"><strong>Lleida<\/strong><\/td>\n<td style=\"width: 33.3784%;\"><a href=\"https:\/\/drive.google.com\/file\/d\/1dxTozzHoD5lf03RRxqbsYaoKQUPaqYiL\/view?usp=sharing\">EOI Lleida<\/a><\/p>\n<p><a href=\"https:\/\/drive.google.com\/file\/d\/1p6TZjOefASiJD0Ur2meCu0KjEhfr1o2I\/view?usp=sharing\">INS Joan Sol\u00e0<\/a><\/td>\n<td style=\"width: 33.3784%;\"><a href=\"https:\/\/view.genial.ly\/6436b90f8029c2001121dbf2\/interactive-content-acreditacio-erasmus-angel-serafi-casanovas\">ESC \u00c0ngel Seraf\u00ed<\/a><\/p>\n<p><a href=\"https:\/\/drive.google.com\/file\/d\/1QCCB8jcgaKp7L9LyK4nUyOpROakg7tnH\/view?usp=sharing\">Col.legi Sant Jaume-Les Heures<\/a><\/td>\n<\/tr>\n<tr>\n<td style=\"width: 33.2432%;\"><strong>Maresme-Vall\u00e8s Oriental<\/strong><\/td>\n<td style=\"width: 33.3784%;\"><a href=\"https:\/\/drive.google.com\/drive\/folders\/1zNJh-67DRrN1HPBdp-I_AO2wAUTXthYN\">ESC Joan Sanpera i Torras<\/a><\/td>\n<td style=\"width: 33.3784%;\"><a href=\"https:\/\/drive.google.com\/drive\/folders\/1zNJh-67DRrN1HPBdp-I_AO2wAUTXthYN\">INS Pineda de Mar<\/a><\/td>\n<\/tr>\n<tr>\n<td style=\"width: 33.2432%;\"><strong>Tarragona<\/strong><\/td>\n<td style=\"width: 33.3784%;\"><a href=\"https:\/\/projectes.xtec.cat\/internacional\/wp-content\/uploads\/usu1767\/2023\/05\/ESC-Mestral.pdf\">ESC Mestral<\/a><\/td>\n<td style=\"width: 33.3784%;\"><a href=\"https:\/\/projectes.xtec.cat\/internacional\/wp-content\/uploads\/usu1767\/2023\/05\/Presentacio_IE-Pi-del-Burgar_Reus.pdf\">IE Pi del Burgar<\/a><\/td>\n<\/tr>\n<tr>\n<td style=\"width: 33.2432%;\"><strong>Terres de l\u2019Ebre<\/strong><\/td>\n<td style=\"width: 33.3784%;\"><a href=\"https:\/\/view.genial.ly\/643830d6a90e5a00109d8275\/presentation-lexperiencia-erasmus-ka120-a-linstitut-de-camarles\">INS de Camarles<\/a><\/td>\n<td style=\"width: 33.3784%;\"><a href=\"https:\/\/projectes.xtec.cat\/internacional\/wp-content\/uploads\/usu1767\/2023\/05\/institut_Les_Planes_Santa-Barbara.pptx.pdf\">INS Les Planes<\/a><\/td>\n<\/tr>\n<tr>\n<td style=\"width: 33.2432%;\"><strong>Vall\u00e8s Occidental<\/strong><\/td>\n<td style=\"width: 33.3784%;\">INS Terrassa<\/p>\n<p>INS Sabadell<\/td>\n<td style=\"width: 33.3784%;\">IE Sant Esteve<\/td>\n<\/tr>\n<\/tbody>\n<\/table>\n","protected":false},"excerpt":{"rendered":"<p>&nbsp;<\/p>\n<ul>\n<li><a href=\"https:\/\/drive.google.com\/file\/d\/1A3f5Veay9LzwfvXzvEoyHz-cQy7FR9dO\/view?usp=sharing\">Presentaci\u00f3 sessi\u00f3 de difusi\u00f3 Erasmus + 2021-2027<\/a><\/li>\n<li><a href=\"https:\/\/www.youtube.com\/watch?v=63gl6_bggdg\">Enregistrament sessi\u00f3 de difusi\u00f3 Erasmus + 2021-2027<\/a><\/li>\n<\/ul>\n<p>Presentacions\u00a0d\u2019experi\u00e8ncies Erasmus +\u00a0dels centres educatius:<\/p>\n<p>Baix Llobregat<br \/>\n<a href=\"https:\/\/projectes.xtec.cat\/internacional\/wp-content\/uploads\/usu1767\/2023\/05\/Acreditacio-Marti-i-Pol-23.pdf\">INS Miquel Mart\u00ed i Pol<\/a><br \/>\n<a href=\"https:\/\/projectes.xtec.cat\/internacional\/wp-content\/uploads\/usu1767\/2023\/05\/Erasmus_INS-El-Palau-1-1.pdf\">INS El Palau<\/a><br \/>\n<a href=\"https:\/\/projectes.xtec.cat\/internacional\/wp-content\/uploads\/usu1767\/2023\/05\/PPT-1-Jornada-de-Difusio-Erasmus-2023-KA120-BARRUFET-.pdf\">ESC Barrufet<\/a><\/p>\n<p>Barcelona Comarques<br \/>\n<a href=\"https:\/\/drive.google.com\/drive\/folders\/1CMdvLS5SeAdNrt4hohKtJNoGbctIV1qc\">IE Llibertat<\/a><br \/>\n<a href=\"https:\/\/docs.google.com\/presentation\/d\/1MqwJG23IgQZHcoHPsLWpV1XtjslMozMn8WlKO5UljcI\/edit#slide=id.p\">INS Cubelles<\/a><\/p>\n<p>Catalunya Central<br \/>\n<a href=\"https:\/\/view.genial.ly\/6323083bb1ca27001174366b\/interactive-content-jornada-difusio-erasmus-18-abril-2023\">INS Jaume Call\u00eds<\/a><br \/>\n<a href=\"https:\/\/view.genial.ly\/6323083bb1ca27001174366b\/interactive-content-jornada-difusio-erasmus-18-abril-2023\">INS Castellet<\/a><br \/>\n<a href=\"https:\/\/view.genial.ly\/6323083bb1ca27001174366b\/interactive-content-jornada-difusio-erasmus-18-abril-2023\">INS Pius Font i&hellip;  <a href=\"https:\/\/projectes.xtec.cat\/internacional\/sessio-18-abril-2023\/\" title=\"Read Sessi\u00f3 18 ABRIL 2023\">Llegeix m\u00e9s\u00bb<\/a><\/p>\n","protected":false},"author":318,"featured_media":0,"parent":0,"menu_order":0,"comment_status":"closed","ping_status":"closed","template":"","meta":{"_bbp_topic_count":0,"_bbp_reply_count":0,"_bbp_total_topic_count":0,"_bbp_total_reply_count":0,"_bbp_voice_count":0,"_bbp_anonymous_reply_count":0,"_bbp_topic_count_hidden":0,"_bbp_reply_count_hidden":0,"_bbp_forum_subforum_count":0,"footnotes":""},"class_list":["post-12961","page","type-page","status-publish","hentry"],"post_mailing_queue_ids":[],"_links":{"self":[{"href":"https:\/\/projectes.xtec.cat\/internacional\/wp-json\/wp\/v2\/pages\/12961","targetHints":{"allow":["GET"]}}],"collection":[{"href":"https:\/\/projectes.xtec.cat\/internacional\/wp-json\/wp\/v2\/pages"}],"about":[{"href":"https:\/\/projectes.xtec.cat\/internacional\/wp-json\/wp\/v2\/types\/page"}],"author":[{"embeddable":true,"href":"https:\/\/projectes.xtec.cat\/internacional\/wp-json\/wp\/v2\/users\/318"}],"replies":[{"embeddable":true,"href":"https:\/\/projectes.xtec.cat\/internacional\/wp-json\/wp\/v2\/comments?post=12961"}],"version-history":[{"count":2,"href":"https:\/\/projectes.xtec.cat\/internacional\/wp-json\/wp\/v2\/pages\/12961\/revisions"}],"predecessor-version":[{"id":12971,"href":"https:\/\/projectes.xtec.cat\/internacional\/wp-json\/wp\/v2\/pages\/12961\/revisions\/12971"}],"wp:attachment":[{"href":"https:\/\/projectes.xtec.cat\/internacional\/wp-json\/wp\/v2\/media?parent=12961"}],"curies":[{"name":"wp","href":"https:\/\/api.w.org\/{rel}","templated":true}]}}