{"id":12973,"date":"2023-11-30T13:29:59","date_gmt":"2023-11-30T12:29:59","guid":{"rendered":"https:\/\/projectes.xtec.cat\/internacional\/?page_id=12973"},"modified":"2025-12-18T13:18:33","modified_gmt":"2025-12-18T12:18:33","slug":"british-council-school-connect","status":"publish","type":"page","link":"https:\/\/projectes.xtec.cat\/internacional\/que-es-coopera\/british-council-school-connect\/","title":{"rendered":"British Council: Schools Connect"},"content":{"rendered":"<p><img decoding=\"async\" class=\"aligncenter\" src=\"https:\/\/www.britishcouncil.org\/sites\/default\/files\/partner_schools_indigo_0.png\" alt=\"Partner Schools | Global network | British Council\" \/><\/p>\n<p>Tant si voleu augmentar la comprensi\u00f3 dels problemes globals com si voleu millorar l&#8217;aprenentatge d&#8217;idiomes del vostre alumnat, el <strong>British Council<\/strong> ofereix una s\u00e8rie de recursos, orientaci\u00f3 i oportunitats d&#8217;aprenentatge per a cada pas del vostre viatge de col\u00b7laboraci\u00f3, tant si busqueu un soci com si voleu portar una associaci\u00f3 existent al seg\u00fcent nivell amb el programa Schools Connect.<\/p>\n<p><strong>Schools Connect<\/strong> ofereix un ventall de suport per fer que el viatge internacional del teu centre sigui un \u00e8xit.:<\/p>\n<ul>\n<li>Ajuda a trobar una escola col\u00b7laboradora (del pa\u00eds que trieu) mitjan\u00e7ant la seva eina de <a href=\"https:\/\/school-partner-finder.britishcouncil.org\/?_gl=1*pk0tvt*_ga*MTI3NTA4OTY4NS4xNzAxMjY0Mzg5*_ga_69GLCDRMSF*MTcwMTM0NTM3MC4yLjEuMTcwMTM0NTU1OS42MC4wLjA.*_ga_X5M3D7HLQQ*MTcwMTM0NTM3MC4yLjEuMTcwMTM0NTU1OS42MC4wLjA.&amp;_ga=2.81421333.388511073.1701264389-1275089685.1701264389\">cerca de socis en l\u00ednia.<\/a><\/li>\n<li><a href=\"https:\/\/www.britishcouncil.org\/school-resources\/partner\/guided-partnerships\">Assessorament i orientaci\u00f3<\/a> per con\u00e8ixer el teu soci, planificar la teva associaci\u00f3 i treballar junts en l\u00ednia.<\/li>\n<li>Un<a href=\"https:\/\/www.britishcouncil.org\/school-resources\/find\"> banc de recursos a l&#8217;aula<\/a> per proporcionar inspiraci\u00f3 i planificar projectes, des d&#8217;intercanvis breus fins a col\u00b7laboracions m\u00e9s llargues.<\/li>\n<li><a href=\"https:\/\/www.britishcouncil.org\/school-resources\/develop-skills\">Seminaris web gratu\u00efts<\/a> de desenvolupament professional que cobreixen diferents aspectes de la gesti\u00f3 de la vostra associaci\u00f3<\/li>\n<li><a href=\"https:\/\/www.britishcouncil.org\/school-resources\/accreditation\">Acreditaci\u00f3 de la seva tasca internacional.<\/a><\/li>\n<li>Ajuda amb <a href=\"https:\/\/www.britishcouncil.org\/school-resources\/employ-language-assistant\">el proc\u00e9s de selecci\u00f3 i acollida<\/a> d&#8217;un assistent d&#8217;idiomes.<\/li>\n<\/ul>\n<p>Si teniu dubtes, podeu adre\u00e7ar-vos a <a href=\"mailto:schools@britishcouncil.org\">schools@britishcouncil.org<\/a><\/p>\n","protected":false},"excerpt":{"rendered":"<p>Tant si voleu augmentar la comprensi\u00f3 dels problemes globals com si voleu millorar l&#8217;aprenentatge d&#8217;idiomes del vostre alumnat, el British Council ofereix una s\u00e8rie de recursos, orientaci\u00f3 i oportunitats d&#8217;aprenentatge per a cada pas del vostre viatge de col\u00b7laboraci\u00f3, tant si busqueu un soci com&hellip;  <a href=\"https:\/\/projectes.xtec.cat\/internacional\/que-es-coopera\/british-council-school-connect\/\" title=\"Read British Council: Schools Connect\">Llegeix m\u00e9s\u00bb<\/a><\/p>\n","protected":false},"author":318,"featured_media":0,"parent":11962,"menu_order":4,"comment_status":"closed","ping_status":"closed","template":"page-templates\/side-menu.php","meta":{"_bbp_topic_count":0,"_bbp_reply_count":0,"_bbp_total_topic_count":0,"_bbp_total_reply_count":0,"_bbp_voice_count":0,"_bbp_anonymous_reply_count":0,"_bbp_topic_count_hidden":0,"_bbp_reply_count_hidden":0,"_bbp_forum_subforum_count":0,"footnotes":""},"class_list":["post-12973","page","type-page","status-publish","hentry"],"post_mailing_queue_ids":[],"_links":{"self":[{"href":"https:\/\/projectes.xtec.cat\/internacional\/wp-json\/wp\/v2\/pages\/12973","targetHints":{"allow":["GET"]}}],"collection":[{"href":"https:\/\/projectes.xtec.cat\/internacional\/wp-json\/wp\/v2\/pages"}],"about":[{"href":"https:\/\/projectes.xtec.cat\/internacional\/wp-json\/wp\/v2\/types\/page"}],"author":[{"embeddable":true,"href":"https:\/\/projectes.xtec.cat\/internacional\/wp-json\/wp\/v2\/users\/318"}],"replies":[{"embeddable":true,"href":"https:\/\/projectes.xtec.cat\/internacional\/wp-json\/wp\/v2\/comments?post=12973"}],"version-history":[{"count":4,"href":"https:\/\/projectes.xtec.cat\/internacional\/wp-json\/wp\/v2\/pages\/12973\/revisions"}],"predecessor-version":[{"id":12980,"href":"https:\/\/projectes.xtec.cat\/internacional\/wp-json\/wp\/v2\/pages\/12973\/revisions\/12980"}],"up":[{"embeddable":true,"href":"https:\/\/projectes.xtec.cat\/internacional\/wp-json\/wp\/v2\/pages\/11962"}],"wp:attachment":[{"href":"https:\/\/projectes.xtec.cat\/internacional\/wp-json\/wp\/v2\/media?parent=12973"}],"curies":[{"name":"wp","href":"https:\/\/api.w.org\/{rel}","templated":true}]}}