{"id":13055,"date":"2024-01-11T00:43:40","date_gmt":"2024-01-10T23:43:40","guid":{"rendered":"https:\/\/projectes.xtec.cat\/internacional\/?page_id=13055"},"modified":"2025-12-19T08:23:50","modified_gmt":"2025-12-19T07:23:50","slug":"formacio","status":"publish","type":"page","link":"https:\/\/projectes.xtec.cat\/internacional\/presentacio\/formacio\/","title":{"rendered":"Formaci\u00f3"},"content":{"rendered":"<p>El Servei de Lleng\u00fces Estrangeres i d&#8217;Origen (SLEO) promou tot un seguit d&#8217;activitats formatives <span style=\"font-family: inherit; font-size: 1em;\">per facilitar la participaci\u00f3 dels centres docents en programes i accions de mobilitat internacional.\u00a0<\/span><\/p>\n<p>Dins de l\u2019<a href=\"http:\/\/xtec.gencat.cat\/ca\/formacio\/info-general\/oferta-formativa\/\" target=\"_blank\" rel=\"noopener noreferrer\">oferta general formativa<\/a>\u00a0del\u00a0Departament d\u2019Educaci\u00f3 i Formaci\u00f3 Professional, el\u00a0<strong>Servei de Lleng\u00fces Estrangeres i d\u2019Origen (SLEO)<\/strong>\u00a0en coordinaci\u00f3 amb els\u00a0<strong>Serveis Territorials<\/strong>\u00a0 i el <strong>Consorci d&#8217;Educaci\u00f3 de Barcelona<\/strong> ofereix tot un conjunt d&#8217;accions formatives que tracten diferents tem\u00e0tiques relacionades amb la <strong>internacionalitzaci\u00f3 de l&#8217;educaci\u00f3:<\/strong><\/p>\n<ul>\n<li style=\"list-style-type: none;\">\n<ul>\n<li style=\"list-style-type: none;\">\n<ul>\n<li><strong>Formaci\u00f3 Erasmus+ <\/strong>(Sol\u00b7licitants Erasmus+ KA120, Sol\u00b7licitants Erasmus+ KA122 i Implementaci\u00f3 de projectes Erasmus+ KA121\/KA122, C\u00e0psules formatives Erasmus+, seminari de coordinaci\u00f3 CETE+).<\/li>\n<li><strong>Formaci\u00f3 eTwinning<\/strong> (inicial, avan\u00e7at i Sin\u00e8rgies programes eTwinning &#8211; Erasmus+).<\/li>\n<li>Accions en <strong>llengua alemanya<\/strong>.<\/li>\n<li>Accions en <strong>llengua francesa.<\/strong><\/li>\n<li><strong>Orientaci\u00f3 per estudiants<\/strong> entorn la mobilitat internacional.<\/li>\n<li style=\"font-weight: 400;\" aria-level=\"1\"><b>Auxiliars de conversa<\/b><span style=\"font-weight: 400;\"> (formaci\u00f3 d\u2019acollida, seguiment i d\u2019avaluaci\u00f3)<\/span><\/li>\n<li style=\"font-weight: 400;\" aria-level=\"1\"><b>International Caf\u00e9<\/b><span style=\"font-weight: 400;\"> (per territori)<\/span><\/li>\n<\/ul>\n<\/li>\n<\/ul>\n<\/li>\n<\/ul>\n<p>Pots trobar m\u00e9s informaci\u00f3 d&#8217;accions formatives que t&#8217;ajudin a internacionalitzar el teu centre en l&#8217;apartat de <a href=\"https:\/\/xtec.gencat.cat\/ca\/formacio\/formaciogeneralprofessorat\/internacionalitzacio-educacio\/\" target=\"_blank\" rel=\"noopener\">formaci\u00f3 d&#8217;xtec.<\/a><\/p>\n<h2>Not\u00edcies de les formacions<\/h2>\n<p>En els seg\u00fcents enlla\u00e7os podeu accedir a les <strong>not\u00edcies<\/strong> relacionades amb les diferents categories de formaci\u00f3, tant aquelles previstes per fer-se com les que ja han estat organitzades:<\/p>\n<ul>\n<li style=\"list-style-type: none;\">\n<ul>\n<li style=\"list-style-type: none;\">\n<ul>\n<li><a href=\"https:\/\/projectes.xtec.cat\/internacional\/categoria\/formacio\/noticies-formacio-erasmus\/\" target=\"_blank\" rel=\"noopener\">Programa Erasmus+<\/a><\/li>\n<li><a href=\"https:\/\/projectes.xtec.cat\/internacional\/categoria\/formacio\/noticies-formacio-etwinning\/\" target=\"_blank\" rel=\"noopener\">Programa eTwinning<\/a><\/li>\n<li><a href=\"https:\/\/projectes.xtec.cat\/internacional\/categoria\/formacio\/noticies-formacio-dalemany\/\" target=\"_blank\" rel=\"noopener\">Accions en llengua alemanya<\/a><\/li>\n<li><a href=\"https:\/\/projectes.xtec.cat\/internacional\/categoria\/formacio\/noticies-formacio-frances\/\" target=\"_blank\" rel=\"noopener\">Accions en llengua francesa<\/a><\/li>\n<li><a href=\"https:\/\/projectes.xtec.cat\/internacional\/categoria\/formacio\/\" target=\"_blank\" rel=\"noopener\">Totes les not\u00edcies de formaci\u00f3<\/a><\/li>\n<\/ul>\n<\/li>\n<\/ul>\n<\/li>\n<\/ul>\n<p>&nbsp;<\/p>\n","protected":false},"excerpt":{"rendered":"<p>El Servei de Lleng\u00fces Estrangeres i d&#8217;Origen (SLEO) promou tot un seguit d&#8217;activitats formatives per facilitar la participaci\u00f3 dels centres docents en programes i accions de mobilitat internacional.\u00a0<br \/>\nDins de l\u2019<a href=\"http:\/\/xtec.gencat.cat\/ca\/formacio\/info-general\/oferta-formativa\/\" target=\"_blank\" rel=\"noopener noreferrer\">oferta general formativa<\/a>\u00a0del\u00a0Departament d\u2019Educaci\u00f3 i Formaci\u00f3 Professional, el\u00a0Servei de Lleng\u00fces Estrangeres i&hellip;  <a href=\"https:\/\/projectes.xtec.cat\/internacional\/presentacio\/formacio\/\" title=\"Read Formaci\u00f3\">Llegeix m\u00e9s\u00bb<\/a><\/p>\n","protected":false},"author":1,"featured_media":0,"parent":8598,"menu_order":3,"comment_status":"closed","ping_status":"closed","template":"page-templates\/side-menu.php","meta":{"_bbp_topic_count":0,"_bbp_reply_count":0,"_bbp_total_topic_count":0,"_bbp_total_reply_count":0,"_bbp_voice_count":0,"_bbp_anonymous_reply_count":0,"_bbp_topic_count_hidden":0,"_bbp_reply_count_hidden":0,"_bbp_forum_subforum_count":0,"footnotes":""},"class_list":["post-13055","page","type-page","status-publish","hentry"],"post_mailing_queue_ids":[],"_links":{"self":[{"href":"https:\/\/projectes.xtec.cat\/internacional\/wp-json\/wp\/v2\/pages\/13055","targetHints":{"allow":["GET"]}}],"collection":[{"href":"https:\/\/projectes.xtec.cat\/internacional\/wp-json\/wp\/v2\/pages"}],"about":[{"href":"https:\/\/projectes.xtec.cat\/internacional\/wp-json\/wp\/v2\/types\/page"}],"author":[{"embeddable":true,"href":"https:\/\/projectes.xtec.cat\/internacional\/wp-json\/wp\/v2\/users\/1"}],"replies":[{"embeddable":true,"href":"https:\/\/projectes.xtec.cat\/internacional\/wp-json\/wp\/v2\/comments?post=13055"}],"version-history":[{"count":9,"href":"https:\/\/projectes.xtec.cat\/internacional\/wp-json\/wp\/v2\/pages\/13055\/revisions"}],"predecessor-version":[{"id":18443,"href":"https:\/\/projectes.xtec.cat\/internacional\/wp-json\/wp\/v2\/pages\/13055\/revisions\/18443"}],"up":[{"embeddable":true,"href":"https:\/\/projectes.xtec.cat\/internacional\/wp-json\/wp\/v2\/pages\/8598"}],"wp:attachment":[{"href":"https:\/\/projectes.xtec.cat\/internacional\/wp-json\/wp\/v2\/media?parent=13055"}],"curies":[{"name":"wp","href":"https:\/\/api.w.org\/{rel}","templated":true}]}}