{"id":13233,"date":"2024-01-18T15:36:10","date_gmt":"2024-01-18T14:36:10","guid":{"rendered":"https:\/\/projectes.xtec.cat\/internacional\/?page_id=13233"},"modified":"2025-09-05T10:57:33","modified_gmt":"2025-09-05T08:57:33","slug":"inscripcions-encara-obertes-per-activitats-formatives-de-2n-torn","status":"publish","type":"page","link":"https:\/\/projectes.xtec.cat\/internacional\/presentacio\/formacio\/inscripcions-encara-obertes-per-activitats-formatives-de-2n-torn\/","title":{"rendered":"Activitats formatives 2025-2026 de 1r torn"},"content":{"rendered":"<p><img loading=\"lazy\" decoding=\"async\" class=\"aligncenter\" src=\"https:\/\/directa.cat\/app\/uploads\/2023\/03\/exp_directa_565_art_infantil_ARXIU_00-1-300x200.jpg\" alt=\"\" width=\"362\" height=\"241\" \/><\/p>\n<p>&nbsp;<\/p>\n<p>En el seg\u00fcent llistat podeu trobar les activitats formatives que organitzem per al curs <strong>2025-2026 1r torn.<\/strong><\/p>\n<p>Clicant a les activitats <em>a la columna de &#8220;Formaci\u00f3&#8221;<\/em>\u00a0 sereu dirigits directament a la p\u00e0gina d&#8217;inscripci\u00f3.<\/p>\n<table dir=\"ltr\" style=\"width: 76.5944%; height: 1328px;\" cellspacing=\"0\" cellpadding=\"0\" data-sheets-root=\"1\" data-sheets-baot=\"1\">\n<colgroup>\n<col width=\"140\" \/>\n<col width=\"415\" \/>\n<col width=\"195\" \/>\n<col width=\"154\" \/><\/colgroup>\n<tbody>\n<tr style=\"height: 33px; background-color: #79c4ed;\">\n<td style=\"text-align: center; width: 15.5039%; height: 33px;\"><strong>Codi d&#8217;activitat<\/strong><\/td>\n<td style=\"text-align: center; width: 45.8861%; height: 33px;\"><strong>Formaci\u00f3<\/strong><\/td>\n<td style=\"text-align: center; width: 27.7045%; height: 33px;\"><strong>Gestor \/ Servei Territorial<\/strong><\/td>\n<td style=\"text-align: center; width: 41.9239%; height: 33px;\"><strong>Inscripci\u00f3 fins a<\/strong><\/td>\n<\/tr>\n<tr style=\"height: 33px;\">\n<td style=\"text-align: center; width: 15.5039%; height: 33px;\">9002850542<\/td>\n<td style=\"width: 45.8861%; height: 33px;\"><a href=\"https:\/\/xtec.gencat.cat\/ca\/formacio\/info-general\/cercador-activitats\/\" target=\"_blank\" rel=\"noopener\">Seminari de seguiment i formaci\u00f3 CETE+ projecte 24\/25<\/a><\/td>\n<td style=\"width: 27.7045%; height: 33px;\">DEFP<\/td>\n<td style=\"width: 41.9239%; height: 33px;\"><strong>21\/09\/2025<\/strong><\/td>\n<\/tr>\n<tr style=\"height: 49px;\">\n<td style=\"text-align: center; width: 15.5039%; height: 49px;\">9002860542<\/td>\n<td style=\"width: 45.8861%; height: 49px;\"><a href=\"https:\/\/xtec.gencat.cat\/ca\/formacio\/info-general\/cercador-activitats\/\" target=\"_blank\" rel=\"noopener\">Formaci\u00f3 per la implementaci\u00f3 i seguiment de projectes Erasmus+ KA122 i KA121 convocat\u00f2ria 2025<\/a><\/td>\n<td style=\"width: 27.7045%; height: 49px;\">DEFP<\/td>\n<td style=\"width: 41.9239%; height: 49px;\"><strong>21\/09\/2025<\/strong><\/td>\n<\/tr>\n<tr style=\"height: 33px;\">\n<td style=\"text-align: center; width: 15.5039%; height: 33px;\">9002920542<\/td>\n<td style=\"width: 45.8861%; height: 33px;\"><a href=\"https:\/\/xtec.gencat.cat\/ca\/formacio\/info-general\/cercador-activitats\/\" target=\"_blank\" rel=\"noopener\">Cicle de c\u00e0psules formatives Programa Erasmus+<\/a><\/td>\n<td style=\"width: 27.7045%; height: 33px;\">DEFP<\/td>\n<td style=\"width: 41.9239%; height: 33px;\"><strong>21\/09\/2025<\/strong><\/td>\n<\/tr>\n<tr style=\"height: 49px;\">\n<td style=\"text-align: center; width: 15.5039%; height: 49px;\">9002870542<\/td>\n<td style=\"width: 45.8861%; height: 49px;\"><a href=\"https:\/\/xtec.gencat.cat\/ca\/formacio\/info-general\/cercador-activitats\/\" target=\"_blank\" rel=\"noopener\">Formaci\u00f3 per centres i serveis educatius sol\u00b7licitants de projectes internacionals Erasmus+ KA122<\/a><\/td>\n<td style=\"width: 27.7045%; height: 49px;\">DEFP<\/td>\n<td style=\"width: 41.9239%; height: 49px;\"><strong>21\/09\/2025<\/strong><\/td>\n<\/tr>\n<tr style=\"height: 49px;\">\n<td style=\"text-align: center; width: 15.5039%; height: 49px;\">9002880542<\/td>\n<td style=\"width: 45.8861%; height: 49px;\"><a href=\"https:\/\/xtec.gencat.cat\/ca\/formacio\/info-general\/cercador-activitats\/\" target=\"_blank\" rel=\"noopener\">Formaci\u00f3 adre\u00e7ada als centres sol\u00b7licitants projecte Erasmus+ KA120 convocat\u00f2ria 2026<\/a><\/td>\n<td style=\"width: 27.7045%; height: 49px;\">DEFP<\/td>\n<td style=\"width: 41.9239%; height: 49px;\">15\/01\/2025<\/td>\n<\/tr>\n<tr style=\"height: 33px;\">\n<td style=\"text-align: center; width: 15.5039%; height: 33px;\">9002900542<\/td>\n<td style=\"width: 45.8861%; height: 33px;\"><a href=\"https:\/\/xtec.gencat.cat\/ca\/formacio\/info-general\/cercador-activitats\/\" target=\"_blank\" rel=\"noopener\">Sessi\u00f3 difusi\u00f3 del Programa Erasmus+<\/a><\/td>\n<td style=\"width: 27.7045%; height: 33px;\">DEFP<\/td>\n<td style=\"width: 41.9239%; height: 33px;\"><strong>18\/09\/2025<\/strong><\/td>\n<\/tr>\n<tr style=\"height: 33px;\">\n<td style=\"text-align: center; width: 15.5039%; height: 33px;\">6001020542<\/td>\n<td style=\"width: 45.8861%; height: 33px;\"><a href=\"https:\/\/xtec.gencat.cat\/ca\/formacio\/info-general\/cercador-activitats\/\" target=\"_blank\" rel=\"noopener\">Seminari de coordinaci\u00f3 i seguiment de projectes Erasmus+ KA1<\/a><\/td>\n<td style=\"width: 27.7045%; height: 33px;\">Lleida<\/td>\n<td style=\"width: 41.9239%; height: 33px;\">13\/10\/2025<\/td>\n<\/tr>\n<tr style=\"height: 33px;\">\n<td style=\"text-align: center; width: 15.5039%; height: 33px;\">B000520542<\/td>\n<td style=\"width: 45.8861%; height: 33px;\"><a href=\"https:\/\/xtec.gencat.cat\/ca\/formacio\/info-general\/cercador-activitats\/\" target=\"_blank\" rel=\"noopener\">Seminari de coordinaci\u00f3 i seguiment de projectes Erasmus+ KA1<\/a><\/td>\n<td style=\"width: 27.7045%; height: 33px;\">Catalunya Central<\/td>\n<td style=\"width: 41.9239%; height: 33px;\"><strong>21\/09\/2025<\/strong><\/td>\n<\/tr>\n<tr style=\"height: 33px;\">\n<td style=\"text-align: center; width: 15.5039%; height: 33px;\">6001010542<\/td>\n<td style=\"width: 45.8861%; height: 33px;\"><a href=\"https:\/\/xtec.gencat.cat\/ca\/formacio\/info-general\/cercador-activitats\/\" target=\"_blank\" rel=\"noopener\">Nivell inicial eTwinning<\/a><\/td>\n<td style=\"width: 27.7045%; height: 33px;\">Lleida<\/td>\n<td style=\"width: 41.9239%; height: 33px;\">22\/10\/2025<\/td>\n<\/tr>\n<tr style=\"height: 33px;\">\n<td style=\"text-align: center; width: 15.5039%; height: 33px;\">B000500542<\/td>\n<td style=\"width: 45.8861%; height: 33px;\"><a href=\"https:\/\/xtec.gencat.cat\/ca\/formacio\/info-general\/cercador-activitats\/\" target=\"_blank\" rel=\"noopener\">Nivell inicial eTwinning<\/a><\/td>\n<td style=\"width: 27.7045%; height: 33px;\">Catalunya Central<\/td>\n<td style=\"width: 41.9239%; height: 33px;\">12\/10\/2025<\/td>\n<\/tr>\n<tr style=\"height: 33px;\">\n<td style=\"text-align: center; width: 15.5039%; height: 33px;\">7000010542<\/td>\n<td style=\"width: 45.8861%; height: 33px;\"><a href=\"https:\/\/xtec.gencat.cat\/ca\/formacio\/info-general\/cercador-activitats\/\" target=\"_blank\" rel=\"noopener\">Nivell inicial eTwinning<\/a><\/td>\n<td style=\"width: 27.7045%; height: 33px;\">Tarragona<\/td>\n<td style=\"width: 41.9239%; height: 33px;\"><strong>21\/09\/2025<\/strong><\/td>\n<\/tr>\n<tr style=\"height: 33px;\">\n<td style=\"text-align: center; width: 15.5039%; height: 21px;\">A000520542<\/td>\n<td style=\"width: 45.8861%; height: 21px;\"><a href=\"https:\/\/xtec.gencat.cat\/ca\/formacio\/info-general\/cercador-activitats\/\" target=\"_blank\" rel=\"noopener\">Nivell inicial eTwinning<\/a><\/td>\n<td style=\"width: 27.7045%; height: 21px;\">Maresme &#8211; Vall\u00e8s Oriental<\/td>\n<td style=\"width: 41.9239%; height: 21px;\"><strong>21\/09\/2025<\/strong><\/td>\n<\/tr>\n<tr style=\"height: 33px;\">\n<td style=\"text-align: center; width: 15.5039%; height: 33px;\">4001010542<\/td>\n<td style=\"width: 45.8861%; height: 33px;\"><a href=\"https:\/\/xtec.gencat.cat\/ca\/formacio\/info-general\/cercador-activitats\/\" target=\"_blank\" rel=\"noopener\">Nivell inicial eTwinning<\/a><\/td>\n<td style=\"width: 27.7045%; height: 33px;\">Vall\u00e8s Occidental<\/td>\n<td style=\"width: 41.9239%; height: 33px;\"><strong>21\/09\/2025<\/strong><\/td>\n<\/tr>\n<tr style=\"height: 33px;\">\n<td style=\"text-align: center; width: 15.5039%; height: 33px;\">8000070542<\/td>\n<td style=\"width: 45.8861%; height: 33px;\"><a href=\"https:\/\/xtec.gencat.cat\/ca\/formacio\/info-general\/cercador-activitats\/\" target=\"_blank\" rel=\"noopener\">Nivell inicial eTwinning<\/a><\/td>\n<td style=\"width: 27.7045%; height: 33px;\">Terres de l&#8217;Ebre<\/td>\n<td style=\"width: 41.9239%; height: 33px;\">21\/10\/2025<\/td>\n<\/tr>\n<tr style=\"height: 33px;\">\n<td style=\"text-align: center; width: 15.5039%; height: 33px;\">5004550542<\/td>\n<td style=\"width: 45.8861%; height: 33px;\"><a href=\"https:\/\/xtec.gencat.cat\/ca\/formacio\/info-general\/cercador-activitats\/\" target=\"_blank\" rel=\"noopener\">Nivell inicial eTwinning<\/a><\/td>\n<td style=\"width: 27.7045%; height: 33px;\">Girona<\/td>\n<td style=\"width: 41.9239%; height: 33px;\"><strong>21\/09\/2025<\/strong><\/td>\n<\/tr>\n<tr style=\"height: 33px;\">\n<td style=\"text-align: center; width: 15.5039%; height: 33px;\">2002010542<\/td>\n<td style=\"width: 45.8861%; height: 33px;\"><a href=\"https:\/\/xtec.gencat.cat\/ca\/formacio\/info-general\/cercador-activitats\/\" target=\"_blank\" rel=\"noopener\">Nivell avan\u00e7at eTwinning<\/a><\/td>\n<td style=\"width: 27.7045%; height: 33px;\">Barcelon\u00e8s<\/td>\n<td style=\"width: 41.9239%; height: 33px;\"><strong>21\/09\/2025<\/strong><\/td>\n<\/tr>\n<tr style=\"height: 33px;\">\n<td style=\"text-align: center; width: 15.5039%; height: 33px;\">3000070542<\/td>\n<td style=\"width: 45.8861%; height: 33px;\"><a href=\"https:\/\/xtec.gencat.cat\/ca\/formacio\/info-general\/cercador-activitats\/\" target=\"_blank\" rel=\"noopener\">Sinergies eTwinning &#8211; Erasmusplus<\/a><\/td>\n<td style=\"width: 27.7045%; height: 33px;\">Baix Llobregat<\/td>\n<td style=\"width: 41.9239%; height: 33px;\">21\/10\/2025<\/td>\n<\/tr>\n<tr style=\"height: 49px;\">\n<td style=\"text-align: center; width: 15.5039%; height: 49px;\">9002060542<\/td>\n<td style=\"width: 45.8861%; height: 49px;\"><a href=\"https:\/\/xtec.gencat.cat\/ca\/formacio\/info-general\/cercador-activitats\/\" target=\"_blank\" rel=\"noopener\">Trobada Pedag\u00f2gica. Goethe-Zertifikat A2 FIT &#8211; Com preparo als meus alumnes per als ex\u00e0mens?<\/a><\/td>\n<td style=\"width: 27.7045%; height: 49px;\">DEFP<\/td>\n<td style=\"width: 41.9239%; height: 49px;\"><strong>21\/09\/2025<\/strong><\/td>\n<\/tr>\n<tr style=\"height: 33px;\">\n<td style=\"text-align: center; width: 15.5039%; height: 33px;\">9002050542<\/td>\n<td style=\"width: 45.8861%; height: 33px;\"><a href=\"https:\/\/xtec.gencat.cat\/ca\/formacio\/info-general\/cercador-activitats\/\" target=\"_blank\" rel=\"noopener\">IA i l&#8217;autonomia de l&#8217;aprenent<\/a><\/td>\n<td style=\"width: 27.7045%; height: 33px;\">DEFP<\/td>\n<td style=\"width: 41.9239%; height: 33px;\"><strong>21\/09\/2025<\/strong><\/td>\n<\/tr>\n<tr style=\"height: 49px;\">\n<td style=\"text-align: center; width: 15.5039%; height: 49px;\">C000050542<\/td>\n<td style=\"width: 45.8861%; height: 49px;\"><a href=\"https:\/\/xtec.gencat.cat\/ca\/formacio\/info-general\/cercador-activitats\/\" target=\"_blank\" rel=\"noopener\">Formaci\u00f3 d&#8217;acollida, seguiment i avaluaci\u00f3 dels auxiliars de conversa<\/a><\/td>\n<td style=\"width: 27.7045%; height: 49px;\">Alt Pirineu i Aran<\/td>\n<td style=\"width: 41.9239%; height: 49px;\"><strong>21\/09\/2025<\/strong><\/td>\n<\/tr>\n<tr style=\"height: 49px;\">\n<td style=\"text-align: center; width: 15.5039%; height: 49px;\">2002000542<\/td>\n<td style=\"width: 45.8861%; height: 49px;\"><a href=\"https:\/\/xtec.gencat.cat\/ca\/formacio\/info-general\/cercador-activitats\/\" target=\"_blank\" rel=\"noopener\">Formaci\u00f3 d&#8217;acollida, seguiment i avaluaci\u00f3 dels auxiliars de conversa<\/a><\/td>\n<td style=\"width: 27.7045%; height: 49px;\">Barcelon\u00e8s<\/td>\n<td style=\"width: 41.9239%; height: 49px;\"><strong>21\/09\/2025<\/strong><\/td>\n<\/tr>\n<tr style=\"height: 49px;\">\n<td style=\"text-align: center; width: 15.5039%; height: 49px;\">3000060542<\/td>\n<td style=\"width: 45.8861%; height: 49px;\"><a href=\"https:\/\/xtec.gencat.cat\/ca\/formacio\/info-general\/cercador-activitats\/\" target=\"_blank\" rel=\"noopener\">Formaci\u00f3 d&#8217;acollida, seguiment i avaluaci\u00f3 dels auxiliars de conversa<\/a><\/td>\n<td style=\"width: 27.7045%; height: 49px;\">Baix Llobregat<\/td>\n<td style=\"width: 41.9239%; height: 49px;\">03\/10\/2025<\/td>\n<\/tr>\n<tr style=\"height: 49px;\">\n<td style=\"text-align: center; width: 15.5039%; height: 49px;\">B001000542<\/td>\n<td style=\"width: 45.8861%; height: 49px;\"><a href=\"https:\/\/xtec.gencat.cat\/ca\/formacio\/info-general\/cercador-activitats\/\" target=\"_blank\" rel=\"noopener\">Formaci\u00f3 d&#8217;acollida, seguiment i avaluaci\u00f3 dels auxiliars de conversa<\/a><\/td>\n<td style=\"width: 27.7045%; height: 49px;\">Catalunya Central<\/td>\n<td style=\"width: 41.9239%; height: 49px;\"><strong>21\/09\/2025<\/strong><\/td>\n<\/tr>\n<tr style=\"height: 49px;\">\n<td style=\"text-align: center; width: 15.5039%; height: 49px;\">1000010542<\/td>\n<td style=\"width: 45.8861%; height: 49px;\"><a href=\"https:\/\/xtec.gencat.cat\/ca\/formacio\/info-general\/cercador-activitats\/\" target=\"_blank\" rel=\"noopener\">Formaci\u00f3 d&#8217;acollida, seguiment i avaluaci\u00f3 dels auxiliars de conversa<\/a><\/td>\n<td style=\"width: 27.7045%; height: 49px;\">Consorci d&#8217;Educaci\u00f3 de Barcelona<\/td>\n<td style=\"width: 41.9239%; height: 49px;\">01\/10\/2025<\/td>\n<\/tr>\n<tr style=\"height: 49px;\">\n<td style=\"text-align: center; width: 15.5039%; height: 49px;\">5004610542<\/td>\n<td style=\"width: 45.8861%; height: 49px;\"><a href=\"https:\/\/xtec.gencat.cat\/ca\/formacio\/info-general\/cercador-activitats\/\" target=\"_blank\" rel=\"noopener\">Formaci\u00f3 d&#8217;acollida, seguiment i avaluaci\u00f3 dels auxiliars de conversa<\/a><\/td>\n<td style=\"width: 27.7045%; height: 49px;\">Girona<\/td>\n<td style=\"width: 41.9239%; height: 49px;\"><strong>21\/09\/2025<\/strong><\/td>\n<\/tr>\n<tr style=\"height: 49px;\">\n<td style=\"text-align: center; width: 15.5039%; height: 28px;\">6001000542<\/td>\n<td style=\"width: 45.8861%; height: 28px;\"><a href=\"https:\/\/xtec.gencat.cat\/ca\/formacio\/info-general\/cercador-activitats\/\" target=\"_blank\" rel=\"noopener\">Formaci\u00f3 d&#8217;acollida, seguiment i avaluaci\u00f3 dels auxiliars de conversa<\/a><\/td>\n<td style=\"width: 27.7045%; height: 28px;\">Lleida<\/td>\n<td style=\"width: 41.9239%; height: 28px;\">02\/10\/2025<\/td>\n<\/tr>\n<tr style=\"height: 49px;\">\n<td style=\"text-align: center; width: 15.5039%; height: 49px;\">D002000542<\/td>\n<td style=\"width: 45.8861%; height: 49px;\"><a href=\"https:\/\/xtec.gencat.cat\/ca\/formacio\/info-general\/cercador-activitats\/\" target=\"_blank\" rel=\"noopener\">Formaci\u00f3 d&#8217;acollida, seguiment i avaluaci\u00f3 dels auxiliars de conversa<\/a><\/td>\n<td style=\"width: 27.7045%; height: 49px;\">Pened\u00e8s<\/td>\n<td style=\"width: 41.9239%; height: 49px;\">01\/10\/2025<\/td>\n<\/tr>\n<tr style=\"height: 49px;\">\n<td style=\"text-align: center; width: 15.5039%; height: 49px;\">A000510542<\/td>\n<td style=\"width: 45.8861%; height: 49px;\"><a href=\"https:\/\/xtec.gencat.cat\/ca\/formacio\/info-general\/cercador-activitats\/\" target=\"_blank\" rel=\"noopener\">Formaci\u00f3 d&#8217;acollida, seguiment i avaluaci\u00f3 dels auxiliars de conversa<\/a><\/td>\n<td style=\"width: 27.7045%; height: 49px;\">Maresme &#8211; Vall\u00e8s Oriental<\/td>\n<td style=\"width: 41.9239%; height: 49px;\">01\/10\/2025<\/td>\n<\/tr>\n<tr style=\"height: 49px;\">\n<td style=\"text-align: center; width: 15.5039%; height: 49px;\">7000020542<\/td>\n<td style=\"width: 45.8861%; height: 49px;\"><a href=\"https:\/\/xtec.gencat.cat\/ca\/formacio\/info-general\/cercador-activitats\/\" target=\"_blank\" rel=\"noopener\">Formaci\u00f3 d&#8217;acollida, seguiment i avaluaci\u00f3 dels auxiliars de conversa<\/a><\/td>\n<td style=\"width: 27.7045%; height: 49px;\">Tarragona<\/td>\n<td style=\"width: 41.9239%; height: 49px;\"><strong>21\/09\/2025<\/strong><\/td>\n<\/tr>\n<tr style=\"height: 49px;\">\n<td style=\"text-align: center; width: 15.5039%; height: 49px;\">8000070542<\/td>\n<td style=\"width: 45.8861%; height: 49px;\"><a href=\"https:\/\/xtec.gencat.cat\/ca\/formacio\/info-general\/cercador-activitats\/\" target=\"_blank\" rel=\"noopener\">Formaci\u00f3 d&#8217;acollida, seguiment i avaluaci\u00f3 dels auxiliars de conversa<\/a><\/td>\n<td style=\"width: 27.7045%; height: 49px;\">Terres de l&#8217;Ebre<\/td>\n<td style=\"width: 41.9239%; height: 49px;\">21\/10\/2025<\/td>\n<\/tr>\n<tr style=\"height: 49px;\">\n<td style=\"text-align: center; width: 15.5039%; height: 49px;\">4001000542<\/td>\n<td style=\"width: 45.8861%; height: 49px;\"><a href=\"https:\/\/xtec.gencat.cat\/ca\/formacio\/info-general\/cercador-activitats\/\" target=\"_blank\" rel=\"noopener\">Formaci\u00f3 d&#8217;acollida, seguiment i avaluaci\u00f3 dels auxiliars de conversa<\/a><\/td>\n<td style=\"width: 27.7045%; height: 49px;\">Vall\u00e8s Occidental<\/td>\n<td style=\"width: 41.9239%; height: 49px;\"><strong>21\/09\/2025<\/strong><\/td>\n<\/tr>\n<tr style=\"height: 49px;\">\n<td style=\"text-align: center; width: 15.5039%; height: 49px;\">9002220542<\/td>\n<td style=\"width: 45.8861%; height: 49px;\"><a href=\"https:\/\/xtec.gencat.cat\/ca\/formacio\/info-general\/cercador-activitats\/\" target=\"_blank\" rel=\"noopener\">Coordinaci\u00f3 amb els\/les tutors\/es dels centres acollidors d&#8217;auxiliars de conversa<\/a><\/td>\n<td style=\"width: 27.7045%; height: 49px;\">DEFP<\/td>\n<td style=\"width: 41.9239%; height: 49px;\"><strong>02\/09\/2025<\/strong><\/td>\n<\/tr>\n<\/tbody>\n<\/table>\n","protected":false},"excerpt":{"rendered":"<p>&nbsp;<br \/>\nEn el seg\u00fcent llistat podeu trobar les activitats formatives que organitzem per al curs 2025-2026 1r torn.<br \/>\nClicant a les activitats a la columna de &#8220;Formaci\u00f3&#8221;\u00a0 sereu dirigits directament a la p\u00e0gina d&#8217;inscripci\u00f3.<\/p>\n<p>Codi d&#8217;activitat<br \/>\nFormaci\u00f3<br \/>\nGestor \/ Servei Territorial<br \/>\nInscripci\u00f3 fins a<\/p>\n<p>9002850542<br \/>\n<a href=\"https:\/\/xtec.gencat.cat\/ca\/formacio\/info-general\/cercador-activitats\/\" target=\"_blank\" rel=\"noopener\">Seminari de seguiment i formaci\u00f3&hellip;  <a href=\"https:\/\/projectes.xtec.cat\/internacional\/presentacio\/formacio\/inscripcions-encara-obertes-per-activitats-formatives-de-2n-torn\/\" title=\"Read Activitats formatives 2025-2026 de 1r torn\">Llegeix m\u00e9s\u00bb<\/a><\/p>\n","protected":false},"author":1,"featured_media":0,"parent":13055,"menu_order":0,"comment_status":"closed","ping_status":"closed","template":"","meta":{"_bbp_topic_count":0,"_bbp_reply_count":0,"_bbp_total_topic_count":0,"_bbp_total_reply_count":0,"_bbp_voice_count":0,"_bbp_anonymous_reply_count":0,"_bbp_topic_count_hidden":0,"_bbp_reply_count_hidden":0,"_bbp_forum_subforum_count":0,"footnotes":""},"class_list":["post-13233","page","type-page","status-publish","hentry"],"post_mailing_queue_ids":[],"_links":{"self":[{"href":"https:\/\/projectes.xtec.cat\/internacional\/wp-json\/wp\/v2\/pages\/13233","targetHints":{"allow":["GET"]}}],"collection":[{"href":"https:\/\/projectes.xtec.cat\/internacional\/wp-json\/wp\/v2\/pages"}],"about":[{"href":"https:\/\/projectes.xtec.cat\/internacional\/wp-json\/wp\/v2\/types\/page"}],"author":[{"embeddable":true,"href":"https:\/\/projectes.xtec.cat\/internacional\/wp-json\/wp\/v2\/users\/1"}],"replies":[{"embeddable":true,"href":"https:\/\/projectes.xtec.cat\/internacional\/wp-json\/wp\/v2\/comments?post=13233"}],"version-history":[{"count":7,"href":"https:\/\/projectes.xtec.cat\/internacional\/wp-json\/wp\/v2\/pages\/13233\/revisions"}],"predecessor-version":[{"id":17531,"href":"https:\/\/projectes.xtec.cat\/internacional\/wp-json\/wp\/v2\/pages\/13233\/revisions\/17531"}],"up":[{"embeddable":true,"href":"https:\/\/projectes.xtec.cat\/internacional\/wp-json\/wp\/v2\/pages\/13055"}],"wp:attachment":[{"href":"https:\/\/projectes.xtec.cat\/internacional\/wp-json\/wp\/v2\/media?parent=13233"}],"curies":[{"name":"wp","href":"https:\/\/api.w.org\/{rel}","templated":true}]}}