{"id":13457,"date":"2024-02-14T15:01:02","date_gmt":"2024-02-14T14:01:02","guid":{"rendered":"https:\/\/projectes.xtec.cat\/internacional\/?page_id=13457"},"modified":"2024-03-18T15:26:40","modified_gmt":"2024-03-18T14:26:40","slug":"centres-catalans-acollidors","status":"publish","type":"page","link":"https:\/\/projectes.xtec.cat\/internacional\/que-es-coopera\/centres-catalans-acollidors\/","title":{"rendered":"Centres catalans"},"content":{"rendered":"<p>Busqueu un centre educatiu catal\u00e0 per fer un intercanvi o un jobshadowing? Aqu\u00ed anirem recollint les propostes de centres catalans que busquin un soci europeu per participar en un programa internacional. Aquesta eina est\u00e0 a la vostra disposici\u00f3 per facilitar-vos l&#8217;intercanvi, la cooperaci\u00f3 i la col\u00b7laboraci\u00f3 entre centres participants en projectes Erasmus.<img decoding=\"async\" class=\"aligncenter\" src=\"https:\/\/drive.google.com\/file\/d\/1GQRMSE44FP8fQXpH5jbtd93J_Qs-LnsZ\/view?usp=drive_link\" alt=\"\" \/><img decoding=\"async\" class=\"aligncenter\" src=\"https:\/\/drive.google.com\/file\/d\/11A6766kUyyJYVH8S6SjBbVIiaOOFJxDa\/view?usp=drive_link\" alt=\"\" \/><\/p>\n<p><a href=\"https:\/\/projectes.xtec.cat\/internacional\/wp-content\/uploads\/usu1767\/2024\/02\/Presentacio-Palau-Musica.jpg\"><img loading=\"lazy\" decoding=\"async\" class=\"alignnone size-full wp-image-13472\" src=\"https:\/\/projectes.xtec.cat\/internacional\/wp-content\/uploads\/usu1767\/2024\/02\/Presentacio-Palau-Musica.jpg\" alt=\"\" width=\"960\" height=\"540\" srcset=\"https:\/\/projectes.xtec.cat\/internacional\/wp-content\/uploads\/usu1767\/2024\/02\/Presentacio-Palau-Musica.jpg 960w, https:\/\/projectes.xtec.cat\/internacional\/wp-content\/uploads\/usu1767\/2024\/02\/Presentacio-Palau-Musica-300x169.jpg 300w, https:\/\/projectes.xtec.cat\/internacional\/wp-content\/uploads\/usu1767\/2024\/02\/Presentacio-Palau-Musica-768x432.jpg 768w\" sizes=\"auto, (max-width: 960px) 100vw, 960px\" \/><\/a><\/p>\n","protected":false},"excerpt":{"rendered":"<p>Busqueu un centre educatiu catal\u00e0 per fer un intercanvi o un jobshadowing? Aqu\u00ed anirem recollint les propostes de centres catalans que busquin un soci europeu per participar en un programa internacional. Aquesta eina est\u00e0 a la vostra disposici\u00f3 per facilitar-vos l&#8217;intercanvi, la cooperaci\u00f3 i la&hellip;  <a href=\"https:\/\/projectes.xtec.cat\/internacional\/que-es-coopera\/centres-catalans-acollidors\/\" title=\"Read Centres catalans\">Llegeix m\u00e9s\u00bb<\/a><\/p>\n","protected":false},"author":1,"featured_media":0,"parent":11962,"menu_order":10,"comment_status":"closed","ping_status":"closed","template":"","meta":{"_bbp_topic_count":0,"_bbp_reply_count":0,"_bbp_total_topic_count":0,"_bbp_total_reply_count":0,"_bbp_voice_count":0,"_bbp_anonymous_reply_count":0,"_bbp_topic_count_hidden":0,"_bbp_reply_count_hidden":0,"_bbp_forum_subforum_count":0,"footnotes":""},"class_list":["post-13457","page","type-page","status-publish","hentry"],"post_mailing_queue_ids":[],"_links":{"self":[{"href":"https:\/\/projectes.xtec.cat\/internacional\/wp-json\/wp\/v2\/pages\/13457","targetHints":{"allow":["GET"]}}],"collection":[{"href":"https:\/\/projectes.xtec.cat\/internacional\/wp-json\/wp\/v2\/pages"}],"about":[{"href":"https:\/\/projectes.xtec.cat\/internacional\/wp-json\/wp\/v2\/types\/page"}],"author":[{"embeddable":true,"href":"https:\/\/projectes.xtec.cat\/internacional\/wp-json\/wp\/v2\/users\/1"}],"replies":[{"embeddable":true,"href":"https:\/\/projectes.xtec.cat\/internacional\/wp-json\/wp\/v2\/comments?post=13457"}],"version-history":[{"count":6,"href":"https:\/\/projectes.xtec.cat\/internacional\/wp-json\/wp\/v2\/pages\/13457\/revisions"}],"predecessor-version":[{"id":13593,"href":"https:\/\/projectes.xtec.cat\/internacional\/wp-json\/wp\/v2\/pages\/13457\/revisions\/13593"}],"up":[{"embeddable":true,"href":"https:\/\/projectes.xtec.cat\/internacional\/wp-json\/wp\/v2\/pages\/11962"}],"wp:attachment":[{"href":"https:\/\/projectes.xtec.cat\/internacional\/wp-json\/wp\/v2\/media?parent=13457"}],"curies":[{"name":"wp","href":"https:\/\/api.w.org\/{rel}","templated":true}]}}