{"id":13845,"date":"2024-06-05T12:50:59","date_gmt":"2024-06-05T10:50:59","guid":{"rendered":"https:\/\/projectes.xtec.cat\/internacional\/?page_id=13845"},"modified":"2025-08-18T09:39:22","modified_gmt":"2025-08-18T07:39:22","slug":"convocatoria","status":"publish","type":"page","link":"https:\/\/projectes.xtec.cat\/internacional\/auxiliars-de-conversa\/convocatoria-actual\/convocatoria\/","title":{"rendered":"Altres convocat\u00f2ries"},"content":{"rendered":"<div class=\"flip-card\" style=\"float: left; padding-right: 5px;width:300px;height:px !important'\">\n          <div class=\"flip-card-inner\"'>\n              <div class=\"flip-card-front\">\n\t\t\t     <h3>Convocat\u00f2ria quota MEFP<\/h3>\n                 <img decoding=\"async\" src=\"https:\/\/drive.google.com\/file\/d\/13EdGrloaKk6h4G-ZKjcSVQlbIiDKfAGK\/view?usp=sharing\" alt=\"\" \/>\n              <\/div>\n\t\t\t  <div class=\"flip-card-back\">\n\t\t\t\t  <h3>Convocat\u00f2ria quota MEFP<\/h3>\n\t\t\t\t  <p>Curs 2024-2025<\/p>\n\t\t\t\t  <a class='flip-card-button' style='background-color:' target=\"_blank\" href=\"https:\/\/projectes.xtec.cat\/internacional\/convocatoria-24-25-quota-mefp\/\" rel=\"noopener noreferrer\">Saber-ne m\u00e9s...<\/a>\n\t\t\t  <\/div>\n       <\/div>\n<\/div>\n<div class=\"flip-card\" style=\"float: left; padding-right: 5px;width:300px;height:px !important'\">\n          <div class=\"flip-card-inner\"'>\n              <div class=\"flip-card-front\">\n\t\t\t     <h3>Convocat\u00f2ria quota pr\u00f2pia del Departament d'Educaci\u00f3<\/h3>\n                 <img decoding=\"async\" src=\"https:\/\/drive.google.com\/file\/d\/13EdGrloaKk6h4G-ZKjcSVQlbIiDKfAGK\/view?usp=sharing\" alt=\"\" \/>\n              <\/div>\n\t\t\t  <div class=\"flip-card-back\">\n\t\t\t\t  <h3>Convocat\u00f2ria quota pr\u00f2pia del Departament d'Educaci\u00f3<\/h3>\n\t\t\t\t  <p>Curs 2024-2025<\/p>\n\t\t\t\t  <a class='flip-card-button' style='background-color:' target=\"_blank\" href=\"https:\/\/projectes.xtec.cat\/internacional\/convocatoria-24-25-quota-propia-del-departament-deducacio\/\" rel=\"noopener noreferrer\">Saber-ne m\u00e9s...<\/a>\n\t\t\t  <\/div>\n       <\/div>\n<\/div>\n","protected":false},"excerpt":{"rendered":"","protected":false},"author":1,"featured_media":0,"parent":17353,"menu_order":1,"comment_status":"closed","ping_status":"closed","template":"","meta":{"_bbp_topic_count":0,"_bbp_reply_count":0,"_bbp_total_topic_count":0,"_bbp_total_reply_count":0,"_bbp_voice_count":0,"_bbp_anonymous_reply_count":0,"_bbp_topic_count_hidden":0,"_bbp_reply_count_hidden":0,"_bbp_forum_subforum_count":0,"footnotes":""},"class_list":["post-13845","page","type-page","status-publish","hentry"],"post_mailing_queue_ids":[],"_links":{"self":[{"href":"https:\/\/projectes.xtec.cat\/internacional\/wp-json\/wp\/v2\/pages\/13845","targetHints":{"allow":["GET"]}}],"collection":[{"href":"https:\/\/projectes.xtec.cat\/internacional\/wp-json\/wp\/v2\/pages"}],"about":[{"href":"https:\/\/projectes.xtec.cat\/internacional\/wp-json\/wp\/v2\/types\/page"}],"author":[{"embeddable":true,"href":"https:\/\/projectes.xtec.cat\/internacional\/wp-json\/wp\/v2\/users\/1"}],"replies":[{"embeddable":true,"href":"https:\/\/projectes.xtec.cat\/internacional\/wp-json\/wp\/v2\/comments?post=13845"}],"version-history":[{"count":6,"href":"https:\/\/projectes.xtec.cat\/internacional\/wp-json\/wp\/v2\/pages\/13845\/revisions"}],"predecessor-version":[{"id":17355,"href":"https:\/\/projectes.xtec.cat\/internacional\/wp-json\/wp\/v2\/pages\/13845\/revisions\/17355"}],"up":[{"embeddable":true,"href":"https:\/\/projectes.xtec.cat\/internacional\/wp-json\/wp\/v2\/pages\/17353"}],"wp:attachment":[{"href":"https:\/\/projectes.xtec.cat\/internacional\/wp-json\/wp\/v2\/media?parent=13845"}],"curies":[{"name":"wp","href":"https:\/\/api.w.org\/{rel}","templated":true}]}}