{"id":13892,"date":"2024-06-18T10:10:12","date_gmt":"2024-06-18T08:10:12","guid":{"rendered":"https:\/\/projectes.xtec.cat\/internacional\/?page_id=13892"},"modified":"2025-05-21T10:11:00","modified_gmt":"2025-05-21T08:11:00","slug":"podcast-erasmus-revealed","status":"publish","type":"page","link":"https:\/\/projectes.xtec.cat\/internacional\/jornades-i-difusio-erasmus\/podcast-erasmus-revealed\/","title":{"rendered":"P\u00f2dcast: ERASMUS+ Revealed"},"content":{"rendered":"<p style=\"text-align: center;\"><a href=\"https:\/\/projectes.xtec.cat\/internacional\/wp-content\/uploads\/usu1767\/2024\/06\/ERevealed_Banners_EditablesPPT.jpg\"><img loading=\"lazy\" decoding=\"async\" class=\"alignnone wp-image-13896\" src=\"https:\/\/projectes.xtec.cat\/internacional\/wp-content\/uploads\/usu1767\/2024\/06\/ERevealed_Banners_EditablesPPT-1024x512.jpg\" alt=\"\" width=\"898\" height=\"449\" srcset=\"https:\/\/projectes.xtec.cat\/internacional\/wp-content\/uploads\/usu1767\/2024\/06\/ERevealed_Banners_EditablesPPT-1024x512.jpg 1024w, https:\/\/projectes.xtec.cat\/internacional\/wp-content\/uploads\/usu1767\/2024\/06\/ERevealed_Banners_EditablesPPT-300x150.jpg 300w, https:\/\/projectes.xtec.cat\/internacional\/wp-content\/uploads\/usu1767\/2024\/06\/ERevealed_Banners_EditablesPPT-768x384.jpg 768w, https:\/\/projectes.xtec.cat\/internacional\/wp-content\/uploads\/usu1767\/2024\/06\/ERevealed_Banners_EditablesPPT.jpg 1200w\" sizes=\"auto, (max-width: 898px) 100vw, 898px\" \/><\/a><\/p>\n<p>La<strong> Comissi\u00f3 Europea<\/strong> llan\u00e7a la seg\u00fcent iniciativa: <a href=\"https:\/\/erasmus-plus.ec.europa.eu\/whats-new\/podcast-erasmus-revealed?pk_source=website&amp;pk_medium=link&amp;pk_campaign=hp&amp;pk_content=hp-podcast\"><strong>Erasmus + revealed<\/strong><\/a>.<\/p>\n<p>Es tracta d&#8217;una s\u00e8rie de<strong> 8 episodis en format p\u00f2dcast<\/strong>, cadascun dels quals explorar\u00e0 un aspecte menys conegut del Programa, amb l&#8217;objectiu d&#8217;oferir respostes clares i concises a algunes de les preguntes m\u00e9s freq\u00fcents sobre<strong> Erasmus+ i les seves oportunitats<\/strong>.<\/p>\n<p>Tria on escoltar:<\/p>\n<p><a href=\"https:\/\/audiovisual.ec.europa.eu\/en\/audio\/S-009056\"><img loading=\"lazy\" decoding=\"async\" class=\"alignnone wp-image-13907\" src=\"https:\/\/projectes.xtec.cat\/internacional\/wp-content\/uploads\/usu1767\/2024\/06\/1628701.png\" alt=\"\" width=\"207\" height=\"207\" srcset=\"https:\/\/projectes.xtec.cat\/internacional\/wp-content\/uploads\/usu1767\/2024\/06\/1628701.png 512w, https:\/\/projectes.xtec.cat\/internacional\/wp-content\/uploads\/usu1767\/2024\/06\/1628701-300x300.png 300w, https:\/\/projectes.xtec.cat\/internacional\/wp-content\/uploads\/usu1767\/2024\/06\/1628701-150x150.png 150w\" sizes=\"auto, (max-width: 207px) 100vw, 207px\" \/><\/a>\u00a0 \u00a0 \u00a0 \u00a0 \u00a0 \u00a0 \u00a0 \u00a0 \u00a0 \u00a0 \u00a0 \u00a0 \u00a0 \u00a0 \u00a0 \u00a0 \u00a0 \u00a0 \u00a0 \u00a0 <a href=\"https:\/\/open.spotify.com\/show\/1YqGPX9pxVbMhpBecROgU9\"><img loading=\"lazy\" decoding=\"async\" class=\"alignnone wp-image-13909\" src=\"https:\/\/projectes.xtec.cat\/internacional\/wp-content\/uploads\/usu1767\/2024\/06\/111655_spotify-icon_512x512.png\" alt=\"\" width=\"210\" height=\"210\" srcset=\"https:\/\/projectes.xtec.cat\/internacional\/wp-content\/uploads\/usu1767\/2024\/06\/111655_spotify-icon_512x512.png 512w, https:\/\/projectes.xtec.cat\/internacional\/wp-content\/uploads\/usu1767\/2024\/06\/111655_spotify-icon_512x512-300x300.png 300w, https:\/\/projectes.xtec.cat\/internacional\/wp-content\/uploads\/usu1767\/2024\/06\/111655_spotify-icon_512x512-150x150.png 150w\" sizes=\"auto, (max-width: 210px) 100vw, 210px\" \/><\/a>\u00a0 \u00a0 \u00a0 \u00a0 \u00a0 \u00a0 \u00a0 \u00a0 \u00a0 \u00a0 \u00a0 \u00a0 \u00a0 \u00a0 \u00a0 \u00a0 \u00a0 \u00a0 \u00a0 \u00a0<a href=\"https:\/\/podcasts.apple.com\/us\/podcast\/erasmus-revealed\/id1750868710\"><img loading=\"lazy\" decoding=\"async\" class=\"alignnone wp-image-13910\" src=\"https:\/\/projectes.xtec.cat\/internacional\/wp-content\/uploads\/usu1767\/2024\/06\/Podcasts_iOS.svg_-1024x1024.png\" alt=\"\" width=\"210\" height=\"210\" srcset=\"https:\/\/projectes.xtec.cat\/internacional\/wp-content\/uploads\/usu1767\/2024\/06\/Podcasts_iOS.svg_-1024x1024.png 1024w, https:\/\/projectes.xtec.cat\/internacional\/wp-content\/uploads\/usu1767\/2024\/06\/Podcasts_iOS.svg_-300x300.png 300w, https:\/\/projectes.xtec.cat\/internacional\/wp-content\/uploads\/usu1767\/2024\/06\/Podcasts_iOS.svg_-150x150.png 150w, https:\/\/projectes.xtec.cat\/internacional\/wp-content\/uploads\/usu1767\/2024\/06\/Podcasts_iOS.svg_-768x768.png 768w, https:\/\/projectes.xtec.cat\/internacional\/wp-content\/uploads\/usu1767\/2024\/06\/Podcasts_iOS.svg_-1536x1536.png 1536w, https:\/\/projectes.xtec.cat\/internacional\/wp-content\/uploads\/usu1767\/2024\/06\/Podcasts_iOS.svg_.png 2048w\" sizes=\"auto, (max-width: 210px) 100vw, 210px\" \/><\/a><\/p>\n<p>Al servei de p\u00f2dcast\u00a0 \u00a0 \u00a0 \u00a0 \u00a0 \u00a0 \u00a0 \u00a0 \u00a0 \u00a0 \u00a0 \u00a0 \u00a0 \u00a0 \u00a0 \u00a0 \u00a0 \u00a0 \u00a0 \u00a0 \u00a0 \u00a0 \u00a0 \u00a0 \u00a0 \u00a0 \u00a0 \u00a0 \u00a0 \u00a0 \u00a0 \u00a0 \u00a0 \u00a0 \u00a0Spotify\u00a0 \u00a0 \u00a0 \u00a0 \u00a0 \u00a0 \u00a0 \u00a0 \u00a0 \u00a0 \u00a0 \u00a0 \u00a0 \u00a0 \u00a0 \u00a0 \u00a0 \u00a0 \u00a0 \u00a0 \u00a0 \u00a0 \u00a0 \u00a0 \u00a0 \u00a0 \u00a0 \u00a0 \u00a0 \u00a0 \u00a0 \u00a0 \u00a0 \u00a0 \u00a0 Apple P\u00f2dcast<\/p>\n<p>&nbsp;<\/p>\n<h4><a href=\"https:\/\/audiovisual.ec.europa.eu\/en\/audio\/S-009056\"><span style=\"text-decoration: underline;\">EPISODI 1<\/span><\/a><\/h4>\n<h2><a href=\"https:\/\/audiovisual.ec.europa.eu\/en\/audio\/S-009056\"><em><sub>Your journey towards learning and growth<\/sub><\/em><\/a><\/h2>\n<p><strong>Ponent:<\/strong> <em>\u00a0Pia Ahrenkilde Hansen<\/em>, Directora General d&#8217;Educaci\u00f3, Joventut, Esport i Cultura de la Comissi\u00f3 Europea<\/p>\n<p><strong>Tema<\/strong>: breu hist\u00f2ria i antecedents del programa Erasmus+, n&#8217;esbossant els principals objectius i mostrant els elements clau sobre la participaci\u00f3 i l&#8217;abast.<\/p>\n<p><strong>Idioma<\/strong>: angl\u00e8s<\/p>\n<p><strong>Duraci\u00f3<\/strong>: 00:09:50<\/p>\n<p><a href=\"https:\/\/audiovisual.ec.europa.eu\/en\/audio\/S-009056\"><img loading=\"lazy\" decoding=\"async\" class=\"wp-image-13897 alignleft\" src=\"https:\/\/projectes.xtec.cat\/internacional\/wp-content\/uploads\/usu1767\/2024\/06\/Captura-de-pantalla-2024-06-17-144429.jpg\" alt=\"\" width=\"536\" height=\"303\" srcset=\"https:\/\/projectes.xtec.cat\/internacional\/wp-content\/uploads\/usu1767\/2024\/06\/Captura-de-pantalla-2024-06-17-144429.jpg 718w, https:\/\/projectes.xtec.cat\/internacional\/wp-content\/uploads\/usu1767\/2024\/06\/Captura-de-pantalla-2024-06-17-144429-300x170.jpg 300w\" sizes=\"auto, (max-width: 536px) 100vw, 536px\" \/><\/a><\/p>\n<p>&nbsp;<\/p>\n<p>&nbsp;<\/p>\n<p>&nbsp;<\/p>\n<p>&nbsp;<\/p>\n<p>&nbsp;<\/p>\n<p>&nbsp;<\/p>\n<p>&nbsp;<\/p>\n<p>&nbsp;<\/p>\n<h4><a href=\"https:\/\/audiovisual.ec.europa.eu\/en\/audio\/S-009058\"><span style=\"text-decoration: underline;\">EPISODI 2<\/span><\/a><\/h4>\n<h2><a href=\"https:\/\/audiovisual.ec.europa.eu\/en\/audio\/S-009058\"><em><sub>You learn, you give back: an Erasmus+ story<\/sub><\/em><\/a><\/h2>\n<p><strong>Ponent:<\/strong> <em>Kristiana Stoyanova,<\/em> Consultora en sostenibilitat i empoderament de les dones.<\/p>\n<p><strong>Tema<\/strong>: com el programa Erasmus+ at\u00e9n una \u00e0mplia gamma de persones, deixant una empremta duradora en milions de vides a Europa i m\u00e9s enll\u00e0; es tracten els principals beneficis del programa en relaci\u00f3 amb el desenvolupament personal i professional, la comprensi\u00f3 cultural, la creaci\u00f3 de xarxes i l&#8217;ocupabilitat.<\/p>\n<p><strong>Idioma<\/strong>: angl\u00e8s<\/p>\n<p><strong>Duraci\u00f3<\/strong>: 00:10:07<\/p>\n<p><a href=\"https:\/\/audiovisual.ec.europa.eu\/en\/audio\/S-009058\"><img loading=\"lazy\" decoding=\"async\" class=\"alignnone wp-image-13948\" src=\"https:\/\/projectes.xtec.cat\/internacional\/wp-content\/uploads\/usu1767\/2024\/06\/Captura-de-pantalla-2024-06-28-121231-1024x577.jpg\" alt=\"\" width=\"560\" height=\"316\" srcset=\"https:\/\/projectes.xtec.cat\/internacional\/wp-content\/uploads\/usu1767\/2024\/06\/Captura-de-pantalla-2024-06-28-121231-1024x577.jpg 1024w, https:\/\/projectes.xtec.cat\/internacional\/wp-content\/uploads\/usu1767\/2024\/06\/Captura-de-pantalla-2024-06-28-121231-300x169.jpg 300w, https:\/\/projectes.xtec.cat\/internacional\/wp-content\/uploads\/usu1767\/2024\/06\/Captura-de-pantalla-2024-06-28-121231-768x433.jpg 768w, https:\/\/projectes.xtec.cat\/internacional\/wp-content\/uploads\/usu1767\/2024\/06\/Captura-de-pantalla-2024-06-28-121231.jpg 1077w\" sizes=\"auto, (max-width: 560px) 100vw, 560px\" \/><\/a><\/p>\n<p>&nbsp;<\/p>\n<h4><a href=\"https:\/\/audiovisual.ec.europa.eu\/en\/audio\/S-009098\"><span style=\"text-decoration: underline;\">EPISODI 3<\/span><\/a><\/h4>\n<h2><a href=\"https:\/\/audiovisual.ec.europa.eu\/en\/audio\/S-009098\"><em><sub>Erasmus + for schools, connecting through the classroom<\/sub><\/em><\/a><\/h2>\n<p><strong>Ponent:<\/strong> <em>Petar Nikoli\u0107<\/em>, professor de geografia, assessor i ambaixador d&#8217;eTwinning procedent de Cro\u00e0cia.<\/p>\n<p><strong>Tema<\/strong>: Aquest episodi ofereix consells pr\u00e0ctics i encoratjament per a les escoles que dubten a unir-se a Erasmus+.Es treballen eines essencials com eTwinning i la Plataforma Europea d&#8217;Educaci\u00f3 Escolar, i l&#8217;impacte que genera en l&#8217;aprenentatge de l&#8217;alumnat.<\/p>\n<p><strong>Idioma<\/strong>: angl\u00e8s<\/p>\n<p><strong>Duraci\u00f3<\/strong>: 00:12:22<\/p>\n<p><a href=\"https:\/\/audiovisual.ec.europa.eu\/en\/audio\/S-009098\"><img loading=\"lazy\" decoding=\"async\" class=\"alignnone wp-image-13949\" src=\"https:\/\/projectes.xtec.cat\/internacional\/wp-content\/uploads\/usu1767\/2024\/06\/Captura-de-pantalla-2024-06-28-121747-1024x576.jpg\" alt=\"\" width=\"571\" height=\"321\" srcset=\"https:\/\/projectes.xtec.cat\/internacional\/wp-content\/uploads\/usu1767\/2024\/06\/Captura-de-pantalla-2024-06-28-121747-1024x576.jpg 1024w, https:\/\/projectes.xtec.cat\/internacional\/wp-content\/uploads\/usu1767\/2024\/06\/Captura-de-pantalla-2024-06-28-121747-300x169.jpg 300w, https:\/\/projectes.xtec.cat\/internacional\/wp-content\/uploads\/usu1767\/2024\/06\/Captura-de-pantalla-2024-06-28-121747-768x432.jpg 768w, https:\/\/projectes.xtec.cat\/internacional\/wp-content\/uploads\/usu1767\/2024\/06\/Captura-de-pantalla-2024-06-28-121747.jpg 1069w\" sizes=\"auto, (max-width: 571px) 100vw, 571px\" \/><\/a><\/p>\n<h4><a href=\"https:\/\/audiovisual.ec.europa.eu\/en\/audio\/S-009103\"><span style=\"text-decoration: underline;\">EPISODI 4<\/span><\/a><\/h4>\n<h2><a href=\"https:\/\/audiovisual.ec.europa.eu\/en\/audio\/S-009103\"><em><sub>Erasmus +: Tips and resources for organisations<\/sub><\/em><\/a><\/h2>\n<p><strong>Ponent:<\/strong> <em>\u00a0Pierre Gilet, <\/em>treballador\u00a0social i professional de l&#8217;aprenentatge per a adults de B\u00e8lgica<\/p>\n<p><strong>Tema<\/strong>: com la vostra organitzaci\u00f3 pot cr\u00e9ixer amb Erasmus+ i com maximitzar els beneficis del programa tant a nivell professional com personal.<\/p>\n<p><strong>Idioma<\/strong>: angl\u00e8s<\/p>\n<p><strong>Duraci\u00f3<\/strong>: 00:11:55<\/p>\n<p>&nbsp;<\/p>\n<p><a href=\"https:\/\/projectes.xtec.cat\/internacional\/wp-content\/uploads\/usu1767\/2024\/09\/eras.jpg\"><img loading=\"lazy\" decoding=\"async\" class=\"wp-image-14285 alignnone\" src=\"https:\/\/projectes.xtec.cat\/internacional\/wp-content\/uploads\/usu1767\/2024\/09\/eras-1024x589.jpg\" alt=\"\" width=\"574\" height=\"330\" srcset=\"https:\/\/projectes.xtec.cat\/internacional\/wp-content\/uploads\/usu1767\/2024\/09\/eras-1024x589.jpg 1024w, https:\/\/projectes.xtec.cat\/internacional\/wp-content\/uploads\/usu1767\/2024\/09\/eras-300x173.jpg 300w, https:\/\/projectes.xtec.cat\/internacional\/wp-content\/uploads\/usu1767\/2024\/09\/eras-768x442.jpg 768w, https:\/\/projectes.xtec.cat\/internacional\/wp-content\/uploads\/usu1767\/2024\/09\/eras.jpg 1102w\" sizes=\"auto, (max-width: 574px) 100vw, 574px\" \/><\/a><\/p>\n<h4><a href=\"https:\/\/audiovisual.ec.europa.eu\/en\/audio\/S-009105\"><span style=\"text-decoration: underline;\">EPISODI 5<\/span><\/a><\/h4>\n<h2><a href=\"https:\/\/audiovisual.ec.europa.eu\/en\/audio\/S-009105\"><em><sub>Erasmus + finance explained<\/sub><\/em><\/a><\/h2>\n<p><strong>Ponent:<\/strong> <em> Maude Sire,\u00a0<\/em>Ag\u00e8ncia Nacional francesa.<\/p>\n<p><strong>Tema<\/strong>: preguntes financeres clau per a possibles participants, cobrint el finan\u00e7ament i les beques per a activitats d&#8217;Erasmus+<\/p>\n<p><strong>Idioma<\/strong>: angl\u00e8s<\/p>\n<p><strong>Duraci\u00f3<\/strong>: 00:12:48<\/p>\n<p><a href=\"https:\/\/audiovisual.ec.europa.eu\/en\/audio\/S-009105\"><img loading=\"lazy\" decoding=\"async\" class=\" wp-image-14287 alignnone\" src=\"https:\/\/projectes.xtec.cat\/internacional\/wp-content\/uploads\/usu1767\/2024\/09\/eras-1-1024x595.jpg\" alt=\"\" width=\"566\" height=\"329\" srcset=\"https:\/\/projectes.xtec.cat\/internacional\/wp-content\/uploads\/usu1767\/2024\/09\/eras-1-1024x595.jpg 1024w, https:\/\/projectes.xtec.cat\/internacional\/wp-content\/uploads\/usu1767\/2024\/09\/eras-1-300x174.jpg 300w, https:\/\/projectes.xtec.cat\/internacional\/wp-content\/uploads\/usu1767\/2024\/09\/eras-1-768x446.jpg 768w, https:\/\/projectes.xtec.cat\/internacional\/wp-content\/uploads\/usu1767\/2024\/09\/eras-1.jpg 1095w\" sizes=\"auto, (max-width: 566px) 100vw, 566px\" \/><\/a><\/p>\n<h4><a href=\"https:\/\/audiovisual.ec.europa.eu\/en\/audio\/S-009110\"><span style=\"text-decoration: underline;\">EPISODI 6<\/span><\/a><\/h4>\n<h2><a href=\"https:\/\/audiovisual.ec.europa.eu\/en\/audio\/S-009110\"><em><sub>Erasmus + on the move<\/sub><\/em><\/a><\/h2>\n<p><strong>Ponent:<\/strong> \u00a0<em>Ana Moutas, <\/em>experta en mobilitat i coordinadora del centre juvenil <em>Psient\u00edfica and \u00c1gueda<\/em> a Portugal<\/p>\n<p><strong>Tema<\/strong>: ens endinsem en els aspectes pr\u00e0ctics de la mobilitat per a individus, oferint una guia completa sobre les destinacions de mobilitat i coneixements valuosos sobre diversos pa\u00efsos i institucions<\/p>\n<p><strong>Idioma<\/strong>: angl\u00e8s<\/p>\n<p><strong>Duraci\u00f3<\/strong>: 00:13:35<\/p>\n<p><a href=\"https:\/\/audiovisual.ec.europa.eu\/en\/audio\/S-009110\"><img loading=\"lazy\" decoding=\"async\" class=\"wp-image-14291 alignnone\" src=\"https:\/\/projectes.xtec.cat\/internacional\/wp-content\/uploads\/usu1767\/2024\/09\/eras-2-1024x582.jpg\" alt=\"\" width=\"558\" height=\"317\" srcset=\"https:\/\/projectes.xtec.cat\/internacional\/wp-content\/uploads\/usu1767\/2024\/09\/eras-2-1024x582.jpg 1024w, https:\/\/projectes.xtec.cat\/internacional\/wp-content\/uploads\/usu1767\/2024\/09\/eras-2-300x170.jpg 300w, https:\/\/projectes.xtec.cat\/internacional\/wp-content\/uploads\/usu1767\/2024\/09\/eras-2-768x436.jpg 768w, https:\/\/projectes.xtec.cat\/internacional\/wp-content\/uploads\/usu1767\/2024\/09\/eras-2.jpg 1098w\" sizes=\"auto, (max-width: 558px) 100vw, 558px\" \/><\/a><\/p>\n<h4><a href=\"https:\/\/audiovisual.ec.europa.eu\/en\/audio\/S-009113\"><span style=\"text-decoration: underline;\">EPISODI 7<\/span><\/a><\/h4>\n<h2><a href=\"https:\/\/audiovisual.ec.europa.eu\/en\/audio\/S-009113\"><em><sub>Opening doors: Erasmus + for everyone<\/sub><\/em><\/a><\/h2>\n<p><strong>Ponent:<\/strong> <em>Eleni Theodorou<\/em>, directora general de la fundaci\u00f3 <em>We Share Forward<\/em><\/p>\n<p><strong>Tema<\/strong>: Erasmus+ com a catalitzador per a una Europa inclusiva.<\/p>\n<p><strong>Idioma<\/strong>: angl\u00e8s<\/p>\n<p><strong>Duraci\u00f3<\/strong>: 00:12:05<\/p>\n<p><a href=\"https:\/\/audiovisual.ec.europa.eu\/en\/audio\/S-009113\"><img loading=\"lazy\" decoding=\"async\" class=\"wp-image-14296 alignnone\" src=\"https:\/\/projectes.xtec.cat\/internacional\/wp-content\/uploads\/usu1767\/2024\/09\/eras-3-1024x590.jpg\" alt=\"\" width=\"559\" height=\"322\" srcset=\"https:\/\/projectes.xtec.cat\/internacional\/wp-content\/uploads\/usu1767\/2024\/09\/eras-3-1024x590.jpg 1024w, https:\/\/projectes.xtec.cat\/internacional\/wp-content\/uploads\/usu1767\/2024\/09\/eras-3-300x173.jpg 300w, https:\/\/projectes.xtec.cat\/internacional\/wp-content\/uploads\/usu1767\/2024\/09\/eras-3-768x442.jpg 768w, https:\/\/projectes.xtec.cat\/internacional\/wp-content\/uploads\/usu1767\/2024\/09\/eras-3.jpg 1099w\" sizes=\"auto, (max-width: 559px) 100vw, 559px\" \/><\/a><\/p>\n<h4><a href=\"https:\/\/audiovisual.ec.europa.eu\/en\/audio\/S-009116\"><span style=\"text-decoration: underline;\">EPISODI 8<\/span><\/a><\/h4>\n<h2><a href=\"https:\/\/audiovisual.ec.europa.eu\/en\/audio\/S-009116\"><em><sub>Erasmus +: what happens after?<\/sub><\/em><\/a><\/h2>\n<p><strong>Ponent:<\/strong> <em>Juliane Schr\u00f6der<\/em>, ambaixadora Erasmus+ en Educaci\u00f3 i Formaci\u00f3 Professional.<\/p>\n<p><strong>Tema<\/strong>: beneficis post-programa d&#8217;Erasmus+; com pot millorar les perspectives laborals i el creixement organitzacional.<\/p>\n<p><strong>Idioma<\/strong>: angl\u00e8s<\/p>\n<p><strong>Duraci\u00f3<\/strong>: 00:13:42<\/p>\n<p><a href=\"https:\/\/audiovisual.ec.europa.eu\/en\/audio\/S-009116\"><img loading=\"lazy\" decoding=\"async\" class=\" wp-image-14303 alignleft\" src=\"https:\/\/projectes.xtec.cat\/internacional\/wp-content\/uploads\/usu1767\/2024\/09\/eras-4-1024x588.jpg\" alt=\"\" width=\"577\" height=\"331\" srcset=\"https:\/\/projectes.xtec.cat\/internacional\/wp-content\/uploads\/usu1767\/2024\/09\/eras-4-1024x588.jpg 1024w, https:\/\/projectes.xtec.cat\/internacional\/wp-content\/uploads\/usu1767\/2024\/09\/eras-4-300x172.jpg 300w, https:\/\/projectes.xtec.cat\/internacional\/wp-content\/uploads\/usu1767\/2024\/09\/eras-4-768x441.jpg 768w, https:\/\/projectes.xtec.cat\/internacional\/wp-content\/uploads\/usu1767\/2024\/09\/eras-4.jpg 1107w\" sizes=\"auto, (max-width: 577px) 100vw, 577px\" \/><\/a><\/p>\n","protected":false},"excerpt":{"rendered":"<p><a href=\"https:\/\/projectes.xtec.cat\/internacional\/wp-content\/uploads\/usu1767\/2024\/06\/ERevealed_Banners_EditablesPPT.jpg\"><\/a><br \/>\nLa Comissi\u00f3 Europea llan\u00e7a la seg\u00fcent iniciativa: <a href=\"https:\/\/erasmus-plus.ec.europa.eu\/whats-new\/podcast-erasmus-revealed?pk_source=website&amp;pk_medium=link&amp;pk_campaign=hp&amp;pk_content=hp-podcast\">Erasmus + revealed<\/a>.<br \/>\nEs tracta d&#8217;una s\u00e8rie de 8 episodis en format p\u00f2dcast, cadascun dels quals explorar\u00e0 un aspecte menys conegut del Programa, amb l&#8217;objectiu d&#8217;oferir respostes clares i concises a algunes de les preguntes m\u00e9s freq\u00fcents&hellip;  <a href=\"https:\/\/projectes.xtec.cat\/internacional\/jornades-i-difusio-erasmus\/podcast-erasmus-revealed\/\" title=\"Read P\u00f2dcast: ERASMUS+ Revealed\">Llegeix m\u00e9s\u00bb<\/a><\/p>\n","protected":false},"author":1,"featured_media":0,"parent":11239,"menu_order":0,"comment_status":"closed","ping_status":"closed","template":"page-templates\/side-menu.php","meta":{"_bbp_topic_count":0,"_bbp_reply_count":0,"_bbp_total_topic_count":0,"_bbp_total_reply_count":0,"_bbp_voice_count":0,"_bbp_anonymous_reply_count":0,"_bbp_topic_count_hidden":0,"_bbp_reply_count_hidden":0,"_bbp_forum_subforum_count":0,"footnotes":""},"class_list":["post-13892","page","type-page","status-publish","hentry"],"post_mailing_queue_ids":[],"_links":{"self":[{"href":"https:\/\/projectes.xtec.cat\/internacional\/wp-json\/wp\/v2\/pages\/13892","targetHints":{"allow":["GET"]}}],"collection":[{"href":"https:\/\/projectes.xtec.cat\/internacional\/wp-json\/wp\/v2\/pages"}],"about":[{"href":"https:\/\/projectes.xtec.cat\/internacional\/wp-json\/wp\/v2\/types\/page"}],"author":[{"embeddable":true,"href":"https:\/\/projectes.xtec.cat\/internacional\/wp-json\/wp\/v2\/users\/1"}],"replies":[{"embeddable":true,"href":"https:\/\/projectes.xtec.cat\/internacional\/wp-json\/wp\/v2\/comments?post=13892"}],"version-history":[{"count":6,"href":"https:\/\/projectes.xtec.cat\/internacional\/wp-json\/wp\/v2\/pages\/13892\/revisions"}],"predecessor-version":[{"id":14304,"href":"https:\/\/projectes.xtec.cat\/internacional\/wp-json\/wp\/v2\/pages\/13892\/revisions\/14304"}],"up":[{"embeddable":true,"href":"https:\/\/projectes.xtec.cat\/internacional\/wp-json\/wp\/v2\/pages\/11239"}],"wp:attachment":[{"href":"https:\/\/projectes.xtec.cat\/internacional\/wp-json\/wp\/v2\/media?parent=13892"}],"curies":[{"name":"wp","href":"https:\/\/api.w.org\/{rel}","templated":true}]}}