{"id":14020,"date":"2024-07-25T11:35:30","date_gmt":"2024-07-25T09:35:30","guid":{"rendered":"https:\/\/projectes.xtec.cat\/internacional\/?page_id=14020"},"modified":"2025-08-08T09:16:31","modified_gmt":"2025-08-08T07:16:31","slug":"centres-acceptat-al-porgrama-dauxiliars-de-conversa-curs-2024-25","status":"publish","type":"page","link":"https:\/\/projectes.xtec.cat\/internacional\/auxiliars-de-conversa\/centres-acceptats-al-programa-dauxiliars-de-conversa-mapa\/centres-acceptat-al-porgrama-dauxiliars-de-conversa-curs-2024-25\/","title":{"rendered":"Centres acceptats al Programa d&#8217;Auxiliars de Conversa 2024-25"},"content":{"rendered":"<p>En blau els de la quota del Ministerio de Educaci\u00f3n, Formaci\u00f3n Profesional y Deportes (MEFP) i en vermell els de la quota pr\u00f2pia del Departament d&#8217;Educaci\u00f3.<\/p>\n<p><iframe loading=\"lazy\" src=\"https:\/\/www.google.com\/maps\/d\/u\/0\/embed?mid=1PdxzL9pnSgxSHA3xqga3Q6vSJkzlsSM&amp;ehbc=2E312F\" width=\"640\" height=\"480\"><\/iframe><\/p>\n","protected":false},"excerpt":{"rendered":"<p>En blau els de la quota del Ministerio de Educaci\u00f3n, Formaci\u00f3n Profesional y Deportes (MEFP) i en vermell els de la quota pr\u00f2pia del Departament d&#8217;Educaci\u00f3.<\/p>\n","protected":false},"author":1,"featured_media":0,"parent":12605,"menu_order":4,"comment_status":"closed","ping_status":"closed","template":"","meta":{"_bbp_topic_count":0,"_bbp_reply_count":0,"_bbp_total_topic_count":0,"_bbp_total_reply_count":0,"_bbp_voice_count":0,"_bbp_anonymous_reply_count":0,"_bbp_topic_count_hidden":0,"_bbp_reply_count_hidden":0,"_bbp_forum_subforum_count":0,"footnotes":""},"class_list":["post-14020","page","type-page","status-publish","hentry"],"post_mailing_queue_ids":[],"_links":{"self":[{"href":"https:\/\/projectes.xtec.cat\/internacional\/wp-json\/wp\/v2\/pages\/14020","targetHints":{"allow":["GET"]}}],"collection":[{"href":"https:\/\/projectes.xtec.cat\/internacional\/wp-json\/wp\/v2\/pages"}],"about":[{"href":"https:\/\/projectes.xtec.cat\/internacional\/wp-json\/wp\/v2\/types\/page"}],"author":[{"embeddable":true,"href":"https:\/\/projectes.xtec.cat\/internacional\/wp-json\/wp\/v2\/users\/1"}],"replies":[{"embeddable":true,"href":"https:\/\/projectes.xtec.cat\/internacional\/wp-json\/wp\/v2\/comments?post=14020"}],"version-history":[{"count":5,"href":"https:\/\/projectes.xtec.cat\/internacional\/wp-json\/wp\/v2\/pages\/14020\/revisions"}],"predecessor-version":[{"id":14074,"href":"https:\/\/projectes.xtec.cat\/internacional\/wp-json\/wp\/v2\/pages\/14020\/revisions\/14074"}],"up":[{"embeddable":true,"href":"https:\/\/projectes.xtec.cat\/internacional\/wp-json\/wp\/v2\/pages\/12605"}],"wp:attachment":[{"href":"https:\/\/projectes.xtec.cat\/internacional\/wp-json\/wp\/v2\/media?parent=14020"}],"curies":[{"name":"wp","href":"https:\/\/api.w.org\/{rel}","templated":true}]}}