{"id":14180,"date":"2024-08-25T13:02:29","date_gmt":"2024-08-25T11:02:29","guid":{"rendered":"https:\/\/projectes.xtec.cat\/internacional\/?page_id=14180"},"modified":"2024-08-25T13:14:41","modified_gmt":"2024-08-25T11:14:41","slug":"activitats-de-secundaria-batxillerat-i-cicle-formatius-daltres-cursos","status":"publish","type":"page","link":"https:\/\/projectes.xtec.cat\/internacional\/activitats-de-secundaria-batxillerat-i-cicle-formatius-daltres-cursos\/","title":{"rendered":"Activitats de secund\u00e0ria, batxillerat i cicle formatius d&#8217;altres cursos"},"content":{"rendered":"<table>\n<tbody>\n<tr>\n<td><span style=\"font-weight: 400;\">Llengua<\/span><\/td>\n<td><span style=\"font-weight: 400;\">Centre<\/span><\/td>\n<td><span style=\"font-weight: 400;\">Activitat<\/span><\/td>\n<td><span style=\"font-weight: 400;\">Material<\/span><\/td>\n<\/tr>\n<tr>\n<td><span style=\"font-weight: 400;\">Angl\u00e8s<\/span><\/td>\n<td><span style=\"font-weight: 400;\">INS Tur\u00f3 d&#8217;en Baldiri (Tei\u00e0)<\/span><\/td>\n<td><a href=\"https:\/\/projectes.xtec.cat\/internacional\/wp-content\/uploads\/usu1767\/2020\/04\/fitxa_institutturodenbaldiri_oral_angles_19-20.pdf\"><span style=\"font-weight: 400;\">Australia on fire<\/span><\/a><\/td>\n<td><a href=\"https:\/\/projectes.xtec.cat\/internacional\/wp-content\/uploads\/usu1767\/2020\/04\/material_institutturodenbaldiri_oral_angles_2019_2020.pdf\"><span style=\"font-weight: 400;\">material<\/span><\/a><\/td>\n<\/tr>\n<tr>\n<td><span style=\"font-weight: 400;\">Angl\u00e8s<\/span><\/td>\n<td><span style=\"font-weight: 400;\">INS Josep Puig i Cadafalch (Matar\u00f3)<\/span><\/td>\n<td><a href=\"https:\/\/projectes.xtec.cat\/internacional\/wp-content\/uploads\/usu1767\/2020\/04\/fitxa_insjoseppuigicadafalch_cultural_angles_19_20.pdf\"><span style=\"font-weight: 400;\">Discovering the Bayeux Tapestry<\/span><\/a><\/td>\n<td><a href=\"https:\/\/projectes.xtec.cat\/internacional\/wp-content\/uploads\/usu1767\/2020\/04\/material_insjoseppuigicadafalch_cultural_angles_2019_2020.pdf\"><span style=\"font-weight: 400;\">material<\/span><\/a><\/td>\n<\/tr>\n<tr>\n<td><span style=\"font-weight: 400;\">Angl\u00e8s<\/span><\/td>\n<td><span style=\"font-weight: 400;\">INS Rafael Casanova (Sant Boi de Llobregat)<\/span><\/td>\n<td><a href=\"https:\/\/projectes.xtec.cat\/internacional\/wp-content\/uploads\/usu1767\/2020\/04\/Fitxa_institutrafaelcasanova_cultural_angl%C3%A8s_1920.pdf\"><span style=\"font-weight: 400;\">Messages in music<\/span><\/a><\/td>\n<td><span style=\"font-weight: 400;\">\u00a0<\/span><\/td>\n<\/tr>\n<tr>\n<td><span style=\"font-weight: 400;\">Angl\u00e8s<\/span><\/td>\n<td><span style=\"font-weight: 400;\">INS Joan Or\u00f3 (Lleida)<\/span><\/td>\n<td><a href=\"https:\/\/projectes.xtec.cat\/internacional\/wp-content\/uploads\/usu1767\/2020\/04\/fitxa_Institut-JoanOro_oral_angles-1920.pdf\"><span style=\"font-weight: 400;\">Playing to learn, learning to play<\/span><\/a><\/td>\n<td><a href=\"https:\/\/sites.google.com\/xtec.cat\/playingtolearn\"><span style=\"font-weight: 400;\">https:\/\/sites.google.com\/xtec.cat\/playingtolearn<\/span><\/a><\/p>\n<p><span style=\"font-weight: 400;\">\u00a0<\/span><\/td>\n<\/tr>\n<tr>\n<td><span style=\"font-weight: 400;\">Angl\u00e8s<\/span><\/td>\n<td><span style=\"font-weight: 400;\">INS d&#8217;Auro (Santpedor)<\/span><\/td>\n<td><a href=\"https:\/\/projectes.xtec.cat\/internacional\/wp-content\/uploads\/usu1767\/2020\/04\/fitxa_insdauro_cultural_angles_1920.pdf\"><span style=\"font-weight: 400;\">Reality TV in the UK<\/span><\/a><\/td>\n<td><a href=\"https:\/\/projectes.xtec.cat\/internacional\/wp-content\/uploads\/usu1767\/2020\/04\/material_insdauro_cultural_angles_1920.pdf\"><span style=\"font-weight: 400;\">material<\/span><\/a><\/td>\n<\/tr>\n<tr>\n<td><span style=\"font-weight: 400;\">Angl\u00e8s<\/span><\/td>\n<td><span style=\"font-weight: 400;\">INS Alexandre de Riquer (Calaf)<\/span><\/td>\n<td><a href=\"https:\/\/projectes.xtec.cat\/internacional\/wp-content\/uploads\/usu1767\/2020\/04\/fitxa_insalexandrederiquer_cultural_angles_1920.pdf\"><span style=\"font-weight: 400;\">It&#8217;s not just cricket<\/span><\/a><\/td>\n<td><span style=\"font-weight: 400;\">\u00a0<\/span><\/td>\n<\/tr>\n<tr>\n<td><span style=\"font-weight: 400;\">Angl\u00e8s<\/span><\/td>\n<td><span style=\"font-weight: 400;\">INS Joan Zafra (Barcelona)<\/span><\/td>\n<td><a href=\"https:\/\/projectes.xtec.cat\/internacional\/wp-content\/uploads\/usu1767\/2020\/04\/fitxacg_institutzafra_aicle_angles_1920.pdf\"><span style=\"font-weight: 400;\">PE Vocabulary Olympics<\/span><\/a><\/td>\n<td><span style=\"font-weight: 400;\">\u00a0<\/span><\/td>\n<\/tr>\n<tr>\n<td><span style=\"font-weight: 400;\">Franc\u00e8s<\/span><\/td>\n<td><span style=\"font-weight: 400;\">INS Jaume Balmes (Barcelona)<\/span><\/td>\n<td><a href=\"https:\/\/projectes.xtec.cat\/internacional\/wp-content\/uploads\/usu1767\/2020\/04\/fitxaactividadJaumeBalmes.docx\"><span style=\"font-weight: 400;\">Qui soc? Qui s\u00f3n?<\/span><\/a><\/td>\n<td><span style=\"font-weight: 400;\">\u00a0<\/span><\/td>\n<\/tr>\n<tr>\n<td><span style=\"font-weight: 400;\">Itali\u00e0<\/span><\/td>\n<td><span style=\"font-weight: 400;\">IEA Oriol Martorell (Barcelona)<\/span><\/td>\n<td><a href=\"https:\/\/projectes.xtec.cat\/internacional\/wp-content\/uploads\/usu1767\/2020\/04\/fitxa-auxiliars-FRANCESCA-NAPOLITANO.pdf\"><span style=\"font-weight: 400;\">Il carnevale in Italia-Non solo Venezia<\/span><\/a><\/td>\n<td><a href=\"https:\/\/projectes.xtec.cat\/internacional\/wp-content\/uploads\/usu1767\/2020\/04\/Materiale-Unit%C3%A0-Didattica-FRANCESCA-NAPOLITANO.pdf\"><span style=\"font-weight: 400;\">Materiale Unit\u00e0 Didattica<\/span><\/a><\/td>\n<\/tr>\n<tr>\n<td><span style=\"font-weight: 400;\">Franc\u00e8s<\/span><\/td>\n<td><span style=\"font-weight: 400;\">INS La Llauna (Badalona)<\/span><\/td>\n<td><a href=\"https:\/\/projectes.xtec.cat\/internacional\/wp-content\/uploads\/usu1767\/2021\/04\/Vaihimu-Tetua-INS-La-Llauna.pdf\"><span style=\"font-weight: 400;\">L\u2019environnement: les enjeux des changements climatiques<\/span><\/a><\/td>\n<td><span style=\"font-weight: 400;\">\u00a0<\/span><\/td>\n<\/tr>\n<tr>\n<td><span style=\"font-weight: 400;\">Angl\u00e8s<\/span><\/td>\n<td><span style=\"font-weight: 400;\">INS Esteve Terradas (Cornell\u00e0 de Llobregat)<\/span><\/td>\n<td><a href=\"https:\/\/projectes.xtec.cat\/internacional\/wp-content\/uploads\/usu1767\/2021\/04\/fitxa_esteveterradas_aicle_angles_2021.pdf\"><span style=\"font-weight: 400;\">Reduce Reuse Recycle<\/span><\/a><\/td>\n<td><a href=\"https:\/\/projectes.xtec.cat\/internacional\/wp-content\/uploads\/usu1767\/2021\/04\/material_esteveterradas_aicle_angles_2020_2021.pdf\"><span style=\"font-weight: 400;\">Material<\/span><\/a><\/p>\n<p><a href=\"https:\/\/projectes.xtec.cat\/internacional\/wp-content\/uploads\/usu1767\/2021\/04\/gameshow-style-quiz.pptx\"><span style=\"font-weight: 400;\">Quizz<\/span><\/a><\/td>\n<\/tr>\n<tr>\n<td><span style=\"font-weight: 400;\">Angl\u00e8s<\/span><\/td>\n<td><span style=\"font-weight: 400;\">INS Rafael Casanova (Sant Boi de Llobregat)<\/span><\/td>\n<td><a href=\"https:\/\/projectes.xtec.cat\/internacional\/wp-content\/uploads\/usu1767\/2021\/04\/fitxa_insrafaelcasanova_oral_angles_2021.pdf\"><span style=\"font-weight: 400;\">The Working World: Preparing and practicing for job interviews in English<\/span><\/a><\/td>\n<td><span style=\"font-weight: 400;\">\u00a0<\/span><\/td>\n<\/tr>\n<tr>\n<td><span style=\"font-weight: 400;\">Angl\u00e8s<\/span><\/td>\n<td><span style=\"font-weight: 400;\">INS Salvador Segu\u00ed (Barcelona)<\/span><\/td>\n<td><a href=\"https:\/\/projectes.xtec.cat\/internacional\/wp-content\/uploads\/usu1767\/2021\/04\/fitxa_institutsalvadorsegui_aicle_angles_2021.pdf\"><span style=\"font-weight: 400;\">Podcast Language<\/span><\/a><\/td>\n<td><a href=\"https:\/\/projectes.xtec.cat\/internacional\/wp-content\/uploads\/usu1767\/2021\/04\/material_institutsalvadorsegui_aicle_angles_2021.pdf\"><span style=\"font-weight: 400;\">Material<\/span><\/a><\/td>\n<\/tr>\n<tr>\n<td><span style=\"font-weight: 400;\">Franc\u00e8s<\/span><\/td>\n<td><span style=\"font-weight: 400;\">INS Frederic Mart\u00ed Carreras (Palafrugell)<\/span><\/td>\n<td><a href=\"https:\/\/projectes.xtec.cat\/internacional\/wp-content\/uploads\/usu1767\/2021\/04\/fitxa_insfredericmarticarreras_oral_franc%C3%A8s_2021.pdf\"><span style=\"font-weight: 400;\">Protegim el medi ambient!<\/span><\/a><\/td>\n<td><span style=\"font-weight: 400;\">\u00a0<\/span><\/td>\n<\/tr>\n<tr>\n<td><span style=\"font-weight: 400;\">Angl\u00e8s<\/span><\/td>\n<td><span style=\"font-weight: 400;\">INS Maria R\u00fabies (Lleida)<\/span><\/td>\n<td><a href=\"https:\/\/projectes.xtec.cat\/internacional\/wp-content\/uploads\/usu1767\/2021\/05\/fitxa-Joshua-Mata-INS-Maria-R%C3%BAbies.pdf\"><span style=\"font-weight: 400;\">Education in the USA<\/span><\/a><\/td>\n<td><span style=\"font-weight: 400;\">\u00a0<\/span><\/td>\n<\/tr>\n<tr>\n<td><span style=\"font-weight: 400;\">Franc\u00e8s<\/span><\/td>\n<td><span style=\"font-weight: 400;\">INS Samuel Gili i Gaya (Lleida)<\/span><\/td>\n<td><a href=\"https:\/\/projectes.xtec.cat\/internacional\/wp-content\/uploads\/usu1767\/2021\/05\/fitxa-activitat-did%C3%A0ctica-enseignement.pdf\"><span style=\"font-weight: 400;\">L&#8217;enseignement, c&#8217;\u00e9tait mieux avant?<\/span><\/a><\/p>\n<p><a href=\"https:\/\/projectes.xtec.cat\/internacional\/wp-content\/uploads\/usu1767\/2021\/05\/fitxa-activitat-did%C3%A0ctica-culture.docx\"><span style=\"font-weight: 400;\">La culture belge<\/span><\/a><\/td>\n<td><span style=\"font-weight: 400;\">\u00a0<\/span><\/td>\n<\/tr>\n<tr>\n<td><span style=\"font-weight: 400;\">Franc\u00e8s<\/span><\/td>\n<td><span style=\"font-weight: 400;\">INS La Vall del Tenes (Santa Eul\u00e0lia de Ron\u00e7ana)<\/span><\/td>\n<td><a href=\"https:\/\/projectes.xtec.cat\/internacional\/wp-content\/uploads\/usu1767\/2021\/05\/fitxa_inslavalldeltenes_oral_franc%C3%A8s_20-21.pdf\"><span style=\"font-weight: 400;\">Filet de p\u00eache<\/span><\/a><\/td>\n<td><span style=\"font-weight: 400;\">\u00a0<\/span><\/td>\n<\/tr>\n<tr>\n<td><span style=\"font-weight: 400;\">Angl\u00e8s<\/span><\/td>\n<td><span style=\"font-weight: 400;\">INS Vilamajor (Sant Pere de Vilamajor)<\/span><\/td>\n<td><a href=\"https:\/\/projectes.xtec.cat\/internacional\/wp-content\/uploads\/usu1767\/2021\/05\/fitxa_institutvilamajor_aicle_angles_2021-1.pdf\"><span style=\"font-weight: 400;\">How Valentine&#8217;s Day is Celebrated in the US and How it All Started (+ Make Your Own Valentine)<\/span><\/a><\/td>\n<td><a href=\"https:\/\/projectes.xtec.cat\/internacional\/wp-content\/uploads\/usu1767\/2021\/05\/material_institutvilamajor_aicle_angles_2021.pdf\"><span style=\"font-weight: 400;\">Material<\/span><\/a><\/td>\n<\/tr>\n<tr>\n<td><span style=\"font-weight: 400;\">Franc\u00e8s<\/span><\/td>\n<td><span style=\"font-weight: 400;\">INS Ban\u00fas (Cerdanyola del Vall\u00e8s)<\/span><\/td>\n<td><a href=\"https:\/\/projectes.xtec.cat\/internacional\/wp-content\/uploads\/usu1767\/2021\/05\/INS-Ban%C3%BAs-Dom%C3%ADnguez-Verhaeghe.docx\"><span style=\"font-weight: 400;\">Dessine-moi un mouton<\/span><\/a><\/td>\n<td><span style=\"font-weight: 400;\">\u00a0<\/span><\/td>\n<\/tr>\n<tr>\n<td><span style=\"font-weight: 400;\">Angl\u00e8s<\/span><\/td>\n<td><span style=\"font-weight: 400;\">INS Nicolau Cop\u00e8rnic (Terrassa)<\/span><\/td>\n<td><a href=\"https:\/\/projectes.xtec.cat\/internacional\/wp-content\/uploads\/usu1767\/2021\/05\/fitxa_institutnicolaucopernic_oral_angles_2021.pdf\"><span style=\"font-weight: 400;\">Soundtrack to Life<\/span><\/a><\/td>\n<td><span style=\"font-weight: 400;\">\u00a0<\/span><\/td>\n<\/tr>\n<tr>\n<td><span style=\"font-weight: 400;\">Franc\u00e8s<\/span><\/td>\n<td><span style=\"font-weight: 400;\">INS Candelera (L&#8217;Ametlla de Mar)<\/span><\/td>\n<td><a href=\"https:\/\/projectes.xtec.cat\/internacional\/wp-content\/uploads\/usu1767\/2021\/05\/fitxa_inscandelera_cultural_frances_2021.pdf\"><span style=\"font-weight: 400;\">Le carnaval en Belgique<\/span><\/a><\/td>\n<td><a href=\"https:\/\/projectes.xtec.cat\/internacional\/wp-content\/uploads\/usu1767\/2021\/05\/material_inscandelera_cultural_frances_2021.pdf\"><span style=\"font-weight: 400;\">Material<\/span><\/a><\/td>\n<\/tr>\n<tr>\n<td><span style=\"font-weight: 400;\">Angl\u00e8s<\/span><\/td>\n<td><span style=\"font-weight: 400;\">INS Les Planes (Santa B\u00e0rbara)<\/span><\/td>\n<td><a href=\"https:\/\/projectes.xtec.cat\/internacional\/wp-content\/uploads\/usu1767\/2021\/05\/fitxa_institutlesplanes_culture_angles_2021.pdf\"><span style=\"font-weight: 400;\">Regions of the USA<\/span><\/a><\/td>\n<td><a href=\"https:\/\/projectes.xtec.cat\/internacional\/wp-content\/uploads\/usu1767\/2021\/05\/material_institutlesplanes_culture_angles_2021.pdf\"><span style=\"font-weight: 400;\">Material<\/span><\/a><\/td>\n<\/tr>\n<\/tbody>\n<\/table>\n<p><span style=\"font-weight: 400;\">El Ministeri d&#8217;Educaci\u00f3 i Formaci\u00f3 Professional facilita els seg\u00fcents enlla\u00e7os amb activitats:<\/span><\/p>\n<ul>\n<li style=\"font-weight: 400;\" aria-level=\"1\"><a href=\"https:\/\/auxiliaresdeconversacion.org\/\"><span style=\"font-weight: 400;\">Resources for language assistants<\/span><\/a><\/li>\n<li style=\"font-weight: 400;\" aria-level=\"1\"><a href=\"https:\/\/www.educacionyfp.gob.es\/dam\/jcr:e2c9cd70-f76a-49b1-906d-66f84f258b53\/actividades-auxiliares-es.pdf\"><span style=\"font-weight: 400;\">Propuesta de actividades<\/span><\/a><\/li>\n<li style=\"font-weight: 400;\" aria-level=\"1\"><a href=\"http:\/\/www.educacionyfp.gob.es\/dam\/jcr:4da1801b-8610-43f7-94cb-3a05c08ab71c\/actividades-ciencias.pdf\"><span style=\"font-weight: 400;\">Science Lesson Plans<\/span><\/a><\/li>\n<\/ul>\n","protected":false},"excerpt":{"rendered":"<p>Llengua<br \/>\nCentre<br \/>\nActivitat<br \/>\nMaterial<\/p>\n<p>Angl\u00e8s<br \/>\nINS Tur\u00f3 d&#8217;en Baldiri (Tei\u00e0)<br \/>\n<a href=\"https:\/\/projectes.xtec.cat\/internacional\/wp-content\/uploads\/usu1767\/2020\/04\/fitxa_institutturodenbaldiri_oral_angles_19-20.pdf\">Australia on fire<\/a><br \/>\n<a href=\"https:\/\/projectes.xtec.cat\/internacional\/wp-content\/uploads\/usu1767\/2020\/04\/material_institutturodenbaldiri_oral_angles_2019_2020.pdf\">material<\/a><\/p>\n<p>Angl\u00e8s<br \/>\nINS Josep Puig i Cadafalch (Matar\u00f3)<br \/>\n<a href=\"https:\/\/projectes.xtec.cat\/internacional\/wp-content\/uploads\/usu1767\/2020\/04\/fitxa_insjoseppuigicadafalch_cultural_angles_19_20.pdf\">Discovering the Bayeux Tapestry<\/a><br \/>\n<a href=\"https:\/\/projectes.xtec.cat\/internacional\/wp-content\/uploads\/usu1767\/2020\/04\/material_insjoseppuigicadafalch_cultural_angles_2019_2020.pdf\">material<\/a><\/p>\n<p>Angl\u00e8s<br \/>\nINS Rafael Casanova (Sant Boi de Llobregat)<br \/>\n<a href=\"https:\/\/projectes.xtec.cat\/internacional\/wp-content\/uploads\/usu1767\/2020\/04\/Fitxa_institutrafaelcasanova_cultural_angl%C3%A8s_1920.pdf\">Messages in music<\/a><br \/>\n\u00a0<\/p>\n<p>Angl\u00e8s<br \/>\nINS Joan Or\u00f3 (Lleida)<br \/>\n<a href=\"https:\/\/projectes.xtec.cat\/internacional\/wp-content\/uploads\/usu1767\/2020\/04\/fitxa_Institut-JoanOro_oral_angles-1920.pdf\">Playing to learn, learning to play<\/a><br \/>\n<a href=\"https:\/\/sites.google.com\/xtec.cat\/playingtolearn\">https:\/\/sites.google.com\/xtec.cat\/playingtolearn<\/a><br \/>\n\u00a0<\/p>\n<p>Angl\u00e8s<br \/>\nINS d&#8217;Auro (Santpedor)<br \/>\n<a href=\"https:\/\/projectes.xtec.cat\/internacional\/wp-content\/uploads\/usu1767\/2020\/04\/fitxa_insdauro_cultural_angles_1920.pdf\">Reality TV in the UK<\/a><br \/>\n<a&hellip;  <a href=\"https:\/\/projectes.xtec.cat\/internacional\/activitats-de-secundaria-batxillerat-i-cicle-formatius-daltres-cursos\/\" title=\"Read Activitats de secund\u00e0ria, batxillerat i cicle formatius d&#8217;altres cursos\">Llegeix m\u00e9s\u00bb<\/a><\/p>\n","protected":false},"author":1,"featured_media":0,"parent":0,"menu_order":0,"comment_status":"closed","ping_status":"closed","template":"","meta":{"_bbp_topic_count":0,"_bbp_reply_count":0,"_bbp_total_topic_count":0,"_bbp_total_reply_count":0,"_bbp_voice_count":0,"_bbp_anonymous_reply_count":0,"_bbp_topic_count_hidden":0,"_bbp_reply_count_hidden":0,"_bbp_forum_subforum_count":0,"footnotes":""},"class_list":["post-14180","page","type-page","status-publish","hentry"],"post_mailing_queue_ids":[],"_links":{"self":[{"href":"https:\/\/projectes.xtec.cat\/internacional\/wp-json\/wp\/v2\/pages\/14180","targetHints":{"allow":["GET"]}}],"collection":[{"href":"https:\/\/projectes.xtec.cat\/internacional\/wp-json\/wp\/v2\/pages"}],"about":[{"href":"https:\/\/projectes.xtec.cat\/internacional\/wp-json\/wp\/v2\/types\/page"}],"author":[{"embeddable":true,"href":"https:\/\/projectes.xtec.cat\/internacional\/wp-json\/wp\/v2\/users\/1"}],"replies":[{"embeddable":true,"href":"https:\/\/projectes.xtec.cat\/internacional\/wp-json\/wp\/v2\/comments?post=14180"}],"version-history":[{"count":3,"href":"https:\/\/projectes.xtec.cat\/internacional\/wp-json\/wp\/v2\/pages\/14180\/revisions"}],"predecessor-version":[{"id":14199,"href":"https:\/\/projectes.xtec.cat\/internacional\/wp-json\/wp\/v2\/pages\/14180\/revisions\/14199"}],"wp:attachment":[{"href":"https:\/\/projectes.xtec.cat\/internacional\/wp-json\/wp\/v2\/media?parent=14180"}],"curies":[{"name":"wp","href":"https:\/\/api.w.org\/{rel}","templated":true}]}}