{"id":14231,"date":"2024-09-03T12:37:14","date_gmt":"2024-09-03T10:37:14","guid":{"rendered":"https:\/\/projectes.xtec.cat\/internacional\/?page_id=14231"},"modified":"2025-07-03T08:45:12","modified_gmt":"2025-07-03T06:45:12","slug":"voluntaris-linguistics","status":"publish","type":"page","link":"https:\/\/projectes.xtec.cat\/internacional\/altres-programes\/accions-dentorn\/voluntaris-linguistics\/","title":{"rendered":"Voluntaris Ling\u00fc\u00edstics"},"content":{"rendered":"<h4><span style=\"font-weight: 400;\">Els <\/span><b>voluntaris ling\u00fc\u00edstics<\/b><span style=\"font-weight: 400;\"> s\u00f3n estudiants universitaris estrangers que, de manera volunt\u00e0ria, fan de <\/span><b>suport ling\u00fc\u00edstic de llengua anglesa oral<\/b><span style=\"font-weight: 400;\"> als centres educatius p\u00fablics propers a Barcelona.<\/span><\/h4>\n<h4><span style=\"font-weight: 400;\">Els per\u00edodes de voluntariat consisteixen en<\/span><b> 3-5 hores setmanals de suport ling\u00fc\u00edstic en llengua anglesa<\/b><span style=\"font-weight: 400;\"> i es poden gaudir en dos torns:<\/span><\/h4>\n<h4><b>1r Torn<\/b><span style=\"font-weight: 400;\"> de setembre a desembre<a href=\"https:\/\/projectes.xtec.cat\/internacional\/wp-content\/uploads\/usu1767\/2024\/09\/Sense-titol.png\"><img loading=\"lazy\" decoding=\"async\" class=\"wp-image-14232 alignright\" src=\"https:\/\/projectes.xtec.cat\/internacional\/wp-content\/uploads\/usu1767\/2024\/09\/Sense-titol.png\" alt=\"\" width=\"354\" height=\"236\" srcset=\"https:\/\/projectes.xtec.cat\/internacional\/wp-content\/uploads\/usu1767\/2024\/09\/Sense-titol.png 960w, https:\/\/projectes.xtec.cat\/internacional\/wp-content\/uploads\/usu1767\/2024\/09\/Sense-titol-300x200.png 300w, https:\/\/projectes.xtec.cat\/internacional\/wp-content\/uploads\/usu1767\/2024\/09\/Sense-titol-768x512.png 768w\" sizes=\"auto, (max-width: 354px) 100vw, 354px\" \/><\/a><\/span><\/h4>\n<h4><b>2n Torn<\/b><span style=\"font-weight: 400;\"> de gener a abril<\/span><\/h4>\n<h4><em><strong>Novetat:<\/strong> el 2n torn de voluntaris ling\u00fc\u00edstics queda pendent i no s&#8217;iniciar\u00e0 amb normalitat fins a nou av\u00eds.<\/em><\/h4>\n<h4><b>Requisits:<\/b><\/h4>\n<ol>\n<li>\n<h4><b> Ubicaci\u00f3: <\/b><span style=\"font-weight: 400;\">estar ben comunicats amb Barcelona en transport p\u00fablic (temps m\u00e0xim de trajecte de 40 min)<\/span><\/h4>\n<\/li>\n<li>\n<h4><b>Justificar<\/b><span style=\"font-weight: 400;\"> la petici\u00f3 d\u2019acord al Projecte Ling\u00fc\u00edstic del centre.<\/span><\/h4>\n<\/li>\n<\/ol>\n<h4><span style=\"font-weight: 400;\">Els centres educatius interessats a rebre el suport dels voluntaris ling\u00fc\u00edstics, i que compleixin els requisits, poden sol\u00b7licitar el recurs. Clicant <a href=\"https:\/\/forms.gle\/3xXUJWEXv34Uoxfr8\">aqu\u00ed<\/a><\/span><span style=\"font-weight: 400;\"> i <strong>emplenant el <a href=\"https:\/\/docs.google.com\/forms\/d\/e\/1FAIpQLScM4tt1aFisCJolad6Qh3w0B6iNvqJTwV2t0rolRyQG0zqPFQ\/viewform?usp=header\">formulari<\/a><\/strong> correctament.<\/span><\/h4>\n","protected":false},"excerpt":{"rendered":"<p>Els voluntaris ling\u00fc\u00edstics s\u00f3n estudiants universitaris estrangers que, de manera volunt\u00e0ria, fan de suport ling\u00fc\u00edstic de llengua anglesa oral als centres educatius p\u00fablics propers a Barcelona.<br \/>\nEls per\u00edodes de voluntariat consisteixen en 3-5 hores setmanals de suport ling\u00fc\u00edstic en llengua anglesa i es poden gaudir en&hellip;  <a href=\"https:\/\/projectes.xtec.cat\/internacional\/altres-programes\/accions-dentorn\/voluntaris-linguistics\/\" title=\"Read Voluntaris Ling\u00fc\u00edstics\">Llegeix m\u00e9s\u00bb<\/a><\/p>\n","protected":false},"author":1,"featured_media":0,"parent":8979,"menu_order":0,"comment_status":"closed","ping_status":"closed","template":"page-templates\/side-menu.php","meta":{"_bbp_topic_count":0,"_bbp_reply_count":0,"_bbp_total_topic_count":0,"_bbp_total_reply_count":0,"_bbp_voice_count":0,"_bbp_anonymous_reply_count":0,"_bbp_topic_count_hidden":0,"_bbp_reply_count_hidden":0,"_bbp_forum_subforum_count":0,"footnotes":""},"class_list":["post-14231","page","type-page","status-publish","hentry"],"post_mailing_queue_ids":[],"_links":{"self":[{"href":"https:\/\/projectes.xtec.cat\/internacional\/wp-json\/wp\/v2\/pages\/14231","targetHints":{"allow":["GET"]}}],"collection":[{"href":"https:\/\/projectes.xtec.cat\/internacional\/wp-json\/wp\/v2\/pages"}],"about":[{"href":"https:\/\/projectes.xtec.cat\/internacional\/wp-json\/wp\/v2\/types\/page"}],"author":[{"embeddable":true,"href":"https:\/\/projectes.xtec.cat\/internacional\/wp-json\/wp\/v2\/users\/1"}],"replies":[{"embeddable":true,"href":"https:\/\/projectes.xtec.cat\/internacional\/wp-json\/wp\/v2\/comments?post=14231"}],"version-history":[{"count":6,"href":"https:\/\/projectes.xtec.cat\/internacional\/wp-json\/wp\/v2\/pages\/14231\/revisions"}],"predecessor-version":[{"id":17218,"href":"https:\/\/projectes.xtec.cat\/internacional\/wp-json\/wp\/v2\/pages\/14231\/revisions\/17218"}],"up":[{"embeddable":true,"href":"https:\/\/projectes.xtec.cat\/internacional\/wp-json\/wp\/v2\/pages\/8979"}],"wp:attachment":[{"href":"https:\/\/projectes.xtec.cat\/internacional\/wp-json\/wp\/v2\/media?parent=14231"}],"curies":[{"name":"wp","href":"https:\/\/api.w.org\/{rel}","templated":true}]}}