{"id":14253,"date":"2024-09-03T14:06:15","date_gmt":"2024-09-03T12:06:15","guid":{"rendered":"https:\/\/projectes.xtec.cat\/internacional\/?page_id=14253"},"modified":"2025-11-17T11:25:59","modified_gmt":"2025-11-17T10:25:59","slug":"conferencies-fulbright","status":"publish","type":"page","link":"https:\/\/projectes.xtec.cat\/internacional\/altres-programes\/accions-dentorn\/conferencies-fulbright-2\/conferencies-fulbright\/","title":{"rendered":"Confer\u00e8ncies Fulbright curs 2025-2026"},"content":{"rendered":"<p><span style=\"font-weight: 400;\">El Departament d\u2019Educaci\u00f3, en col\u00b7laboraci\u00f3 amb el Consolat dels Estats Units, impulsen les <\/span><b>confer\u00e8ncie<\/b><strong>s<\/strong><span style=\"font-weight: 400;\"><strong>, en llengua anglesa<\/strong>,<\/span> <span style=\"font-weight: 400;\">i activitats dels estudiants i doctorats que tenen una beca <\/span><b>Fulbright <\/b><span style=\"font-weight: 400;\">per fer una estada a Catalunya.<\/span><\/p>\n<p><span style=\"font-weight: 400;\">Aquestes accions estan adre\u00e7ades a l\u2019alumnat de <\/span><b>4t de l\u2019ESO i Batxillerat <\/b><span style=\"font-weight: 400;\">i segons la investigaci\u00f3 del becat\/da poden ser de tem\u00e0tica ben diversa.<\/span><\/p>\n<p><span style=\"font-weight: 400;\">Ja que els <\/span><span style=\"font-weight: 400;\">becaris Fulbright normalment resideixen a Barcelona i rodalies i no tenen autom\u00f2bil particular, un requisit per poder gaudir de les confer\u00e8ncies als centres ser\u00e0 que el <\/span><b>centre educatiu<\/b><span style=\"font-weight: 400;\"> sigui f\u00e0cilment <\/span><b>accessible en transport p\u00fablic<\/b><span style=\"font-weight: 400;\">.<\/span><\/p>\n<p>Per al <strong>curs 25-26<\/strong>\u00a0hi ha previstes confer\u00e8ncies sobre els seg\u00fcents temes:<\/p>\n<ul>\n<li style=\"font-weight: 400;\" aria-level=\"1\"><span style=\"font-weight: 400;\">Inmunologia \/ Neurologia \/ El m\u00e8tode cient\u00edfic<\/span><\/li>\n<li style=\"font-weight: 400;\" aria-level=\"1\"><span style=\"font-weight: 400;\">Enginyeria \/ Rob\u00f2tica marina \/ La vida universit\u00e0ria i la competici\u00f3 atl\u00e8tica als EEUU (Girona, Barcelona i rodalies)<\/span><\/li>\n<li style=\"font-weight: 400;\" aria-level=\"1\"><span style=\"font-weight: 400;\">Hist\u00f2ria del Teatre a Am\u00e8rica<\/span><\/li>\n<li style=\"font-weight: 400;\" aria-level=\"1\"><span style=\"font-weight: 400;\">Per qu\u00e8 canvien les lleng\u00fces: comprendre l\u2019evoluci\u00f3 natural del llenguatge<\/span><\/li>\n<li style=\"font-weight: 400;\" aria-level=\"1\"><span style=\"font-weight: 400;\">La vida als diferents estats del EUA \/ La import\u00e0ncia de les carreres cient\u00edfiques \/ Autisme i ci\u00e8ncia<\/span><\/li>\n<li style=\"font-weight: 400;\" aria-level=\"1\"><span style=\"font-weight: 400;\">Art i ci\u00e8ncia: com treballen els artistes amb la natura, el clima i els materials \/ Enquadernaci\u00f3 de llibres: art, her\u00e8ncia i modernitat (possibilitat de taller per a grups redu\u00efts)<\/span><\/li>\n<\/ul>\n<p><span style=\"font-weight: 400;\">Si esteu <\/span>interessats <span style=\"font-weight: 400;\">en les xerrades, empleneu el seg\u00fcent <\/span><a href=\"https:\/\/docs.google.com\/forms\/d\/e\/1FAIpQLScBW_zr-Zie-k22ZOcnK7pfdFN6TnLlnfROUgaKPkYCVQ0Qiw\/viewform?usp=header\"><b>formulari<\/b><\/a>\u00a0<span style=\"font-weight: 400;\">i, en cas que se us adjudiqui el recurs, ens posarem en contacte amb <\/span><span style=\"font-weight: 400;\">l\u2019equip directiu del vostre centre educatiu.<\/span><\/p>\n","protected":false},"excerpt":{"rendered":"<p>El Departament d\u2019Educaci\u00f3, en col\u00b7laboraci\u00f3 amb el Consolat dels Estats Units, impulsen les confer\u00e8ncies, en llengua anglesa, i activitats dels estudiants i doctorats que tenen una beca Fulbright per fer una estada a Catalunya.<br \/>\nAquestes accions estan adre\u00e7ades a l\u2019alumnat de 4t de l\u2019ESO i Batxillerat&hellip;  <a href=\"https:\/\/projectes.xtec.cat\/internacional\/altres-programes\/accions-dentorn\/conferencies-fulbright-2\/conferencies-fulbright\/\" title=\"Read Confer\u00e8ncies Fulbright curs 2025-2026\">Llegeix m\u00e9s\u00bb<\/a><\/p>\n","protected":false},"author":1,"featured_media":0,"parent":15627,"menu_order":1,"comment_status":"closed","ping_status":"closed","template":"page-templates\/side-menu.php","meta":{"_bbp_topic_count":0,"_bbp_reply_count":0,"_bbp_total_topic_count":0,"_bbp_total_reply_count":0,"_bbp_voice_count":0,"_bbp_anonymous_reply_count":0,"_bbp_topic_count_hidden":0,"_bbp_reply_count_hidden":0,"_bbp_forum_subforum_count":0,"footnotes":""},"class_list":["post-14253","page","type-page","status-publish","hentry"],"post_mailing_queue_ids":[],"_links":{"self":[{"href":"https:\/\/projectes.xtec.cat\/internacional\/wp-json\/wp\/v2\/pages\/14253","targetHints":{"allow":["GET"]}}],"collection":[{"href":"https:\/\/projectes.xtec.cat\/internacional\/wp-json\/wp\/v2\/pages"}],"about":[{"href":"https:\/\/projectes.xtec.cat\/internacional\/wp-json\/wp\/v2\/types\/page"}],"author":[{"embeddable":true,"href":"https:\/\/projectes.xtec.cat\/internacional\/wp-json\/wp\/v2\/users\/1"}],"replies":[{"embeddable":true,"href":"https:\/\/projectes.xtec.cat\/internacional\/wp-json\/wp\/v2\/comments?post=14253"}],"version-history":[{"count":7,"href":"https:\/\/projectes.xtec.cat\/internacional\/wp-json\/wp\/v2\/pages\/14253\/revisions"}],"predecessor-version":[{"id":18149,"href":"https:\/\/projectes.xtec.cat\/internacional\/wp-json\/wp\/v2\/pages\/14253\/revisions\/18149"}],"up":[{"embeddable":true,"href":"https:\/\/projectes.xtec.cat\/internacional\/wp-json\/wp\/v2\/pages\/15627"}],"wp:attachment":[{"href":"https:\/\/projectes.xtec.cat\/internacional\/wp-json\/wp\/v2\/media?parent=14253"}],"curies":[{"name":"wp","href":"https:\/\/api.w.org\/{rel}","templated":true}]}}