{"id":17370,"date":"2025-08-08T08:41:38","date_gmt":"2025-08-08T06:41:38","guid":{"rendered":"https:\/\/projectes.xtec.cat\/internacional\/?page_id=17370"},"modified":"2025-11-18T13:43:09","modified_gmt":"2025-11-18T12:43:09","slug":"informacio-i-guies-informatives-del-programa-auxiliars-de-conversa-actualitzades","status":"publish","type":"page","link":"https:\/\/projectes.xtec.cat\/internacional\/auxiliars-de-conversa\/informacio-i-guies-informatives-del-programa-auxiliars-de-conversa-actualitzades\/","title":{"rendered":"Informaci\u00f3 i guies informatives del programa auxiliars de conversa actualitzades"},"content":{"rendered":"<p>Aqu\u00ed trobareu les guies publicades pel Ministerio de Educaci\u00f3n, Formaci\u00f3n Profesional y Deportes, aix\u00ed com les guies elaborades pel Departament d&#8217;Educaci\u00f3 i Formaci\u00f3 Professional amb informaci\u00f3 actualitzada d\u2019inter\u00e8s.<\/p>\n<p><span style=\"text-decoration: underline;\"><strong>Ministerio de Educaci\u00f3n, Formaci\u00f3n Profesional y Deportes:<\/strong><\/span><\/p>\n<p><a href=\"https:\/\/drive.google.com\/file\/d\/1rOvccA5YEXDJzqN2n7kwtuUVoMQMJYZ7\/view?usp=drive_link\">Gu\u00eda del tutor del auxiliar de conversaci\u00f3n<\/a> (en castell\u00e0, actualitzada el curs 2024-2025)<\/p>\n<p><a href=\"https:\/\/drive.google.com\/file\/d\/1Gqnx842_OJPqvodi4WJpg_19gBLm1zyy\/view?usp=drive_link\">Gu\u00eda del auxiliar de conversaci\u00f3n extranjero en Espa\u00f1a<\/a> (en castell\u00e0)<\/p>\n<p><a href=\"https:\/\/drive.google.com\/file\/d\/1chkOowDJbPiPluN7LH__jdm7ynquJW_x\/view?usp=drive_link\">Guide for Foreign Language Assistants in Spain<\/a> (en angl\u00e8s)<\/p>\n<p><strong>Guies curtes de tr\u00e0mits administratius:<\/strong><\/p>\n<p><a href=\"https:\/\/drive.google.com\/file\/d\/15XNPUTpGXHEkxuBJBv54LLvv3Es1KEhf\/view?usp=sharing\">Tr\u00e1mites administrativos para auxiliares de conversaci\u00f3n pertenecientes a la Uni\u00f3n Europea<\/a> (en castell\u00e0)<\/p>\n<p><a href=\"https:\/\/drive.google.com\/file\/d\/1v_PRjOQL8sF3X6UqpY5yAxZlwF3tiKTH\/view?usp=sharing\">Tr\u00e1mites administrativos para auxiliares de conversaci\u00f3n pertenecientes a la Uni\u00f3n Europea<\/a> (en angl\u00e8s)<\/p>\n<p><a href=\"https:\/\/drive.google.com\/file\/d\/1iKUPmI9EV04OwKFraiaHlRlutU5hvAqD\/view?usp=sharing\">Tr\u00e1mites administrativos para auxiliares de conversaci\u00f3n no pertenecientes a la Uni\u00f3n Europea<\/a> (en castell\u00e0)<\/p>\n<p><a href=\"https:\/\/drive.google.com\/file\/d\/1XwL3R23k2Ydmgo1RQQ_7I6wwnQnqb9F8\/view?usp=sharing\">Tr\u00e1mites administrativos para auxiliares de conversaci\u00f3n no pertenecientes a la Uni\u00f3n Europea<\/a> (en angl\u00e8s)<\/p>\n<p><span style=\"text-decoration: underline;\"><strong>Departament d&#8217;Educaci\u00f3 i Formaci\u00f3 Professional:<\/strong><\/span><\/p>\n<p><a href=\"https:\/\/drive.google.com\/file\/d\/1zx10bPO0uIbms6wmqZ8wo2ecdBW7rL6J\/view?usp=sharing\">Guia dels centres acollidors de l&#8217;auxiliar de conversa a Catalunya<\/a> (en catal\u00e0)<\/p>\n<p><a href=\"https:\/\/drive.google.com\/file\/d\/1tzHFbaUgtXRKSrcadyFw7GmbDd4wWRk2\/view?usp=sharing\">Guia breu per als centres acollidors d\u2019auxiliars de conversa a Catalunya<\/a> (en catal\u00e0)<\/p>\n<p><a href=\"https:\/\/drive.google.com\/file\/d\/1cfOKFMd2PhAw-uWZnPlZaoHHKQQVYXp_\/view?usp=sharing\">Guia de l&#8217;auxiliar de conversa a Catalunya<\/a>\u00a0 (en catal\u00e0)<\/p>\n<p><a href=\"https:\/\/drive.google.com\/file\/d\/1ZA7blRT0-DZI9gtoZoAQmBkI85zdyAMC\/view?usp=sharing\">Guia breu de l&#8217;auxiliar de conversa a Catalunya<\/a> (en catal\u00e0)<\/p>\n<p><a href=\"https:\/\/drive.google.com\/file\/d\/11C-zgTpt2DSr1-hkijQKsY5GiqSfrOjD\/view?usp=sharing\">Gu\u00eda del auxiliar de conversaci\u00f3n en Catalu\u00f1a<\/a> (en castell\u00e0)<\/p>\n<p><a href=\"https:\/\/drive.google.com\/file\/d\/1mCJ3BPqoHEsJYRxsLbmivEoGfjRrotCS\/view?usp=sharing\">Gu\u00eda breve del auxiliar de conversaci\u00f3n en Catalu\u00f1a<\/a> (en castell\u00e0)<\/p>\n<p>&nbsp;<\/p>\n","protected":false},"excerpt":{"rendered":"<p>Aqu\u00ed trobareu les guies publicades pel Ministerio de Educaci\u00f3n, Formaci\u00f3n Profesional y Deportes, aix\u00ed com les guies elaborades pel Departament d&#8217;Educaci\u00f3 i Formaci\u00f3 Professional amb informaci\u00f3 actualitzada d\u2019inter\u00e8s.<br \/>\nMinisterio de Educaci\u00f3n, Formaci\u00f3n Profesional y Deportes:<br \/>\n<a href=\"https:\/\/drive.google.com\/file\/d\/1rOvccA5YEXDJzqN2n7kwtuUVoMQMJYZ7\/view?usp=drive_link\">Gu\u00eda del tutor del auxiliar de conversaci\u00f3n<\/a> (en castell\u00e0, actualitzada el&hellip;  <a href=\"https:\/\/projectes.xtec.cat\/internacional\/auxiliars-de-conversa\/informacio-i-guies-informatives-del-programa-auxiliars-de-conversa-actualitzades\/\" title=\"Read Informaci\u00f3 i guies informatives del programa auxiliars de conversa actualitzades\">Llegeix m\u00e9s\u00bb<\/a><\/p>\n","protected":false},"author":1,"featured_media":0,"parent":17326,"menu_order":4,"comment_status":"closed","ping_status":"closed","template":"page-templates\/side-menu.php","meta":{"_bbp_topic_count":0,"_bbp_reply_count":0,"_bbp_total_topic_count":0,"_bbp_total_reply_count":0,"_bbp_voice_count":0,"_bbp_anonymous_reply_count":0,"_bbp_topic_count_hidden":0,"_bbp_reply_count_hidden":0,"_bbp_forum_subforum_count":0,"footnotes":""},"class_list":["post-17370","page","type-page","status-publish","hentry"],"post_mailing_queue_ids":[],"_links":{"self":[{"href":"https:\/\/projectes.xtec.cat\/internacional\/wp-json\/wp\/v2\/pages\/17370","targetHints":{"allow":["GET"]}}],"collection":[{"href":"https:\/\/projectes.xtec.cat\/internacional\/wp-json\/wp\/v2\/pages"}],"about":[{"href":"https:\/\/projectes.xtec.cat\/internacional\/wp-json\/wp\/v2\/types\/page"}],"author":[{"embeddable":true,"href":"https:\/\/projectes.xtec.cat\/internacional\/wp-json\/wp\/v2\/users\/1"}],"replies":[{"embeddable":true,"href":"https:\/\/projectes.xtec.cat\/internacional\/wp-json\/wp\/v2\/comments?post=17370"}],"version-history":[{"count":5,"href":"https:\/\/projectes.xtec.cat\/internacional\/wp-json\/wp\/v2\/pages\/17370\/revisions"}],"predecessor-version":[{"id":17392,"href":"https:\/\/projectes.xtec.cat\/internacional\/wp-json\/wp\/v2\/pages\/17370\/revisions\/17392"}],"up":[{"embeddable":true,"href":"https:\/\/projectes.xtec.cat\/internacional\/wp-json\/wp\/v2\/pages\/17326"}],"wp:attachment":[{"href":"https:\/\/projectes.xtec.cat\/internacional\/wp-json\/wp\/v2\/media?parent=17370"}],"curies":[{"name":"wp","href":"https:\/\/api.w.org\/{rel}","templated":true}]}}