{"id":17976,"date":"2025-11-14T16:00:24","date_gmt":"2025-11-14T15:00:24","guid":{"rendered":"https:\/\/projectes.xtec.cat\/internacional\/?page_id=17976"},"modified":"2025-12-19T08:29:04","modified_gmt":"2025-12-19T07:29:04","slug":"sinergia-etwinning-erasmus","status":"publish","type":"page","link":"https:\/\/projectes.xtec.cat\/internacional\/que-es-erasmus\/sinergia-etwinning-erasmus\/","title":{"rendered":"Sinergia Erasmus+- eTwinning"},"content":{"rendered":"<p><a href=\"https:\/\/projectes.xtec.cat\/internacional\/wp-content\/uploads\/usu1767\/2025\/11\/Sinergies_v3.png\"><img loading=\"lazy\" decoding=\"async\" class=\"wp-image-17978 alignleft\" src=\"https:\/\/projectes.xtec.cat\/internacional\/wp-content\/uploads\/usu1767\/2025\/11\/Sinergies_v3-1024x1024.png\" alt=\"\" width=\"308\" height=\"308\" srcset=\"https:\/\/projectes.xtec.cat\/internacional\/wp-content\/uploads\/usu1767\/2025\/11\/Sinergies_v3-1024x1024.png 1024w, https:\/\/projectes.xtec.cat\/internacional\/wp-content\/uploads\/usu1767\/2025\/11\/Sinergies_v3-300x300.png 300w, https:\/\/projectes.xtec.cat\/internacional\/wp-content\/uploads\/usu1767\/2025\/11\/Sinergies_v3-150x150.png 150w, https:\/\/projectes.xtec.cat\/internacional\/wp-content\/uploads\/usu1767\/2025\/11\/Sinergies_v3-768x768.png 768w, https:\/\/projectes.xtec.cat\/internacional\/wp-content\/uploads\/usu1767\/2025\/11\/Sinergies_v3.png 1080w\" sizes=\"auto, (max-width: 308px) 100vw, 308px\" \/><\/a><\/p>\n<p><b>Erasmus+<\/b><span style=\"font-weight: 400;\"> i <\/span><b>eTwinning<\/b><span style=\"font-weight: 400;\"> son dos apostes clau de la Uni\u00f3 Europea que ajuden a refor\u00e7ar la identitat europea i la cooperaci\u00f3 internacional.\u00a0\u00a0<\/span><\/p>\n<p><b>Erasmus+<\/b><span style=\"font-weight: 400;\"> \u00e9s el programa de la Uni\u00f3 Europea per a l\u2019educaci\u00f3, la formaci\u00f3 i la joventut. Ofereix <\/span><b>oportunitats de mobilitat<\/b><span style=\"font-weight: 400;\"> (estades, formaci\u00f3, visites, job shadowing) i <\/span><b>projectes de cooperaci\u00f3 i millora<\/b><span style=\"font-weight: 400;\"> entre centres d\u2019Europa per millorar la qualitat educativa, promoure una visi\u00f3 m\u00e9s internacional i inclusiva i consolidar l\u2019Espai Europeu d\u2019Educaci\u00f3.<\/span><\/p>\n<p><b>eTwinning<\/b><span style=\"font-weight: 400;\"> \u00e9s una plataforma en l\u00ednia de la Uni\u00f3 Europea que permet que docents i centres educatius d\u2019Europa col\u00b7laborin mitjan\u00e7ant<\/span><b> projectes virtuals<\/b><span style=\"font-weight: 400;\">. No implica mobilitat: tot es fa a trav\u00e9s d\u2019internet, compartint activitats, materials i propostes educatives.<\/span><\/p>\n<p><span style=\"font-weight: 400;\">Totes dues comparteixen <\/span><b>una mateixa finalita<\/b><span style=\"font-weight: 400;\">t: obrir els centres al m\u00f3n i impulsar una educaci\u00f3 m\u00e9s innovadora i col\u00b7laborativa. A trav\u00e9s dels projectes virtuals i de les mobilitats, ofereixen oportunitats que es complementen i permeten que docents i alumnat treballin amb escoles d\u2019altres pa\u00efsos, desenvolupin compet\u00e8ncies digitals i interculturals, enriqueixin el proc\u00e9s d\u2019aprenentatge i millorin la qualitat i sostenibilitat dels projectes educatius.\u00a0<\/span><\/p>\n<p><span style=\"font-weight: 400;\">Aquesta complementarietat permet als centres educatius europeus sumar esfor\u00e7os i aprofitar les oportunitats i els recursos que ofereixen totes dues iniciatives.<\/span><\/p>\n<p>&nbsp;<\/p>\n<h5><span style=\"color: #3366ff;\"><b>Integraci\u00f3 d&#8217;eTwinning en Erasmus+<\/b><\/span><\/h5>\n<ul>\n<li style=\"list-style-type: none;\">\n<ul style=\"list-style-type: disc;\">\n<li style=\"font-weight: 400;\" aria-level=\"1\"><b>Col\u00b7laboraci\u00f3 i Suport:<\/b><span style=\"font-weight: 400;\"> eTwinning actua com una plataforma que complementa les activitats de mobilitat f\u00edsica d&#8217;Erasmus+, oferint un espai segur per a la col\u00b7laboraci\u00f3 virtual entre docents i estudiants de diferents pa\u00efsos. Aix\u00f2 enriqueix els projectes i augmenta la seva qualitat.<\/span><\/li>\n<li style=\"font-weight: 400;\" aria-level=\"1\"><b>Fases del Projecte: <\/b><span style=\"font-weight: 400;\">La integraci\u00f3 d\u2019 eTwinning es pot realitzar en totes les fases d&#8217;un projecte Erasmus+, des de la planificaci\u00f3 inicial fins a la sostenibilitat a llarg termini. Aix\u00f2 inclou el monitoratge regular de l&#8217;alumnat i l&#8217;avaluaci\u00f3 dels resultats.<\/span><\/li>\n<\/ul>\n<\/li>\n<\/ul>\n<p>&nbsp;<\/p>\n<h5><span style=\"color: #3366ff;\"><b>Beneficis de la Sinergia<\/b><\/span><\/h5>\n<ul>\n<li style=\"list-style-type: none;\">\n<ul style=\"list-style-type: disc;\">\n<li style=\"font-weight: 400;\" aria-level=\"1\"><b>Desenvolupament Professional:<\/b><span style=\"font-weight: 400;\"> Els docents poden beneficiar-se d&#8217;oportunitats de formaci\u00f3 cont\u00ednua a trav\u00e9s de cursos i recursos proporcionats per totes dues iniciatives, la qual cosa els permet millorar les seves compet\u00e8ncies digitals i metodol\u00f2giques.<\/span><\/li>\n<li style=\"font-weight: 400;\" aria-level=\"1\"><b>Projectes Reconeguts: <\/b><span style=\"font-weight: 400;\">Diversos projectes que han combinat eTwinning i Erasmus+ han rebut el Segell de Qualitat Nacional eTwinning, destacant el seu impacte educatiu i la qualitat de la col\u00b7laboraci\u00f3 internacional.\u00a0<\/span><\/li>\n<\/ul>\n<\/li>\n<\/ul>\n<p>&nbsp;<\/p>\n<h5><span style=\"color: #3366ff;\"><b>Enlla\u00e7os d\u2019inter\u00e8s<\/b><\/span><\/h5>\n<ul>\n<li style=\"list-style-type: none;\">\n<ul style=\"list-style-type: disc;\">\n<li style=\"font-weight: 400;\" aria-level=\"1\"><span style=\"font-weight: 400;\"><strong>Publicacions:<\/strong><\/span>\n<ul style=\"list-style-type: circle;\">\n<li style=\"font-weight: 400;\" aria-level=\"1\"><a href=\"https:\/\/etwinning.es\/etwinning-y-erasmus-sinergias-que-inspiran-proyectos-de-calidad\/\" target=\"_blank\" rel=\"noopener\"><span style=\"font-weight: 400;\">eTwinning y Erasmus+: sinergias que inspiran proyectos de calidad<\/span><\/a><\/li>\n<li aria-level=\"1\"><a href=\"https:\/\/etwinning.es\/acciones-conectadas-etwinning-erasmus\/\" target=\"_blank\" rel=\"noopener\">Accions connectades eTwinning i Erasmus+<\/a><\/li>\n<li aria-level=\"1\"><a href=\"https:\/\/etwinning.es\/etwinning-y-erasmus-ka2-en-natural-simbiosis\/\" target=\"_blank\" rel=\"noopener\">eTwinning i Erasmus+ (KA2), natural simbiosis\u00a0<\/a><\/li>\n<li aria-level=\"1\"><a href=\"https:\/\/etwinning.es\/ejemplos-etwinning-asociacion-escolar-erasmus-ka229\/\" target=\"_blank\" rel=\"noopener\">Exemples eTwinning &#8211; associaci\u00f3 escolar Erasmus+ KA229<\/a><\/li>\n<\/ul>\n<\/li>\n<li style=\"font-weight: 400;\" aria-level=\"1\"><span style=\"font-weight: 400;\"><strong>V\u00eddeo<\/strong> <\/span><a href=\"https:\/\/youtu.be\/1S5Jkp6RfV4\" target=\"_blank\" rel=\"noopener\"><span style=\"font-weight: 400;\">Proyectos eTwinning &#8211; Erasmus+ 2024<\/span><\/a><\/li>\n<li style=\"font-weight: 400;\" aria-level=\"1\"><span style=\"font-weight: 400;\"><strong>Guia i tutorial<\/strong> de participaci\u00f3 creat pel Servei Nacional de Suport eTwinning (SNA): <\/span><a href=\"https:\/\/etwinning.es\/wp-content\/uploads\/2023\/09\/01_eTwinning-y-ERASMUS-acciones-conectadas.pdf\" target=\"_blank\" rel=\"noopener\"><span style=\"font-weight: 400;\">01_eTwinning-y-ERASMUS-acciones-conectadas.pdf<\/span><\/a><\/li>\n<\/ul>\n<\/li>\n<\/ul>\n<p>&nbsp;<\/p>\n","protected":false},"excerpt":{"rendered":"<p><a href=\"https:\/\/projectes.xtec.cat\/internacional\/wp-content\/uploads\/usu1767\/2025\/11\/Sinergies_v3.png\"><\/a><br \/>\nErasmus+ i eTwinning son dos apostes clau de la Uni\u00f3 Europea que ajuden a refor\u00e7ar la identitat europea i la cooperaci\u00f3 internacional.\u00a0\u00a0<br \/>\nErasmus+ \u00e9s el programa de la Uni\u00f3 Europea per a l\u2019educaci\u00f3, la formaci\u00f3 i la joventut. Ofereix oportunitats de mobilitat (estades, formaci\u00f3, visites,&hellip;  <a href=\"https:\/\/projectes.xtec.cat\/internacional\/que-es-erasmus\/sinergia-etwinning-erasmus\/\" title=\"Read Sinergia Erasmus+- eTwinning\">Llegeix m\u00e9s\u00bb<\/a><\/p>\n","protected":false},"author":325,"featured_media":0,"parent":10478,"menu_order":3,"comment_status":"closed","ping_status":"closed","template":"page-templates\/side-menu.php","meta":{"_bbp_topic_count":0,"_bbp_reply_count":0,"_bbp_total_topic_count":0,"_bbp_total_reply_count":0,"_bbp_voice_count":0,"_bbp_anonymous_reply_count":0,"_bbp_topic_count_hidden":0,"_bbp_reply_count_hidden":0,"_bbp_forum_subforum_count":0,"footnotes":""},"class_list":["post-17976","page","type-page","status-publish","hentry"],"post_mailing_queue_ids":[],"_links":{"self":[{"href":"https:\/\/projectes.xtec.cat\/internacional\/wp-json\/wp\/v2\/pages\/17976","targetHints":{"allow":["GET"]}}],"collection":[{"href":"https:\/\/projectes.xtec.cat\/internacional\/wp-json\/wp\/v2\/pages"}],"about":[{"href":"https:\/\/projectes.xtec.cat\/internacional\/wp-json\/wp\/v2\/types\/page"}],"author":[{"embeddable":true,"href":"https:\/\/projectes.xtec.cat\/internacional\/wp-json\/wp\/v2\/users\/325"}],"replies":[{"embeddable":true,"href":"https:\/\/projectes.xtec.cat\/internacional\/wp-json\/wp\/v2\/comments?post=17976"}],"version-history":[{"count":6,"href":"https:\/\/projectes.xtec.cat\/internacional\/wp-json\/wp\/v2\/pages\/17976\/revisions"}],"predecessor-version":[{"id":18447,"href":"https:\/\/projectes.xtec.cat\/internacional\/wp-json\/wp\/v2\/pages\/17976\/revisions\/18447"}],"up":[{"embeddable":true,"href":"https:\/\/projectes.xtec.cat\/internacional\/wp-json\/wp\/v2\/pages\/10478"}],"wp:attachment":[{"href":"https:\/\/projectes.xtec.cat\/internacional\/wp-json\/wp\/v2\/media?parent=17976"}],"curies":[{"name":"wp","href":"https:\/\/api.w.org\/{rel}","templated":true}]}}