{"id":18710,"date":"2026-02-25T14:16:02","date_gmt":"2026-02-25T13:16:02","guid":{"rendered":"https:\/\/projectes.xtec.cat\/internacional\/?page_id=18710"},"modified":"2026-02-25T14:16:02","modified_gmt":"2026-02-25T13:16:02","slug":"experiencies-erasmus-de-centres-educatius","status":"publish","type":"page","link":"https:\/\/projectes.xtec.cat\/internacional\/experiencies-erasmus-de-centres-educatius\/","title":{"rendered":"Experi\u00e8ncies Erasmus+ de centres educatius"},"content":{"rendered":"<p>Presentacions<strong>\u00a0d\u2019experi\u00e8ncies Erasmus +<\/strong>\u00a0dels centres educatius:<\/p>\n<table>\n<tbody>\n<tr>\n<td><strong>Baix Llobregat<\/strong><\/td>\n<td><a href=\"https:\/\/view.genial.ly\/661d0a1d8060590014b93811\/interactive-content-erasmus-escola-bernat-metge\">ESC Bernat Metge<\/a><\/td>\n<td><a href=\"https:\/\/drive.google.com\/file\/d\/1IviVwIVIH8kVGJWVpPAyLFKf4v7IPh6v\/view?usp=sharing\">INS Joan Mir\u00f3<\/a><\/td>\n<\/tr>\n<tr>\n<td><a href=\"https:\/\/drive.google.com\/drive\/folders\/1bQrTdRJI4dS7MIl-PIKJXjCNHXP-QfRe\"><strong>Barcelon\u00e8s\u00a0<\/strong><\/a><\/td>\n<td><a href=\"https:\/\/drive.google.com\/file\/d\/1gmogBpviKbG-WcwAoi0Qi6Uc5SZHONq7\/view?usp=sharing\">ESC El Castellot<\/a><\/td>\n<td><a href=\"https:\/\/drive.google.com\/file\/d\/1aKJ7-Fuov9YFpbyaB3-X9Njarve7agQM\/view?usp=sharing\">INS Barres i Ones<\/a><\/td>\n<\/tr>\n<tr>\n<td><strong>Catalunya Central<\/strong><\/td>\n<td><a href=\"https:\/\/docs.google.com\/presentation\/d\/1rpfzEacP-9HzHOcdAkqNdfDIMS1SkVkqVAzycGG9gtU\/edit#slide=id.g913592f750_0_8\">IE Josep Maria Xandri<\/a><\/td>\n<td><a href=\"https:\/\/drive.google.com\/file\/d\/1f989P984kqGBoC76I-GJxV7UrKkJoTul\/view?usp=sharing\">INS d\u2019Auro<\/a><\/td>\n<\/tr>\n<tr>\n<td><strong>Consorci d\u2019Educaci\u00f3 de Barcelona<\/strong><\/td>\n<td><a href=\"https:\/\/drive.google.com\/file\/d\/1bHo-iZ1oKrD2siXJc8xNGMntkUcUbyYc\/view?usp=drive_link\">ESC Les Ac\u00e0cies<\/a><\/p>\n<p><a href=\"https:\/\/docs.google.com\/presentation\/d\/1FiorUT6vV6azH9m9CJdkxhRXjoiM8HFl\/edit?usp=sharing&amp;ouid=104042160343675751795&amp;rtpof=true&amp;sd=true\">INS Infanta Isabel d\u2019Arag\u00f3<\/a><\/td>\n<td><a href=\"https:\/\/view.genial.ly\/62c2d3f2f9c5030018ca0db7\">INS Francisco de Goya<\/a><\/td>\n<\/tr>\n<tr>\n<td><strong>Girona<\/strong><\/td>\n<td><a href=\"https:\/\/docs.google.com\/presentation\/d\/1YZoDbKUomuz5JcDjafTorEW2xovRpyUR\/edit#slide=id.p1\">Centre Cor de Maria- Sant Josep<\/a><\/td>\n<td><a href=\"https:\/\/docs.google.com\/presentation\/d\/1YZoDbKUomuz5JcDjafTorEW2xovRpyUR\/edit#slide=id.p1\">INS Illa de Rodes<\/a><\/td>\n<\/tr>\n<tr>\n<td><strong>Lleida (inclou ST APA)<\/strong><\/td>\n<td><a href=\"https:\/\/drive.google.com\/file\/d\/16JDhWir_at_vj4v-_ioLGucda9NKNu3_\/view?usp=drive_link\">ESC Ant\u00f2nia Sim\u00f3 i Arn\u00f3<\/a><\/td>\n<td><a href=\"https:\/\/drive.google.com\/file\/d\/14QLJtwfDPvxfXkbgXwGLH8qs9r2hnYlL\/view?usp=drive_link\">INS Alcarr\u00e0s<\/a><\/td>\n<\/tr>\n<tr>\n<td><a href=\"https:\/\/drive.google.com\/file\/d\/1J2QvEJdZu0tlV6DkcYiUQBZsBZK92EK1\/view?usp=sharing\"><strong>Maresme-Vall\u00e8s Oriental<\/strong><\/a><\/td>\n<td><a href=\"https:\/\/drive.google.com\/file\/d\/1ryYHvblciNZ2SSVJZUk04XaNRIdJ0Sm0\/view?usp=sharing\">ESC Salvador Sanrom\u00e0<\/a><\/td>\n<td><a href=\"https:\/\/drive.google.com\/file\/d\/1C6DZs_NmaFSi_nbRCjJ6fsa82ydBVg2V\/view?usp=sharing\">INS Dami\u00e0 Campeny<\/a><\/td>\n<\/tr>\n<tr>\n<td><strong>Tarragona<\/strong><\/td>\n<td><a href=\"https:\/\/drive.google.com\/file\/d\/1eCsCL8MKSDCmakyRQLX8KUc7NoJSJx1J\/view?usp=sharing\">ESC Mari\u00e0 Fortuny<\/a><\/td>\n<td>INS Mart\u00ed Franqu\u00e8s<\/td>\n<\/tr>\n<tr>\n<td><strong>Terres de l\u2019Ebre<\/strong><\/td>\n<td><a href=\"https:\/\/view.genial.ly\/65153386f07163001108232b\/presentation-erasmussnoezelencloret\">ESC Enric Grau Fontser\u00e9<\/a><\/td>\n<td><a href=\"https:\/\/view.genial.ly\/6613a381c20b6e0014699555\/presentation-acreditacio-k120-i-primers-passos-en-lerasmus\">INS Dertosa<\/a><\/td>\n<\/tr>\n<tr>\n<td><strong>Vall\u00e8s Occidental<\/strong><\/td>\n<td><a href=\"https:\/\/drive.google.com\/file\/d\/1ojWOZGYFvc2k3EJqcNESZ0NzP23c4v0V\/view?usp=sharing\">ESC 25 de Setembre<\/a><\/td>\n<td><a href=\"https:\/\/drive.google.com\/file\/d\/1ekljv1CRZnpzkVFiTFWcqlHHi721F7J1\/view?usp=sharing\">INS Jaume Mim\u00f3<\/a><\/td>\n<\/tr>\n<\/tbody>\n<\/table>\n","protected":false},"excerpt":{"rendered":"<p>Presentacions\u00a0d\u2019experi\u00e8ncies Erasmus +\u00a0dels centres educatius:<\/p>\n<p>Baix Llobregat<br \/>\n<a href=\"https:\/\/view.genial.ly\/661d0a1d8060590014b93811\/interactive-content-erasmus-escola-bernat-metge\">ESC Bernat Metge<\/a><br \/>\n<a href=\"https:\/\/drive.google.com\/file\/d\/1IviVwIVIH8kVGJWVpPAyLFKf4v7IPh6v\/view?usp=sharing\">INS Joan Mir\u00f3<\/a><\/p>\n<p><a href=\"https:\/\/drive.google.com\/drive\/folders\/1bQrTdRJI4dS7MIl-PIKJXjCNHXP-QfRe\">Barcelon\u00e8s\u00a0<\/a><br \/>\n<a href=\"https:\/\/drive.google.com\/file\/d\/1gmogBpviKbG-WcwAoi0Qi6Uc5SZHONq7\/view?usp=sharing\">ESC El Castellot<\/a><br \/>\n<a href=\"https:\/\/drive.google.com\/file\/d\/1aKJ7-Fuov9YFpbyaB3-X9Njarve7agQM\/view?usp=sharing\">INS Barres i Ones<\/a><\/p>\n<p>Catalunya Central<br \/>\n<a href=\"https:\/\/docs.google.com\/presentation\/d\/1rpfzEacP-9HzHOcdAkqNdfDIMS1SkVkqVAzycGG9gtU\/edit#slide=id.g913592f750_0_8\">IE Josep Maria Xandri<\/a><br \/>\n<a href=\"https:\/\/drive.google.com\/file\/d\/1f989P984kqGBoC76I-GJxV7UrKkJoTul\/view?usp=sharing\">INS d\u2019Auro<\/a><\/p>\n<p>Consorci d\u2019Educaci\u00f3 de Barcelona<br \/>\n<a href=\"https:\/\/drive.google.com\/file\/d\/1bHo-iZ1oKrD2siXJc8xNGMntkUcUbyYc\/view?usp=drive_link\">ESC Les Ac\u00e0cies<\/a><br \/>\n<a href=\"https:\/\/docs.google.com\/presentation\/d\/1FiorUT6vV6azH9m9CJdkxhRXjoiM8HFl\/edit?usp=sharing&amp;ouid=104042160343675751795&amp;rtpof=true&amp;sd=true\">INS Infanta Isabel d\u2019Arag\u00f3<\/a><br \/>\n<a href=\"https:\/\/view.genial.ly\/62c2d3f2f9c5030018ca0db7\">INS Francisco de Goya<\/a><\/p>\n<p>Girona<br \/>\n<a href=\"https:\/\/docs.google.com\/presentation\/d\/1YZoDbKUomuz5JcDjafTorEW2xovRpyUR\/edit#slide=id.p1\">Centre Cor de Maria-&hellip;  <a href=\"https:\/\/projectes.xtec.cat\/internacional\/experiencies-erasmus-de-centres-educatius\/\" title=\"Read Experi\u00e8ncies Erasmus+ de centres educatius\">Llegeix m\u00e9s\u00bb<\/a><\/p>\n","protected":false},"author":318,"featured_media":0,"parent":0,"menu_order":0,"comment_status":"closed","ping_status":"closed","template":"","meta":{"_bbp_topic_count":0,"_bbp_reply_count":0,"_bbp_total_topic_count":0,"_bbp_total_reply_count":0,"_bbp_voice_count":0,"_bbp_anonymous_reply_count":0,"_bbp_topic_count_hidden":0,"_bbp_reply_count_hidden":0,"_bbp_forum_subforum_count":0,"footnotes":""},"class_list":["post-18710","page","type-page","status-publish","hentry"],"post_mailing_queue_ids":[],"_links":{"self":[{"href":"https:\/\/projectes.xtec.cat\/internacional\/wp-json\/wp\/v2\/pages\/18710","targetHints":{"allow":["GET"]}}],"collection":[{"href":"https:\/\/projectes.xtec.cat\/internacional\/wp-json\/wp\/v2\/pages"}],"about":[{"href":"https:\/\/projectes.xtec.cat\/internacional\/wp-json\/wp\/v2\/types\/page"}],"author":[{"embeddable":true,"href":"https:\/\/projectes.xtec.cat\/internacional\/wp-json\/wp\/v2\/users\/318"}],"replies":[{"embeddable":true,"href":"https:\/\/projectes.xtec.cat\/internacional\/wp-json\/wp\/v2\/comments?post=18710"}],"version-history":[{"count":2,"href":"https:\/\/projectes.xtec.cat\/internacional\/wp-json\/wp\/v2\/pages\/18710\/revisions"}],"predecessor-version":[{"id":18712,"href":"https:\/\/projectes.xtec.cat\/internacional\/wp-json\/wp\/v2\/pages\/18710\/revisions\/18712"}],"wp:attachment":[{"href":"https:\/\/projectes.xtec.cat\/internacional\/wp-json\/wp\/v2\/media?parent=18710"}],"curies":[{"name":"wp","href":"https:\/\/api.w.org\/{rel}","templated":true}]}}