{"id":8208,"date":"2018-06-29T14:40:39","date_gmt":"2018-06-29T12:40:39","guid":{"rendered":"http:\/\/projectes.xtec.cat\/internacional\/?page_id=8208"},"modified":"2025-12-31T15:16:15","modified_gmt":"2025-12-31T14:16:15","slug":"que-es-un-programa-dinternacionalitzacio","status":"publish","type":"page","link":"https:\/\/projectes.xtec.cat\/internacional\/altres-programes\/que-es-un-programa-dinternacionalitzacio\/","title":{"rendered":"Global Scholars"},"content":{"rendered":"<p><a href=\"https:\/\/www.globalcities.org\/global-scholars\"><img loading=\"lazy\" decoding=\"async\" class=\"alignleft wp-image-9120 size-full\" src=\"https:\/\/projectes.xtec.cat\/internacional\/wp-content\/uploads\/usu1767\/2020\/05\/Global-Scholars.png\" alt=\"\" width=\"198\" height=\"153\" \/><\/a><\/p>\n<p><strong><span style=\"color: #43a4d1;\">QU\u00c8 \u00c9S?\u00a0 <\/span><a href=\"https:\/\/www.globalcities.org\/global-scholars\" target=\"_blank\" rel=\"noopener noreferrer\">Global Scholars<\/a><\/strong> \u00e9s un programa internacional d\u2019aprenentatge en l\u00ednia que connecta estudiants d\u2019escoles situades en ciutats d\u2019arreu del m\u00f3n amb l\u2019objectiu de preparar-los per esdevenir ciutadans globals. La iniciativa, adre\u00e7ada a estudiants d\u2019entre 10 i 13 anys, facilita la interacci\u00f3 i el debat a trav\u00e9s de f\u00f2rums en l\u00ednia, permet que els joves comparteixin idees i experi\u00e8ncies, i promou el desenvolupament de projectes multim\u00e8dia a l\u2019entorn de temes d\u2019inter\u00e8s general. Per al professorat dels centres que hi participen, Global Scholars \u00e9s tamb\u00e9 una oportunitat per entrar en contacte amb una xarxa internacional de docents, que els permet actualitzar coneixements i cr\u00e9ixer professionalment.<\/p>\n<p><strong><span style=\"color: #43a4d1;\">QUI EL GESTIONA?\u00a0<\/span><\/strong>Global Scholars \u00e9s un projecte que impulsa\u00a0<strong><a href=\"https:\/\/www.globalcities.org\/\" target=\"_blank\" rel=\"noopener noreferrer\">Global Cities Inc.<\/a><\/strong>, un programa de Bloomberg Philanthropies, organitzaci\u00f3 sense \u00e0nim de lucre amb seu a Nova York. Global Cities t\u00e9 una basta experi\u00e8ncia en fer servir la tecnologia per forjar connexions entre alumnes i docents que promouen l&#8217;aprenentatge. Global Scholars, n&#8217;\u00e9s el seu projecte ins\u00edgnia. L&#8217;objectiu d&#8217;aquest projecte transnacional i interactiu \u00e9s que els alumnes desenvolupin les compet\u00e8ncies necess\u00e0ries, a trav\u00e9s del di\u00e0leg i la col\u00b7laboraci\u00f3,\u00a0 per tal de convertir-se en ciutadans globals i poder interactuar amb \u00e8xit en el m\u00f3n globalitzat actual.<\/p>\n<h2 class=\"wp-block-heading alignwide has-text-color has-link-color wp-elements-4c0626921be53f531e55a5eecf914a87\">Ensenyament, aprenentatge i avaluaci\u00f3 de la compet\u00e8ncia global<\/h2>\n<p>Global Cities, Inc. ha desenvolupat un enfocament innovador i basat en dades per a l\u2019ensenyament, l\u2019aprenentatge i l\u2019avaluaci\u00f3 de la compet\u00e8ncia global per als estudiants de prim\u00e0ria i secund\u00e0ria dels EUA. Hem identificat i definit els coneixements, les habilitats, les actituds i els comportaments que necessiten els estudiants per tenir \u00e8xit en el m\u00f3n interconnectat d\u2019avui dia. El Llibre de codis per als resultats globals d\u2019aprenentatge dels estudiants (2023) \u00e9s una eina provada per a la recerca perqu\u00e8 investigadors i educadors entenguin i mesurin fins a quin punt els estudiants estan demostrant l\u2019aprenentatge global en qualsevol programa o aula.<\/p>\n<p>&nbsp;<\/p>\n<h3><a href=\"https:\/\/drive.google.com\/file\/d\/1jARKznJz6YWKKMrygddvp3ibbMl7tTYQ\/view?usp=sharing\" target=\"_blank\" rel=\"noopener\"><button style=\"display: inline-flex; align-items: center; gap: 10px; background: linear-gradient(135deg, #4f8dfd, #1e66d3); color: white; padding: 12px 20px; border: none; border-radius: 12px; font-size: 16px; font-family: 'Segoe UI', sans-serif; box-shadow: 0 4px 8px rgba(0, 0, 0, 0.15); cursor: pointer; transition: background 0.3s, transform 0.2s;\"><\/button>\u00a0DESCARREGA EL CODEBOOK<\/a><\/h3>\n<p>&nbsp;<\/p>\n<h3><a href=\"https:\/\/projectes.xtec.cat\/internacional\/llibre-de-codis\/\" target=\"_blank\" rel=\"noopener\"><button style=\"display: inline-flex; align-items: center; gap: 10px; background: linear-gradient(135deg, #4f8dfd, #1e66d3); color: white; padding: 12px 20px; border: none; border-radius: 12px; font-size: 16px; font-family: 'Segoe UI', sans-serif; box-shadow: 0 4px 8px rgba(0, 0, 0, 0.15); cursor: pointer; transition: background 0.3s, transform 0.2s;\"><\/button>\u00a0DESCARREGA EL LLIBRE DE CODIS<\/a><\/h3>\n<p><strong><span style=\"color: #43a4d1;\">QUI HI POT PARTICIPAR?<\/span><\/strong> <strong>Global Cities<\/strong>, com a propiet\u00e0ria del programa, n&#8217;estableix les condicions de participaci\u00f3 dels centres educatius. Aix\u00ed doncs, i pel que fa a la incorporaci\u00f3 de nous centres, \u00e9s Global Cities qui recull les peticions de tot el m\u00f3n i configura els grups de treball. Per fer aquesta tasca, compta amb el suport de gestors d&#8217;entitats educatives en els diferents pa\u00efsos. En el cas de Catalunya, aquesta tasca de suport l&#8217;ofereix el <strong>Servei de Lleng\u00fces Estrangeres i d&#8217;Origen<\/strong> (SLEO) del Departament d&#8217;Educaci\u00f3 en col\u00b7laboraci\u00f3 amb els <strong>Serveis Territorials<\/strong> i el <strong>Consorci d&#8217;Educaci\u00f3 de Barcelona<\/strong>.<\/p>\n<p><strong><span style=\"color: #43a4d1;\">ON PUC TROBAR M\u00c9S INFORMACI\u00d3?\u00a0<\/span><\/strong>Podeu trobar tota la informaci\u00f3 sobre els <strong>requisits<\/strong> i el <strong>procediment per a la participaci\u00f3<\/strong> en aquest projecte educatiu al <a href=\"https:\/\/espai.educacio.gencat.cat\/Centres\/Projectes-educatius\/Global-Scholars\/Pagines\/default.aspx\" target=\"_blank\" rel=\"noopener noreferrer\"><strong>Portal de centres<\/strong><\/a>.<\/p>\n<p>Tamb\u00e9 teniu <strong>m\u00e9s informaci\u00f3 sobre Global Scholars<\/strong> en aquest mateix portal, a <a href=\"https:\/\/projectes.xtec.cat\/internacional\/altres-programes\/que-es-un-programa-dinternacionalitzacio\/global-scholars-al-mon\/\" target=\"_blank\" rel=\"noopener noreferrer\"><strong>Global Scholars al m\u00f3n<\/strong><\/a>, <a href=\"https:\/\/projectes.xtec.cat\/internacional\/altres-programes\/que-es-un-programa-dinternacionalitzacio\/global-scholars-a-catalunya\/\" target=\"_blank\" rel=\"noopener noreferrer\"><strong>Global Scholars a Catalunya.\u00a0<\/strong><\/a><\/p>\n<p>&nbsp;<\/p>\n","protected":false},"excerpt":{"rendered":"<p><a href=\"https:\/\/www.globalcities.org\/global-scholars\"><\/a><br \/>\nQU\u00c8 \u00c9S?\u00a0 <a href=\"https:\/\/www.globalcities.org\/global-scholars\" target=\"_blank\" rel=\"noopener noreferrer\">Global Scholars<\/a> \u00e9s un programa internacional d\u2019aprenentatge en l\u00ednia que connecta estudiants d\u2019escoles situades en ciutats d\u2019arreu del m\u00f3n amb l\u2019objectiu de preparar-los per esdevenir ciutadans globals. La iniciativa, adre\u00e7ada a estudiants d\u2019entre 10 i 13 anys, facilita&hellip;  <a href=\"https:\/\/projectes.xtec.cat\/internacional\/altres-programes\/que-es-un-programa-dinternacionalitzacio\/\" title=\"Read Global Scholars\">Llegeix m\u00e9s\u00bb<\/a><\/p>\n","protected":false},"author":2,"featured_media":0,"parent":8206,"menu_order":5,"comment_status":"closed","ping_status":"closed","template":"page-templates\/side-menu.php","meta":{"_bbp_topic_count":0,"_bbp_reply_count":0,"_bbp_total_topic_count":0,"_bbp_total_reply_count":0,"_bbp_voice_count":0,"_bbp_anonymous_reply_count":0,"_bbp_topic_count_hidden":0,"_bbp_reply_count_hidden":0,"_bbp_forum_subforum_count":0,"footnotes":""},"class_list":["post-8208","page","type-page","status-publish","hentry"],"post_mailing_queue_ids":[],"_links":{"self":[{"href":"https:\/\/projectes.xtec.cat\/internacional\/wp-json\/wp\/v2\/pages\/8208","targetHints":{"allow":["GET"]}}],"collection":[{"href":"https:\/\/projectes.xtec.cat\/internacional\/wp-json\/wp\/v2\/pages"}],"about":[{"href":"https:\/\/projectes.xtec.cat\/internacional\/wp-json\/wp\/v2\/types\/page"}],"author":[{"embeddable":true,"href":"https:\/\/projectes.xtec.cat\/internacional\/wp-json\/wp\/v2\/users\/2"}],"replies":[{"embeddable":true,"href":"https:\/\/projectes.xtec.cat\/internacional\/wp-json\/wp\/v2\/comments?post=8208"}],"version-history":[{"count":8,"href":"https:\/\/projectes.xtec.cat\/internacional\/wp-json\/wp\/v2\/pages\/8208\/revisions"}],"predecessor-version":[{"id":18496,"href":"https:\/\/projectes.xtec.cat\/internacional\/wp-json\/wp\/v2\/pages\/8208\/revisions\/18496"}],"up":[{"embeddable":true,"href":"https:\/\/projectes.xtec.cat\/internacional\/wp-json\/wp\/v2\/pages\/8206"}],"wp:attachment":[{"href":"https:\/\/projectes.xtec.cat\/internacional\/wp-json\/wp\/v2\/media?parent=8208"}],"curies":[{"name":"wp","href":"https:\/\/api.w.org\/{rel}","templated":true}]}}