{"id":8240,"date":"2018-07-10T12:27:30","date_gmt":"2018-07-10T10:27:30","guid":{"rendered":"http:\/\/projectes.xtec.cat\/internacional\/?page_id=8240"},"modified":"2019-11-22T12:35:09","modified_gmt":"2019-11-22T11:35:09","slug":"etwinning","status":"publish","type":"page","link":"https:\/\/projectes.xtec.cat\/internacional\/etwinning\/","title":{"rendered":"eTwinning"},"content":{"rendered":"<p><a href=\"https:\/\/www.etwinning.net\/es\/pub\/index.htm\" target=\"_blank\" rel=\"noopener noreferrer\">eTwinning<\/a> \u00e9s la comunitat m\u00e9s extensa de centres educatius d\u2019Europa. Va n\u00e9ixer el 2005 com iniciativa del Programa d&#8217;Aprenentatge eLearning de la Comissi\u00f3 Europea i des del 2014 forma part d&#8217;Erasmus+, el Programa de la Uni\u00f3 Europea en mat\u00e8ria d&#8217;educaci\u00f3, formaci\u00f3, joventut i esport.<\/p>\n<p>eTwinning \u00e9s un punt de trobada i un lloc com\u00fa de treball entre docents de dos o m\u00e9s escoles en diversos pa\u00efsos europeus. Proporciona eines en l\u00ednia perqu\u00e8 els docents trobin socis, engeguin projectes, comparteixin idees, intercanvi\u00efn pr\u00e0ctiques interessants i comencin a treballar junts, servint-se de diferents eines personalitzades.<\/p>\n<p>La iniciativa eTwinning promou l&#8217;\u00fas de les tecnologies per a l\u2019aprenentatge i el coneixement (TAC) aplicats a projectes d&#8217;una sola mat\u00e8ria o multidisciplinars, en els que poden participar escoles tant d&#8217;educaci\u00f3 infantil com prim\u00e0ria, secund\u00e0ria i formaci\u00f3 professional.<\/p>\n<p>&nbsp;<\/p>\n<p>&nbsp;<\/p>\n<p>&nbsp;<\/p>\n<p>&nbsp;<\/p>\n","protected":false},"excerpt":{"rendered":"<p><a href=\"https:\/\/www.etwinning.net\/es\/pub\/index.htm\" target=\"_blank\" rel=\"noopener noreferrer\">eTwinning<\/a> \u00e9s la comunitat m\u00e9s extensa de centres educatius d\u2019Europa. Va n\u00e9ixer el 2005 com iniciativa del Programa d&#8217;Aprenentatge eLearning de la Comissi\u00f3 Europea i des del 2014 forma part d&#8217;Erasmus+, el Programa de la Uni\u00f3 Europea en mat\u00e8ria d&#8217;educaci\u00f3, formaci\u00f3,&hellip;  <a href=\"https:\/\/projectes.xtec.cat\/internacional\/etwinning\/\" title=\"Read eTwinning\">Llegeix m\u00e9s\u00bb<\/a><\/p>\n","protected":false},"author":2,"featured_media":0,"parent":0,"menu_order":0,"comment_status":"closed","ping_status":"closed","template":"page-templates\/side-menu.php","meta":{"_bbp_topic_count":0,"_bbp_reply_count":0,"_bbp_total_topic_count":0,"_bbp_total_reply_count":0,"_bbp_voice_count":0,"_bbp_anonymous_reply_count":0,"_bbp_topic_count_hidden":0,"_bbp_reply_count_hidden":0,"_bbp_forum_subforum_count":0,"footnotes":""},"class_list":["post-8240","page","type-page","status-publish","hentry"],"post_mailing_queue_ids":[],"_links":{"self":[{"href":"https:\/\/projectes.xtec.cat\/internacional\/wp-json\/wp\/v2\/pages\/8240","targetHints":{"allow":["GET"]}}],"collection":[{"href":"https:\/\/projectes.xtec.cat\/internacional\/wp-json\/wp\/v2\/pages"}],"about":[{"href":"https:\/\/projectes.xtec.cat\/internacional\/wp-json\/wp\/v2\/types\/page"}],"author":[{"embeddable":true,"href":"https:\/\/projectes.xtec.cat\/internacional\/wp-json\/wp\/v2\/users\/2"}],"replies":[{"embeddable":true,"href":"https:\/\/projectes.xtec.cat\/internacional\/wp-json\/wp\/v2\/comments?post=8240"}],"version-history":[{"count":3,"href":"https:\/\/projectes.xtec.cat\/internacional\/wp-json\/wp\/v2\/pages\/8240\/revisions"}],"predecessor-version":[{"id":8454,"href":"https:\/\/projectes.xtec.cat\/internacional\/wp-json\/wp\/v2\/pages\/8240\/revisions\/8454"}],"wp:attachment":[{"href":"https:\/\/projectes.xtec.cat\/internacional\/wp-json\/wp\/v2\/media?parent=8240"}],"curies":[{"name":"wp","href":"https:\/\/api.w.org\/{rel}","templated":true}]}}