{"id":8598,"date":"2020-02-10T17:16:41","date_gmt":"2020-02-10T16:16:41","guid":{"rendered":"http:\/\/projectes.xtec.cat\/internacional\/?page_id=8598"},"modified":"2025-11-16T10:15:02","modified_gmt":"2025-11-16T09:15:02","slug":"presentacio","status":"publish","type":"page","link":"https:\/\/projectes.xtec.cat\/internacional\/presentacio\/","title":{"rendered":"Presentaci\u00f3"},"content":{"rendered":"<p>L&#8217;equip de Programes Internacionals gestiona els projectes d&#8217;abast internacional dins del Servei de Lleng\u00fces estrangeres i d&#8217;origen de la Subdirecci\u00f3 General de Pluriling\u00fcisme. El seu objectiu \u00e9s facilitar la internacionalitzaci\u00f3 dels centres per aconseguir millores educatives, incrementar la seva participaci\u00f3 en programes de cooperaci\u00f3 internacional i promoure la mobilitat formativa dels docents en el marc de la<\/p>\n<p><a href=\"http:\/\/dogc.gencat.cat\/ca\/pdogc_canals_interns\/pdogc_resultats_fitxa\/?action=fitxa&amp;mode=single&amp;documentId=828707&amp;language=ca_ES\" target=\"_blank\" rel=\"noopener noreferrer\"><em>Resoluci\u00f3 ENS\/2336\/2018<\/em><\/a><em>, de 4 d&#8217;octubre, per la qual es crea el Programa d&#8217;impuls a la internacionalitzaci\u00f3 de l&#8217;educaci\u00f3 &#8220;Aprendre i interactuar en un context global&#8221;<\/em><\/p>\n<p>Per tal d&#8217;aconseguir-ho, s&#8217;organitzen formacions per facilitar la participaci\u00f3 en els programes i s&#8217;assessoren<span style=\"font-family: inherit; font-size: 1em;\"> els centres docents perqu\u00e8 que puguin sol\u00b7licitar i implementar els seus projectes internacionals. <\/span>A trav\u00e9s d&#8217;aquests programes, els centres tenen la possibilitat de participar en accions d&#8217;innovaci\u00f3 de qualitat, d&#8217;intercanviar bones pr\u00e0ctiques i de disposar de recursos econ\u00f2mics addicionals. Poden realitzar activitats d&#8217;intercanvi d&#8217;alumnat i professorat tant presencials com virtuals a trav\u00e9s de les plataformes que es faciliten.<\/p>\n<p>Els assistents ling\u00fc\u00edstics a qu\u00e8 es pot accedir permeten, per la seva banda, que hi hagi un referent al centre que ajudi l&#8217;alumnat a tenir un contacte directe amb la cultura de la llengua que aprenen.<\/p>\n<p>L&#8217;alumnat pot seguir part del seu curr\u00edculum en un centre estranger, treballar conjuntament amb estudiants d&#8217;altres pa\u00efsos, tenir contacte amb realitats vinculades als seus or\u00edgens o els dels seus companys. Aix\u00f2 els permet practicar les lleng\u00fces que aprenen i entendre la riquesa i diversitat del m\u00f3n on viuen, preparant-se per desenvolupar-se amb \u00e8xit en un context global.<\/p>\n<p>El professorat pot participar en activitats formatives i d&#8217;observaci\u00f3 en centres estrangers per millorar el seu desenvolupament professional. Aquests per\u00edodes formatius els permeten con\u00e8ixer altres sistemes educatius per realitzar projectes cooperatius de qualitat.<\/p>\n<p>Totes aquestes experi\u00e8ncies ajuden a crear xarxa amb altres centres educatius de Catalunya per compartir i desenvolupar plegats nous projectes de cooperaci\u00f3 educativa.<\/p>\n","protected":false},"excerpt":{"rendered":"<p>L&#8217;equip de Programes Internacionals gestiona els projectes d&#8217;abast internacional dins del Servei de Lleng\u00fces estrangeres i d&#8217;origen de la Subdirecci\u00f3 General de Pluriling\u00fcisme. El seu objectiu \u00e9s facilitar la internacionalitzaci\u00f3 dels centres per aconseguir millores educatives, incrementar la seva participaci\u00f3 en programes de cooperaci\u00f3 internacional&hellip;  <a href=\"https:\/\/projectes.xtec.cat\/internacional\/presentacio\/\" title=\"Read Presentaci\u00f3\">Llegeix m\u00e9s\u00bb<\/a><\/p>\n","protected":false},"author":1,"featured_media":0,"parent":0,"menu_order":1,"comment_status":"closed","ping_status":"closed","template":"page-templates\/side-menu.php","meta":{"_bbp_topic_count":0,"_bbp_reply_count":0,"_bbp_total_topic_count":0,"_bbp_total_reply_count":0,"_bbp_voice_count":0,"_bbp_anonymous_reply_count":0,"_bbp_topic_count_hidden":0,"_bbp_reply_count_hidden":0,"_bbp_forum_subforum_count":0,"footnotes":""},"class_list":["post-8598","page","type-page","status-publish","hentry"],"post_mailing_queue_ids":[],"_links":{"self":[{"href":"https:\/\/projectes.xtec.cat\/internacional\/wp-json\/wp\/v2\/pages\/8598","targetHints":{"allow":["GET"]}}],"collection":[{"href":"https:\/\/projectes.xtec.cat\/internacional\/wp-json\/wp\/v2\/pages"}],"about":[{"href":"https:\/\/projectes.xtec.cat\/internacional\/wp-json\/wp\/v2\/types\/page"}],"author":[{"embeddable":true,"href":"https:\/\/projectes.xtec.cat\/internacional\/wp-json\/wp\/v2\/users\/1"}],"replies":[{"embeddable":true,"href":"https:\/\/projectes.xtec.cat\/internacional\/wp-json\/wp\/v2\/comments?post=8598"}],"version-history":[{"count":4,"href":"https:\/\/projectes.xtec.cat\/internacional\/wp-json\/wp\/v2\/pages\/8598\/revisions"}],"predecessor-version":[{"id":13443,"href":"https:\/\/projectes.xtec.cat\/internacional\/wp-json\/wp\/v2\/pages\/8598\/revisions\/13443"}],"wp:attachment":[{"href":"https:\/\/projectes.xtec.cat\/internacional\/wp-json\/wp\/v2\/media?parent=8598"}],"curies":[{"name":"wp","href":"https:\/\/api.w.org\/{rel}","templated":true}]}}