{"id":8606,"date":"2020-02-13T11:34:02","date_gmt":"2020-02-13T10:34:02","guid":{"rendered":"http:\/\/projectes.xtec.cat\/internacional\/?page_id=8606"},"modified":"2025-12-19T08:27:48","modified_gmt":"2025-12-19T07:27:48","slug":"programes","status":"publish","type":"page","link":"https:\/\/projectes.xtec.cat\/internacional\/presentacio\/programes\/","title":{"rendered":"Programes"},"content":{"rendered":"<p>Aquest \u00e9s un recull dels principals programes que s&#8217;estan implementant actualment:<\/p>\n<ul>\n<li><strong>Erasmus+ <\/strong>\u00e9s el programa global de la Comissi\u00f3 Europea per finan\u00e7ar accions d\u2019educaci\u00f3, formaci\u00f3, joventut i esport per afavorir la modernitzaci\u00f3 i millora dels sistemes d\u2019educaci\u00f3 i formaci\u00f3 dels pa\u00efsos pertanyents al programa. Fomenta la qualitat educativa, la innovaci\u00f3 metodol\u00f2gica, la inclusi\u00f3, l\u2019excel\u00b7l\u00e8ncia i la internacionalitzaci\u00f3 dels centres educatius. Durant el per\u00edode per\u00edode 2021-27 es compta amb un pressupost de 28.000 milions d\u2019euros per \u00a0a m\u00e9s infants, joves i adults amb projectes m\u00e9s inclusius, sostenibles i digitals.<\/li>\n<li><strong>eTwinning<\/strong> \u00e9s la comunitat virtual de docents m\u00e9s extensa d\u2019Europa. El servei central de suport est\u00e0 dirigit des d&#8217;European Schoolnet, una associaci\u00f3 de 30 Ministeris europeus d&#8217;Educaci\u00f3 que promou la innovaci\u00f3 educativa en els centres docents, entre el professorat i l\u2019alumnat. El portal eTwinning (www.etwinning.net) \u00e9s un punt de trobada i un lloc com\u00fa de treball. Ofereix una plataforma als equips educatius (professorat, direccions, etc.) europeus per comunicar-se, col\u00b7laborar, desenvolupar projectes i sentir-se i formar part de la comunitat educativa m\u00e9s \u00e0mplia d&#8217;Europa.<strong><br \/>\n<\/strong><\/li>\n<li>Els <strong><strong>Auxiliars de conversa<\/strong><\/strong> s\u00f3n un recurs de primer ordre per estimular l\u2019aprenentatge de lleng\u00fces i el coneixement d\u2019altres cultures i altres formes d\u2019entendre el m\u00f3n. La seva tasca educativa consisteix a donar suport ling\u00fc\u00edstic a les activitats programades pel tutor o tutora d\u2019aula, amb un objectiu: el desenvolupament de les compet\u00e8ncies comunicatives i ling\u00fc\u00edstiques de l\u2019alumnat. Actualment, aquest programa est\u00e0 gestionat pel Ministeri d\u2019Educaci\u00f3 i Formaci\u00f3 Professional.<\/li>\n<li><strong>Accions d&#8217;entorn\u00a0<\/strong>s\u00f3n el conjunt d&#8217;activitats que s&#8217;ofereixen en coordinaci\u00f3 amb diverses institucions al llarg del curs per tal d&#8217;afavorir el contacte dels estudiants amb les lleng\u00fces estrangeres. El programa <strong>Connect-US<\/strong>, del Consolat dels Estats Units, facilita que joves estudiants i investigadors que gaudeixen d&#8217;una beca <em>Fulbright<\/em> a Catalunya facin xerrades als centres educatius. Tamb\u00e9 es col\u00b7labora amb festivals de cinema com l&#8217;<strong>American Film Fest<\/strong> o el <strong>D&#8217;A Film Festival<\/strong>.<\/li>\n<li><strong>Estades d&#8217;immersi\u00f3 ling\u00fc\u00edstica <\/strong>s\u00f3n\u00a0el conjunt d&#8217;accions a c\u00e0rrec de diferents administracions amb qu\u00e8 es pret\u00e9n contribuir a la millora de la compet\u00e8ncia ling\u00fc\u00edstica en llengua estrangera de l\u2019alumnat i al refor\u00e7ament de les seves habilitats socials. Al llarg del curs, els centres tenen la possibilitat d&#8217;oferir a l&#8217;alumnat estades pedag\u00f2giques d&#8217;immersi\u00f3 en angl\u00e8s.<\/li>\n<li><strong>Global Scholars\u00a0<\/strong>\u00e9s un programa educatiu coordinat per la fundaci\u00f3 <strong>Bloomberg Philantropies<\/strong>. Alumnes de 10 a 15 anys de tot el m\u00f3n col\u00b7laboren per fer projectes conjunts. Actualment, hi participen m\u00e9s de 17.000 alumnes de 54 ciutats.<\/li>\n<li><strong>Intercanvi professional entre Catalunya i Canad\u00e0 <\/strong>\u00e9s un\u00a0<span data-contrast=\"auto\">programa d\u2019intercanvi de professorat entre Catalunya i la prov\u00edncia\u00a0<\/span><span data-contrast=\"auto\">d\u2019Alberta<\/span><span data-contrast=\"auto\"> (Canad\u00e0) en col\u00b7laboraci\u00f3 amb <\/span><span data-contrast=\"auto\">l&#8217;Associaci\u00f3 de Professors <\/span><span data-contrast=\"auto\">d\u2019Alberta. Ofereix la possibilitat de<\/span><span data-contrast=\"auto\">\u00a0<\/span><span data-contrast=\"auto\">con\u00e8ixer un altre sistema educatiu, millorar compet\u00e8ncies comunicatives i metodol\u00f2giques i<\/span><span data-contrast=\"auto\">\u00a0<\/span><span data-contrast=\"auto\">con\u00e8ixer la cultura i\u00a0<\/span><span data-contrast=\"auto\">els\u00a0<\/span><span data-contrast=\"auto\">costums de Canad\u00e0.<\/span><\/li>\n<\/ul>\n","protected":false},"excerpt":{"rendered":"<p>Aquest \u00e9s un recull dels principals programes que s&#8217;estan implementant actualment:<\/p>\n<ul>\n<li>Erasmus+ \u00e9s el programa global de la Comissi\u00f3 Europea per finan\u00e7ar accions d\u2019educaci\u00f3, formaci\u00f3, joventut i esport per afavorir la modernitzaci\u00f3 i millora dels sistemes d\u2019educaci\u00f3 i formaci\u00f3 dels pa\u00efsos pertanyents al programa. Fomenta la&hellip;  <a href=\"https:\/\/projectes.xtec.cat\/internacional\/presentacio\/programes\/\" title=\"Read Programes\">Llegeix m\u00e9s\u00bb<\/a><br \/>\n","protected":false},"author":1,"featured_media":0,"parent":8598,"menu_order":4,"comment_status":"closed","ping_status":"closed","template":"page-templates\/side-menu.php","meta":{"_bbp_topic_count":0,"_bbp_reply_count":0,"_bbp_total_topic_count":0,"_bbp_total_reply_count":0,"_bbp_voice_count":0,"_bbp_anonymous_reply_count":0,"_bbp_topic_count_hidden":0,"_bbp_reply_count_hidden":0,"_bbp_forum_subforum_count":0,"footnotes":""},"class_list":["post-8606","page","type-page","status-publish","hentry"],"post_mailing_queue_ids":[],"_links":{"self":[{"href":"https:\/\/projectes.xtec.cat\/internacional\/wp-json\/wp\/v2\/pages\/8606","targetHints":{"allow":["GET"]}}],"collection":[{"href":"https:\/\/projectes.xtec.cat\/internacional\/wp-json\/wp\/v2\/pages"}],"about":[{"href":"https:\/\/projectes.xtec.cat\/internacional\/wp-json\/wp\/v2\/types\/page"}],"author":[{"embeddable":true,"href":"https:\/\/projectes.xtec.cat\/internacional\/wp-json\/wp\/v2\/users\/1"}],"replies":[{"embeddable":true,"href":"https:\/\/projectes.xtec.cat\/internacional\/wp-json\/wp\/v2\/comments?post=8606"}],"version-history":[{"count":7,"href":"https:\/\/projectes.xtec.cat\/internacional\/wp-json\/wp\/v2\/pages\/8606\/revisions"}],"predecessor-version":[{"id":18444,"href":"https:\/\/projectes.xtec.cat\/internacional\/wp-json\/wp\/v2\/pages\/8606\/revisions\/18444"}],"up":[{"embeddable":true,"href":"https:\/\/projectes.xtec.cat\/internacional\/wp-json\/wp\/v2\/pages\/8598"}],"wp:attachment":[{"href":"https:\/\/projectes.xtec.cat\/internacional\/wp-json\/wp\/v2\/media?parent=8606"}],"curies":[{"name":"wp","href":"https:\/\/api.w.org\/{rel}","templated":true}]}}