{"id":8633,"date":"2020-02-14T09:06:27","date_gmt":"2020-02-14T08:06:27","guid":{"rendered":"http:\/\/projectes.xtec.cat\/internacional\/?page_id=8633"},"modified":"2025-11-11T13:39:07","modified_gmt":"2025-11-11T12:39:07","slug":"que-es-etwinning","status":"publish","type":"page","link":"https:\/\/projectes.xtec.cat\/internacional\/etwinning\/que-es-etwinning\/","title":{"rendered":"Qu\u00e8 \u00e9s eTwinning?"},"content":{"rendered":"<p>&nbsp;<\/p>\n<p><a href=\"https:\/\/projectes.xtec.cat\/internacional\/wp-content\/uploads\/usu1767\/2025\/11\/Asset-1-1.png\"><img loading=\"lazy\" decoding=\"async\" class=\"wp-image-17878 alignleft\" src=\"https:\/\/projectes.xtec.cat\/internacional\/wp-content\/uploads\/usu1767\/2025\/11\/Asset-1-1.png\" alt=\"\" width=\"284\" height=\"86\" srcset=\"https:\/\/projectes.xtec.cat\/internacional\/wp-content\/uploads\/usu1767\/2025\/11\/Asset-1-1.png 558w, https:\/\/projectes.xtec.cat\/internacional\/wp-content\/uploads\/usu1767\/2025\/11\/Asset-1-1-300x91.png 300w\" sizes=\"auto, (max-width: 284px) 100vw, 284px\" \/><\/a>eTwinning \u00e9s la comunitat m\u00e9s extensa de centres educatius d\u2019Europa amb <strong>m\u00e9s d&#8217;un mili\u00f3 de registres<\/strong>. Va n\u00e9ixer el 2005 com iniciativa del Programa d&#8217;Aprenentatge eLearning de la <strong>Comissi\u00f3 Europea<\/strong> i des del 2014 <strong>forma part d&#8217;Erasmus+<\/strong>, el Programa de la Uni\u00f3 Europea en mat\u00e8ria d&#8217;educaci\u00f3, formaci\u00f3, joventut i esport. El Servei Central de Suport est\u00e0 dirigit per <a href=\"http:\/\/www.eun.org\/\" target=\"_blank\" rel=\"noopener noreferrer\">European Schoolnet<\/a>, una associaci\u00f3 internacional de 30 Ministeris d&#8217;Educaci\u00f3 europeus\u00a0 que promouen l&#8217;educaci\u00f3 en els centres educatius, a nivell del professorat i l\u2019alumnat de tota Europa.<\/p>\n<p>Des del curs 2022-2023<strong>, el portal eTwinning<\/strong> ha estat incl\u00f3s dins de la plataforma<a href=\"https:\/\/school-education.ec.europa.eu\/es\" target=\"_blank\" rel=\"noopener\"> ESEP<\/a> que \u00e9s un punt de trobada i un lloc com\u00fa de treball. Est\u00e0 tradu\u00eft a vint-i-cinc idiomes i proporciona eines en l\u00ednia perqu\u00e8 els docents trobin socis, engeguin projectes, comparteixin idees, intercanvi\u00efn pr\u00e0ctiques interessants i comencin a treballar junts, servint-se de diferents eines personalitzades disponibles a la plataforma eTwinning.<\/p>\n<p><a href=\"https:\/\/projectes.xtec.cat\/internacional\/wp-content\/uploads\/usu1767\/2023\/11\/ESEP.png\"><img loading=\"lazy\" decoding=\"async\" class=\"alignnone size-full wp-image-12823\" src=\"https:\/\/projectes.xtec.cat\/internacional\/wp-content\/uploads\/usu1767\/2023\/11\/ESEP.png\" alt=\"\" width=\"959\" height=\"159\" srcset=\"https:\/\/projectes.xtec.cat\/internacional\/wp-content\/uploads\/usu1767\/2023\/11\/ESEP.png 959w, https:\/\/projectes.xtec.cat\/internacional\/wp-content\/uploads\/usu1767\/2023\/11\/ESEP-300x50.png 300w, https:\/\/projectes.xtec.cat\/internacional\/wp-content\/uploads\/usu1767\/2023\/11\/ESEP-768x127.png 768w\" sizes=\"auto, (max-width: 959px) 100vw, 959px\" \/><\/a><\/p>\n<p>Aquesta plataforma ofereix als equips educatius (professorat, directors, bibliotecaris, etc.) europeus un espai per comunicar-se, col\u00b7laborar, desenvolupar projectes o el que \u00e9s el mateix, sentir-se i formar part de la comunitat educativa m\u00e9s \u00e0mplia d&#8217;Europa.<\/p>\n<p>La iniciativa <strong>eTwinning<\/strong> promou la col\u00b7laboraci\u00f3 escolar a Europa utilitzant les tecnologies per a l\u2019aprenentatge i el coneixement (TAC) i dona suport als centres oferint-los les eines i els serveis necessaris que facilitin la seva associaci\u00f3 per desenvolupar un projecte en com\u00fa.<\/p>\n<p>El <a href=\"https:\/\/etwinning.es\/\">Portal del Servicio Nacional de Apoyo eTwinning<\/a> segueix oferint informaci\u00f3, assessorament i formaci\u00f3 als docents que participen en els projectes. Entre altres accions, el SNA compta amb una xarxa d\u2019<a href=\"https:\/\/etwinning.es\/embajadores\/\" target=\"_blank\" rel=\"noopener\">ambaixadors\/es eTwinning<\/a>, docents experimentats que fan difusi\u00f3 del programa i poden assessorar altres docents que estan comen\u00e7ant els seus projectes, tant en temes de caire t\u00e8cnic com pedag\u00f2gic.<\/p>\n<p>eTwinning atorga cada any els <a href=\"https:\/\/etwinning.es\/?s=premios+nacionales\" target=\"_blank\" rel=\"noopener\">Premis Nacionals<\/a> i els <a href=\"https:\/\/etwinning.es\/?s=premios+europeos\" target=\"_blank\" rel=\"noopener\">Premis Europeus <\/a>per a projectes innovadors, integrats en el curr\u00edculum, col\u00b7laboratius, que aprofitin la tecnologia i tinguin una bona comunicaci\u00f3 i difusi\u00f3.<\/p>\n<p dir=\"ltr\"><strong>eTwinning i Erasmus+<\/strong>: Els projectes eTwinning poden integrar-se a un projecte Erasmus+ dels tipus KA1 i KA2. Aquesta pr\u00e0ctica comporta una millora de la qualitat dels projectes, ja que es facilita la col\u00b7laboraci\u00f3 i la comunicaci\u00f3 entre els socis, a la vegada que es desenvolupa la compet\u00e8ncia digital i el treball en equip per part de docents i alumnat.<\/p>\n<p dir=\"ltr\">Enlla\u00e7os d&#8217;inter\u00e8s:<\/p>\n<ul>\n<li style=\"list-style-type: none;\">\n<ul>\n<li dir=\"ltr\"><a style=\"font-family: inherit; font-size: 1em;\" href=\"http:\/\/etwinning.es\/es\/guia-etwinning-erasmus\/\" target=\"_blank\" rel=\"noopener noreferrer\">Guia eTwinning-Eramus+<\/a><\/li>\n<li dir=\"ltr\"><a style=\"font-family: inherit; font-size: 1em;\" href=\"https:\/\/www.etwinning.fr\/fileadmin\/documents\/guides\/Guide-eTwinning-Erasmus__english_2017.pdf\" target=\"_blank\" rel=\"noopener noreferrer\"><span id=\"title\" title=\"Guide-eTwinning-Erasmus__english_2017.pdf\">Guide eTwinning-Erasmus_english<\/span><\/a><\/li>\n<li dir=\"ltr\"><a style=\"font-family: inherit; font-size: 1em;\" href=\"http:\/\/etwinning.es\/es\/ejemplos-etwinning-asociacion-escolar-erasmus-ka229\/\" target=\"_blank\" rel=\"noopener noreferrer\">Exemples de la sinergia eTwinning-Erasmus+<\/a><\/li>\n<li dir=\"ltr\"><a style=\"font-family: inherit; font-size: 1em;\" href=\"http:\/\/etwinning.es\/es\/proyectos-etwinning-asociacion-escolar-erasmus\/\" target=\"_blank\" rel=\"noopener noreferrer\">Article: <em>Proyectos eTwinning &#8211; Asociaci\u00f3n escolar Erasmus+<\/em>\u00a0<\/a><\/li>\n<\/ul>\n<\/li>\n<\/ul>\n<p dir=\"ltr\">\n","protected":false},"excerpt":{"rendered":"<p>&nbsp;<br \/>\n<a href=\"https:\/\/projectes.xtec.cat\/internacional\/wp-content\/uploads\/usu1767\/2025\/11\/Asset-1-1.png\"><\/a>eTwinning \u00e9s la comunitat m\u00e9s extensa de centres educatius d\u2019Europa amb m\u00e9s d&#8217;un mili\u00f3 de registres. Va n\u00e9ixer el 2005 com iniciativa del Programa d&#8217;Aprenentatge eLearning de la Comissi\u00f3 Europea i des del 2014 forma part d&#8217;Erasmus+, el Programa de la Uni\u00f3 Europea en&hellip;  <a href=\"https:\/\/projectes.xtec.cat\/internacional\/etwinning\/que-es-etwinning\/\" title=\"Read Qu\u00e8 \u00e9s eTwinning?\">Llegeix m\u00e9s\u00bb<\/a><\/p>\n","protected":false},"author":1,"featured_media":0,"parent":8240,"menu_order":1,"comment_status":"closed","ping_status":"closed","template":"page-templates\/side-menu.php","meta":{"_bbp_topic_count":0,"_bbp_reply_count":0,"_bbp_total_topic_count":0,"_bbp_total_reply_count":0,"_bbp_voice_count":0,"_bbp_anonymous_reply_count":0,"_bbp_topic_count_hidden":0,"_bbp_reply_count_hidden":0,"_bbp_forum_subforum_count":0,"footnotes":""},"class_list":["post-8633","page","type-page","status-publish","hentry"],"post_mailing_queue_ids":[],"_links":{"self":[{"href":"https:\/\/projectes.xtec.cat\/internacional\/wp-json\/wp\/v2\/pages\/8633","targetHints":{"allow":["GET"]}}],"collection":[{"href":"https:\/\/projectes.xtec.cat\/internacional\/wp-json\/wp\/v2\/pages"}],"about":[{"href":"https:\/\/projectes.xtec.cat\/internacional\/wp-json\/wp\/v2\/types\/page"}],"author":[{"embeddable":true,"href":"https:\/\/projectes.xtec.cat\/internacional\/wp-json\/wp\/v2\/users\/1"}],"replies":[{"embeddable":true,"href":"https:\/\/projectes.xtec.cat\/internacional\/wp-json\/wp\/v2\/comments?post=8633"}],"version-history":[{"count":8,"href":"https:\/\/projectes.xtec.cat\/internacional\/wp-json\/wp\/v2\/pages\/8633\/revisions"}],"predecessor-version":[{"id":17887,"href":"https:\/\/projectes.xtec.cat\/internacional\/wp-json\/wp\/v2\/pages\/8633\/revisions\/17887"}],"up":[{"embeddable":true,"href":"https:\/\/projectes.xtec.cat\/internacional\/wp-json\/wp\/v2\/pages\/8240"}],"wp:attachment":[{"href":"https:\/\/projectes.xtec.cat\/internacional\/wp-json\/wp\/v2\/media?parent=8633"}],"curies":[{"name":"wp","href":"https:\/\/api.w.org\/{rel}","templated":true}]}}