{"id":8635,"date":"2020-02-14T09:19:04","date_gmt":"2020-02-14T08:19:04","guid":{"rendered":"http:\/\/projectes.xtec.cat\/internacional\/?page_id=8635"},"modified":"2025-11-18T13:51:44","modified_gmt":"2025-11-18T12:51:44","slug":"formacio","status":"publish","type":"page","link":"https:\/\/projectes.xtec.cat\/internacional\/etwinning\/formacio\/","title":{"rendered":"Formaci\u00f3"},"content":{"rendered":"<p>eTwinning brinda diferents possibilitats per a la formaci\u00f3 dels docents, tant per a l\u2019\u00fas de la plataforma com en altres aspectes relacionats amb el desenvolupament professional del professorat.<\/p>\n<p>Coincidint\u00a0 amb els torns de l&#8217;<a href=\"http:\/\/xtec.gencat.cat\/ca\/formacio\/info-general\/oferta-formativa\/\" target=\"_blank\" rel=\"noopener noreferrer\">oferta general formativa<\/a> del <strong>Departament d\u2019Educaci\u00f3 i Formaci\u00f3 Professional<\/strong>, el <strong>Servei de Lleng\u00fces Estrangeres i d&#8217;Origen (SLEO)<\/strong> en coordinaci\u00f3 amb els <strong>Serveis Territorials<\/strong> ofereix anualment els cursos seg\u00fcents:<\/p>\n<ul style=\"list-style-type: disc;\">\n<li><strong>eTwinning nivell inicial: <\/strong>Formaci\u00f3 en l\u00ednia de 20 hores adre\u00e7ada al professorat que vulgui comen\u00e7ar a participar o crear un projecte eTwinning; el registre a la plataforma, l\u2019entorn de treball eTwinning, la cerca de socis, els projectes\u2026<\/li>\n<li><strong>eTwinning nivell avan\u00e7at: <\/strong>Formaci\u00f3 en l\u00ednia de 20 hores adre\u00e7ada al professorat que vulgui aprofundir en les possibilitats de la plataforma eTwinning; les possibilitats del Twinspace, elaboraci\u00f3 i qualitat dels projectes col\u00b7laboratius, etc.<\/li>\n<li><strong>Sin\u00e8rgies eTwinning\/Eramsus+: <\/strong>Formaci\u00f3 en l\u00ednia de 20 hores per al professorat pr\u00e8viament registrat a eTwinning, amb coneixement de la plataforma i que el seu centre estigui participant (o tingui previst participar) en projectes Erasmus+.<\/li>\n<li><strong>eTwinning CETE+<\/strong> &#8211; Formaci\u00f3 en l\u00ednia de 20 hores per al professorat i personal dels Serveis Educatius participants en el Consorci Erasmus+ del departament d&#8217;Educaci\u00f3 (provisional).<\/li>\n<\/ul>\n<p>Per consultar l\u2019oferta actual, poseu la paraula \u201cetwinning\u201d a l\u2019apartat \u201cNom de l\u2019activitat\u201d del <a href=\"http:\/\/xtec.gencat.cat\/ca\/formacio\/info-general\/cercador-activitats\/\" target=\"_blank\" rel=\"noopener\">cercador d\u2019activitats<\/a> de la Formaci\u00f3 XTEC.<\/p>\n<p><strong>El Servei Nacional de Suport<\/strong> tamb\u00e9 ofereix tot un seguit d\u2019<a href=\"https:\/\/etwinning.es\/materiales-formativos\/\" target=\"_blank\" rel=\"noopener\">activitats de formaci\u00f3<\/a> en l\u00ednia en qu\u00e8 es treballen conceptes fonamentals relacionats amb eTwinning i la innovaci\u00f3 educativa. En general, s\u2019organitzen cursos tutoritzats i cursos massius oberts en l\u00ednia de diferents tipus (MOOC, NOOC, SPOOC).<\/p>\n<p>Podeu trobar m\u00e9s oferta de formaci\u00f3<strong>\u00a0a la plataforma <a href=\"https:\/\/school-education.ec.europa.eu\/es\/professional-development\" target=\"_blank\" rel=\"noopener\">ESEP.<\/a><\/strong><\/p>\n<p>&nbsp;<\/p>\n<p>&nbsp;<\/p>\n","protected":false},"excerpt":{"rendered":"<p>eTwinning brinda diferents possibilitats per a la formaci\u00f3 dels docents, tant per a l\u2019\u00fas de la plataforma com en altres aspectes relacionats amb el desenvolupament professional del professorat.<br \/>\nCoincidint\u00a0 amb els torns de l&#8217;<a href=\"http:\/\/xtec.gencat.cat\/ca\/formacio\/info-general\/oferta-formativa\/\" target=\"_blank\" rel=\"noopener noreferrer\">oferta general formativa<\/a> del Departament d\u2019Educaci\u00f3 i Formaci\u00f3 Professional,&hellip;  <a href=\"https:\/\/projectes.xtec.cat\/internacional\/etwinning\/formacio\/\" title=\"Read Formaci\u00f3\">Llegeix m\u00e9s\u00bb<\/a><\/p>\n","protected":false},"author":1,"featured_media":0,"parent":8240,"menu_order":5,"comment_status":"closed","ping_status":"closed","template":"page-templates\/side-menu.php","meta":{"_bbp_topic_count":0,"_bbp_reply_count":0,"_bbp_total_topic_count":0,"_bbp_total_reply_count":0,"_bbp_voice_count":0,"_bbp_anonymous_reply_count":0,"_bbp_topic_count_hidden":0,"_bbp_reply_count_hidden":0,"_bbp_forum_subforum_count":0,"footnotes":""},"class_list":["post-8635","page","type-page","status-publish","hentry"],"post_mailing_queue_ids":[],"_links":{"self":[{"href":"https:\/\/projectes.xtec.cat\/internacional\/wp-json\/wp\/v2\/pages\/8635","targetHints":{"allow":["GET"]}}],"collection":[{"href":"https:\/\/projectes.xtec.cat\/internacional\/wp-json\/wp\/v2\/pages"}],"about":[{"href":"https:\/\/projectes.xtec.cat\/internacional\/wp-json\/wp\/v2\/types\/page"}],"author":[{"embeddable":true,"href":"https:\/\/projectes.xtec.cat\/internacional\/wp-json\/wp\/v2\/users\/1"}],"replies":[{"embeddable":true,"href":"https:\/\/projectes.xtec.cat\/internacional\/wp-json\/wp\/v2\/comments?post=8635"}],"version-history":[{"count":7,"href":"https:\/\/projectes.xtec.cat\/internacional\/wp-json\/wp\/v2\/pages\/8635\/revisions"}],"predecessor-version":[{"id":17833,"href":"https:\/\/projectes.xtec.cat\/internacional\/wp-json\/wp\/v2\/pages\/8635\/revisions\/17833"}],"up":[{"embeddable":true,"href":"https:\/\/projectes.xtec.cat\/internacional\/wp-json\/wp\/v2\/pages\/8240"}],"wp:attachment":[{"href":"https:\/\/projectes.xtec.cat\/internacional\/wp-json\/wp\/v2\/media?parent=8635"}],"curies":[{"name":"wp","href":"https:\/\/api.w.org\/{rel}","templated":true}]}}