{"id":8661,"date":"2020-04-07T10:41:27","date_gmt":"2020-04-07T08:41:27","guid":{"rendered":"http:\/\/projectes.xtec.cat\/internacional\/?page_id=8661"},"modified":"2025-07-28T12:50:14","modified_gmt":"2025-07-28T10:50:14","slug":"auxiliars-de-conversa-introduccio","status":"publish","type":"page","link":"https:\/\/projectes.xtec.cat\/internacional\/auxiliars-de-conversa\/auxiliars-de-conversa-introduccio\/","title":{"rendered":"Qu\u00e8 \u00e9s el programa d&#8217;auxiliars de conversa?"},"content":{"rendered":"<p><a href=\"https:\/\/projectes.xtec.cat\/internacional\/wp-content\/uploads\/usu1767\/2024\/07\/diversas-personas-mostrando-simbolos-burbujas-discurso-2348151.png\"><img loading=\"lazy\" decoding=\"async\" class=\"wp-image-14008 aligncenter\" src=\"https:\/\/projectes.xtec.cat\/internacional\/wp-content\/uploads\/usu1767\/2024\/07\/diversas-personas-mostrando-simbolos-burbujas-discurso-2348151.png\" alt=\"\" width=\"499\" height=\"374\" srcset=\"https:\/\/projectes.xtec.cat\/internacional\/wp-content\/uploads\/usu1767\/2024\/07\/diversas-personas-mostrando-simbolos-burbujas-discurso-2348151.png 640w, https:\/\/projectes.xtec.cat\/internacional\/wp-content\/uploads\/usu1767\/2024\/07\/diversas-personas-mostrando-simbolos-burbujas-discurso-2348151-300x225.png 300w, https:\/\/projectes.xtec.cat\/internacional\/wp-content\/uploads\/usu1767\/2024\/07\/diversas-personas-mostrando-simbolos-burbujas-discurso-2348151-200x150.png 200w\" sizes=\"auto, (max-width: 499px) 100vw, 499px\" \/><\/a><\/p>\n<p data-start=\"94\" data-end=\"418\">El <strong data-start=\"97\" data-end=\"133\">Programa d\u2019Auxiliars de Conversa<\/strong> forma part del conjunt d\u2019actuacions destinades a donar suport als centres educatius p\u00fablics de titularitat de la Generalitat de Catalunya que desenvolupen projectes innovadors per potenciar l\u2019aprenentatge de lleng\u00fces estrangeres curriculars (angl\u00e8s, franc\u00e8s, alemany, itali\u00e0 o xin\u00e8s).<\/p>\n<p data-start=\"420\" data-end=\"904\">Els auxiliars de conversa s\u00f3n, majorit\u00e0riament, estudiants universitaris o titulats recents que decideixen venir a Catalunya per viure una experi\u00e8ncia educativa i cultural que els permeti millorar els seus coneixements de castell\u00e0 i catal\u00e0. Alhora, esdevenen <strong data-start=\"683\" data-end=\"736\">ambaixadors de la seva llengua i cultura d\u2019origen<\/strong>, i aporten als centres un recurs valu\u00f3s per <strong data-start=\"781\" data-end=\"813\">millorar la compet\u00e8ncia oral<\/strong> de l\u2019alumnat i fomentar-ne la <strong data-start=\"844\" data-end=\"903\">motivaci\u00f3 i l\u2019inter\u00e8s envers altres lleng\u00fces i cultures<\/strong>.<\/p>\n<p data-start=\"906\" data-end=\"1240\">La seva tasca se centra en <strong data-start=\"933\" data-end=\"960\">donar suport ling\u00fc\u00edstic<\/strong> a les activitats programades pel tutor o tutora de llengua estrangera, amb l\u2019objectiu de <strong data-start=\"1050\" data-end=\"1097\">desenvolupar les compet\u00e8ncies comunicatives<\/strong> de l\u2019alumnat.<\/p>\n<p data-start=\"1242\" data-end=\"1505\">Els i les auxiliars col\u00b7laboren amb els centres durant <strong data-start=\"1297\" data-end=\"1319\">14 hores setmanals<\/strong> (13 hores lectives i 1 hora de coordinaci\u00f3). Aquestes hores es poden realitzar \u00edntegrament en un centre o b\u00e9 compartir-se entre dos centres assignats pr\u00e8viament (7 hores a cada centre, 6 hores lectives i 1 hora de coordinaci\u00f3).<\/p>\n<p data-start=\"1507\" data-end=\"1890\">El programa \u00e9s gestionat a escala estatal per la <strong data-start=\"1556\" data-end=\"1658\">Unitat d\u2019Acci\u00f3 Educativa Exterior del Ministerio de Educaci\u00f3n, Formaci\u00f3n Profesional y Deportes (MEFPD)<\/strong>. A Catalunya, la seva gesti\u00f3 recau en el <strong data-start=\"1700\" data-end=\"1745\">Servei de Lleng\u00fces Estrangeres i d\u2019Origen<\/strong>, de la <strong data-start=\"1753\" data-end=\"1815\">Subdirecci\u00f3 General de Lleng\u00fces del Departament d\u2019Educaci\u00f3 i Formaci\u00f3 Professional<\/strong>, que coordina les actuacions amb el MEFPD i altres institucions implicades.<\/p>\n<p><a href=\"https:\/\/drive.google.com\/file\/d\/1islerK-L9abMCbUQBzG7w124s4d17Gho\/view?usp=drive_link\">Guia de centres acollidors 25\/26<\/a><\/p>\n<p><a href=\"https:\/\/drive.google.com\/file\/d\/1oIjDwRKuAX8w-cn-cCX3pOlPdT6jxBZw\/view?usp=drive_link\">Guia de l&#8217;auxiliar de conversa a Catalunya 25\/26<\/a><\/p>\n","protected":false},"excerpt":{"rendered":"<p><a href=\"https:\/\/projectes.xtec.cat\/internacional\/wp-content\/uploads\/usu1767\/2024\/07\/diversas-personas-mostrando-simbolos-burbujas-discurso-2348151.png\"><\/a><br \/>\nEl Programa d\u2019Auxiliars de Conversa forma part del conjunt d\u2019actuacions destinades a donar suport als centres educatius p\u00fablics de titularitat de la Generalitat de Catalunya que desenvolupen projectes innovadors per potenciar l\u2019aprenentatge de lleng\u00fces estrangeres curriculars (angl\u00e8s, franc\u00e8s, alemany, itali\u00e0 o xin\u00e8s).<br \/>\nEls auxiliars de&hellip;  <a href=\"https:\/\/projectes.xtec.cat\/internacional\/auxiliars-de-conversa\/auxiliars-de-conversa-introduccio\/\" title=\"Read Qu\u00e8 \u00e9s el programa d&#8217;auxiliars de conversa?\">Llegeix m\u00e9s\u00bb<\/a><\/p>\n","protected":false},"author":1,"featured_media":0,"parent":17326,"menu_order":1,"comment_status":"closed","ping_status":"closed","template":"page-templates\/side-menu.php","meta":{"_bbp_topic_count":0,"_bbp_reply_count":0,"_bbp_total_topic_count":0,"_bbp_total_reply_count":0,"_bbp_voice_count":0,"_bbp_anonymous_reply_count":0,"_bbp_topic_count_hidden":0,"_bbp_reply_count_hidden":0,"_bbp_forum_subforum_count":0,"footnotes":""},"class_list":["post-8661","page","type-page","status-publish","hentry"],"post_mailing_queue_ids":[],"_links":{"self":[{"href":"https:\/\/projectes.xtec.cat\/internacional\/wp-json\/wp\/v2\/pages\/8661","targetHints":{"allow":["GET"]}}],"collection":[{"href":"https:\/\/projectes.xtec.cat\/internacional\/wp-json\/wp\/v2\/pages"}],"about":[{"href":"https:\/\/projectes.xtec.cat\/internacional\/wp-json\/wp\/v2\/types\/page"}],"author":[{"embeddable":true,"href":"https:\/\/projectes.xtec.cat\/internacional\/wp-json\/wp\/v2\/users\/1"}],"replies":[{"embeddable":true,"href":"https:\/\/projectes.xtec.cat\/internacional\/wp-json\/wp\/v2\/comments?post=8661"}],"version-history":[{"count":8,"href":"https:\/\/projectes.xtec.cat\/internacional\/wp-json\/wp\/v2\/pages\/8661\/revisions"}],"predecessor-version":[{"id":17329,"href":"https:\/\/projectes.xtec.cat\/internacional\/wp-json\/wp\/v2\/pages\/8661\/revisions\/17329"}],"up":[{"embeddable":true,"href":"https:\/\/projectes.xtec.cat\/internacional\/wp-json\/wp\/v2\/pages\/17326"}],"wp:attachment":[{"href":"https:\/\/projectes.xtec.cat\/internacional\/wp-json\/wp\/v2\/media?parent=8661"}],"curies":[{"name":"wp","href":"https:\/\/api.w.org\/{rel}","templated":true}]}}