{"id":8666,"date":"2020-04-07T10:52:10","date_gmt":"2020-04-07T08:52:10","guid":{"rendered":"http:\/\/projectes.xtec.cat\/internacional\/?page_id=8666"},"modified":"2023-08-01T08:26:57","modified_gmt":"2023-08-01T06:26:57","slug":"bases-de-participacio","status":"publish","type":"page","link":"https:\/\/projectes.xtec.cat\/internacional\/auxiliars-de-conversa\/informacio-i-guies-informatives-del-programa-auxiliars-de-conversa-actualitzades\/informacio-centres-acollidors\/bases-de-participacio\/","title":{"rendered":"Bases de Participaci\u00f3"},"content":{"rendered":"<p>&nbsp;<\/p>\n<p><strong>Requisits Generals<\/strong><\/p>\n<ol>\n<li>Poden sol\u00b7licitar auxiliar de conversa els centres p\u00fablics de Catalunya que imparteixen ensenyaments d&#8217;Educaci\u00f3 Prim\u00e0ria, d&#8217;Educaci\u00f3 Secund\u00e0ria Obligat\u00f2ria, Batxillerat, Formaci\u00f3 Professional i Escoles Oficials d&#8217;Idiomes. En aquest darrer cas, no obstant, nom\u00e9s les que ofereixen ensenyaments d\u2019itali\u00e0 i rus.<\/li>\n<li>Els centres sol\u00b7licitants han d&#8217;impartir un nombre d\u2019hores suficients en la llengua estrangera per a la qual sol\u00b7liciten l&#8217;auxiliar de manera que l\u2019auxiliar cobreixi completament el seu horari: de 14 hores en el cas que l\u2019auxiliar estigui assignat a un sol centre o d\u2019un m\u00ednim de 6 hores en el cas que estigui assignat a dos centres al mateix temps.<\/li>\n<li>Nom\u00e9s poden sol\u00b7licitar auxiliar de conversa en angl\u00e8s els centres que no hagin gaudit d\u2019aquest recurs en el curs escolar 2022-23.<\/li>\n<\/ol>\n<p><strong>Requisits Addicionals<\/strong><\/p>\n<p>Addicionalment, cal complir, com a m\u00ednim, un dels requisits seg\u00fcents:<\/p>\n<ul>\n<li>No haver pogut gaudir de l&#8217;auxiliar de conversa totalment o parcialment durant el curs escolar 2022-23 perqu\u00e8 l&#8217;auxiliar adjudicat al centre no es va incorporar o b\u00e9 perqu\u00e8 va renunciar a la seva pla\u00e7a sense haver completat un m\u00ednim de 4 mesos d&#8217;estada.<\/li>\n<li>Participar en el curs 2022-2023 en programes de lleng\u00fces estrangeres impulsats pel Departament d&#8217;Educaci\u00f3 (GEP, Avancem, Batxibac, Erasmus+, Global Scholars) o en altres programes de cooperaci\u00f3 educativa internacional integrats a la programaci\u00f3 del centre i en actiu.<\/li>\n<li>No haver gaudit de l&#8217;auxiliar de conversa durant la participaci\u00f3 del centre en les edicions 2017-2020\u00a0 i 2018-2021 del Programa d\u2019innovaci\u00f3 GEP i tenir integrat al PGA o PLC del centre la impartici\u00f3 d\u2019assignatures en una llengua estrangera.<\/li>\n<li>Tenir un percentatge d&#8217;alumnes superior al 10% que ha obtingut un resultat baix en la llengua estrangera per a la qual se sol\u00b7licita l&#8217;auxiliar en les darreres proves de compet\u00e8ncies b\u00e0siques i disposar d&#8217;un projecte de millora d&#8217;aquests resultats.<\/li>\n<\/ul>\n<p>La informaci\u00f3 sobre la sol\u00b7licitud, els criteris d&#8217;adjudicaci\u00f3 i les llistes definitives de centres admesos es publica a la secci\u00f3 d&#8217;<a href=\"https:\/\/espai.educacio.gencat.cat\/Centres\/Projectes-educatius\/Auxiliars-conversa\/Pagines\/default.aspx#!#h24\" target=\"_blank\" rel=\"noopener\">Auxiliars de conversa<\/a>, dins dels Projectes Educatius del Portal de Centres.<\/p>\n<p><strong>\u00a0<\/strong><\/p>\n","protected":false},"excerpt":{"rendered":"<p>&nbsp;<br \/>\nRequisits Generals<\/p>\n<ol>\n<li>Poden sol\u00b7licitar auxiliar de conversa els centres p\u00fablics de Catalunya que imparteixen ensenyaments d&#8217;Educaci\u00f3 Prim\u00e0ria, d&#8217;Educaci\u00f3 Secund\u00e0ria Obligat\u00f2ria, Batxillerat, Formaci\u00f3 Professional i Escoles Oficials d&#8217;Idiomes. En aquest darrer cas, no obstant, nom\u00e9s les que ofereixen ensenyaments d\u2019itali\u00e0 i rus.<\/li>\n<li>Els centres sol\u00b7licitants han d&#8217;impartir un&hellip;  <a href=\"https:\/\/projectes.xtec.cat\/internacional\/auxiliars-de-conversa\/informacio-i-guies-informatives-del-programa-auxiliars-de-conversa-actualitzades\/informacio-centres-acollidors\/bases-de-participacio\/\" title=\"Read Bases de Participaci\u00f3\">Llegeix m\u00e9s\u00bb<\/a><br \/>\n","protected":false},"author":1,"featured_media":0,"parent":8880,"menu_order":12,"comment_status":"closed","ping_status":"closed","template":"page-templates\/side-menu.php","meta":{"_bbp_topic_count":0,"_bbp_reply_count":0,"_bbp_total_topic_count":0,"_bbp_total_reply_count":0,"_bbp_voice_count":0,"_bbp_anonymous_reply_count":0,"_bbp_topic_count_hidden":0,"_bbp_reply_count_hidden":0,"_bbp_forum_subforum_count":0,"footnotes":""},"class_list":["post-8666","page","type-page","status-publish","hentry"],"post_mailing_queue_ids":[],"_links":{"self":[{"href":"https:\/\/projectes.xtec.cat\/internacional\/wp-json\/wp\/v2\/pages\/8666","targetHints":{"allow":["GET"]}}],"collection":[{"href":"https:\/\/projectes.xtec.cat\/internacional\/wp-json\/wp\/v2\/pages"}],"about":[{"href":"https:\/\/projectes.xtec.cat\/internacional\/wp-json\/wp\/v2\/types\/page"}],"author":[{"embeddable":true,"href":"https:\/\/projectes.xtec.cat\/internacional\/wp-json\/wp\/v2\/users\/1"}],"replies":[{"embeddable":true,"href":"https:\/\/projectes.xtec.cat\/internacional\/wp-json\/wp\/v2\/comments?post=8666"}],"version-history":[{"count":4,"href":"https:\/\/projectes.xtec.cat\/internacional\/wp-json\/wp\/v2\/pages\/8666\/revisions"}],"predecessor-version":[{"id":12598,"href":"https:\/\/projectes.xtec.cat\/internacional\/wp-json\/wp\/v2\/pages\/8666\/revisions\/12598"}],"up":[{"embeddable":true,"href":"https:\/\/projectes.xtec.cat\/internacional\/wp-json\/wp\/v2\/pages\/8880"}],"wp:attachment":[{"href":"https:\/\/projectes.xtec.cat\/internacional\/wp-json\/wp\/v2\/media?parent=8666"}],"curies":[{"name":"wp","href":"https:\/\/api.w.org\/{rel}","templated":true}]}}