{"id":8752,"date":"2020-04-27T19:00:02","date_gmt":"2020-04-27T17:00:02","guid":{"rendered":"http:\/\/projectes.xtec.cat\/internacional\/?page_id=8752"},"modified":"2025-12-10T15:22:40","modified_gmt":"2025-12-10T14:22:40","slug":"intercanvi-professional-amb-alberta-canada","status":"publish","type":"page","link":"https:\/\/projectes.xtec.cat\/internacional\/altres-programes\/intercanvi-professional-amb-alberta-canada\/","title":{"rendered":"Intercanvi professional entre Catalunya i Canad\u00e0"},"content":{"rendered":"<p style=\"text-align: justify;\"><span data-contrast=\"auto\">El programa d\u2019intercanvi de professorat entre Catalunya i la prov\u00edncia\u00a0<\/span><span data-contrast=\"auto\">d\u2019Alberta<\/span><span data-contrast=\"auto\"> (Canad\u00e0) es realitza en col\u00b7laboraci\u00f3 amb <\/span><span data-contrast=\"auto\">l&#8217;<a href=\"https:\/\/www.teachers.ab.ca\/Pages\/Home.aspx\" target=\"_blank\" rel=\"noopener\">Associaci\u00f3 de Professorat <\/a><\/span><span data-contrast=\"auto\">d&#8217;Alberta i \u00e9s <\/span><span data-contrast=\"auto\">una oportunitat \u00fanica per <\/span><span data-contrast=\"auto\">con\u00e8ixer un altre sistema educatiu, millorar en les compet\u00e8ncies comunicatives i metodol\u00f2giques, i a la vegada,\u00a0<\/span><span data-contrast=\"auto\">permet\u00a0<\/span><span data-contrast=\"auto\">con\u00e8ixer la cultura i\u00a0<\/span><span data-contrast=\"auto\">els\u00a0<\/span><span data-contrast=\"auto\">costums del p<\/span><span data-contrast=\"auto\">a\u00ed<\/span><span data-contrast=\"auto\">s que es visita.<br \/>\n<\/span><\/p>\n<p><span data-contrast=\"auto\"><a href=\"https:\/\/projectes.xtec.cat\/internacional\/wp-content\/uploads\/usu1767\/2020\/05\/skyline-calgary-866032_1280.jpg\"><img loading=\"lazy\" decoding=\"async\" class=\"wp-image-9373 alignleft\" src=\"https:\/\/projectes.xtec.cat\/internacional\/wp-content\/uploads\/usu1767\/2020\/05\/skyline-calgary-866032_1280-300x114.jpg\" alt=\"\" width=\"345\" height=\"131\" srcset=\"https:\/\/projectes.xtec.cat\/internacional\/wp-content\/uploads\/usu1767\/2020\/05\/skyline-calgary-866032_1280-300x114.jpg 300w, https:\/\/projectes.xtec.cat\/internacional\/wp-content\/uploads\/usu1767\/2020\/05\/skyline-calgary-866032_1280-768x292.jpg 768w, https:\/\/projectes.xtec.cat\/internacional\/wp-content\/uploads\/usu1767\/2020\/05\/skyline-calgary-866032_1280-1024x389.jpg 1024w, https:\/\/projectes.xtec.cat\/internacional\/wp-content\/uploads\/usu1767\/2020\/05\/skyline-calgary-866032_1280.jpg 1280w\" sizes=\"auto, (max-width: 345px) 100vw, 345px\" \/><\/a><\/span><\/p>\n<p style=\"text-align: justify;\"><span data-contrast=\"auto\">Els intercanvis tenen una durada de dues setmanes i coincideixen normalment amb les vacances del professorat <\/span><span data-contrast=\"auto\">d\u2019Alberta<\/span><span data-contrast=\"auto\">\u00a0(<\/span><span data-contrast=\"auto\">Spring<\/span><span data-contrast=\"auto\"> break) i a Catalunya dependr\u00e0 de l&#8217;organitzaci\u00f3 de cada centre. L\u2019allotjament<\/span><span data-contrast=\"auto\">\u00a0<\/span><span data-contrast=\"auto\">\u00a0<\/span><span data-contrast=\"auto\">\u00e9s a casa de l<\/span><span data-contrast=\"auto\">a persona assignada com a\u00a0<\/span><span data-contrast=\"auto\">partner<\/span><span data-contrast=\"auto\">\u00a0de l\u2019intercanvi. L\u2019observaci\u00f3 a l\u2019aula i l\u2019estada al centre educatiu \u00e9s tamb\u00e9 el del company\/a d\u2019intercanvi. <\/span><span data-ccp-props=\"{&quot;201341983&quot;:0,&quot;335559739&quot;:200,&quot;335559740&quot;:276}\">Aix\u00ed mateix, e<\/span><span data-contrast=\"auto\">l centre educatiu s&#8217;ha de comprometre a facilitar la participaci\u00f3 del docent visitant en les activitats del centre.<\/span><\/p>\n<p><span data-contrast=\"auto\">Cadascuna de les parts allotjar\u00e0 al company d\u2019intercanvi i facilitar\u00e0 l\u2019acc\u00e9s al centre educatiu on desenvolupa la tasca docent. Tamb\u00e9 es poden organitzar visites culturals, excursions, etc. en el temps d\u2019oci\u00a0<\/span><span data-contrast=\"auto\">segons els interessos d\u2019ambdues parts.<\/span><span data-ccp-props=\"{&quot;201341983&quot;:0,&quot;335559739&quot;:200,&quot;335559740&quot;:276}\">\u00a0<\/span><\/p>\n<p><span data-contrast=\"auto\">El programa d\u2019intercanvi professional <strong>no cobreix el cost del viatge ni de l\u2019estada<\/strong>. Des del Servei de Lleng\u00fces Estrangeres i d\u2019Origen oferim \u00a0suport previ i posterior a l\u2019intercanvi. <\/span><\/p>\n<p>Si trobeu que \u00e9s una proposta interessant, us podeu inscriure a trav\u00e9s dels seg\u00fcents formularis:<\/p>\n<ul>\n<li style=\"list-style-type: none;\">\n<ul>\n<li><a href=\"https:\/\/forms.gle\/K6RECGuRS5unMiPA9\">Formulari Franc\u00e8s<\/a><\/li>\n<li><a href=\"https:\/\/forms.gle\/CPXBfU3RY7fUDnzt7\">Formulari Angl\u00e8s<\/a><\/li>\n<li><a href=\"https:\/\/docs.google.com\/forms\/d\/e\/1FAIpQLScnALI0jXitzgfDDBnSCZtuvFviowk-sfxxjTZMAjZL0VqT5g\/viewform\">Projectes telem\u00e0tics nom\u00e9s<\/a><\/li>\n<\/ul>\n<\/li>\n<\/ul>\n<p>En el seg\u00fcent enlla\u00e7 podeu accedir a les <strong>not\u00edcies<\/strong> relacionades amb el <a href=\"https:\/\/projectes.xtec.cat\/internacional\/categoria\/intercanvi-catalunya-alberta\/\" target=\"_blank\" rel=\"noopener\">programa d&#8217;intercanvi de professorat entre Catalunya i Canad\u00e0<\/a>.<\/p>\n<p>M\u00e9s informaci\u00f3 a <a href=\"mailto:erasmusplus@xtec.cat\">erasmusplus<span class=\"atwho-query\">@xtec.cat.<\/span><\/a><\/p>\n<p><span data-contrast=\"auto\"><a href=\"https:\/\/projectes.xtec.cat\/internacional\/wp-content\/uploads\/usu1767\/2020\/05\/Screen-Shot-2020-05-15-at-13.04.30.png\"><img loading=\"lazy\" decoding=\"async\" class=\"wp-image-9372 alignleft\" src=\"https:\/\/projectes.xtec.cat\/internacional\/wp-content\/uploads\/usu1767\/2020\/05\/Screen-Shot-2020-05-15-at-13.04.30-300x49.png\" alt=\"\" width=\"227\" height=\"37\" srcset=\"https:\/\/projectes.xtec.cat\/internacional\/wp-content\/uploads\/usu1767\/2020\/05\/Screen-Shot-2020-05-15-at-13.04.30-300x49.png 300w, https:\/\/projectes.xtec.cat\/internacional\/wp-content\/uploads\/usu1767\/2020\/05\/Screen-Shot-2020-05-15-at-13.04.30-768x125.png 768w, https:\/\/projectes.xtec.cat\/internacional\/wp-content\/uploads\/usu1767\/2020\/05\/Screen-Shot-2020-05-15-at-13.04.30-1024x167.png 1024w, https:\/\/projectes.xtec.cat\/internacional\/wp-content\/uploads\/usu1767\/2020\/05\/Screen-Shot-2020-05-15-at-13.04.30.png 1560w\" sizes=\"auto, (max-width: 227px) 100vw, 227px\" \/><\/a><\/span><\/p>\n","protected":false},"excerpt":{"rendered":"<p>El programa d\u2019intercanvi de professorat entre Catalunya i la prov\u00edncia\u00a0d\u2019Alberta (Canad\u00e0) es realitza en col\u00b7laboraci\u00f3 amb l&#8217;<a href=\"https:\/\/www.teachers.ab.ca\/Pages\/Home.aspx\" target=\"_blank\" rel=\"noopener\">Associaci\u00f3 de Professorat <\/a>d&#8217;Alberta i \u00e9s una oportunitat \u00fanica per con\u00e8ixer un altre sistema educatiu, millorar en les compet\u00e8ncies comunicatives i metodol\u00f2giques, i a la vegada,\u00a0permet\u00a0con\u00e8ixer&hellip;  <a href=\"https:\/\/projectes.xtec.cat\/internacional\/altres-programes\/intercanvi-professional-amb-alberta-canada\/\" title=\"Read Intercanvi professional entre Catalunya i Canad\u00e0\">Llegeix m\u00e9s\u00bb<\/a><\/p>\n","protected":false},"author":6,"featured_media":0,"parent":8206,"menu_order":40,"comment_status":"closed","ping_status":"closed","template":"page-templates\/side-menu.php","meta":{"_bbp_topic_count":0,"_bbp_reply_count":0,"_bbp_total_topic_count":0,"_bbp_total_reply_count":0,"_bbp_voice_count":0,"_bbp_anonymous_reply_count":0,"_bbp_topic_count_hidden":0,"_bbp_reply_count_hidden":0,"_bbp_forum_subforum_count":0,"footnotes":""},"class_list":["post-8752","page","type-page","status-publish","hentry"],"post_mailing_queue_ids":[],"_links":{"self":[{"href":"https:\/\/projectes.xtec.cat\/internacional\/wp-json\/wp\/v2\/pages\/8752","targetHints":{"allow":["GET"]}}],"collection":[{"href":"https:\/\/projectes.xtec.cat\/internacional\/wp-json\/wp\/v2\/pages"}],"about":[{"href":"https:\/\/projectes.xtec.cat\/internacional\/wp-json\/wp\/v2\/types\/page"}],"author":[{"embeddable":true,"href":"https:\/\/projectes.xtec.cat\/internacional\/wp-json\/wp\/v2\/users\/6"}],"replies":[{"embeddable":true,"href":"https:\/\/projectes.xtec.cat\/internacional\/wp-json\/wp\/v2\/comments?post=8752"}],"version-history":[{"count":7,"href":"https:\/\/projectes.xtec.cat\/internacional\/wp-json\/wp\/v2\/pages\/8752\/revisions"}],"predecessor-version":[{"id":18353,"href":"https:\/\/projectes.xtec.cat\/internacional\/wp-json\/wp\/v2\/pages\/8752\/revisions\/18353"}],"up":[{"embeddable":true,"href":"https:\/\/projectes.xtec.cat\/internacional\/wp-json\/wp\/v2\/pages\/8206"}],"wp:attachment":[{"href":"https:\/\/projectes.xtec.cat\/internacional\/wp-json\/wp\/v2\/media?parent=8752"}],"curies":[{"name":"wp","href":"https:\/\/api.w.org\/{rel}","templated":true}]}}