{"id":8754,"date":"2020-04-27T19:00:33","date_gmt":"2020-04-27T17:00:33","guid":{"rendered":"http:\/\/projectes.xtec.cat\/internacional\/?page_id=8754"},"modified":"2024-02-12T12:47:44","modified_gmt":"2024-02-12T11:47:44","slug":"estades-dimmersio-linguistica","status":"publish","type":"page","link":"https:\/\/projectes.xtec.cat\/internacional\/altres-programes\/estades-dimmersio-linguistica\/","title":{"rendered":"Estades d&#8217;immersi\u00f3 ling\u00fc\u00edstica"},"content":{"rendered":"<p style=\"text-align: left;\">Les <strong>Estades d\u2019immersi\u00f3 ling\u00fc\u00edstica <\/strong>s\u00f3n una acci\u00f3 d\u2019extensi\u00f3 educativa que vol contribuir a la millora de la compet\u00e8ncia ling\u00fc\u00edstica en llengua estrangera de l\u2019alumnat i tamb\u00e9 de les seves habilitats socials i relacionals, at\u00e8s que permet posar en pr\u00e0ctica valors i actituds essencials per a la conviv\u00e8ncia com el respecte als companys, a la diversitat i el sentit de la responsabilitat. Les activitats dissenyades contribueixen a l\u2019adquisici\u00f3 de compet\u00e8ncies b\u00e0siques i d\u2019habilitats de caire social, emocional i relacional.<\/p>\n<p>Hi ha <strong>dos programe<\/strong>s que faciliten la participaci\u00f3 dels nostres alumnes en aquest tipus d&#8217;activitats per mitj\u00e0 de <span style=\"font-family: inherit; font-size: 1em;\">subvencions:<\/span><\/p>\n<ul>\n<li style=\"list-style-type: none;\">\n<ul style=\"list-style-type: circle;\">\n<li style=\"text-align: left;\">El<strong><a href=\"https:\/\/espai.educacio.gencat.cat\/Centres\/Projectes-educatius\/Pagines\/default.aspx\" target=\"_blank\" rel=\"noopener noreferrer\"> Programa d&#8217;orientaci\u00f3 i refor\u00e7 per a l&#8217;avan\u00e7 i suport a l&#8217;educaci\u00f3<\/a> <\/strong>del Ministeri d\u2019Educaci\u00f3 i Formaci\u00f3 Professional que est\u00e0 cofinan\u00e7at pel Programa operatiu d\u2019ocupaci\u00f3, formaci\u00f3 i educaci\u00f3 del Fons Social Europeu 2014-2020 (POEFE). El Fons Social Europeu (FSE) \u00e9s un dels fons estructurals de la Uni\u00f3 Europea que impulsa inversions en totes les regions de la UE amb la finalitat de promoure la cohesi\u00f3 social i econ\u00f2mica. A trav\u00e9s de diversos programes operatius, acordats per cada estat membre i la Comissi\u00f3 Europea, vol complir diversos objectius orientats al <strong>suport a l\u2019ocupaci\u00f3<\/strong>, a la<strong> promoci\u00f3 de la inclusi\u00f3 social<\/strong>, a la<strong> lluita contra la pobresa <\/strong>i a l<strong>\u2019efic\u00e0cia de l\u2019administraci\u00f3 p\u00fablica.\u00a0<\/strong>El programa operatiu a Catalunya del Fons Social Europeu 2014-2020 se situa en el tercer eix d\u2019actuaci\u00f3 del FSE: invertir en educaci\u00f3, formaci\u00f3 per a l\u2019adquisici\u00f3 de capacitats i l\u2019aprenentatge permanent. El Servei de Lleng\u00fces Estrangeres i d&#8217;Origen coordina l&#8217;acci\u00f3 de<strong> les estades d\u2019immersi\u00f3 ling\u00fc\u00edstica<\/strong> en llengua anglesa.<\/li>\n<\/ul>\n<\/li>\n<\/ul>\n<p style=\"padding-left: 40px;\"><strong><a style=\"font-family: inherit; font-size: 1em;\" href=\"https:\/\/espai.educacio.gencat.cat\/Centres\/Projectes-educatius\/Orientacio-reforc-suport\/Pagines\/default.aspx\" target=\"_blank\" rel=\"noopener noreferrer\">Convocat\u00f2ria curs 2019-2020<\/a><\/strong><\/p>\n<p style=\"padding-left: 40px;\">La proposta s\u2019adre\u00e7a a l\u2019alumnat d\u2019educaci\u00f3 secund\u00e0ria matriculat en centres de m\u00e0xima i alta complexitat. Les estades es duran a terme en albergs socials de la xarxa p\u00fablica XANASCAT i oferiran als participants un programa d\u2019activitats did\u00e0ctiques i l\u00fadiques vehiculades en llengua anglesa i dissenyades per respondre als interessos i inquietuds pr\u00f2pies de les edats dels alumnes, per motivar-ne l\u2019aprenentatge.<\/p>\n<p style=\"padding-left: 680px;\"><img loading=\"lazy\" decoding=\"async\" class=\"alignnone wp-image-9343\" src=\"https:\/\/projectes.xtec.cat\/internacional\/wp-content\/uploads\/usu1767\/2020\/05\/FSE-300x60.png\" alt=\"Logo del Fons Social Europeu\" width=\"170\" height=\"34\" srcset=\"https:\/\/projectes.xtec.cat\/internacional\/wp-content\/uploads\/usu1767\/2020\/05\/FSE-300x60.png 300w, https:\/\/projectes.xtec.cat\/internacional\/wp-content\/uploads\/usu1767\/2020\/05\/FSE.png 566w\" sizes=\"auto, (max-width: 170px) 100vw, 170px\" \/><\/p>\n<ul>\n<li style=\"list-style-type: none;\">\n<ul style=\"list-style-type: circle;\">\n<li style=\"text-align: left;\">El <a href=\"http:\/\/www.educacionyfp.gob.es\/servicios-al-ciudadano\/catalogo\/estudiantes\/becas-ayudas\/extraescolares\/inmersion-linguistica.html\" target=\"_blank\" rel=\"noopener noreferrer\"><strong>Programa d&#8217;immersi\u00f3 ling\u00fc\u00edstica en llengua anglesa<\/strong><\/a> organitzat pel Ministeri d&#8217;Educaci\u00f3 i Formaci\u00f3 Professional amb la col\u00b7laboraci\u00f3 de les comunitats aut\u00f2nomes s\u00f3n ajuts destinats a grups d&#8217;alumnes de 6\u00e8 de Prim\u00e0ria i 2n d&#8217;ESO perqu\u00e8 desenvolupin la seva compet\u00e8ncia oral en llengua anglesa en entorns comunicatius no formals, din\u00e0mics i atractius. Dins de les activitats a realitzar, s&#8217;inclouen tem\u00e0tiques d&#8217;inter\u00e8s cient\u00edfic i mediambiental, i es promou la conviv\u00e8ncia amb alumnes d&#8217;altres comunitats essent la llengua vehicular la llengua anglesa. Tota la informaci\u00f3 es troba a <a href=\"http:\/\/www.educacionyfp.gob.es\/servicios-al-ciudadano\/catalogo\/estudiantes\/becas-ayudas\/extraescolares\/inmersion-linguistica.html\" target=\"_blank\" rel=\"noopener noreferrer\">Convocat\u00f2ria curs 2022-2023.<\/a><\/li>\n<\/ul>\n<\/li>\n<\/ul>\n<p style=\"padding-left: 720px;\"><img loading=\"lazy\" decoding=\"async\" class=\"alignnone wp-image-9344\" src=\"https:\/\/projectes.xtec.cat\/internacional\/wp-content\/uploads\/usu1767\/2020\/05\/Sin-ti%CC%81tulo-300x73.png\" alt=\"Logo del Ministeri d'Educaci\u00f3 i Formaci\u00f3 Professional del Govern d'Espanya\" width=\"131\" height=\"32\" \/><\/p>\n<p>&nbsp;<\/p>\n<p>&nbsp;<\/p>\n","protected":false},"excerpt":{"rendered":"<p>Les Estades d\u2019immersi\u00f3 ling\u00fc\u00edstica s\u00f3n una acci\u00f3 d\u2019extensi\u00f3 educativa que vol contribuir a la millora de la compet\u00e8ncia ling\u00fc\u00edstica en llengua estrangera de l\u2019alumnat i tamb\u00e9 de les seves habilitats socials i relacionals, at\u00e8s que permet posar en pr\u00e0ctica valors i actituds essencials per a&hellip;  <a href=\"https:\/\/projectes.xtec.cat\/internacional\/altres-programes\/estades-dimmersio-linguistica\/\" title=\"Read Estades d&#8217;immersi\u00f3 ling\u00fc\u00edstica\">Llegeix m\u00e9s\u00bb<\/a><\/p>\n","protected":false},"author":6,"featured_media":0,"parent":8206,"menu_order":20,"comment_status":"closed","ping_status":"closed","template":"page-templates\/side-menu.php","meta":{"_bbp_topic_count":0,"_bbp_reply_count":0,"_bbp_total_topic_count":0,"_bbp_total_reply_count":0,"_bbp_voice_count":0,"_bbp_anonymous_reply_count":0,"_bbp_topic_count_hidden":0,"_bbp_reply_count_hidden":0,"_bbp_forum_subforum_count":0,"footnotes":""},"class_list":["post-8754","page","type-page","status-publish","hentry"],"post_mailing_queue_ids":[],"_links":{"self":[{"href":"https:\/\/projectes.xtec.cat\/internacional\/wp-json\/wp\/v2\/pages\/8754","targetHints":{"allow":["GET"]}}],"collection":[{"href":"https:\/\/projectes.xtec.cat\/internacional\/wp-json\/wp\/v2\/pages"}],"about":[{"href":"https:\/\/projectes.xtec.cat\/internacional\/wp-json\/wp\/v2\/types\/page"}],"author":[{"embeddable":true,"href":"https:\/\/projectes.xtec.cat\/internacional\/wp-json\/wp\/v2\/users\/6"}],"replies":[{"embeddable":true,"href":"https:\/\/projectes.xtec.cat\/internacional\/wp-json\/wp\/v2\/comments?post=8754"}],"version-history":[{"count":5,"href":"https:\/\/projectes.xtec.cat\/internacional\/wp-json\/wp\/v2\/pages\/8754\/revisions"}],"predecessor-version":[{"id":13451,"href":"https:\/\/projectes.xtec.cat\/internacional\/wp-json\/wp\/v2\/pages\/8754\/revisions\/13451"}],"up":[{"embeddable":true,"href":"https:\/\/projectes.xtec.cat\/internacional\/wp-json\/wp\/v2\/pages\/8206"}],"wp:attachment":[{"href":"https:\/\/projectes.xtec.cat\/internacional\/wp-json\/wp\/v2\/media?parent=8754"}],"curies":[{"name":"wp","href":"https:\/\/api.w.org\/{rel}","templated":true}]}}