{"id":8880,"date":"2020-05-04T12:25:49","date_gmt":"2020-05-04T10:25:49","guid":{"rendered":"http:\/\/projectes.xtec.cat\/internacional\/?page_id=8880"},"modified":"2025-11-18T13:41:49","modified_gmt":"2025-11-18T12:41:49","slug":"informacio-centres-acollidors","status":"publish","type":"page","link":"https:\/\/projectes.xtec.cat\/internacional\/auxiliars-de-conversa\/informacio-i-guies-informatives-del-programa-auxiliars-de-conversa-actualitzades\/informacio-centres-acollidors\/","title":{"rendered":"Informaci\u00f3 per als Centres Acollidors"},"content":{"rendered":"<p>A la <a href=\"https:\/\/drive.google.com\/file\/d\/1zx10bPO0uIbms6wmqZ8wo2ecdBW7rL6J\/view?usp=sharing\">Guia dels Centres Acollidors d&#8217;Auxiliars de Conversa<\/a> hi ha tota la informaci\u00f3 necess\u00e0ria del programa. Seguidament, fem un petit resum dels principals punts a tenir en compte, per\u00f2 la informaci\u00f3 m\u00e9s completa \u00e9s a la guia.<\/p>\n<p><strong>Qui s\u00f3n els auxiliars de conversa?<\/strong><\/p>\n<p>Majorit\u00e0riament, s\u00f3n joves que han acabat el seu grau universitari o estan en els \u00faltims cursos i volen completar la seva formaci\u00f3. Aqu\u00ed se&#8217;ls considera estudiants becaris. Molts tenen un bon coneixement de castell\u00e0 o catal\u00e0, per\u00f2 els manca formaci\u00f3 i experi\u00e8ncia en el camp de la doc\u00e8ncia.<\/p>\n<p><strong>Quines s\u00f3n les seves funcions?<\/strong><\/p>\n<p>Desenvolupen la seva activitat durant 14 hores a la setmana, repartides en un m\u00e0xim de quatre dies. Es recomana que tinguin lliure dilluns o divendres i que es procuri que l&#8217;horari sigui compacte.<\/p>\n<p>Donen suport a la tasca del docent i no poden estar sols en un grup-classe. La seva tasca principal \u00e9s ajudar a l&#8217;expressi\u00f3 oral de l&#8217;alumnat proporcionant un model ling\u00fc\u00edstic correcte i fomentant l&#8217;inter\u00e8s de l&#8217;alumnat per la llengua i cultura del seu pa\u00eds d&#8217;origen.<\/p>\n<p><strong>Quins s\u00f3n els seus deures?<\/strong><\/p>\n<p>Han de complir els horaris i tasques que se&#8217;ls demani al centre des de l&#8217;1 d&#8217;octubre fins al 31 de maig, sempre que siguin dins les seves funcions.<\/p>\n<p>Durant el programa han d&#8217;assistir obligat\u00f2riament a les tres sessions d&#8217;acollida i formaci\u00f3 que se&#8217;ls organitza, juntament amb els seus tutors o tutores. La primera \u00e9s una sessi\u00f3 d&#8217;acollida per tal que coneguin els tutors\/es i els altres auxiliars de la zona on se&#8217;ls explica les funcions que tindran als centres i els passos administratius que han de seguir.\u00a0 A la segona sessi\u00f3 es tracten temes com la gesti\u00f3 de l&#8217;aula, activitats per fomentar l&#8217;oralitat i la metodologia AICLE, entre d&#8217;altres. Finalment, a la tercera sessi\u00f3 es presenten les activitats did\u00e0ctiques que han programat juntament amb els tutors\/es.<\/p>\n<p><strong>Qu\u00e8 \u00e9s all\u00f2 que no poden fer?<\/strong><\/p>\n<p>Cal tenir en compte que els auxiliars de conversa no tenen compet\u00e8ncia docent, ni han de ser responsables de l\u2019avaluaci\u00f3, la qualificaci\u00f3, ni la vigil\u00e0ncia de l\u2019alumnat dins o fora de l\u2019aula. No poden substituir els docents en cas d&#8217;abs\u00e8ncia, elaborar programacions did\u00e0ctiques, avaluar els alumnes de forma sistem\u00e0tica, entrevistar-se amb els familiars o vigilar patis i estones de menjador.<\/p>\n<p><strong>Quins tr\u00e0mits administratius han de fer?<\/strong><\/p>\n<p>Els tr\u00e0mits administratius a vegades poden ser complicats per alguns auxiliars i <strong>\u00e9s imprescindible que els tutors i tutores els ajudin<\/strong>. Obrir un compte bancari pot ser dif\u00edcil quan no domines la llengua. Aqu\u00ed teniu una llista dels tr\u00e0mits que han de fer i a la guia estan m\u00e9s detallats.<\/p>\n<p>&#8211; Buscar <strong>allotjament<\/strong>\u00a0i <strong>empadronar-se.<\/strong><\/p>\n<p>&#8211; Auxiliars de la UE: necessiten el <strong>Certificat de Registre de Ciutad\u00e0 de la Uni\u00f3 Europea<\/strong>. Quan tramiten aquest certificat tamb\u00e9 reben el <strong>NIE <\/strong>(n\u00famero d&#8217;identitat d&#8217;estranger). Aquests tr\u00e0mits s&#8217;han de fer a la Comissaria de Policia o a l&#8217;Oficina d&#8217;Estrangeria. Cal demanar <a href=\"https:\/\/sede.administracionespublicas.gob.es\/pagina\/index\/directorio\/icpplus\">cita pr\u00e8via<\/a> a la seu electr\u00f2nica d&#8217;administracions p\u00fabliques.<\/p>\n<p>&#8211; Auxiliars de pa\u00efsos que no pertanyen a la UE: han d&#8217;aconseguir la <strong>TIE<\/strong> (Targeta d&#8217;Identitat d&#8217;Estranger) demanant <a href=\"https:\/\/sede.administracionespublicas.gob.es\/pagina\/index\/directorio\/icpplus\">cita pr\u00e8via<\/a> a la mateixa adre\u00e7a electr\u00f2nica anterior. En el seu cas ja tenen el n\u00famero de NIE en el visat.<\/p>\n<p>&#8211; <strong>Compte bancari: <\/strong>per obrir un compte bancari i evitar incid\u00e8ncies cal tenir el <strong>NIE<\/strong>.<strong><br \/>\n<\/strong>Auxiliars del <strong>MEFPD<\/strong>: \u00c9s imprescindible obrir-lo i introduir les dades a la plataforma Profex <strong>abans del 15 d&#8217;octubre<\/strong> per poder rebre l&#8217;ajut econ\u00f2mic a temps.<br \/>\nAuxiliars del <strong>Departament d&#8217;Educaci\u00f3 i Formaci\u00f3 Professional<\/strong>: \u00c9s imprescindible obrir-lo i comunicar les dades als Serveis Centrals <strong>abans del 15 d&#8217;octubre<\/strong> per poder rebre l&#8217;ajut econ\u00f2mic a temps.<\/p>\n<p><span style=\"font-weight: 400;\">&#8211; Els i les auxiliars de conversa han de lliurar, el primer dia de la seva incorporaci\u00f3, el seu certificat negatiu de delictes de naturalesa sexual al centre educatiu on han estat assignats. Caldr\u00e0 que els centres educatius arxivin i custodiin aquesta informaci\u00f3 durant tota la duraci\u00f3 del programa.<\/span><\/p>\n<p>&#8211; El primer dia de la incorporaci\u00f3 dels auxiliars al centres educatius, cal emplenar i enviar el <strong>full<\/strong><b>\u00a0d&#8217;incorporaci\u00f3<\/b> i <b>l&#8217;horari setmanal <\/b>al MEFPD o al Departament d&#8217;Educaci\u00f3 i Formaci\u00f3 Professional, depenent de la quota a la qual pertanyi l&#8217;auxiliar.<\/p>\n<p><strong>Tenen dret a assist\u00e8ncia sanit\u00e0ria?<\/strong><\/p>\n<p>Tots els auxiliars tenen dret a assist\u00e8ncia sanit\u00e0ria durant la seva estada al nostre pa\u00eds. Aquesta assist\u00e8ncia es dona en dues modalitats:<\/p>\n<p>\u2212 Assist\u00e8ncia pel CatSalut als auxiliars que disposin de la Targeta Sanit\u00e0ria Europea o la Global Health Insurance Card. Els auxiliars han de sol\u00b7licitar-la al seu pa\u00eds d\u2019origen amb anterioritat a la seva arribada.<\/p>\n<p>\u2212 Assist\u00e8ncia mitjan\u00e7ant una companyia d\u2019assegurances per als auxiliars que en el seu pa\u00eds no tinguin acc\u00e9s a la Targeta Sanit\u00e0ria Europea. En aquest cas, els auxiliars rebran instruccions per a rebre una asseguran\u00e7a per part del MEFP o el Departament d&#8217;Educaci\u00f3 i Formaci\u00f3 Professional, depenent de la quota a la qual pertanyi l&#8217;auxiliar.<\/p>\n<p><strong>Quines vacances i permisos poden tenir?<\/strong><\/p>\n<p>L\u2019auxiliar gaudir\u00e0 dels mateixos dies festius establerts en el calendari escolar del centre. Si desitgen un perm\u00eds per assumptes personals, d\u2019una setmana com a m\u00e0xim, caldr\u00e0 que el sol\u00b7liciti a la direcci\u00f3 del centre i acordi amb el tutor un pla de recuperaci\u00f3 de classes. En permisos superiors a una setmana, l\u2019auxiliar ha de comptar amb el vistiplau de la direcci\u00f3 del centre i comunicar-ho al Servei de Lleng\u00fces Estrangeres del Departament d\u2019Educaci\u00f3 i Formaci\u00f3 Professional mitjan\u00e7ant el correu: <a href=\"mailto:auxiliars.conversa@xtec.cat\">auxiliars.conversa<span class=\"\">@xtec.cat<\/span><\/a><\/p>\n<p><strong>Qu\u00e8 cal fer en cas de ren\u00fancia?<\/strong><\/p>\n<p>Si l&#8217;auxiliar ren\u00fancia a la seva destinaci\u00f3 abans d&#8217;acabar el programa cal notificar-ho al Servei de Lleng\u00fces Estrangeres del Departament d\u2019Educaci\u00f3 i Formaci\u00f3 Professional mitjan\u00e7ant el correu: <a href=\"mailto:auxiliars.conversa@xtec.cat\">auxiliars.conversa<span class=\"\">@xtec.cat<\/span><\/a><\/p>\n<p><strong>Qui s\u00f3n els tutors\/res i quina funci\u00f3 tenen?<\/strong><\/p>\n<p>La direcci\u00f3 del centre assignar\u00e0 un tutor o tutora per coordinar i supervisar la tasca de l\u2019auxiliar. \u00c9s una figura imprescindible per garantir-ne l&#8217;adaptaci\u00f3 i el bon funcionament del programa. A la guia trobareu m\u00e9s detallades les seves funcions i el que cal fer abans de l&#8217;arribada dels auxiliars, durant la seva estada i en finalitzar.<\/p>\n<p>Les funcions del tutor es divideixen en tres \u00e0mbits:<\/p>\n<p>&#8211; <strong>Pedag\u00f2gic i integrador:<\/strong> han de facilitar la seva integraci\u00f3 al centre i ajudar-lo en les seves funcions docents.<\/p>\n<p>&#8211; <strong>Administratiu:<\/strong> fer el seguiment de l&#8217;actitud i compliment de l&#8217;horari i contactar amb el coordinador o coordinadors del servei territorial per qualsevol dubte o incid\u00e8ncia.<\/p>\n<p>&#8211; <strong>Personal<\/strong>: els auxiliars de conversa solen ser molt joves, en alguns casos fins i tot \u00e9s el primer cop que surten del seu pa\u00eds i no dominen ni el castell\u00e0, ni el catal\u00e0. Per aquest motiu \u00e9s convenient que se\u2019ls ajudi a trobar un allotjament assequible, a realitzar els tr\u00e0mits administratius que han de fer durant les primeres setmanes (NIE, compte bancari, empadronament&#8230;) i oferir-los informaci\u00f3 sobre cursos de castell\u00e0 i catal\u00e0 i altres activitats de formaci\u00f3 que els pugui interessar.<\/p>\n<p>M\u00e9s informaci\u00f3 a la <a href=\"https:\/\/drive.google.com\/file\/d\/1zx10bPO0uIbms6wmqZ8wo2ecdBW7rL6J\/view?usp=sharing\">Guia dels Centres Acollidors d&#8217;Auxiliars de Conversa<\/a> i a la <a href=\"https:\/\/drive.google.com\/file\/d\/1tzHFbaUgtXRKSrcadyFw7GmbDd4wWRk2\/view?usp=sharing\">Guia breu per al centres acollidors d&#8217;auxiliars de conversa<\/a>.<\/p>\n","protected":false},"excerpt":{"rendered":"<p>A la <a href=\"https:\/\/drive.google.com\/file\/d\/1zx10bPO0uIbms6wmqZ8wo2ecdBW7rL6J\/view?usp=sharing\">Guia dels Centres Acollidors d&#8217;Auxiliars de Conversa<\/a> hi ha tota la informaci\u00f3 necess\u00e0ria del programa. Seguidament, fem un petit resum dels principals punts a tenir en compte, per\u00f2 la informaci\u00f3 m\u00e9s completa \u00e9s a la guia.<br \/>\nQui s\u00f3n els auxiliars de conversa?<br \/>\nMajorit\u00e0riament, s\u00f3n&hellip;  <a href=\"https:\/\/projectes.xtec.cat\/internacional\/auxiliars-de-conversa\/informacio-i-guies-informatives-del-programa-auxiliars-de-conversa-actualitzades\/informacio-centres-acollidors\/\" title=\"Read Informaci\u00f3 per als Centres Acollidors\">Llegeix m\u00e9s\u00bb<\/a><\/p>\n","protected":false},"author":1,"featured_media":0,"parent":17370,"menu_order":1,"comment_status":"closed","ping_status":"closed","template":"page-templates\/side-menu.php","meta":{"_bbp_topic_count":0,"_bbp_reply_count":0,"_bbp_total_topic_count":0,"_bbp_total_reply_count":0,"_bbp_voice_count":0,"_bbp_anonymous_reply_count":0,"_bbp_topic_count_hidden":0,"_bbp_reply_count_hidden":0,"_bbp_forum_subforum_count":0,"footnotes":""},"class_list":["post-8880","page","type-page","status-publish","hentry"],"post_mailing_queue_ids":[],"_links":{"self":[{"href":"https:\/\/projectes.xtec.cat\/internacional\/wp-json\/wp\/v2\/pages\/8880","targetHints":{"allow":["GET"]}}],"collection":[{"href":"https:\/\/projectes.xtec.cat\/internacional\/wp-json\/wp\/v2\/pages"}],"about":[{"href":"https:\/\/projectes.xtec.cat\/internacional\/wp-json\/wp\/v2\/types\/page"}],"author":[{"embeddable":true,"href":"https:\/\/projectes.xtec.cat\/internacional\/wp-json\/wp\/v2\/users\/1"}],"replies":[{"embeddable":true,"href":"https:\/\/projectes.xtec.cat\/internacional\/wp-json\/wp\/v2\/comments?post=8880"}],"version-history":[{"count":8,"href":"https:\/\/projectes.xtec.cat\/internacional\/wp-json\/wp\/v2\/pages\/8880\/revisions"}],"predecessor-version":[{"id":17415,"href":"https:\/\/projectes.xtec.cat\/internacional\/wp-json\/wp\/v2\/pages\/8880\/revisions\/17415"}],"up":[{"embeddable":true,"href":"https:\/\/projectes.xtec.cat\/internacional\/wp-json\/wp\/v2\/pages\/17370"}],"wp:attachment":[{"href":"https:\/\/projectes.xtec.cat\/internacional\/wp-json\/wp\/v2\/media?parent=8880"}],"curies":[{"name":"wp","href":"https:\/\/api.w.org\/{rel}","templated":true}]}}