{"id":8888,"date":"2020-05-02T17:09:06","date_gmt":"2020-05-02T15:09:06","guid":{"rendered":"http:\/\/projectes.xtec.cat\/internacional\/?page_id=8888"},"modified":"2026-02-26T18:09:07","modified_gmt":"2026-02-26T17:09:07","slug":"centres-etwinning","status":"publish","type":"page","link":"https:\/\/projectes.xtec.cat\/internacional\/etwinning\/reconeixements-i-premis-etwinning\/centres-etwinning\/","title":{"rendered":"eTwinning schools"},"content":{"rendered":"<p><a href=\"https:\/\/projectes.xtec.cat\/internacional\/wp-content\/uploads\/usu1767\/2025\/08\/eTSchoolsnoucurs.png\"><img loading=\"lazy\" decoding=\"async\" class=\"wp-image-17474 alignleft\" src=\"https:\/\/projectes.xtec.cat\/internacional\/wp-content\/uploads\/usu1767\/2025\/08\/eTSchoolsnoucurs.png\" alt=\"\" width=\"221\" height=\"176\" srcset=\"https:\/\/projectes.xtec.cat\/internacional\/wp-content\/uploads\/usu1767\/2025\/08\/eTSchoolsnoucurs.png 553w, https:\/\/projectes.xtec.cat\/internacional\/wp-content\/uploads\/usu1767\/2025\/08\/eTSchoolsnoucurs-300x239.png 300w\" sizes=\"auto, (max-width: 221px) 100vw, 221px\" \/><\/a><\/p>\n<p>Des de la plataforma europea, cada any s\u2019atorga el <strong>reconeixement <a href=\"https:\/\/etwinning.es\/etwinning-school\/\" target=\"_blank\" rel=\"noopener\">eTwinning school<\/a><\/strong> a aquells centres europeus que destaquen per la implentaci\u00f3 dels valors d\u2019eTwinning i els integren en les pol\u00edtiques, la pr\u00e0ctica i el desenvolupament professional del centre.<\/p>\n<p>Les <strong>eTwinning Schools<\/strong> s\u00f3n centres europeus que impliquen el conjunt de la comunitat educativa, i per implementar projectes rellevants per al propi projecte educatiu i amb especial atenci\u00f3 a temes com la seguretat a la xarxa i la difusi\u00f3 i impacte dels projectes m\u00e9s enll\u00e0 de l\u2019\u00e0mbit intern del centre.<\/p>\n<p>El proc\u00e9s per obtenir aquest reconeixement t\u00e9 dues fases:<\/p>\n<ul>\n<li>La primera fase \u00e9s autom\u00e0tica i s\u2019hi han de donar els seg\u00fcents requisits: el centre ha de portar almenys <strong>dos anys registrat<\/strong> a eTwinning, ha de tenir almenys <strong>tres docents actius<\/strong> a eTwinning i ha d\u2019haver obtingut un <strong>Segell Nacional de Qualitat<\/strong> en els dos darrers anys.<\/li>\n<li>En la segona fase, tots els eTwinners del centre i el seu director\/a rebran un q\u00fcestionari d\u2019autoavaluaci\u00f3 que contempla diferents aspectes essencials de la filosofia dels projectes eTwinning.<\/li>\n<li>En la tercera fase, SNA escull centres exemplars per formar-ne part de la xarxa.<\/li>\n<\/ul>\n<p>&nbsp;<\/p>\n<h3><strong><span style=\"color: #342a6b;\">Edici\u00f3 2025-2026<\/span><\/strong><\/h3>\n<p>En aquesta darrera convocat\u00f2ria, <strong>tretze centres<\/strong> catalans han estat distingits amb el reconeixement de eTwinning school com a exemple de bones pr\u00e0ctiques:<\/p>\n<p><a href=\"https:\/\/projectes.xtec.cat\/internacional\/wp-content\/uploads\/usu1767\/2025\/03\/llistateTwinningSchools25-26-1.png\"><img loading=\"lazy\" decoding=\"async\" class=\"size-large wp-image-16659 aligncenter\" src=\"https:\/\/projectes.xtec.cat\/internacional\/wp-content\/uploads\/usu1767\/2025\/03\/llistateTwinningSchools25-26-1-1024x467.png\" alt=\"\" width=\"1024\" height=\"467\" srcset=\"https:\/\/projectes.xtec.cat\/internacional\/wp-content\/uploads\/usu1767\/2025\/03\/llistateTwinningSchools25-26-1-1024x467.png 1024w, https:\/\/projectes.xtec.cat\/internacional\/wp-content\/uploads\/usu1767\/2025\/03\/llistateTwinningSchools25-26-1-300x137.png 300w, https:\/\/projectes.xtec.cat\/internacional\/wp-content\/uploads\/usu1767\/2025\/03\/llistateTwinningSchools25-26-1-768x350.png 768w, https:\/\/projectes.xtec.cat\/internacional\/wp-content\/uploads\/usu1767\/2025\/03\/llistateTwinningSchools25-26-1.png 1172w\" sizes=\"auto, (max-width: 1024px) 100vw, 1024px\" \/><\/a><\/p>\n<p>M\u00e9s<strong> informaci\u00f3 <\/strong>a <strong><a href=\"https:\/\/etwinning.es\/nuevos-centros-etwinning-2025-2026\/\" target=\"_blank\" rel=\"noopener\">School label winners 2025-2026.<\/a><\/strong><\/p>\n<p>&nbsp;<\/p>\n<h3><\/h3>\n<h3><strong><span style=\"color: #342a6b;\">Edici\u00f3 2024-2025<\/span><\/strong><\/h3>\n<p>En aquesta darrera convocat\u00f2ria, nou centres catalans han estat distingits amb el reconeixement de eTwinning school com a exemple de bones pr\u00e0ctiques:<\/p>\n<p><a href=\"https:\/\/projectes.xtec.cat\/internacional\/wp-content\/uploads\/usu1767\/2024\/05\/cet2.png\"><img loading=\"lazy\" decoding=\"async\" class=\"alignnone wp-image-13783\" src=\"https:\/\/projectes.xtec.cat\/internacional\/wp-content\/uploads\/usu1767\/2024\/05\/cet2.png\" alt=\"\" width=\"863\" height=\"329\" srcset=\"https:\/\/projectes.xtec.cat\/internacional\/wp-content\/uploads\/usu1767\/2024\/05\/cet2.png 1001w, https:\/\/projectes.xtec.cat\/internacional\/wp-content\/uploads\/usu1767\/2024\/05\/cet2-300x114.png 300w, https:\/\/projectes.xtec.cat\/internacional\/wp-content\/uploads\/usu1767\/2024\/05\/cet2-768x293.png 768w\" sizes=\"auto, (max-width: 863px) 100vw, 863px\" \/><\/a><\/p>\n<p>Per a m\u00e9s informaci\u00f3 &#8211;<a href=\"https:\/\/etwinning.es\/nuevos-centros-etwinning-2024-2025\/\"> School label winners 2024-2025.<\/a><\/p>\n<p>&nbsp;<\/p>\n<h3><\/h3>\n<h3><strong><span style=\"color: #342a6b;\">Edici\u00f3 2023-2024<\/span><\/strong><\/h3>\n<p>En aquesta darrera convocat\u00f2ria, divuit centres catalans han estat distingits amb el reconeixement de Centre eTwinning com a exemple de bones pr\u00e0ctiques:<\/p>\n<p><a href=\"https:\/\/projectes.xtec.cat\/internacional\/wp-content\/uploads\/usu1767\/2023\/05\/2023-24.png\"><img loading=\"lazy\" decoding=\"async\" class=\"alignnone wp-image-12330\" src=\"https:\/\/projectes.xtec.cat\/internacional\/wp-content\/uploads\/usu1767\/2023\/05\/2023-24.png\" alt=\"\" width=\"1212\" height=\"705\" srcset=\"https:\/\/projectes.xtec.cat\/internacional\/wp-content\/uploads\/usu1767\/2023\/05\/2023-24.png 947w, https:\/\/projectes.xtec.cat\/internacional\/wp-content\/uploads\/usu1767\/2023\/05\/2023-24-300x175.png 300w, https:\/\/projectes.xtec.cat\/internacional\/wp-content\/uploads\/usu1767\/2023\/05\/2023-24-768x447.png 768w\" sizes=\"auto, (max-width: 1212px) 100vw, 1212px\" \/><\/a><\/p>\n<p>Per a m\u00e9s informaci\u00f3 &#8211;<a href=\"https:\/\/school-education.ec.europa.eu\/en\/recognition\/etwinning-school-label\/winners-list?period=2023-2024\"> School label winners 2023-2024.<\/a><\/p>\n<p>&nbsp;<\/p>\n<h3><\/h3>\n<h3><span style=\"color: #342a6b;\">Edici\u00f3 2021-2022<\/span><\/h3>\n<h3><a href=\"https:\/\/projectes.xtec.cat\/internacional\/wp-content\/uploads\/usu1767\/2021\/03\/Captura-1.png\"><img loading=\"lazy\" decoding=\"async\" class=\"alignnone size-full wp-image-10355\" src=\"https:\/\/projectes.xtec.cat\/internacional\/wp-content\/uploads\/usu1767\/2021\/03\/Captura-1.png\" alt=\"\" width=\"1273\" height=\"874\" srcset=\"https:\/\/projectes.xtec.cat\/internacional\/wp-content\/uploads\/usu1767\/2021\/03\/Captura-1.png 1273w, https:\/\/projectes.xtec.cat\/internacional\/wp-content\/uploads\/usu1767\/2021\/03\/Captura-1-300x206.png 300w, https:\/\/projectes.xtec.cat\/internacional\/wp-content\/uploads\/usu1767\/2021\/03\/Captura-1-768x527.png 768w, https:\/\/projectes.xtec.cat\/internacional\/wp-content\/uploads\/usu1767\/2021\/03\/Captura-1-1024x703.png 1024w\" sizes=\"auto, (max-width: 1273px) 100vw, 1273px\" \/><\/a><\/h3>\n<h3><\/h3>\n<h3><strong><span style=\"color: #342a6b;\">Edici\u00f3 2020-2021<\/span><\/strong><\/h3>\n<p><a href=\"https:\/\/projectes.xtec.cat\/internacional\/wp-content\/uploads\/usu1767\/2020\/10\/CE-2020.jpg\"><img loading=\"lazy\" decoding=\"async\" class=\"alignnone wp-image-10046 size-full\" src=\"https:\/\/projectes.xtec.cat\/internacional\/wp-content\/uploads\/usu1767\/2020\/10\/CE-2020.jpg\" alt=\"\" width=\"943\" height=\"390\" srcset=\"https:\/\/projectes.xtec.cat\/internacional\/wp-content\/uploads\/usu1767\/2020\/10\/CE-2020.jpg 943w, https:\/\/projectes.xtec.cat\/internacional\/wp-content\/uploads\/usu1767\/2020\/10\/CE-2020-300x124.jpg 300w, https:\/\/projectes.xtec.cat\/internacional\/wp-content\/uploads\/usu1767\/2020\/10\/CE-2020-768x318.jpg 768w\" sizes=\"auto, (max-width: 943px) 100vw, 943px\" \/><\/a><\/p>\n<h3><\/h3>\n<h3><strong><span style=\"color: #342a6b;\">Edici\u00f3 2019-2020<\/span><\/strong><\/h3>\n<p><a href=\"https:\/\/projectes.xtec.cat\/internacional\/wp-content\/uploads\/usu1767\/2020\/10\/CE2019.jpg\"><img loading=\"lazy\" decoding=\"async\" class=\"alignnone wp-image-10047 size-full\" src=\"https:\/\/projectes.xtec.cat\/internacional\/wp-content\/uploads\/usu1767\/2020\/10\/CE2019.jpg\" alt=\"\" width=\"944\" height=\"428\" srcset=\"https:\/\/projectes.xtec.cat\/internacional\/wp-content\/uploads\/usu1767\/2020\/10\/CE2019.jpg 944w, https:\/\/projectes.xtec.cat\/internacional\/wp-content\/uploads\/usu1767\/2020\/10\/CE2019-300x136.jpg 300w, https:\/\/projectes.xtec.cat\/internacional\/wp-content\/uploads\/usu1767\/2020\/10\/CE2019-768x348.jpg 768w\" sizes=\"auto, (max-width: 944px) 100vw, 944px\" \/><\/a><\/p>\n<h3><\/h3>\n<h3><strong><span style=\"color: #342a6b;\">Edici\u00f3 2018-2019<\/span><\/strong><\/h3>\n<p><a href=\"https:\/\/projectes.xtec.cat\/internacional\/wp-content\/uploads\/usu1767\/2020\/10\/CE-2018.jpg\"><img loading=\"lazy\" decoding=\"async\" class=\"alignnone wp-image-10048\" src=\"https:\/\/projectes.xtec.cat\/internacional\/wp-content\/uploads\/usu1767\/2020\/10\/CE-2018.jpg\" alt=\"\" width=\"850\" height=\"618\" srcset=\"https:\/\/projectes.xtec.cat\/internacional\/wp-content\/uploads\/usu1767\/2020\/10\/CE-2018.jpg 760w, https:\/\/projectes.xtec.cat\/internacional\/wp-content\/uploads\/usu1767\/2020\/10\/CE-2018-300x218.jpg 300w\" sizes=\"auto, (max-width: 850px) 100vw, 850px\" \/><\/a><\/p>\n<p>&nbsp;<\/p>\n<p>Per veure experi\u00e8ncies de centres eTwinning us animem a veure aquests v\u00eddeos:<\/p>\n<p><iframe loading=\"lazy\" title=\"V\u00eddeo eTwinning School: Impacto en el centro\" width=\"500\" height=\"281\" src=\"https:\/\/www.youtube.com\/embed\/DIpk5-R7RPs?feature=oembed\" frameborder=\"0\" allow=\"accelerometer; autoplay; clipboard-write; encrypted-media; gyroscope; picture-in-picture; web-share\" referrerpolicy=\"strict-origin-when-cross-origin\" allowfullscreen><\/iframe><\/p>\n<p><iframe loading=\"lazy\" title=\"V\u00eddeo eTwinning School: Experiencia docente\" width=\"500\" height=\"281\" src=\"https:\/\/www.youtube.com\/embed\/NO1XELQV64s?feature=oembed\" frameborder=\"0\" allow=\"accelerometer; autoplay; clipboard-write; encrypted-media; gyroscope; picture-in-picture; web-share\" referrerpolicy=\"strict-origin-when-cross-origin\" allowfullscreen><\/iframe><\/p>\n<p>&nbsp;<\/p>\n<p>&nbsp;<\/p>\n<p>&nbsp;<\/p>\n","protected":false},"excerpt":{"rendered":"<p><a href=\"https:\/\/projectes.xtec.cat\/internacional\/wp-content\/uploads\/usu1767\/2025\/08\/eTSchoolsnoucurs.png\"><\/a><br \/>\nDes de la plataforma europea, cada any s\u2019atorga el reconeixement <a href=\"https:\/\/etwinning.es\/etwinning-school\/\" target=\"_blank\" rel=\"noopener\">eTwinning school<\/a> a aquells centres europeus que destaquen per la implentaci\u00f3 dels valors d\u2019eTwinning i els integren en les pol\u00edtiques, la pr\u00e0ctica i el desenvolupament professional del centre.<br \/>\nLes eTwinning Schools s\u00f3n&hellip;  <a href=\"https:\/\/projectes.xtec.cat\/internacional\/etwinning\/reconeixements-i-premis-etwinning\/centres-etwinning\/\" title=\"Read eTwinning schools\">Llegeix m\u00e9s\u00bb<\/a><\/p>\n","protected":false},"author":1,"featured_media":0,"parent":9437,"menu_order":6,"comment_status":"closed","ping_status":"closed","template":"page-templates\/side-menu.php","meta":{"_bbp_topic_count":0,"_bbp_reply_count":0,"_bbp_total_topic_count":0,"_bbp_total_reply_count":0,"_bbp_voice_count":0,"_bbp_anonymous_reply_count":0,"_bbp_topic_count_hidden":0,"_bbp_reply_count_hidden":0,"_bbp_forum_subforum_count":0,"footnotes":""},"class_list":["post-8888","page","type-page","status-publish","hentry"],"post_mailing_queue_ids":[],"_links":{"self":[{"href":"https:\/\/projectes.xtec.cat\/internacional\/wp-json\/wp\/v2\/pages\/8888","targetHints":{"allow":["GET"]}}],"collection":[{"href":"https:\/\/projectes.xtec.cat\/internacional\/wp-json\/wp\/v2\/pages"}],"about":[{"href":"https:\/\/projectes.xtec.cat\/internacional\/wp-json\/wp\/v2\/types\/page"}],"author":[{"embeddable":true,"href":"https:\/\/projectes.xtec.cat\/internacional\/wp-json\/wp\/v2\/users\/1"}],"replies":[{"embeddable":true,"href":"https:\/\/projectes.xtec.cat\/internacional\/wp-json\/wp\/v2\/comments?post=8888"}],"version-history":[{"count":8,"href":"https:\/\/projectes.xtec.cat\/internacional\/wp-json\/wp\/v2\/pages\/8888\/revisions"}],"predecessor-version":[{"id":18728,"href":"https:\/\/projectes.xtec.cat\/internacional\/wp-json\/wp\/v2\/pages\/8888\/revisions\/18728"}],"up":[{"embeddable":true,"href":"https:\/\/projectes.xtec.cat\/internacional\/wp-json\/wp\/v2\/pages\/9437"}],"wp:attachment":[{"href":"https:\/\/projectes.xtec.cat\/internacional\/wp-json\/wp\/v2\/media?parent=8888"}],"curies":[{"name":"wp","href":"https:\/\/api.w.org\/{rel}","templated":true}]}}