{"id":8922,"date":"2020-05-03T18:28:33","date_gmt":"2020-05-03T16:28:33","guid":{"rendered":"http:\/\/projectes.xtec.cat\/internacional\/?page_id=8922"},"modified":"2025-08-29T12:20:09","modified_gmt":"2025-08-29T10:20:09","slug":"ambaixadors-etwinning","status":"publish","type":"page","link":"https:\/\/projectes.xtec.cat\/internacional\/etwinning\/ambaixadors-etwinning\/","title":{"rendered":"Ambaixadors i ambaixadores eTwinning"},"content":{"rendered":"<p>Les persones ambaixadores eTwinning a Catalunya fan difusi\u00f3 i col\u00b7laboren amb altres docents que s&#8217;estan iniciant en projectes eTwinning, tant en l&#8217;\u00e0mbit t\u00e8cnic com en l&#8217;\u00e0mbit pedag\u00f2gic. Professionals que es distingeixen per les seves bones pr\u00e0ctiques i per fomentar la metodologia de treball col\u00b7laboratiu basat en projectes.<\/p>\n<p>Els ambaixadors i les ambaixadores eTwinning s\u00f3n docents amb una \u00e0mplia experi\u00e8ncia en el programa, persones que han participat en nombrosos projectes i que han aconseguit el reconeixement de Segell de Qualitat Nacional o Europeu, o que han estat guardonades amb el Premi Nacional o Europeu eTwinning.<\/p>\n<h5><strong>Objectius de la Xarxa Ambaixadors<\/strong><\/h5>\n<ul>\n<li style=\"list-style-type: none;\">\n<ul style=\"list-style-type: square;\">\n<li><strong>Difondre<\/strong> l&#8217;acci\u00f3 <span class=\"hiddenSpellError\">eTwinning<\/span><\/li>\n<li><strong>Col\u00b7laborar<\/strong> en la <strong>formaci\u00f3<\/strong> d&#8217;altres docents<\/li>\n<li>Donar <strong>suport<\/strong> i <strong>assessorar<\/strong> a docents interessats en <span class=\"hiddenSpellError\" style=\"font-family: inherit; font-size: 1em;\">eTwinning<\/span><\/li>\n<li>Participar en els esdeveniments organitzats per CSS i <span class=\"hiddenSpellError\" style=\"font-family: inherit; font-size: 1em;\">SNA<\/span><\/li>\n<\/ul>\n<\/li>\n<\/ul>\n<p><a href=\"https:\/\/www.google.com\/maps\/d\/u\/0\/viewer?mid=1l4FaCZkj35Cch9gke38PBfpiq_I0WPBh&amp;ll=36.1412931589492%2C-7.2282118500000125&amp;z=5\" target=\"_blank\" rel=\"noopener\">Mapa d&#8217;ambaixadors eTwinning<\/a><\/p>\n<p>Per poder contactar amb els i les ambaixadores etwinning, cal enviar missatge a trav\u00e9s de la plataforma <a href=\"https:\/\/school-education.ec.europa.eu\/en\/etwinning\" target=\"_blank\" rel=\"noopener\">ESEP\/etwinning.<\/a><\/p>\n<p>En aquest v\u00eddeo el.laborat pel Servei Nacional de Suport eTwinning podeu trobar m\u00e9s informaci\u00f3.<\/p>\n<p><iframe loading=\"lazy\" title=\"EMBAJADORES eTwinning\" width=\"500\" height=\"281\" src=\"https:\/\/www.youtube.com\/embed\/0I7z7muXUXk?feature=oembed\" frameborder=\"0\" allow=\"accelerometer; autoplay; clipboard-write; encrypted-media; gyroscope; picture-in-picture; web-share\" referrerpolicy=\"strict-origin-when-cross-origin\" allowfullscreen><\/iframe><\/p>\n<p>&nbsp;<\/p>\n<p>&nbsp;<\/p>\n<p>&nbsp;<\/p>\n","protected":false},"excerpt":{"rendered":"<p>Les persones ambaixadores eTwinning a Catalunya fan difusi\u00f3 i col\u00b7laboren amb altres docents que s&#8217;estan iniciant en projectes eTwinning, tant en l&#8217;\u00e0mbit t\u00e8cnic com en l&#8217;\u00e0mbit pedag\u00f2gic. Professionals que es distingeixen per les seves bones pr\u00e0ctiques i per fomentar la metodologia de treball col\u00b7laboratiu basat&hellip;  <a href=\"https:\/\/projectes.xtec.cat\/internacional\/etwinning\/ambaixadors-etwinning\/\" title=\"Read Ambaixadors i ambaixadores eTwinning\">Llegeix m\u00e9s\u00bb<\/a><\/p>\n","protected":false},"author":1,"featured_media":0,"parent":8240,"menu_order":2,"comment_status":"closed","ping_status":"closed","template":"page-templates\/side-menu.php","meta":{"_bbp_topic_count":0,"_bbp_reply_count":0,"_bbp_total_topic_count":0,"_bbp_total_reply_count":0,"_bbp_voice_count":0,"_bbp_anonymous_reply_count":0,"_bbp_topic_count_hidden":0,"_bbp_reply_count_hidden":0,"_bbp_forum_subforum_count":0,"footnotes":""},"class_list":["post-8922","page","type-page","status-publish","hentry"],"post_mailing_queue_ids":[],"_links":{"self":[{"href":"https:\/\/projectes.xtec.cat\/internacional\/wp-json\/wp\/v2\/pages\/8922","targetHints":{"allow":["GET"]}}],"collection":[{"href":"https:\/\/projectes.xtec.cat\/internacional\/wp-json\/wp\/v2\/pages"}],"about":[{"href":"https:\/\/projectes.xtec.cat\/internacional\/wp-json\/wp\/v2\/types\/page"}],"author":[{"embeddable":true,"href":"https:\/\/projectes.xtec.cat\/internacional\/wp-json\/wp\/v2\/users\/1"}],"replies":[{"embeddable":true,"href":"https:\/\/projectes.xtec.cat\/internacional\/wp-json\/wp\/v2\/comments?post=8922"}],"version-history":[{"count":8,"href":"https:\/\/projectes.xtec.cat\/internacional\/wp-json\/wp\/v2\/pages\/8922\/revisions"}],"predecessor-version":[{"id":17468,"href":"https:\/\/projectes.xtec.cat\/internacional\/wp-json\/wp\/v2\/pages\/8922\/revisions\/17468"}],"up":[{"embeddable":true,"href":"https:\/\/projectes.xtec.cat\/internacional\/wp-json\/wp\/v2\/pages\/8240"}],"wp:attachment":[{"href":"https:\/\/projectes.xtec.cat\/internacional\/wp-json\/wp\/v2\/media?parent=8922"}],"curies":[{"name":"wp","href":"https:\/\/api.w.org\/{rel}","templated":true}]}}