{"id":8960,"date":"2020-05-04T17:07:06","date_gmt":"2020-05-04T15:07:06","guid":{"rendered":"http:\/\/projectes.xtec.cat\/internacional\/?page_id=8960"},"modified":"2024-09-27T14:25:30","modified_gmt":"2024-09-27T12:25:30","slug":"documents-per-als-centres-i-auxiliars","status":"publish","type":"page","link":"https:\/\/projectes.xtec.cat\/internacional\/auxiliars-de-conversa\/informacio-i-guies-informatives-del-programa-auxiliars-de-conversa-actualitzades\/informacio-centres-acollidors\/documents-per-als-centres-i-auxiliars\/","title":{"rendered":"Documents per als centres"},"content":{"rendered":"<p>Documents \u00fatils per als centres:<\/p>\n<ul style=\"list-style-type: disc;\">\n<li><a href=\"https:\/\/drive.google.com\/file\/d\/1arQ7SzM1dJ52U7OVR6189kZ6UeXeBngW\/view?usp=sharing\">Guia dels centres acollidors<\/a> dels auxiliars de conversa a Catalunya. Aquesta guia dona informaci\u00f3 completa sobre el programa.<\/li>\n<li><a href=\"https:\/\/drive.google.com\/file\/d\/1zVgThAMkTAnFsJbKkIopr1CXIUqwi9wy\/view?usp=sharing\">Guia breu<\/a> dels auxiliars de conversa a Catalunya. Resum dels tr\u00e0mits a dur a terme amb els auxiliars de conversa.<\/li>\n<li><a href=\"https:\/\/drive.google.com\/file\/d\/1cx-gZ4Wu2ybBunzoQ2nE50qjSDxc59h9\/view?usp=sharing\">Guia del tutor<\/a> dels auxiliars de conversa elaborada pel Ministerio d&#8217;Educaci\u00f3n, Formaci\u00f3n Profesional y Deportes (MEFPD).<\/li>\n<li><a href=\"https:\/\/drive.google.com\/file\/d\/1-gizBq_oRf2iosFuPypjTY3oQ0akMc3f\/view?usp=sharing\">Circular pels centres <\/a>elaborada pel Ministerio d&#8217;Educaci\u00f3n, Formaci\u00f3n Profesional y Deportes (MEFPD).<\/li>\n<li><a href=\"https:\/\/drive.google.com\/file\/d\/1DrmXtGx-Lvv1_pgc4xRQdkp8JixX6y24\/view?usp=sharing\">Full d&#8217;incorporaci\u00f3<\/a> \u00e9s el document que cal enviar al MEFPD quan els auxiliars de la seva quota s&#8217;incorporen al centre.<\/li>\n<li><a href=\"https:\/\/docs.google.com\/document\/d\/1I2GnMSGeBuEkKNeCd7OYE3s4EvyOMtIA\/edit?usp=sharing&amp;ouid=115174386022880447858&amp;rtpof=true&amp;sd=true\">Full d&#8217;incorporaci\u00f3<\/a> \u00e9s el document que cal enviar al Departament d&#8217;Educaci\u00f3 i Formaci\u00f3 Professional quan els auxiliars de la seva quota s&#8217;incorporen al centre.<\/li>\n<li><a href=\"https:\/\/docs.google.com\/document\/d\/1c4YZjPkMC2B-AgUosSlRPX7UDoTqoE4B\/edit?usp=sharing&amp;ouid=115174386022880447858&amp;rtpof=true&amp;sd=true\">Horari setmanal<\/a> \u00e9s el model que cal enviar una vegada emplenat amb l&#8217;horari de l&#8217;auxiliar al Coordinador\/a de Lleng\u00fces Estrangeres de cada Servei Territorial.<\/li>\n<li><a href=\"https:\/\/drive.google.com\/file\/d\/1dC910QJmew4N38yJpHFk5223DRZxHnOc\/view?usp=sharing\">Informe de centre<\/a> \u00e9s el model a omplir per valorar les tasques del l&#8217;auxiliar de conversa dutes a terme al centre educatiu.<\/li>\n<\/ul>\n<p>Documents \u00fatils per als auxiliars:<\/p>\n<ul style=\"list-style-type: disc;\">\n<li>Guia de l&#8217;auxiliar de conversa a Catalunya (<a href=\"https:\/\/drive.google.com\/file\/d\/1rGsY2Lu6KTt7Fo0wlzLl4sm_EzFxSO3u\/view?usp=drive_link\">CAT<\/a>) i (<a href=\"https:\/\/drive.google.com\/file\/d\/1itjYgjAhafuj6aMd23oLRXjdPCU8VQKG\/view?usp=drive_link\">ESP<\/a>) Aquesta guia dona una informaci\u00f3 complerta sobre el programa a Catalunya.<\/li>\n<li>Gu\u00eda del Auxiliar de conversaci\u00f3n (MEFPD) (<a href=\"https:\/\/drive.google.com\/file\/d\/19YJsGICnNNfdi12iQEeggzjHeY45N1Ff\/view?usp=sharing\">ESP<\/a>). Auxiliares de conversaci\u00f3n en Espa\u00f1a. Aquesta guia dona informaci\u00f3 general sobre el programa.<\/li>\n<li>Language assistants guide (MEFPD) (<a href=\"https:\/\/drive.google.com\/file\/d\/100WKUZe6qeerEVOD2DksRuwFdWlxAbQd\/view?usp=sharing\">ENG<\/a>)<\/li>\n<\/ul>\n","protected":false},"excerpt":{"rendered":"<p>Documents \u00fatils per als centres:<\/p>\n<ul style=\"list-style-type: disc;\">\n<li><a href=\"https:\/\/drive.google.com\/file\/d\/1arQ7SzM1dJ52U7OVR6189kZ6UeXeBngW\/view?usp=sharing\">Guia dels centres acollidors<\/a> dels auxiliars de conversa a Catalunya. Aquesta guia dona informaci\u00f3 completa sobre el programa.<\/li>\n<li><a href=\"https:\/\/drive.google.com\/file\/d\/1zVgThAMkTAnFsJbKkIopr1CXIUqwi9wy\/view?usp=sharing\">Guia breu<\/a> dels auxiliars de conversa a Catalunya. Resum dels tr\u00e0mits a dur a terme amb els auxiliars de conversa.<\/li>\n<li><a&hellip;  <a href=\"https:\/\/projectes.xtec.cat\/internacional\/auxiliars-de-conversa\/informacio-i-guies-informatives-del-programa-auxiliars-de-conversa-actualitzades\/informacio-centres-acollidors\/documents-per-als-centres-i-auxiliars\/\" title=\"Read Documents per als centres\">Llegeix m\u00e9s\u00bb<\/a><br \/>\n","protected":false},"author":1,"featured_media":0,"parent":8880,"menu_order":14,"comment_status":"closed","ping_status":"closed","template":"page-templates\/side-menu.php","meta":{"_bbp_topic_count":0,"_bbp_reply_count":0,"_bbp_total_topic_count":0,"_bbp_total_reply_count":0,"_bbp_voice_count":0,"_bbp_anonymous_reply_count":0,"_bbp_topic_count_hidden":0,"_bbp_reply_count_hidden":0,"_bbp_forum_subforum_count":0,"footnotes":""},"class_list":["post-8960","page","type-page","status-publish","hentry"],"post_mailing_queue_ids":[],"_links":{"self":[{"href":"https:\/\/projectes.xtec.cat\/internacional\/wp-json\/wp\/v2\/pages\/8960","targetHints":{"allow":["GET"]}}],"collection":[{"href":"https:\/\/projectes.xtec.cat\/internacional\/wp-json\/wp\/v2\/pages"}],"about":[{"href":"https:\/\/projectes.xtec.cat\/internacional\/wp-json\/wp\/v2\/types\/page"}],"author":[{"embeddable":true,"href":"https:\/\/projectes.xtec.cat\/internacional\/wp-json\/wp\/v2\/users\/1"}],"replies":[{"embeddable":true,"href":"https:\/\/projectes.xtec.cat\/internacional\/wp-json\/wp\/v2\/comments?post=8960"}],"version-history":[{"count":8,"href":"https:\/\/projectes.xtec.cat\/internacional\/wp-json\/wp\/v2\/pages\/8960\/revisions"}],"predecessor-version":[{"id":14432,"href":"https:\/\/projectes.xtec.cat\/internacional\/wp-json\/wp\/v2\/pages\/8960\/revisions\/14432"}],"up":[{"embeddable":true,"href":"https:\/\/projectes.xtec.cat\/internacional\/wp-json\/wp\/v2\/pages\/8880"}],"wp:attachment":[{"href":"https:\/\/projectes.xtec.cat\/internacional\/wp-json\/wp\/v2\/media?parent=8960"}],"curies":[{"name":"wp","href":"https:\/\/api.w.org\/{rel}","templated":true}]}}