{"id":8979,"date":"2020-05-11T11:28:53","date_gmt":"2020-05-11T09:28:53","guid":{"rendered":"http:\/\/projectes.xtec.cat\/internacional\/?page_id=8979"},"modified":"2025-06-20T12:36:44","modified_gmt":"2025-06-20T10:36:44","slug":"accions-dentorn","status":"publish","type":"page","link":"https:\/\/projectes.xtec.cat\/internacional\/altres-programes\/accions-dentorn\/","title":{"rendered":"Accions d&#8217;entorn"},"content":{"rendered":"<p><span style=\"font-weight: 400;\">Les accions d&#8217;entorn s\u00f3n activitats realitzades durant el curs en col\u00b7laboraci\u00f3 amb altres organitzacions, que ens permeten treballar diverses tem\u00e0tiques i utilitzar les lleng\u00fces estrangeres fora de l&#8217;aula.<\/span><\/p>\n<p><span style=\"font-weight: 400;\">Les accions d&#8217;entorn gestionades per la Unitat de Programes Internacionals s\u00f3n:<\/span><\/p>\n<p><b>Programa de Voluntaris Ling\u00fc\u00edstics<\/b><span style=\"font-weight: 400;\">: els voluntaris ling\u00fc\u00edstics s\u00f3n estudiants universitaris estrangers que, de manera volunt\u00e0ria, ofereixen suport ling\u00fc\u00edstic en angl\u00e8s als centres educatius p\u00fablics propers a Barcelona.<\/span><\/p>\n<p><b>Cicles de Cinema en Versi\u00f3 Original Subtitulada (VOSC)<\/b><span style=\"font-weight: 400;\">: durant el curs, es convida a l&#8217;alumnat de 4t d&#8217;ESO i de Batxillerat dels centres educatius interessats a participar en els cicles de cinema en VOSC organitzats per dos festivals de cinema independent destacats: l&#8217;Americana Film Festival i el D\u2019A Film Festival.<\/span><\/p>\n<p><b>Confer\u00e8ncies Fulbright<\/b><span style=\"font-weight: 400;\">: el Departament d\u2019Educaci\u00f3, en col\u00b7laboraci\u00f3 amb el Consolat dels Estats Units, organitza confer\u00e8ncies en llengua anglesa amb estudiants i doctorands becats per Fulbright, dirigides a l\u2019alumnat de 4t d&#8217;ESO i Batxillerat dels centres educatius interessats.<\/span><\/p>\n<p><b>Connect-US<\/b><span style=\"font-weight: 400;\">: programa d&#8217;activitats escolars del Consolat dels Estats Units a Barcelona, destinat a promoure l&#8217;intercanvi cultural i el coneixement de la llengua, la societat, la hist\u00f2ria i els valors dels Estats Units.<\/span><\/p>\n","protected":false},"excerpt":{"rendered":"<p>Les accions d&#8217;entorn s\u00f3n activitats realitzades durant el curs en col\u00b7laboraci\u00f3 amb altres organitzacions, que ens permeten treballar diverses tem\u00e0tiques i utilitzar les lleng\u00fces estrangeres fora de l&#8217;aula.<br \/>\nLes accions d&#8217;entorn gestionades per la Unitat de Programes Internacionals s\u00f3n:<br \/>\nPrograma de Voluntaris Ling\u00fc\u00edstics: els voluntaris ling\u00fc\u00edstics s\u00f3n&hellip;  <a href=\"https:\/\/projectes.xtec.cat\/internacional\/altres-programes\/accions-dentorn\/\" title=\"Read Accions d&#8217;entorn\">Llegeix m\u00e9s\u00bb<\/a><\/p>\n","protected":false},"author":1,"featured_media":0,"parent":8206,"menu_order":1,"comment_status":"closed","ping_status":"closed","template":"page-templates\/side-menu.php","meta":{"_bbp_topic_count":0,"_bbp_reply_count":0,"_bbp_total_topic_count":0,"_bbp_total_reply_count":0,"_bbp_voice_count":0,"_bbp_anonymous_reply_count":0,"_bbp_topic_count_hidden":0,"_bbp_reply_count_hidden":0,"_bbp_forum_subforum_count":0,"footnotes":""},"class_list":["post-8979","page","type-page","status-publish","hentry"],"post_mailing_queue_ids":[],"_links":{"self":[{"href":"https:\/\/projectes.xtec.cat\/internacional\/wp-json\/wp\/v2\/pages\/8979","targetHints":{"allow":["GET"]}}],"collection":[{"href":"https:\/\/projectes.xtec.cat\/internacional\/wp-json\/wp\/v2\/pages"}],"about":[{"href":"https:\/\/projectes.xtec.cat\/internacional\/wp-json\/wp\/v2\/types\/page"}],"author":[{"embeddable":true,"href":"https:\/\/projectes.xtec.cat\/internacional\/wp-json\/wp\/v2\/users\/1"}],"replies":[{"embeddable":true,"href":"https:\/\/projectes.xtec.cat\/internacional\/wp-json\/wp\/v2\/comments?post=8979"}],"version-history":[{"count":6,"href":"https:\/\/projectes.xtec.cat\/internacional\/wp-json\/wp\/v2\/pages\/8979\/revisions"}],"predecessor-version":[{"id":15623,"href":"https:\/\/projectes.xtec.cat\/internacional\/wp-json\/wp\/v2\/pages\/8979\/revisions\/15623"}],"up":[{"embeddable":true,"href":"https:\/\/projectes.xtec.cat\/internacional\/wp-json\/wp\/v2\/pages\/8206"}],"wp:attachment":[{"href":"https:\/\/projectes.xtec.cat\/internacional\/wp-json\/wp\/v2\/media?parent=8979"}],"curies":[{"name":"wp","href":"https:\/\/api.w.org\/{rel}","templated":true}]}}