{"id":9140,"date":"2020-05-12T12:40:33","date_gmt":"2020-05-12T10:40:33","guid":{"rendered":"http:\/\/projectes.xtec.cat\/internacional\/?page_id=9140"},"modified":"2025-08-22T12:52:36","modified_gmt":"2025-08-22T10:52:36","slug":"informacion-para-los-auxiliares-de-conversacion","status":"publish","type":"page","link":"https:\/\/projectes.xtec.cat\/internacional\/auxiliars-de-conversa\/informacio-i-guies-informatives-del-programa-auxiliars-de-conversa-actualitzades\/informacion-para-los-auxiliares-de-conversacion\/","title":{"rendered":"Informaci\u00f3n para los auxiliares de conversaci\u00f3n (castellano)"},"content":{"rendered":"<p>En la Gu\u00eda del auxiliar de conversaci\u00f3n en Catalu\u00f1a (<a href=\"https:\/\/drive.google.com\/file\/d\/1cfOKFMd2PhAw-uWZnPlZaoHHKQQVYXp_\/view?usp=sharing\">CAT<\/a> y <a href=\"https:\/\/drive.google.com\/file\/d\/11C-zgTpt2DSr1-hkijQKsY5GiqSfrOjD\/view?usp=sharing\">ESP<\/a>) encontrar\u00e1s la informaci\u00f3n completa sobre el programa.<\/p>\n<p>En la <a href=\"https:\/\/drive.google.com\/file\/d\/1mCJ3BPqoHEsJYRxsLbmivEoGfjRrotCS\/view?usp=sharing\">Gu\u00eda breve para los auxiliares de conversaci\u00f3n<\/a> encontrar\u00e1s un resumen con la informaci\u00f3n esencial sobre los tr\u00e1mites que debes realizar si participas en el programa.<\/p>\n<p>En la <a href=\"https:\/\/drive.google.com\/file\/d\/100WKUZe6qeerEVOD2DksRuwFdWlxAbQd\/view?usp=drive_link\">Language Assistants Guide<\/a> encontrar\u00e1s la informaci\u00f3n en ingl\u00e9s.<\/p>\n<p>Aqu\u00ed tienes un resumen con los principales aspectos que debes tener en cuenta.<\/p>\n<p><strong>Programa de Auxiliares de Conversaci\u00f3n<\/strong><\/p>\n<p>El objetivo de este programa es estimular el aprendizaje de lenguas y el conocimiento de otras culturas dentro del proyecto educativo de cada centro escolar.<\/p>\n<p>La participaci\u00f3n del auxiliar de conversaci\u00f3n en un centro educativo catal\u00e1n como hablante nativo de una lengua extranjera estimular\u00e1 el aprendizaje de esta lengua de una forma natural y directa. El auxiliar de conversaci\u00f3n es un embajador cultural, a trav\u00e9s de quien el alumnado puede conocer otras formas de vida, otras costumbres y otras maneras de entender el mundo. Su funci\u00f3n principal en el centro educativo es apoyar las actividades programadas por el profesorado y dar la oportunidad al alumnado de practicar el idioma que aprenden con una persona nativa de la lengua extranjera que est\u00e9n estudiando.<\/p>\n<p><strong>Las lenguas en el sistema educativo catal\u00e1n<\/strong><\/p>\n<p>La Ley de Educaci\u00f3n de Catalu\u00f1a pone \u00e9nfasis en el pluriling\u00fcismo, con el dominio al final de la Educaci\u00f3n Secundaria Obligatoria del catal\u00e1n y del castellano (como lenguas oficiales) y, como m\u00ednimo, de una lengua extranjera de la cual el alumnado deber\u00e1 tener un conocimiento suficiente. El catal\u00e1n, como lengua propia de Catalu\u00f1a, es la lengua vehicular y de aprendizaje de nuestro sistema educativo.<\/p>\n<p><strong>Estructura del programa<\/strong><\/p>\n<ul>\n<li><strong>Ministerio de Educaci\u00f3n, Formaci\u00f3n Profesional y Deportes (MEFPD) &#8211; Unidad de Acci\u00f3n Educativa Exterior<\/strong><\/li>\n<\/ul>\n<p>Es el \u00f3rgano que gestiona el programa. Encontrar\u00e1s la informaci\u00f3n general, convocatorias, los procesos de renovaci\u00f3n y ejemplos de actividades en los siguientes enlaces:<\/p>\n<p><a href=\"https:\/\/aee.educacionfpydeportes.gob.es\/oportunidades\/todas\/auxiliares-conversacion\/extranjeros.html\">Programa de auxiliares de conversaci\u00f3n<\/a>.<\/p>\n<p><a href=\"https:\/\/www.educacionfpydeportes.gob.es\/servicios-al-ciudadano\/catalogo\/general\/99\/998188\/ficha\/998188-2025.html\">Convocatoria actual<\/a>.<\/p>\n<p>Tambi\u00e9n se encarga de gestionar la aportaci\u00f3n econ\u00f3mica y el seguro m\u00e9dico de los auxiliares que pertenecen a su cupo (cupo MEFP).<\/p>\n<ul>\n<li><strong>Servei de Lleng\u00fces Estrangeres i d&#8217;Origen del Departament d&#8217;Educaci\u00f3 i Formaci\u00f3 Professional<\/strong><\/li>\n<\/ul>\n<p>Es el servicio encargado de gestionar el Programa de Auxiliares de Conversaci\u00f3n en Catalu\u00f1a y coordina las acciones y convenios con el MEFPD y otras instituciones de referencia.<\/p>\n<p>Tambi\u00e9n se encarga de gestionar la aportaci\u00f3n econ\u00f3mica y el seguro m\u00e9dico de los auxiliares que pertenecen a su cupo (cupo propio del Departament d&#8217;Educaci\u00f3 i Formaci\u00f3 Professional).<\/p>\n<p>Para cualquier consulta pod\u00e9is contactar a trav\u00e9s del siguiente tel\u00e9fono o correo electr\u00f3nico: 93 400 69 00 ext. 3726 <a href=\"mailto:auxiliars.conversa@xtec.cat\">auxiliars.conversa@xtec.cat<\/a><\/p>\n<ul>\n<li><strong>Centro Educativo<\/strong><\/li>\n<\/ul>\n<p>La direcci\u00f3n del centro y tus tutores te ayudar\u00e1n a adaptarte, te ense\u00f1ar\u00e1n tus funciones, el centro y tambi\u00e9n te ayudar\u00e1n con los tr\u00e1mites administrativos si es necesario.<\/p>\n<p>En caso de necesidad, te pondr\u00e1n en contacto con el\/la Coordinador\/a de Lenguas Extranjeras de tu zona. En la gu\u00eda tienes la lista de todos los coordinadores y su contacto.<\/p>\n<p><strong>Tr\u00e1mites Administrativos<\/strong><\/p>\n<p>Al inicio de tu estancia tendr\u00e1s que resolver una serie de tr\u00e1mites administrativos necesarios para poder iniciar tus funciones de auxiliar. Aqu\u00ed tienes una lista, pero encontrar\u00e1s las instrucciones m\u00e1s detalladas en la gu\u00eda del inicio.<\/p>\n<ul>\n<li>Buscar <strong>alojamiento<\/strong><\/li>\n<li><strong>Empadronarte<\/strong>: Te tendr\u00e1s que registrar en el ayuntamiento.<\/li>\n<li>Los ciudadanos europeos necesitan el N\u00famero de Identidad de Extranjero (<strong>NIE<\/strong>) y el <strong>Certificado de Registro de Ciudadano de la Uni\u00f3n Europea<\/strong>. Estos tr\u00e1mites se deben hacer en la Comisar\u00eda de Polic\u00eda o en la Oficina de Extranjer\u00eda. Es necesario pedir <a href=\"https:\/\/icp.administracionelectronica.gob.es\/icpplus\/index.html\">cita previa<\/a> en la sede electr\u00f3nica de administraciones p\u00fablicas.<\/li>\n<li>Si vienes de un pa\u00eds que no pertenece a la Uni\u00f3n Europea recibir\u00e1s el N\u00famero de Identidad de Extranjero (<strong>NIE<\/strong>) cuando te den el visado. En tu caso tendr\u00e1s que pedir la <strong>Tarjeta de Identidad de Extranjero<\/strong> (<strong>TIE<\/strong>) pidiendo tambi\u00e9n <a href=\"https:\/\/icp.administracionelectronica.gob.es\/icpplus\/index.html\">cita previa<\/a> en la sede electr\u00f3nica de administraciones p\u00fablicas.<\/li>\n<li><strong>Cuenta Bancaria<\/strong>: Para abrir una cuenta bancaria necesitas Pasaporte, <strong>NIE<\/strong>, empadronamiento (posiblemente) y el Nombramiento de Auxiliar de Conversaci\u00f3n. Los auxiliares del cupo MEFPD, deben registrar los <strong>datos bancarios<\/strong> en la plataforma <strong>Profex<\/strong>\u00a0antes del <strong>15 de octubre<\/strong> para evitar que se retrasen los pagos. Los auxiliares que pertenecen al cupo propio del Departament d&#8217;Educaci\u00f3 i Formaci\u00f3 Professional, recibir\u00e1n indicaciones sobre c\u00f3mo informar al Departament d&#8217;Educaci\u00f3 i Formaci\u00f3 Professional de sus datos bancarios, as\u00ed como de su NIE, cuando se incorpore al centro educativo. Por favor, ten en cuenta que conviene traer dinero extra para los primeros meses, ya que el retraso en alguno de estos procedimientos puede ocasionar una demora en el cobro del primer pago de hasta tres meses.<\/li>\n<\/ul>\n<p><strong>Asignaci\u00f3n econ\u00f3mica<\/strong><\/p>\n<p>La asignaci\u00f3n econ\u00f3mica en concepto de alojamiento, transporte y manutenci\u00f3n es de 800,00 \u20ac mensuales y no est\u00e1 sujeta a ning\u00fan tipo de deducci\u00f3n fiscal.<\/p>\n<p><strong>Asistencia sanitaria<\/strong><\/p>\n<p>Como auxiliar de conversaci\u00f3n, tendr\u00e1s acceso a asistencia sanitaria durante tu estancia en Catalu\u00f1a. Esta asistencia tiene dos modalidades:<\/p>\n<ul>\n<li>Asistencia sanitaria proporcionada por CatSalut (Servicio Catal\u00e1n de la Salud) si dispones de la <strong>Tarjeta Sanitaria Europea<\/strong> (EHIC) o la <strong>Global Health Insurance Card<\/strong> (GHIC), en el caso de los\/las auxiliares del Reino Unido. Es necesario solicitar la tarjeta en tu pa\u00eds antes de venir a Catalu\u00f1a. Cuando la solicites debes pedir que la fecha de caducidad sea posterior al \u00faltimo d\u00eda de participaci\u00f3n en el Programa (31 de mayo de 2026).<\/li>\n<li>Asistencia sanitaria proporcionada a trav\u00e9s de una compa\u00f1\u00eda de seguros privada, si no dispones de la tarjeta sanitaria europea. En este caso es necesario comunicarlo al MEFP o al Departament d&#8217;Educaci\u00f3 i Formaci\u00f3 Professional siguiendo las indicaciones que recibir\u00e1s de una de las dos instituciones.<\/li>\n<\/ul>\n<p><strong>Las tareas del auxiliar de conversaci\u00f3n<\/strong><\/p>\n<p>Tu funci\u00f3n en el centro educativo es la de apoyar a los docentes bajo la coordinaci\u00f3n y supervisi\u00f3n de tu tutor. En la <strong>gu\u00eda del auxiliar de conversaci\u00f3n<\/strong> encontrar\u00e1s detalladas las tareas que se te pueden encargar. En general est\u00e1n pensadas para mejorar la destreza oral del alumnado, tener un buen modelo ling\u00fc\u00edstico y conocer una nueva cultura. En ning\u00fan caso debes ser responsable de alumnos sin la supervisi\u00f3n del docente, sustituirlo, entrevistarte con padres de alumnos o vigilar patios.<\/p>\n<ul>\n<li><strong>Horario y organizaci\u00f3n<\/strong>: Dedicar\u00e1s un m\u00ednimo de 14 horas semanales al centro (13 horas de atenci\u00f3n al alumnado y una hora de coordinaci\u00f3n obligatoria con tu tutor), repartidas en 3 o 4 d\u00edas a la semana, procurando tener libre el lunes o el viernes. En caso de estar asignado a m\u00e1s de un centro, se repartir\u00e1n las 14 horas seg\u00fan se acuerde en cada caso entre los centros. Si no puedes asistir al centro por enfermedad, debes comunicarlo inmediatamente a tu tutor. En caso de que est\u00e9s enfermo durante m\u00e1s de dos d\u00edas, debes llevar un justificante m\u00e9dico y entregarlo en el centro.<\/li>\n<li><strong>Vacaciones, permisos y ausencias<\/strong>: Si necesitas un permiso por asuntos propios, de una semana como m\u00e1ximo, deber\u00e1s pedirlo al centro y pactar el plan de recuperaci\u00f3n de clases. Si el permiso fuera de m\u00e1s de una semana, es necesario contar con el visto bueno de la direcci\u00f3n del centro educativo y comunicarlo al Servei de Lleng\u00fces Estrangeres i d&#8217;Origen del Departament d\u2019Educaci\u00f3 i Formaci\u00f3 Professional: <a rel=\"noreferrer\">auxiliares.conversa@xtec.cat<\/a>.<\/li>\n<li><strong>Renuncias<\/strong>: Si, por cualquier raz\u00f3n, renuncias a tu plaza de auxiliar de conversaci\u00f3n antes de finalizar el programa, es necesario que lo comuniques inmediatamente por correo al Servei de Lleng\u00fces Estrangeres i d&#8217;Origen del Departament d\u2019Educaci\u00f3 i Formaci\u00f3 Professional: <a rel=\"noreferrer\">auxiliares.conversa@xtec.cat<\/a>, indicando la fecha exacta del final de la actividad y el motivo de tu renuncia.<\/li>\n<\/ul>\n<p><strong>Formaci\u00f3n<\/strong><\/p>\n<p>Durante el Programa, los auxiliares de conversaci\u00f3n deber\u00e9is asistir de forma obligatoria a las sesiones presenciales de formaci\u00f3n y seguimiento que se organicen:<\/p>\n<ul>\n<li><strong>1\u00aa sesi\u00f3n presencial<\/strong>: En esta sesi\u00f3n, programada para principios de octubre, se proporciona a los auxiliares informaci\u00f3n sobre el sistema educativo catal\u00e1n, sus funciones como auxiliares, algunas orientaciones pr\u00e1cticas de su tarea diaria en el centro e indicaciones de car\u00e1cter administrativo.<\/li>\n<li><strong>2\u00aa sesi\u00f3n presencial<\/strong>: En esta sesi\u00f3n, programada para el mes de noviembre, se tratan diversos temas de inter\u00e9s como los estilos de aprendizaje, la gesti\u00f3n del aula, las actividades de fomento de la oralidad, de la metodolog\u00eda AICLE, de car\u00e1cter cultural y herramientas y aplicaciones inform\u00e1ticas 2.0.<\/li>\n<li><strong>3\u00aa sesi\u00f3n presencial<\/strong>: En esta \u00faltima sesi\u00f3n, programada para el mes de abril, con el objetivo de compartir las mejores pr\u00e1cticas de cada centro y crear un repositorio en beneficio de toda la comunidad educativa, los tutores\/as y auxiliares deben presentar oralmente una propuesta did\u00e1ctica que se haya implementado en el centro educativo a lo largo del curso con el apoyo del auxiliar.<\/li>\n<\/ul>\n<p><strong>Renovaci\u00f3n en el programa<\/strong><\/p>\n<p>Los auxiliares de conversaci\u00f3n que quieran renovar su participaci\u00f3n en el programa para el pr\u00f3ximo curso encontrar\u00e1n toda la informaci\u00f3n necesaria en la web del <a href=\"https:\/\/www.educacionfpydeportes.gob.es\/servicios-al-ciudadano\/catalogo\/general\/99\/998188\/ficha.html\">Ministerio de Educaci\u00f3n, Formaci\u00f3n Profesional y Deportes<\/a>.<\/p>\n<p>Se debe tener en cuenta que, en caso de que el auxiliar quiera renovar en el programa, es imprescindible contar con un <strong>informe favorable<\/strong> del centro educativo.<\/p>\n<p>Considerando que el proceso de renovaci\u00f3n es diferente seg\u00fan el pa\u00eds de origen al que pertenezca el auxiliar, la comunidad aut\u00f3noma donde quiera renovar y que cada a\u00f1o se modifican ligeramente las condiciones de renovaci\u00f3n, ser\u00e1 necesario consultar la convocatoria para auxiliares extranjeros en Espa\u00f1a cuando sea publicada.<\/p>\n<p>Esta informaci\u00f3n es un resumen de las gu\u00edas para los auxiliares de conversaci\u00f3n que tienes enlazadas al principio de la p\u00e1gina.<\/p>\n","protected":false},"excerpt":{"rendered":"<p>En la Gu\u00eda del auxiliar de conversaci\u00f3n en Catalu\u00f1a (<a href=\"https:\/\/drive.google.com\/file\/d\/1cfOKFMd2PhAw-uWZnPlZaoHHKQQVYXp_\/view?usp=sharing\">CAT<\/a> y <a href=\"https:\/\/drive.google.com\/file\/d\/11C-zgTpt2DSr1-hkijQKsY5GiqSfrOjD\/view?usp=sharing\">ESP<\/a>) encontrar\u00e1s la informaci\u00f3n completa sobre el programa.<br \/>\nEn la <a href=\"https:\/\/drive.google.com\/file\/d\/1mCJ3BPqoHEsJYRxsLbmivEoGfjRrotCS\/view?usp=sharing\">Gu\u00eda breve para los auxiliares de conversaci\u00f3n<\/a> encontrar\u00e1s un resumen con la informaci\u00f3n esencial sobre los tr\u00e1mites que debes realizar si participas&hellip;  <a href=\"https:\/\/projectes.xtec.cat\/internacional\/auxiliars-de-conversa\/informacio-i-guies-informatives-del-programa-auxiliars-de-conversa-actualitzades\/informacion-para-los-auxiliares-de-conversacion\/\" title=\"Read Informaci\u00f3n para los auxiliares de conversaci\u00f3n (castellano)\">Llegeix m\u00e9s\u00bb<\/a><\/p>\n","protected":false},"author":1,"featured_media":0,"parent":17370,"menu_order":5,"comment_status":"closed","ping_status":"closed","template":"page-templates\/side-menu.php","meta":{"_bbp_topic_count":0,"_bbp_reply_count":0,"_bbp_total_topic_count":0,"_bbp_total_reply_count":0,"_bbp_voice_count":0,"_bbp_anonymous_reply_count":0,"_bbp_topic_count_hidden":0,"_bbp_reply_count_hidden":0,"_bbp_forum_subforum_count":0,"footnotes":""},"class_list":["post-9140","page","type-page","status-publish","hentry"],"post_mailing_queue_ids":[],"_links":{"self":[{"href":"https:\/\/projectes.xtec.cat\/internacional\/wp-json\/wp\/v2\/pages\/9140","targetHints":{"allow":["GET"]}}],"collection":[{"href":"https:\/\/projectes.xtec.cat\/internacional\/wp-json\/wp\/v2\/pages"}],"about":[{"href":"https:\/\/projectes.xtec.cat\/internacional\/wp-json\/wp\/v2\/types\/page"}],"author":[{"embeddable":true,"href":"https:\/\/projectes.xtec.cat\/internacional\/wp-json\/wp\/v2\/users\/1"}],"replies":[{"embeddable":true,"href":"https:\/\/projectes.xtec.cat\/internacional\/wp-json\/wp\/v2\/comments?post=9140"}],"version-history":[{"count":8,"href":"https:\/\/projectes.xtec.cat\/internacional\/wp-json\/wp\/v2\/pages\/9140\/revisions"}],"predecessor-version":[{"id":17414,"href":"https:\/\/projectes.xtec.cat\/internacional\/wp-json\/wp\/v2\/pages\/9140\/revisions\/17414"}],"up":[{"embeddable":true,"href":"https:\/\/projectes.xtec.cat\/internacional\/wp-json\/wp\/v2\/pages\/17370"}],"wp:attachment":[{"href":"https:\/\/projectes.xtec.cat\/internacional\/wp-json\/wp\/v2\/media?parent=9140"}],"curies":[{"name":"wp","href":"https:\/\/api.w.org\/{rel}","templated":true}]}}